{"id":4713,"date":"2018-07-25T09:21:25","date_gmt":"2018-07-25T09:21:25","guid":{"rendered":"http:\/\/teka.com\/?page_id=4713"},"modified":"2024-09-17T09:28:45","modified_gmt":"2024-09-17T09:28:45","slug":"downloads","status":"publish","type":"page","link":"https:\/\/www.teka.com\/ar-bh\/downloads\/","title":{"rendered":"Downloads"},"content":{"rendered":"<p>[et_pb_section fb_built=&#8221;1&#8243; module_id=&#8221;descarga-catalogos-top&#8221; _builder_version=&#8221;4.16&#8243; background_image=&#8221;https:\/\/www.teka.com\/wp-content\/uploads\/sites\/3\/2018\/08\/descarga-catalogos-1.jpg&#8221; background_position=&#8221;center_right&#8221; global_colors_info=&#8221;{}&#8221;][et_pb_row column_structure=&#8221;1_2,1_2&#8243; _builder_version=&#8221;4.16&#8243; global_colors_info=&#8221;{}&#8221;][et_pb_column type=&#8221;1_2&#8243; module_id=&#8221;descarga-catalogos-top-text&#8221; _builder_version=&#8221;4.16&#8243; custom_padding=&#8221;|||&#8221; global_colors_info=&#8221;{}&#8221; custom_padding__hover=&#8221;|||&#8221;][et_pb_text _builder_version=&#8221;4.22.1&#8243; background_layout=&#8221;dark&#8221; hover_enabled=&#8221;0&#8243; global_colors_info=&#8221;{}&#8221; sticky_enabled=&#8221;0&#8243;]<\/p>\n<h1>\u0643\u0627\u062a\u0644\u0648\u063a \u062a\u064a\u0643\u0627<\/h1>\n<p>\u0642\u0645 \u0628\u062a\u0646\u0632\u064a\u0644 \u0643\u062a\u0627\u0644\u0648\u062c \u0645\u0646\u062a\u062c\u0627\u062a\u0646\u0627 \u0627\u0644\u0643\u0627\u0645\u0644. \u064a\u0645\u0643\u0646\u0643 \u0627\u0644\u0639\u062b\u0648\u0631 \u0639\u0644\u0649 \u062c\u0645\u064a\u0639 \u0645\u0646\u062a\u062c\u0627\u062a\u0646\u0627 \u0627\u0644\u062c\u062f\u064a\u062f\u0629 \u0648\u0645\u062c\u0645\u0648\u0639\u0629 \u0645\u0646\u062a\u062c\u0627\u062a\u0646\u0627\u060c \u0628\u0627\u0644\u0625\u0636\u0627\u0641\u0629 \u0625\u0644\u0649 \u0627\u0644\u062e\u0635\u0627\u0626\u0635 \u0648\u0627\u0644\u0645\u0639\u0644\u0648\u0645\u0627\u062a \u0627\u0644\u062a\u0641\u0635\u064a\u0644\u064a\u0629 \u0639\u0646 \u0645\u0646\u062a\u062c\u0627\u062a\u0646\u0627 \u0627\u0644\u062d\u0627\u0644\u064a\u0629.<\/p>\n<p>[\/et_pb_text][\/et_pb_column][et_pb_column type=&#8221;1_2&#8243; module_id=&#8221;descarga-catalogos-top-img&#8221; _builder_version=&#8221;4.16&#8243; custom_padding=&#8221;|||&#8221; global_colors_info=&#8221;{}&#8221; custom_padding__hover=&#8221;|||&#8221;][et_pb_image align_tablet=&#8221;center&#8221; align_phone=&#8221;center&#8221; align_last_edited=&#8221;on|desktop&#8221; _builder_version=&#8221;4.22.1&#8243; global_colors_info=&#8221;{}&#8221;][\/et_pb_image][\/et_pb_column][\/et_pb_row][\/et_pb_section][et_pb_section fb_built=&#8221;1&#8243; _builder_version=&#8221;4.16&#8243; global_colors_info=&#8221;{}&#8221;][et_pb_row _builder_version=&#8221;4.16&#8243; background_size=&#8221;initial&#8221; background_position=&#8221;top_left&#8221; background_repeat=&#8221;repeat&#8221; global_colors_info=&#8221;{}&#8221;][et_pb_column type=&#8221;4_4&#8243; _builder_version=&#8221;4.16&#8243; custom_padding=&#8221;|||&#8221; global_colors_info=&#8221;{}&#8221; custom_padding__hover=&#8221;|||&#8221;][et_pb_catalogs fullwidth=&#8221;off&#8221; posts_number=&#8221;-1&#8243; show_categories=&#8221;off&#8221; show_pagination=&#8221;off&#8221; _builder_version=&#8221;4.22.1&#8243; title_font_size_tablet=&#8221;51&#8243; title_line_height_tablet=&#8221;2&#8243; caption_font_size_tablet=&#8221;51&#8243; caption_line_height_tablet=&#8221;2&#8243; pagination_font_size_tablet=&#8221;51&#8243; pagination_line_height_tablet=&#8221;2&#8243; global_colors_info=&#8221;{}&#8221;][\/et_pb_catalogs][\/et_pb_column][\/et_pb_row][\/et_pb_section]<\/p>\n","protected":false},"excerpt":{"rendered":"<p>\u0643\u0627\u062a\u0644\u0648\u063a \u062a\u064a\u0643\u0627\u0642\u0645 \u0628\u062a\u0646\u0632\u064a\u0644 \u0643\u062a\u0627\u0644\u0648\u062c \u0645\u0646\u062a\u062c\u0627\u062a\u0646\u0627 \u0627\u0644\u0643\u0627\u0645\u0644. \u064a\u0645\u0643\u0646\u0643 \u0627\u0644\u0639\u062b\u0648\u0631 \u0639\u0644\u0649 \u062c\u0645\u064a\u0639 \u0645\u0646\u062a\u062c\u0627\u062a\u0646\u0627 \u0627\u0644\u062c\u062f\u064a\u062f\u0629 \u0648\u0645\u062c\u0645\u0648\u0639\u0629 \u0645\u0646\u062a\u062c\u0627\u062a\u0646\u0627\u060c \u0628\u0627\u0644\u0625\u0636\u0627\u0641\u0629 \u0625\u0644\u0649 \u0627\u0644\u062e\u0635\u0627\u0626\u0635 \u0648\u0627\u0644\u0645\u0639\u0644\u0648\u0645\u0627\u062a \u0627\u0644\u062a\u0641\u0635\u064a\u0644\u064a\u0629 \u0639\u0646 \u0645\u0646\u062a\u062c\u0627\u062a\u0646\u0627 \u0627\u0644\u062d\u0627\u0644\u064a\u0629. [et_pb_catalogs fullwidth=&#8221;off&#8221; posts_number=&#8221;-1&#8243; show_categories=&#8221;off&#8221; show_pagination=&#8221;off&#8221; _builder_version=&#8221;4.22.1&#8243; title_font_size_tablet=&#8221;51&#8243; title_line_height_tablet=&#8221;2&#8243; caption_font_size_tablet=&#8221;51&#8243; caption_line_height_tablet=&#8221;2&#8243; pagination_font_size_tablet=&#8221;51&#8243; pagination_line_height_tablet=&#8221;2&#8243; global_colors_info=&#8221;{}&#8221;][\/et_pb_catalogs]<\/p>\n","protected":false},"author":9,"featured_media":0,"parent":0,"menu_order":0,"comment_status":"closed","ping_status":"closed","template":"","meta":{"_acf_changed":false,"_et_pb_use_builder":"on","_et_pb_old_content":"","_et_gb_content_width":"","footnotes":""},"class_list":["post-4713","page","type-page","status-publish","hentry"],"acf":[],"yoast_head":"<!-- This site is optimized with the Yoast SEO plugin v27.2 - https:\/\/yoast.com\/product\/yoast-seo-wordpress\/ -->\n<title>Teka Bahrain | \u0643\u0627\u062a\u0644\u0648\u063a \u062a\u064a\u0643\u0627 2021<\/title>\n<meta name=\"description\" content=\"Descarga todos los cat\u00e1logos de cocina y electrodom\u00e9sticos Teka. Tambi\u00e9n disponible los cat\u00e1logos de productos de ba\u00f1o Teka Sanitary 2018-2019.\" \/>\n<meta name=\"robots\" content=\"index, follow, max-snippet:-1, max-image-preview:large, max-video-preview:-1\" \/>\n<link rel=\"canonical\" href=\"https:\/\/www.teka.com\/ar-bh\/downloads\/\" \/>\n<meta property=\"og:locale\" content=\"ar_AR\" \/>\n<meta property=\"og:type\" content=\"article\" \/>\n<meta property=\"og:title\" content=\"Teka Bahrain | \u0643\u0627\u062a\u0644\u0648\u063a \u062a\u064a\u0643\u0627 2021\" \/>\n<meta property=\"og:description\" content=\"Descarga todos los cat\u00e1logos de cocina y electrodom\u00e9sticos Teka. Tambi\u00e9n disponible los cat\u00e1logos de productos de ba\u00f1o Teka Sanitary 2018-2019.\" \/>\n<meta property=\"og:url\" content=\"https:\/\/www.teka.com\/ar-bh\/downloads\/\" \/>\n<meta property=\"og:site_name\" content=\"Teka Bahrain\" \/>\n<meta property=\"article:modified_time\" content=\"2024-09-17T09:28:45+00:00\" \/>\n<meta name=\"twitter:card\" content=\"summary_large_image\" \/>\n<meta name=\"twitter:label1\" content=\"\u0648\u0642\u062a \u0627\u0644\u0642\u0631\u0627\u0621\u0629 \u0627\u0644\u0645\u064f\u0642\u062f\u0651\u0631\" \/>\n\t<meta name=\"twitter:data1\" content=\"3 \u062f\u0642\u0627\u0626\u0642\" \/>\n<script type=\"application\/ld+json\" class=\"yoast-schema-graph\">{\"@context\":\"https:\/\/schema.org\",\"@graph\":[{\"@type\":\"WebPage\",\"@id\":\"https:\/\/www.teka.com\/ar-bh\/downloads\/\",\"url\":\"https:\/\/www.teka.com\/ar-bh\/downloads\/\",\"name\":\"Teka Bahrain | \u0643\u0627\u062a\u0644\u0648\u063a \u062a\u064a\u0643\u0627 2021\",\"isPartOf\":{\"@id\":\"https:\/\/www.teka.com\/ar-bh\/#website\"},\"datePublished\":\"2018-07-25T09:21:25+00:00\",\"dateModified\":\"2024-09-17T09:28:45+00:00\",\"description\":\"Descarga todos los cat\u00e1logos de cocina y electrodom\u00e9sticos Teka. Tambi\u00e9n disponible los cat\u00e1logos de productos de ba\u00f1o Teka Sanitary 2018-2019.\",\"inLanguage\":\"ar\",\"potentialAction\":[{\"@type\":\"ReadAction\",\"target\":[\"https:\/\/www.teka.com\/ar-bh\/downloads\/\"]}]},{\"@type\":\"WebSite\",\"@id\":\"https:\/\/www.teka.com\/ar-bh\/#website\",\"url\":\"https:\/\/www.teka.com\/ar-bh\/\",\"name\":\"Teka Bahrain\",\"description\":\"\",\"potentialAction\":[{\"@type\":\"SearchAction\",\"target\":{\"@type\":\"EntryPoint\",\"urlTemplate\":\"https:\/\/www.teka.com\/ar-bh\/?s={search_term_string}\"},\"query-input\":{\"@type\":\"PropertyValueSpecification\",\"valueRequired\":true,\"valueName\":\"search_term_string\"}}],\"inLanguage\":\"ar\"}]}<\/script>\n<!-- \/ Yoast SEO plugin. -->","yoast_head_json":{"title":"Teka Bahrain | \u0643\u0627\u062a\u0644\u0648\u063a \u062a\u064a\u0643\u0627 2021","description":"Descarga todos los cat\u00e1logos de cocina y electrodom\u00e9sticos Teka. Tambi\u00e9n disponible los cat\u00e1logos de productos de ba\u00f1o Teka Sanitary 2018-2019.","robots":{"index":"index","follow":"follow","max-snippet":"max-snippet:-1","max-image-preview":"max-image-preview:large","max-video-preview":"max-video-preview:-1"},"canonical":"https:\/\/www.teka.com\/ar-bh\/downloads\/","og_locale":"ar_AR","og_type":"article","og_title":"Teka Bahrain | \u0643\u0627\u062a\u0644\u0648\u063a \u062a\u064a\u0643\u0627 2021","og_description":"Descarga todos los cat\u00e1logos de cocina y electrodom\u00e9sticos Teka. Tambi\u00e9n disponible los cat\u00e1logos de productos de ba\u00f1o Teka Sanitary 2018-2019.","og_url":"https:\/\/www.teka.com\/ar-bh\/downloads\/","og_site_name":"Teka Bahrain","article_modified_time":"2024-09-17T09:28:45+00:00","twitter_card":"summary_large_image","twitter_misc":{"\u0648\u0642\u062a \u0627\u0644\u0642\u0631\u0627\u0621\u0629 \u0627\u0644\u0645\u064f\u0642\u062f\u0651\u0631":"3 \u062f\u0642\u0627\u0626\u0642"},"schema":{"@context":"https:\/\/schema.org","@graph":[{"@type":"WebPage","@id":"https:\/\/www.teka.com\/ar-bh\/downloads\/","url":"https:\/\/www.teka.com\/ar-bh\/downloads\/","name":"Teka Bahrain | \u0643\u0627\u062a\u0644\u0648\u063a \u062a\u064a\u0643\u0627 2021","isPartOf":{"@id":"https:\/\/www.teka.com\/ar-bh\/#website"},"datePublished":"2018-07-25T09:21:25+00:00","dateModified":"2024-09-17T09:28:45+00:00","description":"Descarga todos los cat\u00e1logos de cocina y electrodom\u00e9sticos Teka. Tambi\u00e9n disponible los cat\u00e1logos de productos de ba\u00f1o Teka Sanitary 2018-2019.","inLanguage":"ar","potentialAction":[{"@type":"ReadAction","target":["https:\/\/www.teka.com\/ar-bh\/downloads\/"]}]},{"@type":"WebSite","@id":"https:\/\/www.teka.com\/ar-bh\/#website","url":"https:\/\/www.teka.com\/ar-bh\/","name":"Teka Bahrain","description":"","potentialAction":[{"@type":"SearchAction","target":{"@type":"EntryPoint","urlTemplate":"https:\/\/www.teka.com\/ar-bh\/?s={search_term_string}"},"query-input":{"@type":"PropertyValueSpecification","valueRequired":true,"valueName":"search_term_string"}}],"inLanguage":"ar"}]}},"_links":{"self":[{"href":"https:\/\/www.teka.com\/ar-bh\/wp-json\/wp\/v2\/pages\/4713","targetHints":{"allow":["GET"]}}],"collection":[{"href":"https:\/\/www.teka.com\/ar-bh\/wp-json\/wp\/v2\/pages"}],"about":[{"href":"https:\/\/www.teka.com\/ar-bh\/wp-json\/wp\/v2\/types\/page"}],"author":[{"embeddable":true,"href":"https:\/\/www.teka.com\/ar-bh\/wp-json\/wp\/v2\/users\/9"}],"replies":[{"embeddable":true,"href":"https:\/\/www.teka.com\/ar-bh\/wp-json\/wp\/v2\/comments?post=4713"}],"version-history":[{"count":22,"href":"https:\/\/www.teka.com\/ar-bh\/wp-json\/wp\/v2\/pages\/4713\/revisions"}],"predecessor-version":[{"id":56294,"href":"https:\/\/www.teka.com\/ar-bh\/wp-json\/wp\/v2\/pages\/4713\/revisions\/56294"}],"wp:attachment":[{"href":"https:\/\/www.teka.com\/ar-bh\/wp-json\/wp\/v2\/media?parent=4713"}],"curies":[{"name":"wp","href":"https:\/\/api.w.org\/{rel}","templated":true}]}}