{"id":21989,"date":"2018-09-11T07:58:22","date_gmt":"2018-09-11T07:58:22","guid":{"rendered":"http:\/\/teka.com\/?page_id=21989"},"modified":"2023-04-13T10:13:39","modified_gmt":"2023-04-13T09:13:39","slug":"o-nas","status":"publish","type":"page","link":"https:\/\/www.teka.com\/cs-cz\/o-nas\/","title":{"rendered":"O zna\u010dce Teka"},"content":{"rendered":"<p>[et_pb_section fb_built=&#8220;1&#8243; module_id=&#8220;teka-top&#8220; _builder_version=&#8220;3.17.6&#8243; background_image=&#8220;https:\/\/www.teka.com\/cs-cz\/wp-content\/uploads\/sites\/76\/2018\/11\/teka-slider-about-us-desktop.jpg&#8220; global_module=&#8220;23211&#8243;][et_pb_row column_structure=&#8220;1_2,1_2&#8243; _builder_version=&#8220;4.4.6&#8243; background_size=&#8220;initial&#8220; background_position=&#8220;top_left&#8220; background_repeat=&#8220;repeat&#8220;][et_pb_column type=&#8220;1_2&#8243; _builder_version=&#8220;3.25&#8243; custom_padding=&#8220;|||&#8220; custom_padding__hover=&#8220;|||&#8220;][et_pb_text admin_label=&#8220;Header Title&#8220; _builder_version=&#8220;3.27.4&#8243; background_layout=&#8220;dark&#8220;]<\/p>\n<p>&nbsp;<\/p>\n<h3><strong>Teka Group<\/strong><\/h3>\n<p>&nbsp;<\/p>\n<p>&nbsp;<\/p>\n<p>&nbsp;<\/p>\n<p>[\/et_pb_text][\/et_pb_column][et_pb_column type=&#8220;1_2&#8243; _builder_version=&#8220;3.25&#8243; custom_padding=&#8220;|||&#8220; custom_padding__hover=&#8220;|||&#8220;][\/et_pb_column][\/et_pb_row][\/et_pb_section][et_pb_section fb_built=&#8220;1&#8243; module_id=&#8220;teka-menu&#8220; _builder_version=&#8220;3.14&#8243; background_color=&#8220;#0e0e0e&#8220; global_module=&#8220;23212&#8243;][et_pb_row _builder_version=&#8220;3.25&#8243; background_size=&#8220;initial&#8220; background_position=&#8220;top_left&#8220; background_repeat=&#8220;repeat&#8220;][et_pb_column type=&#8220;4_4&#8243; _builder_version=&#8220;3.25&#8243; custom_padding=&#8220;|||&#8220; custom_padding__hover=&#8220;|||&#8220;][et_pb_sidebar area=&#8220;et_pb_widget_area_7&#8243; disabled_on=&#8220;on|on|&#8220; _builder_version=&#8220;3.17.6&#8243; background_layout=&#8220;dark&#8220;][\/et_pb_sidebar][et_pb_sidebar area=&#8220;et_pb_widget_area_9&#8243; disabled_on=&#8220;on||on&#8220; admin_label=&#8220;Sidebar Tablet&#8220; _builder_version=&#8220;4.4.6&#8243; background_layout=&#8220;dark&#8220;][\/et_pb_sidebar][et_pb_sidebar area=&#8220;et_pb_widget_area_8&#8243; disabled_on=&#8220;|on|on&#8220; admin_label=&#8220;Sidebar Mobile&#8220; _builder_version=&#8220;3.17.6&#8243; background_layout=&#8220;dark&#8220;][\/et_pb_sidebar][\/et_pb_column][\/et_pb_row][\/et_pb_section][et_pb_section fb_built=&#8220;1&#8243; module_id=&#8220;about-us&#8220; _builder_version=&#8220;3.22&#8243;][et_pb_row _builder_version=&#8220;3.25&#8243; background_size=&#8220;initial&#8220; background_position=&#8220;top_left&#8220; background_repeat=&#8220;repeat&#8220; module_alignment=&#8220;center&#8220; custom_padding=&#8220;32px|0px|32px|0px|false|false&#8220; use_custom_width=&#8220;on&#8220;][et_pb_column type=&#8220;4_4&#8243; _builder_version=&#8220;3.25&#8243; custom_padding=&#8220;|||&#8220; custom_padding__hover=&#8220;|||&#8220;][et_pb_text _builder_version=&#8220;3.27.4&#8243;]<\/p>\n<h1 style=\"text-align: center\"><span style=\"font-weight: 400\">Vytv\u00e1\u0159\u00edme <\/span><b>nezapomenuteln\u00e9 okam\u017eiky<\/b><\/h1>\n<p>[\/et_pb_text][\/et_pb_column][\/et_pb_row][et_pb_row _builder_version=&#8220;3.25&#8243; background_size=&#8220;initial&#8220; background_position=&#8220;top_left&#8220; background_repeat=&#8220;repeat&#8220; custom_padding=&#8220;24.9375px|0px|24px|0px|false|false&#8220;][et_pb_column type=&#8220;4_4&#8243; _builder_version=&#8220;3.25&#8243; custom_padding=&#8220;|||&#8220; custom_padding__hover=&#8220;|||&#8220;][et_pb_text _builder_version=&#8220;3.27.4&#8243; max_width=&#8220;80%&#8220; module_alignment=&#8220;center&#8220;]<\/p>\n<h6 style=\"text-align: center\"><span style=\"font-weight: 400\">Ve v\u0161em, co d\u011bl\u00e1me, spojujeme <\/span><b>kvalitu<\/b><span style=\"font-weight: 400\">, <\/span><b>prakti\u010dnost<\/b><span style=\"font-weight: 400\"> a <\/span><b>\u00fa\u010dinnost<\/b><span style=\"font-weight: 400\">, abychom na\u0161li to nejlep\u0161\u00ed \u0159e\u0161en\u00ed pro v\u00e1\u0161 domov. Na\u0161\u00edm hlavn\u00edm c\u00edlem je poskytovat <\/span><b>smyslupln\u00e9 zku\u0161enosti<\/b><span style=\"font-weight: 400\">, kter\u00e9 m\u016f\u017eete sd\u00edlet se sv\u00fdmi bl\u00edzk\u00fdmi.<\/span><\/h6>\n<p>[\/et_pb_text][\/et_pb_column][\/et_pb_row][et_pb_row _builder_version=&#8220;3.25&#8243; background_size=&#8220;initial&#8220; background_position=&#8220;top_left&#8220; background_repeat=&#8220;repeat&#8220; custom_padding=&#8220;24px|0px|24.9375px|0px|false|false&#8220;][et_pb_column type=&#8220;4_4&#8243; _builder_version=&#8220;3.25&#8243; custom_padding=&#8220;|||&#8220; custom_padding__hover=&#8220;|||&#8220;][et_pb_divider color=&#8220;#b7b7b7&#8243; _builder_version=&#8220;3.14&#8243;]<br \/>\n[\/et_pb_divider][et_pb_text _builder_version=&#8220;3.27.4&#8243;]<\/p>\n<h2 style=\"text-align: center\"><span style=\"font-weight: 400\">Uva\u0159 si svou cestu <\/span><b>k \u017eivotu<\/b><\/h2>\n<p>[\/et_pb_text][\/et_pb_column][\/et_pb_row][et_pb_row column_structure=&#8220;1_2,1_2&#8243; _builder_version=&#8220;3.25&#8243; background_size=&#8220;initial&#8220; background_position=&#8220;top_left&#8220; background_repeat=&#8220;repeat&#8220;][et_pb_column type=&#8220;1_2&#8243; _builder_version=&#8220;3.25&#8243; custom_padding=&#8220;|||&#8220; custom_padding__hover=&#8220;|||&#8220;][et_pb_text _builder_version=&#8220;4.9.2&#8243; hover_enabled=&#8220;0&#8243; sticky_enabled=&#8220;0&#8243;]<\/p>\n<p><span style=\"font-weight: 400;\">Kuchyn\u011b je srdcem domova. Teka navrhuje spot\u0159ebi\u010de, kter\u00e9 se stanou du\u0161\u00ed kuchyn\u011b. Proto\u017ee pr\u00e1v\u011b tady si va\u0159\u00edte sv\u016fj \u017eivot, tady se odehr\u00e1v\u00e1 \u010d\u00e1st nejlep\u0161\u00edch chvil va\u0161eho \u017eivota.<\/span><\/p>\n<p><span style=\"font-weight: 400;\">Kuchy\u0148 je pro n\u00e1s v\u00edc ne\u017e jen m\u00edsto, kde se p\u0159ipravuje j\u00eddlo. Je to m\u00edsto, kde se sm\u011bjeme, sn\u00edme, pom\u00e1h\u00e1me si, mluv\u00edme, d\u011bl\u00e1me rozhodnut\u00ed, \u0159\u00edk\u00e1me si, co je nov\u00e9ho, pl\u00e1nujeme \u017eivot a v neposledn\u00ed \u0159ad\u011b za\u017e\u00edv\u00e1me nezapomenuteln\u00e9 okam\u017eiky.<\/span><\/p>\n<p><span style=\"font-weight: 400;\">A pr\u00e1v\u011b z t\u011bchto d\u016fvod\u016f navrhujeme a vyr\u00e1b\u00edme spot\u0159ebi\u010de, kter\u00e9 p\u0159in\u00e1\u0161\u00ed skute\u010dn\u011b \u0159e\u0161en\u00ed a inovaci do kuchyn\u00ed, \u0159e\u0161en\u00ed, kter\u00e1 lad\u00ed s va\u0161\u00edm \u017eivotn\u00edm stylem a harmoni\u00ed domova.<\/span><\/p>\n<p><span style=\"font-weight: 400;\">Ka\u017ed\u00fd den pracujeme na tom, abychom l\u00e9pe pochopili va\u0161e pot\u0159eby a dok\u00e1zali p\u0159in\u00e9st nov\u00e1 \u0159e\u0161en\u00ed, kter\u00e1 odhal\u00ed v kuchyni nov\u00e9 mo\u017enosti.<\/span><\/p>\n<p>[\/et_pb_text][\/et_pb_column][et_pb_column type=&#8220;1_2&#8243; _builder_version=&#8220;3.25&#8243; custom_padding=&#8220;|||&#8220; custom_padding__hover=&#8220;|||&#8220;][et_pb_text _builder_version=&#8220;3.27.4&#8243;]<\/p>\n<p><span style=\"font-weight: 400\">Na\u0161e ochrann\u00e1 zn\u00e1mka, kter\u00e1 vznikla v N\u011bmecku, se op\u00edr\u00e1 o kvalitu, technologie a inovace. V\u00fdrobky Teka jsou celosv\u011btov\u011b zn\u00e1m\u00e9 svou spolehlivost\u00ed, efektivitou a p\u0159esnost\u00ed. I dnes, kdy za sebou m\u00e1me tradici t\u00e9m\u011b\u0159 100 let, Teka st\u00e1le ne\u00fanavn\u011b pracuje na tom, aby ka\u017ed\u00fd produkt m\u011bl ty nejlep\u0161\u00ed funkce a design, d\u00edky nim\u017e dos\u00e1hnete na ka\u017ed\u00e9m kroku vynikaj\u00edc\u00edch v\u00fdsledk\u016f.<\/span><\/p>\n<p><span style=\"font-weight: 400\">M\u00e1me jasn\u00e9 hodnoty, kter\u00e9 v na\u0161\u00ed spole\u010dnosti hluboce zako\u0159enily:<\/span><\/p>\n<p><span style=\"font-weight: 400\">Poctivost, velkorysost a originalita. To znamen\u00e1, \u017ee v\u017edy pracujeme pro v\u00e1s a jsem v\u017edy na va\u0161\u00ed stran\u011b, pom\u00e1h\u00e1me v\u00e1m p\u0159ekonat ka\u017edodenn\u00ed probl\u00e9my prost\u0159ednictv\u00edm prvot\u0159\u00eddn\u00edch \u0159e\u0161en\u00ed.<\/span><\/p>\n<p><span style=\"font-weight: 400\">Spokojenost z\u00e1kazn\u00edka je na\u0161\u00edm hlavn\u00edm z\u00e1jmem.<\/span><\/p>\n<p><span style=\"font-weight: 400\">Od sam\u00e9ho po\u010d\u00e1tku usilujeme o \u0161pi\u010dkovou kvalitu v\u00fdrobk\u016f, nejmodern\u011bj\u0161\u00ed a nejorigin\u00e1ln\u011bj\u0161\u00ed design, a nejlep\u0161\u00ed inovace za p\u0159im\u011b\u0159enou cenu.<\/span><\/p>\n<p><span style=\"font-weight: 400\">Hlavn\u00edmi p\u0159\u00edsadami, z nich\u017e tvo\u0159\u00edme sv\u00e9 produkty, jsou:\u00a0<\/span><\/p>\n<p>[\/et_pb_text][\/et_pb_column][\/et_pb_row][\/et_pb_section][et_pb_section fb_built=&#8220;1&#8243; module_id=&#8220;about-teka-teka-bottom&#8220; _builder_version=&#8220;3.22&#8243; custom_margin=&#8220;0px|||&#8220; custom_padding=&#8220;0px|||&#8220;][et_pb_row _builder_version=&#8220;3.25&#8243; background_size=&#8220;initial&#8220; background_position=&#8220;top_left&#8220; background_repeat=&#8220;repeat&#8220;][et_pb_column type=&#8220;4_4&#8243; _builder_version=&#8220;3.25&#8243; custom_padding=&#8220;|||&#8220; custom_padding__hover=&#8220;|||&#8220;][et_pb_text _builder_version=&#8220;4.4.6&#8243;]<\/p>\n<h2 style=\"text-align: center\">Na\u0161e <strong>hodnoty<\/strong><\/h2>\n<p>[\/et_pb_text][\/et_pb_column][\/et_pb_row][et_pb_row column_structure=&#8220;1_3,1_3,1_3&#8243; _builder_version=&#8220;3.25&#8243; background_size=&#8220;initial&#8220; background_position=&#8220;top_left&#8220; background_repeat=&#8220;repeat&#8220;][et_pb_column type=&#8220;1_3&#8243; _builder_version=&#8220;3.25&#8243; custom_padding=&#8220;|||&#8220; custom_padding__hover=&#8220;|||&#8220;][et_pb_text admin_label=&#8220;Imagen + titulo&#8220; module_class=&#8220;our-values-img&#8220; _builder_version=&#8220;3.27.4&#8243; background_image=&#8220;https:\/\/www.teka.com\/cs-cz\/wp-content\/uploads\/sites\/76\/2018\/12\/teka-honesty-270&#215;270.jpg&#8220; text_orientation=&#8220;center&#8220; background_layout=&#8220;dark&#8220;]<\/p>\n<h3>Poctivost<\/h3>\n<p>[\/et_pb_text][et_pb_image src=&#8220;https:\/\/www.teka.com\/cs-cz\/wp-content\/uploads\/sites\/76\/2018\/11\/teka-honesty.jpg&#8220; align=&#8220;center&#8220; align_tablet=&#8220;center&#8220; align_phone=&#8220;&#8220; align_last_edited=&#8220;on|desktop&#8220; disabled_on=&#8220;on|on|on&#8220; _builder_version=&#8220;3.23&#8243; disabled=&#8220;on&#8220;]<br \/>\n[\/et_pb_image][et_pb_text admin_label=&#8220;Honesty &#8211; Text&#8220; module_class=&#8220;sobre-teka-ingredientes&#8220; _builder_version=&#8220;3.27.4&#8243;]<\/p>\n<p style=\"text-align: center\"><strong>Jsme na va\u0161\u00ed stran\u011b<\/strong><\/p>\n<p style=\"text-align: center\">Udr\u017eujeme si spojen\u00ed se z\u00e1kazn\u00edky prost\u0159ednictv\u00edm odpov\u011bdn\u00e9ho, jasn\u00e9ho a transparentn\u00edho dialogu. Teka je v\u00e1m nabl\u00edzku, ch\u00e1pe va\u0161e pot\u0159eby a umo\u017en\u00ed v\u00e1m v kuchyni objevit nov\u00e9 mo\u017enosti.<\/p>\n<p>[\/et_pb_text][\/et_pb_column][et_pb_column type=&#8220;1_3&#8243; _builder_version=&#8220;3.25&#8243; custom_padding=&#8220;|||&#8220; custom_padding__hover=&#8220;|||&#8220;][et_pb_text admin_label=&#8220;Imagen + titulo&#8220; module_class=&#8220;our-values-img&#8220; _builder_version=&#8220;3.27.4&#8243; background_image=&#8220;https:\/\/www.teka.com\/cs-cz\/wp-content\/uploads\/sites\/76\/2018\/12\/teka-generosity-270&#215;270.jpg&#8220; text_orientation=&#8220;center&#8220; background_layout=&#8220;dark&#8220;]<\/p>\n<h3>Velkorysost<\/h3>\n<p>[\/et_pb_text][et_pb_image src=&#8220;https:\/\/www.teka.com\/cs-cz\/wp-content\/uploads\/sites\/76\/2018\/11\/teka-generosity.jpg&#8220; align=&#8220;center&#8220; align_tablet=&#8220;center&#8220; align_phone=&#8220;&#8220; align_last_edited=&#8220;on|desktop&#8220; disabled_on=&#8220;on|on|on&#8220; _builder_version=&#8220;3.23&#8243; disabled=&#8220;on&#8220;]<br \/>\n[\/et_pb_image][et_pb_text admin_label=&#8220;Generosity &#8211; Text&#8220; module_class=&#8220;sobre-teka-ingredientes&#8220; _builder_version=&#8220;3.27.4&#8243;]<\/p>\n<p style=\"text-align: center\"><strong>D\u011bl\u00e1me v\u00edce<\/strong><\/p>\n<p style=\"text-align: center\">Zam\u011b\u0159ujeme se na skute\u010dn\u00e9 a podstatn\u00e9: na\u0161\u00edm c\u00edlem je ud\u011blat z funk\u010dn\u00edho lidsk\u00e9. Pr\u00e1v\u011b proto poskytujeme vynikaj\u00edc\u00ed technologie, inovace a origin\u00e1ln\u00ed design za p\u0159im\u011b\u0159en\u00e9 ceny.<br \/>\nKombinujeme p\u0159\u00edb\u011bhy domov\u016f s d\u011bdictv\u00edm \u0161pi\u010dkov\u00fdch \u0159e\u0161en\u00ed, a tak va\u0161\u00ed kuchyni dod\u00e1me du\u0161i. Na druhou stranu vytv\u00e1\u0159\u00edme dokonalou atmosf\u00e9ru pro v\u00fdznamn\u00e9 okam\u017eiky, kv\u016fli kter\u00fdm stoj\u00ed za to \u017e\u00edt.<\/p>\n<p>[\/et_pb_text][\/et_pb_column][et_pb_column type=&#8220;1_3&#8243; _builder_version=&#8220;3.25&#8243; custom_padding=&#8220;|||&#8220; custom_padding__hover=&#8220;|||&#8220;][et_pb_text admin_label=&#8220;Imagen + titulo&#8220; module_class=&#8220;our-values-img&#8220; _builder_version=&#8220;3.27.4&#8243; background_image=&#8220;https:\/\/www.teka.com\/cs-cz\/wp-content\/uploads\/sites\/76\/2018\/12\/teka-originality-270&#215;270.jpg&#8220; text_orientation=&#8220;center&#8220; background_layout=&#8220;dark&#8220;]<\/p>\n<h3>Originalita<\/h3>\n<p>[\/et_pb_text][et_pb_image src=&#8220;https:\/\/www.teka.com\/cs-cz\/wp-content\/uploads\/sites\/76\/2018\/11\/teka-originality.jpg&#8220; align=&#8220;center&#8220; align_tablet=&#8220;center&#8220; align_phone=&#8220;&#8220; align_last_edited=&#8220;on|desktop&#8220; disabled_on=&#8220;on|on|on&#8220; _builder_version=&#8220;3.23&#8243; disabled=&#8220;on&#8220;]<br \/>\n[\/et_pb_image][et_pb_text admin_label=&#8220;Originality &#8211; Text&#8220; module_class=&#8220;sobre-teka-ingredientes&#8220; _builder_version=&#8220;3.27.4&#8243;]<\/p>\n<p style=\"text-align: center\"><strong>Relevantn\u00ed alternativa<\/strong><\/p>\n<p style=\"text-align: center\">Vzbuzujeme emoce a z\u00e1jem, a to d\u00edky jedine\u010dn\u00e9mu zp\u016fsobu, jak v\u011bci d\u011bl\u00e1me. Na\u0161\u00edm c\u00edlem je spojit se s lidmi t\u00edm, \u017ee umo\u017e\u0148ujeme zku\u0161enosti, kter\u00e9 p\u0159esahuj\u00ed vlastnosti produktu a inovace. Inspirace je pro n\u00e1s ta prav\u00e1 cesta, jak se st\u00e1t srdcovou zna\u010dkou z\u00e1kazn\u00edk\u016f. Poskytujeme jim autentickou alternativu p\u0159\u00edmo pro n\u011b.<\/p>\n<p>[\/et_pb_text][\/et_pb_column][\/et_pb_row][\/et_pb_section]<\/p>\n","protected":false},"excerpt":{"rendered":"<p>&nbsp; Teka Group &nbsp; &nbsp; &nbsp;Vytv\u00e1\u0159\u00edme nezapomenuteln\u00e9 okam\u017eiky Ve v\u0161em, co d\u011bl\u00e1me, spojujeme kvalitu, prakti\u010dnost a \u00fa\u010dinnost, abychom na\u0161li to nejlep\u0161\u00ed \u0159e\u0161en\u00ed pro v\u00e1\u0161 domov. Na\u0161\u00edm hlavn\u00edm c\u00edlem je poskytovat smyslupln\u00e9 zku\u0161enosti, kter\u00e9 m\u016f\u017eete sd\u00edlet se sv\u00fdmi bl\u00edzk\u00fdmi. Uva\u0159 si svou cestu k \u017eivotu Kuchyn\u011b je srdcem domova. Teka navrhuje spot\u0159ebi\u010de, kter\u00e9 se stanou du\u0161\u00ed [&hellip;]<\/p>\n","protected":false},"author":9,"featured_media":0,"parent":0,"menu_order":0,"comment_status":"closed","ping_status":"closed","template":"","meta":{"_acf_changed":false,"_et_pb_use_builder":"on","_et_pb_old_content":"","_et_gb_content_width":"","footnotes":""},"class_list":["post-21989","page","type-page","status-publish","hentry"],"acf":[],"yoast_head":"<!-- This site is optimized with the Yoast SEO plugin v27.5 - https:\/\/yoast.com\/product\/yoast-seo-wordpress\/ -->\n<title>Teka CZ\/SK: Kuchyn\u00edm d\u00e1v\u00e1me du\u0161i | O n\u00e1s a na\u0161ich hodnot\u00e1ch<\/title>\n<meta name=\"description\" content=\"Teka navrhuje spot\u0159ebi\u010de, kter\u00e9 va\u0161\u00ed kuchyni dodaj\u00ed du\u0161i. Proto\u017ee pr\u00e1v\u011b v kuchyni va\u0159\u00edte sv\u016fj \u017eivot, pr\u00e1v\u011b tam se odehr\u00e1vaj\u00ed nejlep\u0161\u00ed chv\u00edle va\u0161eho \u017eivota.\" \/>\n<meta name=\"robots\" content=\"index, follow, max-snippet:-1, max-image-preview:large, max-video-preview:-1\" \/>\n<link rel=\"canonical\" href=\"https:\/\/www.teka.com\/cs-cz\/o-nas\/\" \/>\n<meta property=\"og:locale\" content=\"cs_CZ\" \/>\n<meta property=\"og:type\" content=\"article\" \/>\n<meta property=\"og:title\" content=\"Teka CZ\/SK: Kuchyn\u00edm d\u00e1v\u00e1me du\u0161i | O n\u00e1s a na\u0161ich hodnot\u00e1ch\" \/>\n<meta property=\"og:description\" content=\"Teka navrhuje spot\u0159ebi\u010de, kter\u00e9 va\u0161\u00ed kuchyni dodaj\u00ed du\u0161i. Proto\u017ee pr\u00e1v\u011b v kuchyni va\u0159\u00edte sv\u016fj \u017eivot, pr\u00e1v\u011b tam se odehr\u00e1vaj\u00ed nejlep\u0161\u00ed chv\u00edle va\u0161eho \u017eivota.\" \/>\n<meta property=\"og:url\" content=\"https:\/\/www.teka.com\/cs-cz\/o-nas\/\" \/>\n<meta property=\"og:site_name\" content=\"Teka CZ\/SK - Kuchyn\u00edm d\u00e1v\u00e1me du\u0161i\" \/>\n<meta property=\"article:modified_time\" content=\"2023-04-13T09:13:39+00:00\" \/>\n<meta name=\"twitter:card\" content=\"summary_large_image\" \/>\n<meta name=\"twitter:label1\" content=\"Odhadovan\u00e1 doba \u010dten\u00ed\" \/>\n\t<meta name=\"twitter:data1\" content=\"4 minuty\" \/>\n<script type=\"application\/ld+json\" class=\"yoast-schema-graph\">{\"@context\":\"https:\\\/\\\/schema.org\",\"@graph\":[{\"@type\":\"WebPage\",\"@id\":\"https:\\\/\\\/www.teka.com\\\/cs-cz\\\/o-nas\\\/\",\"url\":\"https:\\\/\\\/www.teka.com\\\/cs-cz\\\/o-nas\\\/\",\"name\":\"Teka CZ\\\/SK: Kuchyn\u00edm d\u00e1v\u00e1me du\u0161i | O n\u00e1s a na\u0161ich hodnot\u00e1ch\",\"isPartOf\":{\"@id\":\"https:\\\/\\\/www.teka.com\\\/cs-cz\\\/#website\"},\"datePublished\":\"2018-09-11T07:58:22+00:00\",\"dateModified\":\"2023-04-13T09:13:39+00:00\",\"description\":\"Teka navrhuje spot\u0159ebi\u010de, kter\u00e9 va\u0161\u00ed kuchyni dodaj\u00ed du\u0161i. Proto\u017ee pr\u00e1v\u011b v kuchyni va\u0159\u00edte sv\u016fj \u017eivot, pr\u00e1v\u011b tam se odehr\u00e1vaj\u00ed nejlep\u0161\u00ed chv\u00edle va\u0161eho \u017eivota.\",\"inLanguage\":\"cs\",\"potentialAction\":[{\"@type\":\"ReadAction\",\"target\":[\"https:\\\/\\\/www.teka.com\\\/cs-cz\\\/o-nas\\\/\"]}]},{\"@type\":\"WebSite\",\"@id\":\"https:\\\/\\\/www.teka.com\\\/cs-cz\\\/#website\",\"url\":\"https:\\\/\\\/www.teka.com\\\/cs-cz\\\/\",\"name\":\"Teka CZ\\\/SK - Kuchyn\u00edm d\u00e1v\u00e1me du\u0161i\",\"description\":\"Teka navrhuje spot\u0159ebi\u010de, kter\u00e9 va\u0161\u00ed kuchyni dodaj\u00ed du\u0161i.\",\"potentialAction\":[{\"@type\":\"SearchAction\",\"target\":{\"@type\":\"EntryPoint\",\"urlTemplate\":\"https:\\\/\\\/www.teka.com\\\/cs-cz\\\/?s={search_term_string}\"},\"query-input\":{\"@type\":\"PropertyValueSpecification\",\"valueRequired\":true,\"valueName\":\"search_term_string\"}}],\"inLanguage\":\"cs\"}]}<\/script>\n<!-- \/ Yoast SEO plugin. -->","yoast_head_json":{"title":"Teka CZ\/SK: Kuchyn\u00edm d\u00e1v\u00e1me du\u0161i | O n\u00e1s a na\u0161ich hodnot\u00e1ch","description":"Teka navrhuje spot\u0159ebi\u010de, kter\u00e9 va\u0161\u00ed kuchyni dodaj\u00ed du\u0161i. Proto\u017ee pr\u00e1v\u011b v kuchyni va\u0159\u00edte sv\u016fj \u017eivot, pr\u00e1v\u011b tam se odehr\u00e1vaj\u00ed nejlep\u0161\u00ed chv\u00edle va\u0161eho \u017eivota.","robots":{"index":"index","follow":"follow","max-snippet":"max-snippet:-1","max-image-preview":"max-image-preview:large","max-video-preview":"max-video-preview:-1"},"canonical":"https:\/\/www.teka.com\/cs-cz\/o-nas\/","og_locale":"cs_CZ","og_type":"article","og_title":"Teka CZ\/SK: Kuchyn\u00edm d\u00e1v\u00e1me du\u0161i | O n\u00e1s a na\u0161ich hodnot\u00e1ch","og_description":"Teka navrhuje spot\u0159ebi\u010de, kter\u00e9 va\u0161\u00ed kuchyni dodaj\u00ed du\u0161i. Proto\u017ee pr\u00e1v\u011b v kuchyni va\u0159\u00edte sv\u016fj \u017eivot, pr\u00e1v\u011b tam se odehr\u00e1vaj\u00ed nejlep\u0161\u00ed chv\u00edle va\u0161eho \u017eivota.","og_url":"https:\/\/www.teka.com\/cs-cz\/o-nas\/","og_site_name":"Teka CZ\/SK - Kuchyn\u00edm d\u00e1v\u00e1me du\u0161i","article_modified_time":"2023-04-13T09:13:39+00:00","twitter_card":"summary_large_image","twitter_misc":{"Odhadovan\u00e1 doba \u010dten\u00ed":"4 minuty"},"schema":{"@context":"https:\/\/schema.org","@graph":[{"@type":"WebPage","@id":"https:\/\/www.teka.com\/cs-cz\/o-nas\/","url":"https:\/\/www.teka.com\/cs-cz\/o-nas\/","name":"Teka CZ\/SK: Kuchyn\u00edm d\u00e1v\u00e1me du\u0161i | O n\u00e1s a na\u0161ich hodnot\u00e1ch","isPartOf":{"@id":"https:\/\/www.teka.com\/cs-cz\/#website"},"datePublished":"2018-09-11T07:58:22+00:00","dateModified":"2023-04-13T09:13:39+00:00","description":"Teka navrhuje spot\u0159ebi\u010de, kter\u00e9 va\u0161\u00ed kuchyni dodaj\u00ed du\u0161i. Proto\u017ee pr\u00e1v\u011b v kuchyni va\u0159\u00edte sv\u016fj \u017eivot, pr\u00e1v\u011b tam se odehr\u00e1vaj\u00ed nejlep\u0161\u00ed chv\u00edle va\u0161eho \u017eivota.","inLanguage":"cs","potentialAction":[{"@type":"ReadAction","target":["https:\/\/www.teka.com\/cs-cz\/o-nas\/"]}]},{"@type":"WebSite","@id":"https:\/\/www.teka.com\/cs-cz\/#website","url":"https:\/\/www.teka.com\/cs-cz\/","name":"Teka CZ\/SK - Kuchyn\u00edm d\u00e1v\u00e1me du\u0161i","description":"Teka navrhuje spot\u0159ebi\u010de, kter\u00e9 va\u0161\u00ed kuchyni dodaj\u00ed du\u0161i.","potentialAction":[{"@type":"SearchAction","target":{"@type":"EntryPoint","urlTemplate":"https:\/\/www.teka.com\/cs-cz\/?s={search_term_string}"},"query-input":{"@type":"PropertyValueSpecification","valueRequired":true,"valueName":"search_term_string"}}],"inLanguage":"cs"}]}},"_links":{"self":[{"href":"https:\/\/www.teka.com\/cs-cz\/wp-json\/wp\/v2\/pages\/21989","targetHints":{"allow":["GET"]}}],"collection":[{"href":"https:\/\/www.teka.com\/cs-cz\/wp-json\/wp\/v2\/pages"}],"about":[{"href":"https:\/\/www.teka.com\/cs-cz\/wp-json\/wp\/v2\/types\/page"}],"author":[{"embeddable":true,"href":"https:\/\/www.teka.com\/cs-cz\/wp-json\/wp\/v2\/users\/9"}],"replies":[{"embeddable":true,"href":"https:\/\/www.teka.com\/cs-cz\/wp-json\/wp\/v2\/comments?post=21989"}],"version-history":[{"count":83,"href":"https:\/\/www.teka.com\/cs-cz\/wp-json\/wp\/v2\/pages\/21989\/revisions"}],"predecessor-version":[{"id":72649,"href":"https:\/\/www.teka.com\/cs-cz\/wp-json\/wp\/v2\/pages\/21989\/revisions\/72649"}],"wp:attachment":[{"href":"https:\/\/www.teka.com\/cs-cz\/wp-json\/wp\/v2\/media?parent=21989"}],"curies":[{"name":"wp","href":"https:\/\/api.w.org\/{rel}","templated":true}]}}