{"id":21991,"date":"2018-09-11T08:07:27","date_gmt":"2018-09-11T08:07:27","guid":{"rendered":"http:\/\/teka.com\/?page_id=21991"},"modified":"2019-10-07T11:12:37","modified_gmt":"2019-10-07T11:12:37","slug":"po-celem-svete","status":"publish","type":"page","link":"https:\/\/www.teka.com\/cs-cz\/o-nas\/po-celem-svete\/","title":{"rendered":"PO CEL\u00c9M SV\u011aT\u011a"},"content":{"rendered":"<p>[et_pb_section bb_built=&#8220;1&#8243; module_id=&#8220;teka-top&#8220; _builder_version=&#8220;3.17.6&#8243; background_image=&#8220;https:\/\/www.teka.com\/cs-cz\/wp-content\/uploads\/sites\/76\/2018\/11\/teka-slider-about-us-desktop.jpg&#8220; next_background_color=&#8220;#0e0e0e&#8220; global_module=&#8220;23211&#8243;][et_pb_row global_parent=&#8220;23211&#8243; _builder_version=&#8220;3.17.6&#8243; background_size=&#8220;initial&#8220; background_position=&#8220;top_left&#8220; background_repeat=&#8220;repeat&#8220;][et_pb_column type=&#8220;1_2&#8243;][et_pb_text admin_label=&#8220;Header Title&#8220; global_parent=&#8220;23211&#8243; _builder_version=&#8220;3.19&#8243; background_layout=&#8220;dark&#8220;]<\/p>\n<p>&nbsp;<\/p>\n<h3><strong>Teka Group<\/strong>,<br \/>\nn\u011bmeck\u00fd p\u016fvod<\/h3>\n<p>&nbsp;<\/p>\n<p>&nbsp;<\/p>\n<p>&nbsp;<\/p>\n<p>[\/et_pb_text][\/et_pb_column][et_pb_column type=&#8220;1_2&#8243;][\/et_pb_column][\/et_pb_row][\/et_pb_section][et_pb_section bb_built=&#8220;1&#8243; specialty=&#8220;off&#8220; prev_background_color=&#8220;#ffffff&#8220; _builder_version=&#8220;3.14&#8243; module_id=&#8220;teka-menu&#8220; background_color=&#8220;#0e0e0e&#8220; next_background_color=&#8220;#222222&#8243; global_module=&#8220;23212&#8243;][et_pb_row global_parent=&#8220;23212&#8243; background_position=&#8220;top_left&#8220; background_repeat=&#8220;repeat&#8220; background_size=&#8220;initial&#8220;][et_pb_column type=&#8220;4_4&#8243;][et_pb_sidebar global_parent=&#8220;23212&#8243; _builder_version=&#8220;3.17.6&#8243; area=&#8220;et_pb_widget_area_7&#8243; background_layout=&#8220;dark&#8220; disabled=&#8220;off&#8220; disabled_on=&#8220;on|on|&#8220; \/][et_pb_sidebar admin_label=&#8220;Sidebar Tablet&#8220; global_parent=&#8220;23212&#8243; _builder_version=&#8220;3.17.6&#8243; area=&#8220;et_pb_widget_area_9&#8243; background_layout=&#8220;dark&#8220; disabled=&#8220;off&#8220; disabled_on=&#8220;on||on&#8220; \/][et_pb_sidebar admin_label=&#8220;Sidebar Mobile&#8220; global_parent=&#8220;23212&#8243; _builder_version=&#8220;3.17.6&#8243; area=&#8220;et_pb_widget_area_8&#8243; background_layout=&#8220;dark&#8220; disabled=&#8220;off&#8220; disabled_on=&#8220;|on|on&#8220; \/][\/et_pb_column][\/et_pb_row][\/et_pb_section][et_pb_section bb_built=&#8220;1&#8243; module_id=&#8220;presencia-internacional&#8220; _builder_version=&#8220;3.17.2&#8243; background_color=&#8220;#222222&#8243; prev_background_color=&#8220;#0e0e0e&#8220;][et_pb_row custom_width_percent=&#8220;90%&#8220; module_id=&#8220;worldwide-top&#8220; _builder_version=&#8220;3.14&#8243;][et_pb_column type=&#8220;1_3&#8243;][et_pb_text _builder_version=&#8220;3.19&#8243; background_layout=&#8220;dark&#8220;]<\/p>\n<h1>Po cel\u00e9m<br \/>\n<strong>sv\u011bt\u011b<\/strong><\/h1>\n<p>[\/et_pb_text][\/et_pb_column][et_pb_column type=&#8220;2_3&#8243;][et_pb_text _builder_version=&#8220;3.19&#8243; background_layout=&#8220;dark&#8220;]<\/p>\n<p><span style=\"font-weight: 400;\">Teka p\u016fsob\u00ed na p\u011bti kontinentech a jej\u00ed produkty jsou k dost\u00e1n\u00ed ve v\u00edce ne\u017e 120 zem\u00edch sv\u011bta.<\/span><\/p>\n<p><span style=\"font-weight: 400;\">Spole\u010dnost m\u00e1 15 z\u00e1vod\u016f po cel\u00e9 Evrop\u011b, Asii a Americe, vyr\u00e1b\u00ed v\u00edce ne\u017e 15 milion\u016f kus\u016f zbo\u017e\u00ed ro\u010dn\u011b.<\/span><\/p>\n<p>[\/et_pb_text][\/et_pb_column][\/et_pb_row][et_pb_row module_id=&#8220;worldwide-map&#8220; _builder_version=&#8220;3.17.2&#8243; disabled=&#8220;off&#8220; disabled_on=&#8220;off|off|off&#8220;][et_pb_column type=&#8220;4_4&#8243;][et_pb_code _builder_version=&#8220;3.17.2&#8243; disabled=&#8220;on&#8220; disabled_on=&#8220;on|on|on&#8220;]<script type=\"text\/javascript\"><!-- [et_pb_line_break_holder] -->var worldwidePoints = {<!-- [et_pb_line_break_holder] --><!-- [et_pb_line_break_holder] --> 'Teka Spain': {<!-- [et_pb_line_break_holder] --> 'address': 'Calle Cajo 17<!\u2013- [et_pb_br_holder] -\u2013>Santander, Espa\u00f1a',<!-- [et_pb_line_break_holder] --> 'mail': 'mail@teka.com',<!-- [et_pb_line_break_holder] --> 'top': 267,<!-- [et_pb_line_break_holder] --> 'left': 461<!-- [et_pb_line_break_holder] --> },<!-- [et_pb_line_break_holder] --><!-- [et_pb_line_break_holder] --> 'Teka Portugal': {<!-- [et_pb_line_break_holder] --> 'address': 'Calle Cajo 17<!\u2013- [et_pb_br_holder] -\u2013>Santander, Espa\u00f1a',<!-- [et_pb_line_break_holder] --> 'mail': 'mail@teka.com',<!-- [et_pb_line_break_holder] --> 'top': 281,<!-- [et_pb_line_break_holder] --> 'left': 451<!-- [et_pb_line_break_holder] --> },<!-- [et_pb_line_break_holder] --><!-- [et_pb_line_break_holder] --> 'Teka Italia': {<!-- [et_pb_line_break_holder] --> 'address': 'Calle Cajo 17<!\u2013- [et_pb_br_holder] -\u2013>Santander, Italy',<!-- [et_pb_line_break_holder] --> 'top': 267,<!-- [et_pb_line_break_holder] --> 'left': 512<!-- [et_pb_line_break_holder] --> },<!-- [et_pb_line_break_holder] --><!-- [et_pb_line_break_holder] -->'Teka Canada':{<!-- [et_pb_line_break_holder] -->'address': 'Lorem ipsum <!\u2013- [et_pb_br_holder] -\u2013> Canada',<!-- [et_pb_line_break_holder] -->'mail': 'example@teka.com',<!-- [et_pb_line_break_holder] -->'top': 220,<!-- [et_pb_line_break_holder] -->'left': 170<!-- [et_pb_line_break_holder] -->},<!-- [et_pb_line_break_holder] --><!-- [et_pb_line_break_holder] -->'Teka Chile':{<!-- [et_pb_line_break_holder] -->'address': 'Lorem ipsum <!\u2013- [et_pb_br_holder] -\u2013> Chile',<!-- [et_pb_line_break_holder] -->'mail': 'example@teka.com',<!-- [et_pb_line_break_holder] -->'top': 520,<!-- [et_pb_line_break_holder] -->'left': 265<!-- [et_pb_line_break_holder] -->},<!-- [et_pb_line_break_holder] --><!-- [et_pb_line_break_holder] -->'Teka Colombia':{<!-- [et_pb_line_break_holder] -->'address': 'Lorem ipsum <!\u2013- [et_pb_br_holder] -\u2013> Colombia',<!-- [et_pb_line_break_holder] -->'mail': 'example@teka.com',<!-- [et_pb_line_break_holder] -->'top': 390,<!-- [et_pb_line_break_holder] -->'left': 260<!-- [et_pb_line_break_holder] -->},<!-- [et_pb_line_break_holder] -->};<!-- [et_pb_line_break_holder] --><\/script>[\/et_pb_code][\/et_pb_column][\/et_pb_row][\/et_pb_section]<\/p>\n","protected":false},"excerpt":{"rendered":"<p>&nbsp; Teka Group, n\u011bmeck\u00fd p\u016fvod &nbsp; &nbsp; &nbsp; Po cel\u00e9m sv\u011bt\u011b Teka p\u016fsob\u00ed na p\u011bti kontinentech a jej\u00ed produkty jsou k dost\u00e1n\u00ed ve v\u00edce ne\u017e 120 zem\u00edch sv\u011bta. Spole\u010dnost m\u00e1 15 z\u00e1vod\u016f po cel\u00e9 Evrop\u011b, Asii a Americe, vyr\u00e1b\u00ed v\u00edce ne\u017e 15 milion\u016f kus\u016f zbo\u017e\u00ed ro\u010dn\u011b.<\/p>\n","protected":false},"author":9,"featured_media":0,"parent":21989,"menu_order":3,"comment_status":"closed","ping_status":"closed","template":"","meta":{"_acf_changed":false,"_et_pb_use_builder":"on","_et_pb_old_content":"","_et_gb_content_width":"","footnotes":""},"class_list":["post-21991","page","type-page","status-publish","hentry"],"acf":[],"yoast_head":"<!-- This site is optimized with the Yoast SEO plugin v27.5 - https:\/\/yoast.com\/product\/yoast-seo-wordpress\/ -->\n<title>PO CEL\u00c9M SV\u011aT\u011a presence | About Teka CZ\/SK - Kuchyn\u00edm d\u00e1v\u00e1me du\u0161i<\/title>\n<meta name=\"robots\" content=\"index, follow, max-snippet:-1, max-image-preview:large, max-video-preview:-1\" \/>\n<link rel=\"canonical\" href=\"https:\/\/www.teka.com\/cs-cz\/o-nas\/po-celem-svete\/\" \/>\n<meta property=\"og:locale\" content=\"cs_CZ\" \/>\n<meta property=\"og:type\" content=\"article\" \/>\n<meta property=\"og:title\" content=\"PO CEL\u00c9M SV\u011aT\u011a presence | About Teka CZ\/SK - Kuchyn\u00edm d\u00e1v\u00e1me du\u0161i\" \/>\n<meta property=\"og:description\" content=\"&nbsp; Teka Group, n\u011bmeck\u00fd p\u016fvod &nbsp; &nbsp; &nbsp; Po cel\u00e9m sv\u011bt\u011b Teka p\u016fsob\u00ed na p\u011bti kontinentech a jej\u00ed produkty jsou k dost\u00e1n\u00ed ve v\u00edce ne\u017e 120 zem\u00edch sv\u011bta. Spole\u010dnost m\u00e1 15 z\u00e1vod\u016f po cel\u00e9 Evrop\u011b, Asii a Americe, vyr\u00e1b\u00ed v\u00edce ne\u017e 15 milion\u016f kus\u016f zbo\u017e\u00ed ro\u010dn\u011b.\" \/>\n<meta property=\"og:url\" content=\"https:\/\/www.teka.com\/cs-cz\/o-nas\/po-celem-svete\/\" \/>\n<meta property=\"og:site_name\" content=\"Teka CZ\/SK - Kuchyn\u00edm d\u00e1v\u00e1me du\u0161i\" \/>\n<meta property=\"article:modified_time\" content=\"2019-10-07T11:12:37+00:00\" \/>\n<meta name=\"twitter:card\" content=\"summary_large_image\" \/>\n<meta name=\"twitter:label1\" content=\"Odhadovan\u00e1 doba \u010dten\u00ed\" \/>\n\t<meta name=\"twitter:data1\" content=\"2 minuty\" \/>\n<script type=\"application\/ld+json\" class=\"yoast-schema-graph\">{\"@context\":\"https:\\\/\\\/schema.org\",\"@graph\":[{\"@type\":\"WebPage\",\"@id\":\"https:\\\/\\\/www.teka.com\\\/cs-cz\\\/o-nas\\\/po-celem-svete\\\/\",\"url\":\"https:\\\/\\\/www.teka.com\\\/cs-cz\\\/o-nas\\\/po-celem-svete\\\/\",\"name\":\"PO CEL\u00c9M SV\u011aT\u011a presence | About Teka CZ\\\/SK - Kuchyn\u00edm d\u00e1v\u00e1me du\u0161i\",\"isPartOf\":{\"@id\":\"https:\\\/\\\/www.teka.com\\\/cs-cz\\\/#website\"},\"datePublished\":\"2018-09-11T08:07:27+00:00\",\"dateModified\":\"2019-10-07T11:12:37+00:00\",\"breadcrumb\":{\"@id\":\"https:\\\/\\\/www.teka.com\\\/cs-cz\\\/o-nas\\\/po-celem-svete\\\/#breadcrumb\"},\"inLanguage\":\"cs\",\"potentialAction\":[{\"@type\":\"ReadAction\",\"target\":[\"https:\\\/\\\/www.teka.com\\\/cs-cz\\\/o-nas\\\/po-celem-svete\\\/\"]}]},{\"@type\":\"BreadcrumbList\",\"@id\":\"https:\\\/\\\/www.teka.com\\\/cs-cz\\\/o-nas\\\/po-celem-svete\\\/#breadcrumb\",\"itemListElement\":[{\"@type\":\"ListItem\",\"position\":1,\"name\":\"O zna\u010dce Teka\",\"item\":\"https:\\\/\\\/www.teka.com\\\/cs-cz\\\/o-nas\\\/\"},{\"@type\":\"ListItem\",\"position\":2,\"name\":\"PO CEL\u00c9M SV\u011aT\u011a\"}]},{\"@type\":\"WebSite\",\"@id\":\"https:\\\/\\\/www.teka.com\\\/cs-cz\\\/#website\",\"url\":\"https:\\\/\\\/www.teka.com\\\/cs-cz\\\/\",\"name\":\"Teka CZ\\\/SK - Kuchyn\u00edm d\u00e1v\u00e1me du\u0161i\",\"description\":\"Teka navrhuje spot\u0159ebi\u010de, kter\u00e9 va\u0161\u00ed kuchyni dodaj\u00ed du\u0161i.\",\"potentialAction\":[{\"@type\":\"SearchAction\",\"target\":{\"@type\":\"EntryPoint\",\"urlTemplate\":\"https:\\\/\\\/www.teka.com\\\/cs-cz\\\/?s={search_term_string}\"},\"query-input\":{\"@type\":\"PropertyValueSpecification\",\"valueRequired\":true,\"valueName\":\"search_term_string\"}}],\"inLanguage\":\"cs\"}]}<\/script>\n<!-- \/ Yoast SEO plugin. -->","yoast_head_json":{"title":"PO CEL\u00c9M SV\u011aT\u011a presence | About Teka CZ\/SK - Kuchyn\u00edm d\u00e1v\u00e1me du\u0161i","robots":{"index":"index","follow":"follow","max-snippet":"max-snippet:-1","max-image-preview":"max-image-preview:large","max-video-preview":"max-video-preview:-1"},"canonical":"https:\/\/www.teka.com\/cs-cz\/o-nas\/po-celem-svete\/","og_locale":"cs_CZ","og_type":"article","og_title":"PO CEL\u00c9M SV\u011aT\u011a presence | About Teka CZ\/SK - Kuchyn\u00edm d\u00e1v\u00e1me du\u0161i","og_description":"&nbsp; Teka Group, n\u011bmeck\u00fd p\u016fvod &nbsp; &nbsp; &nbsp; Po cel\u00e9m sv\u011bt\u011b Teka p\u016fsob\u00ed na p\u011bti kontinentech a jej\u00ed produkty jsou k dost\u00e1n\u00ed ve v\u00edce ne\u017e 120 zem\u00edch sv\u011bta. Spole\u010dnost m\u00e1 15 z\u00e1vod\u016f po cel\u00e9 Evrop\u011b, Asii a Americe, vyr\u00e1b\u00ed v\u00edce ne\u017e 15 milion\u016f kus\u016f zbo\u017e\u00ed ro\u010dn\u011b.","og_url":"https:\/\/www.teka.com\/cs-cz\/o-nas\/po-celem-svete\/","og_site_name":"Teka CZ\/SK - Kuchyn\u00edm d\u00e1v\u00e1me du\u0161i","article_modified_time":"2019-10-07T11:12:37+00:00","twitter_card":"summary_large_image","twitter_misc":{"Odhadovan\u00e1 doba \u010dten\u00ed":"2 minuty"},"schema":{"@context":"https:\/\/schema.org","@graph":[{"@type":"WebPage","@id":"https:\/\/www.teka.com\/cs-cz\/o-nas\/po-celem-svete\/","url":"https:\/\/www.teka.com\/cs-cz\/o-nas\/po-celem-svete\/","name":"PO CEL\u00c9M SV\u011aT\u011a presence | About Teka CZ\/SK - Kuchyn\u00edm d\u00e1v\u00e1me du\u0161i","isPartOf":{"@id":"https:\/\/www.teka.com\/cs-cz\/#website"},"datePublished":"2018-09-11T08:07:27+00:00","dateModified":"2019-10-07T11:12:37+00:00","breadcrumb":{"@id":"https:\/\/www.teka.com\/cs-cz\/o-nas\/po-celem-svete\/#breadcrumb"},"inLanguage":"cs","potentialAction":[{"@type":"ReadAction","target":["https:\/\/www.teka.com\/cs-cz\/o-nas\/po-celem-svete\/"]}]},{"@type":"BreadcrumbList","@id":"https:\/\/www.teka.com\/cs-cz\/o-nas\/po-celem-svete\/#breadcrumb","itemListElement":[{"@type":"ListItem","position":1,"name":"O zna\u010dce Teka","item":"https:\/\/www.teka.com\/cs-cz\/o-nas\/"},{"@type":"ListItem","position":2,"name":"PO CEL\u00c9M SV\u011aT\u011a"}]},{"@type":"WebSite","@id":"https:\/\/www.teka.com\/cs-cz\/#website","url":"https:\/\/www.teka.com\/cs-cz\/","name":"Teka CZ\/SK - Kuchyn\u00edm d\u00e1v\u00e1me du\u0161i","description":"Teka navrhuje spot\u0159ebi\u010de, kter\u00e9 va\u0161\u00ed kuchyni dodaj\u00ed du\u0161i.","potentialAction":[{"@type":"SearchAction","target":{"@type":"EntryPoint","urlTemplate":"https:\/\/www.teka.com\/cs-cz\/?s={search_term_string}"},"query-input":{"@type":"PropertyValueSpecification","valueRequired":true,"valueName":"search_term_string"}}],"inLanguage":"cs"}]}},"_links":{"self":[{"href":"https:\/\/www.teka.com\/cs-cz\/wp-json\/wp\/v2\/pages\/21991","targetHints":{"allow":["GET"]}}],"collection":[{"href":"https:\/\/www.teka.com\/cs-cz\/wp-json\/wp\/v2\/pages"}],"about":[{"href":"https:\/\/www.teka.com\/cs-cz\/wp-json\/wp\/v2\/types\/page"}],"author":[{"embeddable":true,"href":"https:\/\/www.teka.com\/cs-cz\/wp-json\/wp\/v2\/users\/9"}],"replies":[{"embeddable":true,"href":"https:\/\/www.teka.com\/cs-cz\/wp-json\/wp\/v2\/comments?post=21991"}],"version-history":[{"count":30,"href":"https:\/\/www.teka.com\/cs-cz\/wp-json\/wp\/v2\/pages\/21991\/revisions"}],"predecessor-version":[{"id":67811,"href":"https:\/\/www.teka.com\/cs-cz\/wp-json\/wp\/v2\/pages\/21991\/revisions\/67811"}],"up":[{"embeddable":true,"href":"https:\/\/www.teka.com\/cs-cz\/wp-json\/wp\/v2\/pages\/21989"}],"wp:attachment":[{"href":"https:\/\/www.teka.com\/cs-cz\/wp-json\/wp\/v2\/media?parent=21991"}],"curies":[{"name":"wp","href":"https:\/\/api.w.org\/{rel}","templated":true}]}}