{"id":5195,"date":"2018-08-09T09:59:32","date_gmt":"2018-08-09T09:59:32","guid":{"rendered":"http:\/\/teka.com\/?page_id=5195"},"modified":"2019-06-12T10:34:06","modified_gmt":"2019-06-12T10:34:06","slug":"safety-warnings","status":"publish","type":"page","link":"https:\/\/www.teka.com\/cs-cz\/podpora\/safety-warnings\/","title":{"rendered":"Safety Warnings"},"content":{"rendered":"<p>[et_pb_section bb_built=&#8220;1&#8243; next_background_color=&#8220;#000000&#8243; _builder_version=&#8220;3.10.1&#8243; module_id=&#8220;aviso-de-seguridad-top&#8220;][et_pb_row _builder_version=&#8220;3.10.1&#8243; use_custom_width=&#8220;on&#8220; custom_width_px=&#8220;470px&#8220;][et_pb_column type=&#8220;4_4&#8243;][et_pb_text admin_label=&#8220;Title&#8220; _builder_version=&#8220;3.14&#8243;]<\/p>\n<h1 style=\"text-align: center;\"><strong>Safety<\/strong> Warnings<\/h1>\n<p>[\/et_pb_text][et_pb_text admin_label=&#8220;Text&#8220; _builder_version=&#8220;3.14&#8243;]<\/p>\n<p style=\"text-align: center;\">Teka maintains its commitment to the strictest standards of safety, quality and reliability in all its products.<\/p>\n<p>[\/et_pb_text][\/et_pb_column][\/et_pb_row][\/et_pb_section][et_pb_section bb_built=&#8220;1&#8243; specialty=&#8220;off&#8220; prev_background_color=&#8220;#000000&#8243; _builder_version=&#8220;3.10.1&#8243; custom_margin=&#8220;0px|||&#8220; next_background_color=&#8220;#000000&#8243; module_id=&#8220;aviso-de-seguridad-two&#8220;][et_pb_row _builder_version=&#8220;3.10.1&#8243; background_color=&#8220;#f2f2f2&#8243; custom_padding=&#8220;75px|60px|75px|60px&#8220;][et_pb_column type=&#8220;1_2&#8243;][et_pb_image _builder_version=&#8220;3.10.1&#8243; src=&#8220;https:\/\/www.teka.com\/wp-content\/uploads\/sites\/3\/2018\/08\/aviso-seguridad.jpg&#8220; align=&#8220;center&#8220; \/][\/et_pb_column][et_pb_column type=&#8220;1_2&#8243;][et_pb_text admin_label=&#8220;Preventive Review Campaign&#8220; _builder_version=&#8220;3.14&#8243;]<\/p>\n<h2><strong>Preventive Review<\/strong> Campaign<\/h2>\n<p>The company has initiated a preventive, voluntary and free user Review campaign of the MWE 225 microwaves manufactured in July 2015, aiming at the wellbeing and satisfaction of its customers.<\/p>\n<p>[\/et_pb_text][et_pb_security _builder_version=&#8220;3.14&#8243; posts_number=&#8220;-1&#8243; show_categories=&#8220;off&#8220; show_pagination=&#8220;off&#8220; title_font_size_tablet=&#8220;51&#8243; title_line_height_tablet=&#8220;2&#8243; caption_font_size_tablet=&#8220;51&#8243; caption_line_height_tablet=&#8220;2&#8243; pagination_font_size_tablet=&#8220;51&#8243; pagination_line_height_tablet=&#8220;2&#8243; show_title=&#8220;off&#8220; \/][\/et_pb_column][\/et_pb_row][\/et_pb_section][et_pb_section bb_built=&#8220;1&#8243; fullwidth=&#8220;off&#8220; specialty=&#8220;off&#8220; prev_background_color=&#8220;#000000&#8243;][et_pb_row][et_pb_column type=&#8220;4_4&#8243;][et_pb_accordion _builder_version=&#8220;3.10.1&#8243; disabled_on=&#8220;on|on|on&#8220; disabled=&#8220;on&#8220;][et_pb_accordion_item _builder_version=&#8220;3.10.1&#8243; title=&#8220;Revisi\u00f3n gratuita de Microondas MWE 225 FI&#8220; use_background_color_gradient=&#8220;off&#8220; background_color_gradient_start=&#8220;#2b87da&#8220; background_color_gradient_end=&#8220;#29c4a9&#8243; background_color_gradient_type=&#8220;linear&#8220; background_color_gradient_direction=&#8220;180deg&#8220; background_color_gradient_direction_radial=&#8220;center&#8220; background_color_gradient_start_position=&#8220;0%&#8220; background_color_gradient_end_position=&#8220;100%&#8220; background_color_gradient_overlays_image=&#8220;off&#8220; parallax=&#8220;off&#8220; parallax_method=&#8220;on&#8220; background_size=&#8220;cover&#8220; background_position=&#8220;center&#8220; background_repeat=&#8220;no-repeat&#8220; background_blend=&#8220;normal&#8220; allow_player_pause=&#8220;off&#8220; background_video_pause_outside_viewport=&#8220;on&#8220; text_shadow_style=&#8220;none&#8220; box_shadow_style=&#8220;none&#8220; \/][et_pb_accordion_item _builder_version=&#8220;3.10.1&#8243; title=&#8220;Revisi\u00f3n gratuita de Campana vertical de aspiraci\u00f3n perimetral QUADRO DLV 998&#8243; use_background_color_gradient=&#8220;off&#8220; background_color_gradient_start=&#8220;#2b87da&#8220; background_color_gradient_end=&#8220;#29c4a9&#8243; background_color_gradient_type=&#8220;linear&#8220; background_color_gradient_direction=&#8220;180deg&#8220; background_color_gradient_direction_radial=&#8220;center&#8220; background_color_gradient_start_position=&#8220;0%&#8220; background_color_gradient_end_position=&#8220;100%&#8220; background_color_gradient_overlays_image=&#8220;off&#8220; parallax=&#8220;off&#8220; parallax_method=&#8220;on&#8220; background_size=&#8220;cover&#8220; background_position=&#8220;center&#8220; background_repeat=&#8220;no-repeat&#8220; background_blend=&#8220;normal&#8220; allow_player_pause=&#8220;off&#8220; background_video_pause_outside_viewport=&#8220;on&#8220; text_shadow_style=&#8220;none&#8220; box_shadow_style=&#8220;none&#8220; \/][et_pb_accordion_item _builder_version=&#8220;3.10.1&#8243; title=&#8220;Revisi\u00f3n gratuita de Frigor\u00edfico side by side No Frost POLAR NFE 900 X&#8220; use_background_color_gradient=&#8220;off&#8220; background_color_gradient_start=&#8220;#2b87da&#8220; background_color_gradient_end=&#8220;#29c4a9&#8243; background_color_gradient_type=&#8220;linear&#8220; background_color_gradient_direction=&#8220;180deg&#8220; background_color_gradient_direction_radial=&#8220;center&#8220; background_color_gradient_start_position=&#8220;0%&#8220; background_color_gradient_end_position=&#8220;100%&#8220; background_color_gradient_overlays_image=&#8220;off&#8220; parallax=&#8220;off&#8220; parallax_method=&#8220;on&#8220; background_size=&#8220;cover&#8220; background_position=&#8220;center&#8220; background_repeat=&#8220;no-repeat&#8220; background_blend=&#8220;normal&#8220; allow_player_pause=&#8220;off&#8220; background_video_pause_outside_viewport=&#8220;on&#8220; text_shadow_style=&#8220;none&#8220; box_shadow_style=&#8220;none&#8220; \/][\/et_pb_accordion][et_pb_security _builder_version=&#8220;3.14&#8243; posts_number=&#8220;-1&#8243; show_categories=&#8220;off&#8220; show_pagination=&#8220;off&#8220; title_font_size_tablet=&#8220;51&#8243; title_line_height_tablet=&#8220;2&#8243; caption_font_size_tablet=&#8220;51&#8243; caption_line_height_tablet=&#8220;2&#8243; pagination_font_size_tablet=&#8220;51&#8243; pagination_line_height_tablet=&#8220;2&#8243; \/][\/et_pb_column][\/et_pb_row][\/et_pb_section]<\/p>\n","protected":false},"excerpt":{"rendered":"<p>Safety Warnings Teka maintains its commitment to the strictest standards of safety, quality and reliability in all its products. Preventive Review Campaign The company has initiated a preventive, voluntary and free user Review campaign of the MWE 225 microwaves manufactured in July 2015, aiming at the wellbeing and satisfaction of its customers. [et_pb_security _builder_version=&#8220;3.14&#8243; posts_number=&#8220;-1&#8243; [&hellip;]<\/p>\n","protected":false},"author":1,"featured_media":0,"parent":5193,"menu_order":0,"comment_status":"closed","ping_status":"closed","template":"","meta":{"_acf_changed":false,"_et_pb_use_builder":"on","_et_pb_old_content":"","_et_gb_content_width":"","footnotes":""},"class_list":["post-5195","page","type-page","status-publish","hentry"],"acf":[],"yoast_head":"<!-- This site is optimized with the Yoast SEO plugin v27.2 - https:\/\/yoast.com\/product\/yoast-seo-wordpress\/ -->\n<title>Safety Warnings | Teka CZ\/SK - Kuchyn\u00edm d\u00e1v\u00e1me du\u0161i<\/title>\n<meta name=\"robots\" content=\"index, follow, max-snippet:-1, max-image-preview:large, max-video-preview:-1\" \/>\n<link rel=\"canonical\" href=\"https:\/\/www.teka.com\/cs-cz\/podpora\/safety-warnings\/\" \/>\n<meta property=\"og:locale\" content=\"cs_CZ\" \/>\n<meta property=\"og:type\" content=\"article\" \/>\n<meta property=\"og:title\" content=\"Safety Warnings | Teka CZ\/SK - Kuchyn\u00edm d\u00e1v\u00e1me du\u0161i\" \/>\n<meta property=\"og:description\" content=\"Safety Warnings Teka maintains its commitment to the strictest standards of safety, quality and reliability in all its products. Preventive Review Campaign The company has initiated a preventive, voluntary and free user Review campaign of the MWE 225 microwaves manufactured in July 2015, aiming at the wellbeing and satisfaction of its customers. [et_pb_security _builder_version=&quot;3.14&quot; posts_number=&quot;-1&quot; [&hellip;]\" \/>\n<meta property=\"og:url\" content=\"https:\/\/www.teka.com\/cs-cz\/podpora\/safety-warnings\/\" \/>\n<meta property=\"og:site_name\" content=\"Teka CZ\/SK - Kuchyn\u00edm d\u00e1v\u00e1me du\u0161i\" \/>\n<meta property=\"article:modified_time\" content=\"2019-06-12T10:34:06+00:00\" \/>\n<meta name=\"twitter:card\" content=\"summary_large_image\" \/>\n<meta name=\"twitter:label1\" content=\"Odhadovan\u00e1 doba \u010dten\u00ed\" \/>\n\t<meta name=\"twitter:data1\" content=\"3 minuty\" \/>\n<script type=\"application\/ld+json\" class=\"yoast-schema-graph\">{\"@context\":\"https:\/\/schema.org\",\"@graph\":[{\"@type\":\"WebPage\",\"@id\":\"https:\/\/www.teka.com\/cs-cz\/podpora\/safety-warnings\/\",\"url\":\"https:\/\/www.teka.com\/cs-cz\/podpora\/safety-warnings\/\",\"name\":\"Safety Warnings | Teka CZ\/SK - Kuchyn\u00edm d\u00e1v\u00e1me du\u0161i\",\"isPartOf\":{\"@id\":\"https:\/\/www.teka.com\/cs-cz\/#website\"},\"datePublished\":\"2018-08-09T09:59:32+00:00\",\"dateModified\":\"2019-06-12T10:34:06+00:00\",\"breadcrumb\":{\"@id\":\"https:\/\/www.teka.com\/cs-cz\/podpora\/safety-warnings\/#breadcrumb\"},\"inLanguage\":\"cs\",\"potentialAction\":[{\"@type\":\"ReadAction\",\"target\":[\"https:\/\/www.teka.com\/cs-cz\/podpora\/safety-warnings\/\"]}]},{\"@type\":\"BreadcrumbList\",\"@id\":\"https:\/\/www.teka.com\/cs-cz\/podpora\/safety-warnings\/#breadcrumb\",\"itemListElement\":[{\"@type\":\"ListItem\",\"position\":1,\"name\":\"Podpora\",\"item\":\"https:\/\/www.teka.com\/cs-cz\/podpora\/\"},{\"@type\":\"ListItem\",\"position\":2,\"name\":\"Safety Warnings\"}]},{\"@type\":\"WebSite\",\"@id\":\"https:\/\/www.teka.com\/cs-cz\/#website\",\"url\":\"https:\/\/www.teka.com\/cs-cz\/\",\"name\":\"Teka CZ\/SK - Kuchyn\u00edm d\u00e1v\u00e1me du\u0161i\",\"description\":\"Teka navrhuje spot\u0159ebi\u010de, kter\u00e9 va\u0161\u00ed kuchyni dodaj\u00ed du\u0161i.\",\"potentialAction\":[{\"@type\":\"SearchAction\",\"target\":{\"@type\":\"EntryPoint\",\"urlTemplate\":\"https:\/\/www.teka.com\/cs-cz\/?s={search_term_string}\"},\"query-input\":{\"@type\":\"PropertyValueSpecification\",\"valueRequired\":true,\"valueName\":\"search_term_string\"}}],\"inLanguage\":\"cs\"}]}<\/script>\n<!-- \/ Yoast SEO plugin. -->","yoast_head_json":{"title":"Safety Warnings | Teka CZ\/SK - Kuchyn\u00edm d\u00e1v\u00e1me du\u0161i","robots":{"index":"index","follow":"follow","max-snippet":"max-snippet:-1","max-image-preview":"max-image-preview:large","max-video-preview":"max-video-preview:-1"},"canonical":"https:\/\/www.teka.com\/cs-cz\/podpora\/safety-warnings\/","og_locale":"cs_CZ","og_type":"article","og_title":"Safety Warnings | Teka CZ\/SK - Kuchyn\u00edm d\u00e1v\u00e1me du\u0161i","og_description":"Safety Warnings Teka maintains its commitment to the strictest standards of safety, quality and reliability in all its products. Preventive Review Campaign The company has initiated a preventive, voluntary and free user Review campaign of the MWE 225 microwaves manufactured in July 2015, aiming at the wellbeing and satisfaction of its customers. [et_pb_security _builder_version=\"3.14\" posts_number=\"-1\" [&hellip;]","og_url":"https:\/\/www.teka.com\/cs-cz\/podpora\/safety-warnings\/","og_site_name":"Teka CZ\/SK - Kuchyn\u00edm d\u00e1v\u00e1me du\u0161i","article_modified_time":"2019-06-12T10:34:06+00:00","twitter_card":"summary_large_image","twitter_misc":{"Odhadovan\u00e1 doba \u010dten\u00ed":"3 minuty"},"schema":{"@context":"https:\/\/schema.org","@graph":[{"@type":"WebPage","@id":"https:\/\/www.teka.com\/cs-cz\/podpora\/safety-warnings\/","url":"https:\/\/www.teka.com\/cs-cz\/podpora\/safety-warnings\/","name":"Safety Warnings | Teka CZ\/SK - Kuchyn\u00edm d\u00e1v\u00e1me du\u0161i","isPartOf":{"@id":"https:\/\/www.teka.com\/cs-cz\/#website"},"datePublished":"2018-08-09T09:59:32+00:00","dateModified":"2019-06-12T10:34:06+00:00","breadcrumb":{"@id":"https:\/\/www.teka.com\/cs-cz\/podpora\/safety-warnings\/#breadcrumb"},"inLanguage":"cs","potentialAction":[{"@type":"ReadAction","target":["https:\/\/www.teka.com\/cs-cz\/podpora\/safety-warnings\/"]}]},{"@type":"BreadcrumbList","@id":"https:\/\/www.teka.com\/cs-cz\/podpora\/safety-warnings\/#breadcrumb","itemListElement":[{"@type":"ListItem","position":1,"name":"Podpora","item":"https:\/\/www.teka.com\/cs-cz\/podpora\/"},{"@type":"ListItem","position":2,"name":"Safety Warnings"}]},{"@type":"WebSite","@id":"https:\/\/www.teka.com\/cs-cz\/#website","url":"https:\/\/www.teka.com\/cs-cz\/","name":"Teka CZ\/SK - Kuchyn\u00edm d\u00e1v\u00e1me du\u0161i","description":"Teka navrhuje spot\u0159ebi\u010de, kter\u00e9 va\u0161\u00ed kuchyni dodaj\u00ed du\u0161i.","potentialAction":[{"@type":"SearchAction","target":{"@type":"EntryPoint","urlTemplate":"https:\/\/www.teka.com\/cs-cz\/?s={search_term_string}"},"query-input":{"@type":"PropertyValueSpecification","valueRequired":true,"valueName":"search_term_string"}}],"inLanguage":"cs"}]}},"_links":{"self":[{"href":"https:\/\/www.teka.com\/cs-cz\/wp-json\/wp\/v2\/pages\/5195","targetHints":{"allow":["GET"]}}],"collection":[{"href":"https:\/\/www.teka.com\/cs-cz\/wp-json\/wp\/v2\/pages"}],"about":[{"href":"https:\/\/www.teka.com\/cs-cz\/wp-json\/wp\/v2\/types\/page"}],"author":[{"embeddable":true,"href":"https:\/\/www.teka.com\/cs-cz\/wp-json\/wp\/v2\/users\/1"}],"replies":[{"embeddable":true,"href":"https:\/\/www.teka.com\/cs-cz\/wp-json\/wp\/v2\/comments?post=5195"}],"version-history":[{"count":16,"href":"https:\/\/www.teka.com\/cs-cz\/wp-json\/wp\/v2\/pages\/5195\/revisions"}],"predecessor-version":[{"id":58713,"href":"https:\/\/www.teka.com\/cs-cz\/wp-json\/wp\/v2\/pages\/5195\/revisions\/58713"}],"up":[{"embeddable":true,"href":"https:\/\/www.teka.com\/cs-cz\/wp-json\/wp\/v2\/pages\/5193"}],"wp:attachment":[{"href":"https:\/\/www.teka.com\/cs-cz\/wp-json\/wp\/v2\/media?parent=5195"}],"curies":[{"name":"wp","href":"https:\/\/api.w.org\/{rel}","templated":true}]}}