{"id":5221,"date":"2018-08-10T10:27:01","date_gmt":"2018-08-10T10:27:01","guid":{"rendered":"http:\/\/teka.com\/?page_id=5221"},"modified":"2023-02-16T12:53:33","modified_gmt":"2023-02-16T11:53:33","slug":"zadost-o-opravu","status":"publish","type":"page","link":"https:\/\/www.teka.com\/cs-cz\/podpora\/zadost-o-opravu\/","title":{"rendered":"\u017d\u00e1dost o opravu"},"content":{"rendered":"<p>[et_pb_section fb_built=&#8220;1&#8243; module_id=&#8220;request-repair&#8220; _builder_version=&#8220;3.22&#8243;][et_pb_row _builder_version=&#8220;4.9.2&#8243; max_width=&#8220;620px&#8220; hover_enabled=&#8220;0&#8243; use_custom_width=&#8220;on&#8220; custom_width_px=&#8220;620px&#8220; sticky_enabled=&#8220;0&#8243;][et_pb_column type=&#8220;4_4&#8243; _builder_version=&#8220;3.25&#8243; custom_padding=&#8220;|||&#8220; custom_padding__hover=&#8220;|||&#8220;][et_pb_text admin_label=&#8220;Request Repair &#8211; Title&#8220; _builder_version=&#8220;3.27.4&#8243;]<\/p>\n<h1 style=\"text-align: center;\">\u017d\u00e1dost o opravu \u010di reklamaci<\/h1>\n<p>[\/et_pb_text][et_pb_text admin_label=&#8220;Request repair &#8211; Text&#8220; _builder_version=&#8220;4.9.2&#8243; hover_enabled=&#8220;0&#8243; sticky_enabled=&#8220;0&#8243;]<\/p>\n<p style=\"text-align: center;\">Pokud pot\u0159ebujete opravit \u010di reklamovat spot\u0159ebi\u010d TEKA, pros\u00edme v\u00e1s o vypln\u011bn\u00ed formul\u00e1\u0159e na n\u00e1sleduj\u00edc\u00ed str\u00e1nce.<\/p>\n<p>[\/et_pb_text][\/et_pb_column][\/et_pb_row][et_pb_row _builder_version=&#8220;4.9.2&#8243; _module_preset=&#8220;default&#8220;][et_pb_column _builder_version=&#8220;4.9.2&#8243; _module_preset=&#8220;default&#8220; type=&#8220;4_4&#8243;][et_pb_button button_text=&#8220;P\u0159ej\u00edt na vypln\u011bn\u00ed formul\u00e1\u0159e&#8220; _builder_version=&#8220;4.9.2&#8243; _module_preset=&#8220;default&#8220; button_url=&#8220;https:\/\/www.teka.com\/cs-cz\/podpora\/reklamace\/&#8220; hover_enabled=&#8220;0&#8243; sticky_enabled=&#8220;0&#8243; button_alignment=&#8220;center&#8220; custom_button=&#8220;on&#8220; button_bg_color=&#8220;#c8102e&#8220; button_bg_enable_color=&#8220;on&#8220; button_text_color=&#8220;#FFFFFF&#8220; button_border_color=&#8220;#FFFFFF&#8220; button_border_radius=&#8220;10px&#8220;][\/et_pb_button][\/et_pb_column][\/et_pb_row][\/et_pb_section]<\/p>\n","protected":false},"excerpt":{"rendered":"<p>\u017d\u00e1dost o opravu \u010di reklamaciPokud pot\u0159ebujete opravit \u010di reklamovat spot\u0159ebi\u010d TEKA, pros\u00edme v\u00e1s o vypln\u011bn\u00ed formul\u00e1\u0159e na n\u00e1sleduj\u00edc\u00ed str\u00e1nce.<\/p>\n","protected":false},"author":9,"featured_media":0,"parent":5193,"menu_order":0,"comment_status":"closed","ping_status":"closed","template":"","meta":{"_acf_changed":false,"_et_pb_use_builder":"on","_et_pb_old_content":"","_et_gb_content_width":"","footnotes":""},"class_list":["post-5221","page","type-page","status-publish","hentry"],"acf":[],"yoast_head":"<!-- This site is optimized with the Yoast SEO plugin v27.2 - https:\/\/yoast.com\/product\/yoast-seo-wordpress\/ -->\n<title>\u017d\u00e1dost o opravu | Teka CZ\/SK - Kuchyn\u00edm d\u00e1v\u00e1me du\u0161i<\/title>\n<meta name=\"robots\" content=\"index, follow, max-snippet:-1, max-image-preview:large, max-video-preview:-1\" \/>\n<link rel=\"canonical\" href=\"https:\/\/www.teka.com\/cs-cz\/podpora\/zadost-o-opravu\/\" \/>\n<meta property=\"og:locale\" content=\"cs_CZ\" \/>\n<meta property=\"og:type\" content=\"article\" \/>\n<meta property=\"og:title\" content=\"\u017d\u00e1dost o opravu | Teka CZ\/SK - Kuchyn\u00edm d\u00e1v\u00e1me du\u0161i\" \/>\n<meta property=\"og:description\" content=\"\u017d\u00e1dost o opravu \u010di reklamaciPokud pot\u0159ebujete opravit \u010di reklamovat spot\u0159ebi\u010d TEKA, pros\u00edme v\u00e1s o vypln\u011bn\u00ed formul\u00e1\u0159e na n\u00e1sleduj\u00edc\u00ed str\u00e1nce.\" \/>\n<meta property=\"og:url\" content=\"https:\/\/www.teka.com\/cs-cz\/podpora\/zadost-o-opravu\/\" \/>\n<meta property=\"og:site_name\" content=\"Teka CZ\/SK - Kuchyn\u00edm d\u00e1v\u00e1me du\u0161i\" \/>\n<meta property=\"article:modified_time\" content=\"2023-02-16T11:53:33+00:00\" \/>\n<meta name=\"twitter:card\" content=\"summary_large_image\" \/>\n<meta name=\"twitter:label1\" content=\"Odhadovan\u00e1 doba \u010dten\u00ed\" \/>\n\t<meta name=\"twitter:data1\" content=\"1 minuta\" \/>\n<script type=\"application\/ld+json\" class=\"yoast-schema-graph\">{\"@context\":\"https:\/\/schema.org\",\"@graph\":[{\"@type\":\"WebPage\",\"@id\":\"https:\/\/www.teka.com\/cs-cz\/podpora\/zadost-o-opravu\/\",\"url\":\"https:\/\/www.teka.com\/cs-cz\/podpora\/zadost-o-opravu\/\",\"name\":\"\u017d\u00e1dost o opravu | Teka CZ\/SK - Kuchyn\u00edm d\u00e1v\u00e1me du\u0161i\",\"isPartOf\":{\"@id\":\"https:\/\/www.teka.com\/cs-cz\/#website\"},\"datePublished\":\"2018-08-10T10:27:01+00:00\",\"dateModified\":\"2023-02-16T11:53:33+00:00\",\"breadcrumb\":{\"@id\":\"https:\/\/www.teka.com\/cs-cz\/podpora\/zadost-o-opravu\/#breadcrumb\"},\"inLanguage\":\"cs\",\"potentialAction\":[{\"@type\":\"ReadAction\",\"target\":[\"https:\/\/www.teka.com\/cs-cz\/podpora\/zadost-o-opravu\/\"]}]},{\"@type\":\"BreadcrumbList\",\"@id\":\"https:\/\/www.teka.com\/cs-cz\/podpora\/zadost-o-opravu\/#breadcrumb\",\"itemListElement\":[{\"@type\":\"ListItem\",\"position\":1,\"name\":\"Podpora\",\"item\":\"https:\/\/www.teka.com\/cs-cz\/podpora\/\"},{\"@type\":\"ListItem\",\"position\":2,\"name\":\"\u017d\u00e1dost o opravu\"}]},{\"@type\":\"WebSite\",\"@id\":\"https:\/\/www.teka.com\/cs-cz\/#website\",\"url\":\"https:\/\/www.teka.com\/cs-cz\/\",\"name\":\"Teka CZ\/SK - Kuchyn\u00edm d\u00e1v\u00e1me du\u0161i\",\"description\":\"Teka navrhuje spot\u0159ebi\u010de, kter\u00e9 va\u0161\u00ed kuchyni dodaj\u00ed du\u0161i.\",\"potentialAction\":[{\"@type\":\"SearchAction\",\"target\":{\"@type\":\"EntryPoint\",\"urlTemplate\":\"https:\/\/www.teka.com\/cs-cz\/?s={search_term_string}\"},\"query-input\":{\"@type\":\"PropertyValueSpecification\",\"valueRequired\":true,\"valueName\":\"search_term_string\"}}],\"inLanguage\":\"cs\"}]}<\/script>\n<!-- \/ Yoast SEO plugin. -->","yoast_head_json":{"title":"\u017d\u00e1dost o opravu | Teka CZ\/SK - Kuchyn\u00edm d\u00e1v\u00e1me du\u0161i","robots":{"index":"index","follow":"follow","max-snippet":"max-snippet:-1","max-image-preview":"max-image-preview:large","max-video-preview":"max-video-preview:-1"},"canonical":"https:\/\/www.teka.com\/cs-cz\/podpora\/zadost-o-opravu\/","og_locale":"cs_CZ","og_type":"article","og_title":"\u017d\u00e1dost o opravu | Teka CZ\/SK - Kuchyn\u00edm d\u00e1v\u00e1me du\u0161i","og_description":"\u017d\u00e1dost o opravu \u010di reklamaciPokud pot\u0159ebujete opravit \u010di reklamovat spot\u0159ebi\u010d TEKA, pros\u00edme v\u00e1s o vypln\u011bn\u00ed formul\u00e1\u0159e na n\u00e1sleduj\u00edc\u00ed str\u00e1nce.","og_url":"https:\/\/www.teka.com\/cs-cz\/podpora\/zadost-o-opravu\/","og_site_name":"Teka CZ\/SK - Kuchyn\u00edm d\u00e1v\u00e1me du\u0161i","article_modified_time":"2023-02-16T11:53:33+00:00","twitter_card":"summary_large_image","twitter_misc":{"Odhadovan\u00e1 doba \u010dten\u00ed":"1 minuta"},"schema":{"@context":"https:\/\/schema.org","@graph":[{"@type":"WebPage","@id":"https:\/\/www.teka.com\/cs-cz\/podpora\/zadost-o-opravu\/","url":"https:\/\/www.teka.com\/cs-cz\/podpora\/zadost-o-opravu\/","name":"\u017d\u00e1dost o opravu | Teka CZ\/SK - Kuchyn\u00edm d\u00e1v\u00e1me du\u0161i","isPartOf":{"@id":"https:\/\/www.teka.com\/cs-cz\/#website"},"datePublished":"2018-08-10T10:27:01+00:00","dateModified":"2023-02-16T11:53:33+00:00","breadcrumb":{"@id":"https:\/\/www.teka.com\/cs-cz\/podpora\/zadost-o-opravu\/#breadcrumb"},"inLanguage":"cs","potentialAction":[{"@type":"ReadAction","target":["https:\/\/www.teka.com\/cs-cz\/podpora\/zadost-o-opravu\/"]}]},{"@type":"BreadcrumbList","@id":"https:\/\/www.teka.com\/cs-cz\/podpora\/zadost-o-opravu\/#breadcrumb","itemListElement":[{"@type":"ListItem","position":1,"name":"Podpora","item":"https:\/\/www.teka.com\/cs-cz\/podpora\/"},{"@type":"ListItem","position":2,"name":"\u017d\u00e1dost o opravu"}]},{"@type":"WebSite","@id":"https:\/\/www.teka.com\/cs-cz\/#website","url":"https:\/\/www.teka.com\/cs-cz\/","name":"Teka CZ\/SK - Kuchyn\u00edm d\u00e1v\u00e1me du\u0161i","description":"Teka navrhuje spot\u0159ebi\u010de, kter\u00e9 va\u0161\u00ed kuchyni dodaj\u00ed du\u0161i.","potentialAction":[{"@type":"SearchAction","target":{"@type":"EntryPoint","urlTemplate":"https:\/\/www.teka.com\/cs-cz\/?s={search_term_string}"},"query-input":{"@type":"PropertyValueSpecification","valueRequired":true,"valueName":"search_term_string"}}],"inLanguage":"cs"}]}},"_links":{"self":[{"href":"https:\/\/www.teka.com\/cs-cz\/wp-json\/wp\/v2\/pages\/5221","targetHints":{"allow":["GET"]}}],"collection":[{"href":"https:\/\/www.teka.com\/cs-cz\/wp-json\/wp\/v2\/pages"}],"about":[{"href":"https:\/\/www.teka.com\/cs-cz\/wp-json\/wp\/v2\/types\/page"}],"author":[{"embeddable":true,"href":"https:\/\/www.teka.com\/cs-cz\/wp-json\/wp\/v2\/users\/9"}],"replies":[{"embeddable":true,"href":"https:\/\/www.teka.com\/cs-cz\/wp-json\/wp\/v2\/comments?post=5221"}],"version-history":[{"count":46,"href":"https:\/\/www.teka.com\/cs-cz\/wp-json\/wp\/v2\/pages\/5221\/revisions"}],"predecessor-version":[{"id":72513,"href":"https:\/\/www.teka.com\/cs-cz\/wp-json\/wp\/v2\/pages\/5221\/revisions\/72513"}],"up":[{"embeddable":true,"href":"https:\/\/www.teka.com\/cs-cz\/wp-json\/wp\/v2\/pages\/5193"}],"wp:attachment":[{"href":"https:\/\/www.teka.com\/cs-cz\/wp-json\/wp\/v2\/media?parent=5221"}],"curies":[{"name":"wp","href":"https:\/\/api.w.org\/{rel}","templated":true}]}}