{"id":5227,"date":"2018-08-10T10:28:08","date_gmt":"2018-08-10T10:28:08","guid":{"rendered":"http:\/\/teka.com\/?page_id=5227"},"modified":"2022-02-22T12:27:05","modified_gmt":"2022-02-22T11:27:05","slug":"kontakt","status":"publish","type":"page","link":"https:\/\/www.teka.com\/cs-cz\/kontakt\/","title":{"rendered":"Kontakt"},"content":{"rendered":"<p>[et_pb_section fb_built=&#8220;1&#8243; module_id=&#8220;contact-us&#8220; _builder_version=&#8220;3.22&#8243;][et_pb_row _builder_version=&#8220;3.25&#8243; max_width=&#8220;620px&#8220; use_custom_width=&#8220;on&#8220; custom_width_px=&#8220;620px&#8220;][et_pb_column type=&#8220;4_4&#8243; _builder_version=&#8220;3.25&#8243; custom_padding=&#8220;|||&#8220; custom_padding__hover=&#8220;|||&#8220;][et_pb_text admin_label=&#8220;Contact &#8211; Title&#8220; _builder_version=&#8220;3.27.4&#8243;]<\/p>\n<h1 style=\"text-align: center\">Kontakt<\/h1>\n<p>[\/et_pb_text][et_pb_text admin_label=&#8220;Contact &#8211; Text&#8220; _builder_version=&#8220;4.9.2&#8243; custom_padding=&#8220;1px|||||&#8220; hover_enabled=&#8220;0&#8243; sticky_enabled=&#8220;0&#8243;]<\/p>\n<p style=\"text-align: center;\">Pot\u0159ebujete-li v\u00edce informac\u00ed, nev\u00e1hejte n\u00e1s kontaktovat. Sta\u010d\u00ed vyplnit formul\u00e1\u0159 n\u00ed\u017ee a my se v\u00e1m co nejd\u0159\u00edve ozveme zp\u011bt.<span><\/span><\/p>\n<p style=\"text-align: center;\"><a href=\"https:\/\/www.teka.com\/cs-cz\/podpora\/faq\" target=\"_blank\" rel=\"noopener\">Nej\u010dast\u011bj\u0161\u00ed dotazy<\/a>\u00a0 \u00a0|\u00a0 \u00a0<a href=\"https:\/\/www.teka.com\/cs-cz\/podpora\/reklamace\/\" target=\"_blank\" rel=\"noopener\">\u017d\u00e1dost o reklamaci<\/a> |\u00a0 \u00a0<a href=\"https:\/\/zaruka.teka.cz\/\" target=\"_blank\" rel=\"noopener\">Registrace prodlou\u017een\u00e9 z\u00e1ruky<\/a><\/p>\n<p style=\"text-align: center;\">[\/et_pb_text][\/et_pb_column][\/et_pb_row][et_pb_row _builder_version=&#8220;3.25&#8243; background_size=&#8220;initial&#8220; background_position=&#8220;top_left&#8220; background_repeat=&#8220;repeat&#8220;][et_pb_column type=&#8220;4_4&#8243; _builder_version=&#8220;3.25&#8243; custom_padding=&#8220;|||&#8220; custom_padding__hover=&#8220;|||&#8220;][et_pb_text admin_label=&#8220;Contact Form %91not editable%93&#8243; _builder_version=&#8220;3.27.4&#8243; locked=&#8220;on&#8220;]<\/p>\n\n<div class=\"wpcf7 no-js\" id=\"wpcf7-f23085-o1\" lang=\"es-ES\" dir=\"ltr\" data-wpcf7-id=\"23085\">\n<div class=\"screen-reader-response\"><p role=\"status\" aria-live=\"polite\" aria-atomic=\"true\"><\/p> <ul><\/ul><\/div>\n<form action=\"\/cs-cz\/wp-json\/wp\/v2\/pages\/5227#wpcf7-f23085-o1\" method=\"post\" class=\"wpcf7-form init\" aria-label=\"Formulario de contacto\" novalidate=\"novalidate\" data-status=\"init\">\n<fieldset class=\"hidden-fields-container\"><input type=\"hidden\" name=\"_wpcf7\" value=\"23085\" \/><input type=\"hidden\" name=\"_wpcf7_version\" value=\"6.1.5\" \/><input type=\"hidden\" name=\"_wpcf7_locale\" value=\"es_ES\" \/><input type=\"hidden\" name=\"_wpcf7_unit_tag\" value=\"wpcf7-f23085-o1\" \/><input type=\"hidden\" name=\"_wpcf7_container_post\" value=\"0\" \/><input type=\"hidden\" name=\"_wpcf7_posted_data_hash\" value=\"\" \/><input type=\"hidden\" name=\"_wpcf7_recaptcha_response\" value=\"\" \/>\n<\/fieldset>\n<label class=\"col6\"> <strong>Jm\u00e9no<\/strong>\n    <span class=\"wpcf7-form-control-wrap\" data-name=\"first-name\"><input size=\"40\" maxlength=\"400\" class=\"wpcf7-form-control wpcf7-text wpcf7-validates-as-required\" aria-required=\"true\" aria-invalid=\"false\" value=\"\" type=\"text\" name=\"first-name\" \/><\/span> <\/label>\n<label class=\"col6\"> <strong>P\u0159\u00edjmen\u00ed<\/strong>\n    <span class=\"wpcf7-form-control-wrap\" data-name=\"last-name\"><input size=\"40\" maxlength=\"400\" class=\"wpcf7-form-control wpcf7-text wpcf7-validates-as-required\" aria-required=\"true\" aria-invalid=\"false\" value=\"\" type=\"text\" name=\"last-name\" \/><\/span> <\/label>\n<label class=\"col6\"> <strong>Telefon<\/strong>\n    <span class=\"wpcf7-form-control-wrap\" data-name=\"phone\"><input size=\"40\" maxlength=\"400\" class=\"wpcf7-form-control wpcf7-text wpcf7-validates-as-required\" aria-required=\"true\" aria-invalid=\"false\" value=\"\" type=\"text\" name=\"phone\" \/><\/span> <\/label>\n<label class=\"col6\"> <strong>E-mail<\/strong>\n    <span class=\"wpcf7-form-control-wrap\" data-name=\"email\"><input size=\"40\" maxlength=\"400\" class=\"wpcf7-form-control wpcf7-email wpcf7-validates-as-required wpcf7-text wpcf7-validates-as-email\" aria-required=\"true\" aria-invalid=\"false\" value=\"\" type=\"email\" name=\"email\" \/><\/span> <\/label>\n<label class=\"col6\"> <strong>M\u011bsto<\/strong>\n    <span class=\"wpcf7-form-control-wrap\" data-name=\"city\"><input size=\"40\" maxlength=\"400\" class=\"wpcf7-form-control wpcf7-text wpcf7-validates-as-required\" aria-required=\"true\" aria-invalid=\"false\" value=\"\" type=\"text\" name=\"city\" \/><\/span> <\/label>\n<label class=\"col6\"> <strong>Country<\/strong>\n    <span class=\"wpcf7-form-control-wrap\" data-name=\"your-recipient\"><select class=\"wpcf7-form-control wpcf7-select\" aria-invalid=\"false\" name=\"your-recipient\"><option value=\"\u010cesko\">\u010cesko<\/option><option value=\"Albania\">Albania<\/option><option value=\"Algeria\">Algeria<\/option><option value=\"Argentina\">Argentina<\/option><option value=\"Armenian\">Armenian<\/option><option value=\"Azerbaijan\">Azerbaijan<\/option><option value=\"Australia\">Australia<\/option><option value=\"Bahrain\">Bahrain<\/option><option value=\"Bangladesh\">Bangladesh<\/option><option value=\"\u0411\u0435\u043b\u0430\u0440\u0443\u0441\u044c\">\u0411\u0435\u043b\u0430\u0440\u0443\u0441\u044c<\/option><option value=\"Belgi\u00eb\">Belgi\u00eb<\/option><option value=\"Belgique\">Belgique<\/option><option value=\"Bolivia\">Bolivia<\/option><option value=\"Bosnia Herzegovina\">Bosnia Herzegovina<\/option><option value=\"Brunei\">Brunei<\/option><option value=\"\u0411\u044a\u043b\u0433\u0430\u0440\u0438\u044f\">\u0411\u044a\u043b\u0433\u0430\u0440\u0438\u044f<\/option><option value=\"Cambodia\">Cambodia<\/option><option value=\"Chile\">Chile<\/option><option value=\"\u4e2d\u56fd\">\u4e2d\u56fd<\/option><option value=\"Colombia\">Colombia<\/option><option value=\"Costa Rica\">Costa Rica<\/option><option value=\"Croatia\">Croatia<\/option><option value=\"Cyprus\">Cyprus<\/option><option value=\"Deutschland\">Deutschland<\/option><option value=\"Ecuador\">Ecuador<\/option><option value=\"Egypt\">Egypt<\/option><option value=\"El Salvador\">El Salvador<\/option><option value=\"Espa\u00f1a\">Espa\u00f1a<\/option><option value=\"Estonia\">Estonia<\/option><option value=\"France\">France<\/option><option value=\"\u0395\u03bb\u03bb\u03ac\u03b4\u03b1\">\u0395\u03bb\u03bb\u03ac\u03b4\u03b1<\/option><option value=\"Georgia\">Georgia<\/option><option value=\"Guatemala\">Guatemala<\/option><option value=\"Honduras\">Honduras<\/option><option value=\"Hong Kong\">Hong Kong<\/option><option value=\"India\">India<\/option><option value=\"Indonesia\">Indonesia<\/option><option value=\"Iraq\">Iraq<\/option><option value=\"Israel\">Israel<\/option><option value=\"Italy\">Italy<\/option><option value=\"Japan\">Japan<\/option><option value=\"Jordan\">Jordan<\/option><option value=\"Kazakhstan\">Kazakhstan<\/option><option value=\"Kyrgyzstan\">Kyrgyzstan<\/option><option value=\"Laos\">Laos<\/option><option value=\"Latvia\">Latvia<\/option><option value=\"Lebanon\">Lebanon<\/option><option value=\"Lithuania\">Lithuania<\/option><option value=\"Magyarorsz\u00e1g\">Magyarorsz\u00e1g<\/option><option value=\"Malaysia\">Malaysia<\/option><option value=\"Maldives\">Maldives<\/option><option value=\"Malta\">Malta<\/option><option value=\"Maroc\">Maroc<\/option><option value=\"Mexico\">Mexico<\/option><option value=\"Mongolia\">Mongolia<\/option><option value=\"Myanmar\">Myanmar<\/option><option value=\"New Caledonia\">New Caledonia<\/option><option value=\"New Zealand\">New Zealand<\/option><option value=\"Nicaragua\">Nicaragua<\/option><option value=\"Oman\">Oman<\/option><option value=\"\u00d6sterreich\">\u00d6sterreich<\/option><option value=\"Pakistan\">Pakistan<\/option><option value=\"Panam\u00e1\">Panam\u00e1<\/option><option value=\"Paraguay\">Paraguay<\/option><option value=\"Per\u00fa\">Per\u00fa<\/option><option value=\"Phillipines\">Phillipines<\/option><option value=\"Polska\">Polska<\/option><option value=\"Portugal\">Portugal<\/option><option value=\"Puerto Rico\">Puerto Rico<\/option><option value=\"Qatar\">Qatar<\/option><option value=\"Rep\u00fablica Dominicana\">Rep\u00fablica Dominicana<\/option><option value=\"Rom\u00e2nia\">Rom\u00e2nia<\/option><option value=\"Russia\">Russia<\/option><option value=\"Saudi Arabia\">Saudi Arabia<\/option><option value=\"Slovakia\">Slovakia<\/option><option value=\"South Korea\">South Korea<\/option><option value=\"Sri Lanka\">Sri Lanka<\/option><option value=\"Suisse\">Suisse<\/option><option value=\"Syria\">Syria<\/option><option value=\"Taiwan\">Taiwan<\/option><option value=\"Tajikistan\">Tajikistan<\/option><option value=\"Thailand\">Thailand<\/option><option value=\"T\u00fcrkiye\">T\u00fcrkiye<\/option><option value=\"Turkmenistan\">Turkmenistan<\/option><option value=\"Ukraine\">Ukraine<\/option><option value=\"United Arab Emirates\">United Arab Emirates<\/option><option value=\"United Kingdom\">United Kingdom<\/option><option value=\"United States\">United States<\/option><option value=\"Uruguay\">Uruguay<\/option><option value=\"Vietnam\">Vietnam<\/option><\/select><\/span> <\/label>\n\n<div>\n<label class=\"col12\"> <strong>Popi\u0161te sv\u016fj po\u017eadavek<\/strong> <span class=\"wpcf7-form-control-wrap\" data-name=\"comment\"><textarea cols=\"40\" rows=\"10\" maxlength=\"2000\" class=\"wpcf7-form-control wpcf7-textarea wpcf7-validates-as-required\" aria-required=\"true\" aria-invalid=\"false\" name=\"comment\"><\/textarea><\/span><\/label>\n<label class=\"col12 my-30\"> <span class=\"wpcf7-form-control-wrap\" data-name=\"privacy-policy\"><span class=\"wpcf7-form-control wpcf7-acceptance\"><span class=\"wpcf7-list-item\"><input type=\"checkbox\" name=\"privacy-policy\" value=\"1\" aria-invalid=\"false\" \/><\/span><\/span><\/span> <span class=\"text_check_privacy\">Souhlas\u00edm se zpracov\u00e1n\u00edm osobn\u00edch \u00fadaj\u016f. V\u00edce informac\u00ed zde: <a href=\" https:\/\/www.teka.com\/en\/privacy-policy\">Z\u00e1sady ochrany osobn\u00edch \u00fadaj\u016f<\/a> <\/span><\/label>\n<\/div>\n\n<input class=\"wpcf7-form-control wpcf7-submit has-spinner\" type=\"submit\" value=\"POTVRDIT\" \/><p style=\"display: none !important;\" class=\"akismet-fields-container\" data-prefix=\"_wpcf7_ak_\"><label>&#916;<textarea name=\"_wpcf7_ak_hp_textarea\" cols=\"45\" rows=\"8\" maxlength=\"100\"><\/textarea><\/label><input type=\"hidden\" id=\"ak_js_1\" name=\"_wpcf7_ak_js\" value=\"82\"\/><script type=\"text\/javascript\">\n\/* <![CDATA[ *\/\ndocument.getElementById( \"ak_js_1\" ).setAttribute( \"value\", ( new Date() ).getTime() );\n\/* ]]> *\/\n<\/script>\n<\/p><div class=\"wpcf7-response-output\" aria-hidden=\"true\"><\/div>\n<\/form>\n<\/div>\n\n<p>[\/et_pb_text][\/et_pb_column][\/et_pb_row][\/et_pb_section]<\/p>\n","protected":false},"excerpt":{"rendered":"<p>Kontakt Pot\u0159ebujete-li v\u00edce informac\u00ed, nev\u00e1hejte n\u00e1s kontaktovat. Sta\u010d\u00ed vyplnit formul\u00e1\u0159 n\u00ed\u017ee a my se v\u00e1m co nejd\u0159\u00edve ozveme zp\u011bt. Nej\u010dast\u011bj\u0161\u00ed dotazy\u00a0 \u00a0|\u00a0 \u00a0\u017d\u00e1dost o reklamaci |\u00a0 \u00a0Registrace prodlou\u017een\u00e9 z\u00e1ruky \n<div class=\"wpcf7 no-js\" id=\"wpcf7-f23085-o2\" lang=\"es-ES\" dir=\"ltr\" data-wpcf7-id=\"23085\">\n<div class=\"screen-reader-response\"><p role=\"status\" aria-live=\"polite\" aria-atomic=\"true\"><\/p> <ul><\/ul><\/div>\n<form action=\"\/cs-cz\/wp-json\/wp\/v2\/pages\/5227#wpcf7-f23085-o2\" method=\"post\" class=\"wpcf7-form init\" aria-label=\"Formulario de contacto\" novalidate=\"novalidate\" data-status=\"init\">\n<fieldset class=\"hidden-fields-container\"><input type=\"hidden\" name=\"_wpcf7\" value=\"23085\" \/><input type=\"hidden\" name=\"_wpcf7_version\" value=\"6.1.5\" \/><input type=\"hidden\" name=\"_wpcf7_locale\" value=\"es_ES\" \/><input type=\"hidden\" name=\"_wpcf7_unit_tag\" value=\"wpcf7-f23085-o2\" \/><input type=\"hidden\" name=\"_wpcf7_container_post\" value=\"0\" \/><input type=\"hidden\" name=\"_wpcf7_posted_data_hash\" value=\"\" \/><input type=\"hidden\" name=\"_wpcf7_recaptcha_response\" value=\"\" \/>\n<\/fieldset>\n<label class=\"col6\"> <strong>Jm\u00e9no<\/strong>\n    <span class=\"wpcf7-form-control-wrap\" data-name=\"first-name\"><input size=\"40\" maxlength=\"400\" class=\"wpcf7-form-control wpcf7-text wpcf7-validates-as-required\" aria-required=\"true\" aria-invalid=\"false\" value=\"\" type=\"text\" name=\"first-name\" \/><\/span> <\/label>\n<label class=\"col6\"> <strong>P\u0159\u00edjmen\u00ed<\/strong>\n    <span class=\"wpcf7-form-control-wrap\" data-name=\"last-name\"><input size=\"40\" maxlength=\"400\" class=\"wpcf7-form-control wpcf7-text wpcf7-validates-as-required\" aria-required=\"true\" aria-invalid=\"false\" value=\"\" type=\"text\" name=\"last-name\" \/><\/span> <\/label>\n<label class=\"col6\"> <strong>Telefon<\/strong>\n    <span class=\"wpcf7-form-control-wrap\" data-name=\"phone\"><input size=\"40\" maxlength=\"400\" class=\"wpcf7-form-control wpcf7-text wpcf7-validates-as-required\" aria-required=\"true\" aria-invalid=\"false\" value=\"\" type=\"text\" name=\"phone\" \/><\/span> <\/label>\n<label class=\"col6\"> <strong>E-mail<\/strong>\n    <span class=\"wpcf7-form-control-wrap\" data-name=\"email\"><input size=\"40\" maxlength=\"400\" class=\"wpcf7-form-control wpcf7-email wpcf7-validates-as-required wpcf7-text wpcf7-validates-as-email\" aria-required=\"true\" aria-invalid=\"false\" value=\"\" type=\"email\" name=\"email\" \/><\/span> <\/label>\n<label class=\"col6\"> <strong>M\u011bsto<\/strong>\n    <span class=\"wpcf7-form-control-wrap\" data-name=\"city\"><input size=\"40\" maxlength=\"400\" class=\"wpcf7-form-control wpcf7-text wpcf7-validates-as-required\" aria-required=\"true\" aria-invalid=\"false\" value=\"\" type=\"text\" name=\"city\" \/><\/span> <\/label>\n<label class=\"col6\"> <strong>Country<\/strong>\n    <span class=\"wpcf7-form-control-wrap\" data-name=\"your-recipient\"><select class=\"wpcf7-form-control wpcf7-select\" aria-invalid=\"false\" name=\"your-recipient\"><option value=\"\u010cesko\">\u010cesko<\/option><option value=\"Albania\">Albania<\/option><option value=\"Algeria\">Algeria<\/option><option value=\"Argentina\">Argentina<\/option><option value=\"Armenian\">Armenian<\/option><option value=\"Azerbaijan\">Azerbaijan<\/option><option value=\"Australia\">Australia<\/option><option value=\"Bahrain\">Bahrain<\/option><option value=\"Bangladesh\">Bangladesh<\/option><option value=\"\u0411\u0435\u043b\u0430\u0440\u0443\u0441\u044c\">\u0411\u0435\u043b\u0430\u0440\u0443\u0441\u044c<\/option><option value=\"Belgi\u00eb\">Belgi\u00eb<\/option><option value=\"Belgique\">Belgique<\/option><option value=\"Bolivia\">Bolivia<\/option><option value=\"Bosnia Herzegovina\">Bosnia Herzegovina<\/option><option value=\"Brunei\">Brunei<\/option><option value=\"\u0411\u044a\u043b\u0433\u0430\u0440\u0438\u044f\">\u0411\u044a\u043b\u0433\u0430\u0440\u0438\u044f<\/option><option value=\"Cambodia\">Cambodia<\/option><option value=\"Chile\">Chile<\/option><option value=\"\u4e2d\u56fd\">\u4e2d\u56fd<\/option><option value=\"Colombia\">Colombia<\/option><option value=\"Costa Rica\">Costa Rica<\/option><option value=\"Croatia\">Croatia<\/option><option value=\"Cyprus\">Cyprus<\/option><option value=\"Deutschland\">Deutschland<\/option><option value=\"Ecuador\">Ecuador<\/option><option value=\"Egypt\">Egypt<\/option><option value=\"El Salvador\">El Salvador<\/option><option value=\"Espa\u00f1a\">Espa\u00f1a<\/option><option value=\"Estonia\">Estonia<\/option><option value=\"France\">France<\/option><option value=\"\u0395\u03bb\u03bb\u03ac\u03b4\u03b1\">\u0395\u03bb\u03bb\u03ac\u03b4\u03b1<\/option><option value=\"Georgia\">Georgia<\/option><option value=\"Guatemala\">Guatemala<\/option><option value=\"Honduras\">Honduras<\/option><option value=\"Hong Kong\">Hong Kong<\/option><option value=\"India\">India<\/option><option value=\"Indonesia\">Indonesia<\/option><option value=\"Iraq\">Iraq<\/option><option value=\"Israel\">Israel<\/option><option value=\"Italy\">Italy<\/option><option value=\"Japan\">Japan<\/option><option value=\"Jordan\">Jordan<\/option><option value=\"Kazakhstan\">Kazakhstan<\/option><option value=\"Kyrgyzstan\">Kyrgyzstan<\/option><option value=\"Laos\">Laos<\/option><option value=\"Latvia\">Latvia<\/option><option value=\"Lebanon\">Lebanon<\/option><option value=\"Lithuania\">Lithuania<\/option><option value=\"Magyarorsz\u00e1g\">Magyarorsz\u00e1g<\/option><option value=\"Malaysia\">Malaysia<\/option><option value=\"Maldives\">Maldives<\/option><option value=\"Malta\">Malta<\/option><option value=\"Maroc\">Maroc<\/option><option value=\"Mexico\">Mexico<\/option><option value=\"Mongolia\">Mongolia<\/option><option value=\"Myanmar\">Myanmar<\/option><option value=\"New Caledonia\">New Caledonia<\/option><option value=\"New Zealand\">New Zealand<\/option><option value=\"Nicaragua\">Nicaragua<\/option><option value=\"Oman\">Oman<\/option><option value=\"\u00d6sterreich\">\u00d6sterreich<\/option><option value=\"Pakistan\">Pakistan<\/option><option value=\"Panam\u00e1\">Panam\u00e1<\/option><option value=\"Paraguay\">Paraguay<\/option><option value=\"Per\u00fa\">Per\u00fa<\/option><option value=\"Phillipines\">Phillipines<\/option><option value=\"Polska\">Polska<\/option><option value=\"Portugal\">Portugal<\/option><option value=\"Puerto Rico\">Puerto Rico<\/option><option value=\"Qatar\">Qatar<\/option><option value=\"Rep\u00fablica Dominicana\">Rep\u00fablica Dominicana<\/option><option value=\"Rom\u00e2nia\">Rom\u00e2nia<\/option><option value=\"Russia\">Russia<\/option><option value=\"Saudi Arabia\">Saudi Arabia<\/option><option value=\"Slovakia\">Slovakia<\/option><option value=\"South Korea\">South Korea<\/option><option value=\"Sri Lanka\">Sri Lanka<\/option><option value=\"Suisse\">Suisse<\/option><option value=\"Syria\">Syria<\/option><option value=\"Taiwan\">Taiwan<\/option><option value=\"Tajikistan\">Tajikistan<\/option><option value=\"Thailand\">Thailand<\/option><option value=\"T\u00fcrkiye\">T\u00fcrkiye<\/option><option value=\"Turkmenistan\">Turkmenistan<\/option><option value=\"Ukraine\">Ukraine<\/option><option value=\"United Arab Emirates\">United Arab Emirates<\/option><option value=\"United Kingdom\">United Kingdom<\/option><option value=\"United States\">United States<\/option><option value=\"Uruguay\">Uruguay<\/option><option value=\"Vietnam\">Vietnam<\/option><\/select><\/span> <\/label>\n\n<div>\n<label class=\"col12\"> <strong>Popi\u0161te sv\u016fj po\u017eadavek<\/strong> <span class=\"wpcf7-form-control-wrap\" data-name=\"comment\"><textarea cols=\"40\" rows=\"10\" maxlength=\"2000\" class=\"wpcf7-form-control wpcf7-textarea wpcf7-validates-as-required\" aria-required=\"true\" aria-invalid=\"false\" name=\"comment\"><\/textarea><\/span><\/label>\n<label class=\"col12 my-30\"> <span class=\"wpcf7-form-control-wrap\" data-name=\"privacy-policy\"><span class=\"wpcf7-form-control wpcf7-acceptance\"><span class=\"wpcf7-list-item\"><input type=\"checkbox\" name=\"privacy-policy\" value=\"1\" aria-invalid=\"false\" \/><\/span><\/span><\/span> <span class=\"text_check_privacy\">Souhlas\u00edm se zpracov\u00e1n\u00edm osobn\u00edch \u00fadaj\u016f. V\u00edce informac\u00ed zde: <a href=\" https:\/\/www.teka.com\/en\/privacy-policy\">Z\u00e1sady ochrany osobn\u00edch \u00fadaj\u016f<\/a> <\/span><\/label>\n<\/div>\n\n<input class=\"wpcf7-form-control wpcf7-submit has-spinner\" type=\"submit\" value=\"POTVRDIT\" \/><p style=\"display: none !important;\" class=\"akismet-fields-container\" data-prefix=\"_wpcf7_ak_\"><label>&#916;<textarea name=\"_wpcf7_ak_hp_textarea\" cols=\"45\" rows=\"8\" maxlength=\"100\"><\/textarea><\/label><input type=\"hidden\" id=\"ak_js_2\" name=\"_wpcf7_ak_js\" value=\"10\"\/><script type=\"text\/javascript\">\n\/* <![CDATA[ *\/\ndocument.getElementById( \"ak_js_2\" ).setAttribute( \"value\", ( new Date() ).getTime() );\n\/* ]]> *\/\n<\/script>\n<\/p><div class=\"wpcf7-response-output\" aria-hidden=\"true\"><\/div>\n<\/form>\n<\/div>\n<\/p>\n","protected":false},"author":9,"featured_media":0,"parent":0,"menu_order":0,"comment_status":"closed","ping_status":"closed","template":"tp-contact.php","meta":{"_acf_changed":false,"_et_pb_use_builder":"on","_et_pb_old_content":"","_et_gb_content_width":"","footnotes":""},"class_list":["post-5227","page","type-page","status-publish","hentry"],"acf":[],"yoast_head":"<!-- This site is optimized with the Yoast SEO plugin v27.5 - https:\/\/yoast.com\/product\/yoast-seo-wordpress\/ -->\n<title>Kontakt | Teka CZ\/SK - Kuchyn\u00edm d\u00e1v\u00e1me du\u0161i<\/title>\n<meta name=\"robots\" content=\"index, follow, max-snippet:-1, max-image-preview:large, max-video-preview:-1\" \/>\n<link rel=\"canonical\" href=\"https:\/\/www.teka.com\/cs-cz\/kontakt\/\" \/>\n<meta property=\"og:locale\" content=\"cs_CZ\" \/>\n<meta property=\"og:type\" content=\"article\" \/>\n<meta property=\"og:title\" content=\"Kontakt | Teka CZ\/SK - Kuchyn\u00edm d\u00e1v\u00e1me du\u0161i\" \/>\n<meta property=\"og:description\" content=\"Kontakt Pot\u0159ebujete-li v\u00edce informac\u00ed, nev\u00e1hejte n\u00e1s kontaktovat. Sta\u010d\u00ed vyplnit formul\u00e1\u0159 n\u00ed\u017ee a my se v\u00e1m co nejd\u0159\u00edve ozveme zp\u011bt. Nej\u010dast\u011bj\u0161\u00ed dotazy\u00a0 \u00a0|\u00a0 \u00a0\u017d\u00e1dost o reklamaci |\u00a0 \u00a0Registrace prodlou\u017een\u00e9 z\u00e1ruky\" \/>\n<meta property=\"og:url\" content=\"https:\/\/www.teka.com\/cs-cz\/kontakt\/\" \/>\n<meta property=\"og:site_name\" content=\"Teka CZ\/SK - Kuchyn\u00edm d\u00e1v\u00e1me du\u0161i\" \/>\n<meta property=\"article:modified_time\" content=\"2022-02-22T11:27:05+00:00\" \/>\n<meta name=\"twitter:card\" content=\"summary_large_image\" \/>\n<meta name=\"twitter:label1\" content=\"Odhadovan\u00e1 doba \u010dten\u00ed\" \/>\n\t<meta name=\"twitter:data1\" content=\"1 minuta\" \/>\n<script type=\"application\/ld+json\" class=\"yoast-schema-graph\">{\"@context\":\"https:\\\/\\\/schema.org\",\"@graph\":[{\"@type\":\"WebPage\",\"@id\":\"https:\\\/\\\/www.teka.com\\\/cs-cz\\\/kontakt\\\/\",\"url\":\"https:\\\/\\\/www.teka.com\\\/cs-cz\\\/kontakt\\\/\",\"name\":\"Kontakt | Teka CZ\\\/SK - Kuchyn\u00edm d\u00e1v\u00e1me du\u0161i\",\"isPartOf\":{\"@id\":\"https:\\\/\\\/www.teka.com\\\/cs-cz\\\/#website\"},\"datePublished\":\"2018-08-10T10:28:08+00:00\",\"dateModified\":\"2022-02-22T11:27:05+00:00\",\"inLanguage\":\"cs\",\"potentialAction\":[{\"@type\":\"ReadAction\",\"target\":[\"https:\\\/\\\/www.teka.com\\\/cs-cz\\\/kontakt\\\/\"]}]},{\"@type\":\"WebSite\",\"@id\":\"https:\\\/\\\/www.teka.com\\\/cs-cz\\\/#website\",\"url\":\"https:\\\/\\\/www.teka.com\\\/cs-cz\\\/\",\"name\":\"Teka CZ\\\/SK - Kuchyn\u00edm d\u00e1v\u00e1me du\u0161i\",\"description\":\"Teka navrhuje spot\u0159ebi\u010de, kter\u00e9 va\u0161\u00ed kuchyni dodaj\u00ed du\u0161i.\",\"potentialAction\":[{\"@type\":\"SearchAction\",\"target\":{\"@type\":\"EntryPoint\",\"urlTemplate\":\"https:\\\/\\\/www.teka.com\\\/cs-cz\\\/?s={search_term_string}\"},\"query-input\":{\"@type\":\"PropertyValueSpecification\",\"valueRequired\":true,\"valueName\":\"search_term_string\"}}],\"inLanguage\":\"cs\"}]}<\/script>\n<!-- \/ Yoast SEO plugin. -->","yoast_head_json":{"title":"Kontakt | Teka CZ\/SK - Kuchyn\u00edm d\u00e1v\u00e1me du\u0161i","robots":{"index":"index","follow":"follow","max-snippet":"max-snippet:-1","max-image-preview":"max-image-preview:large","max-video-preview":"max-video-preview:-1"},"canonical":"https:\/\/www.teka.com\/cs-cz\/kontakt\/","og_locale":"cs_CZ","og_type":"article","og_title":"Kontakt | Teka CZ\/SK - Kuchyn\u00edm d\u00e1v\u00e1me du\u0161i","og_description":"Kontakt Pot\u0159ebujete-li v\u00edce informac\u00ed, nev\u00e1hejte n\u00e1s kontaktovat. Sta\u010d\u00ed vyplnit formul\u00e1\u0159 n\u00ed\u017ee a my se v\u00e1m co nejd\u0159\u00edve ozveme zp\u011bt. Nej\u010dast\u011bj\u0161\u00ed dotazy\u00a0 \u00a0|\u00a0 \u00a0\u017d\u00e1dost o reklamaci |\u00a0 \u00a0Registrace prodlou\u017een\u00e9 z\u00e1ruky","og_url":"https:\/\/www.teka.com\/cs-cz\/kontakt\/","og_site_name":"Teka CZ\/SK - Kuchyn\u00edm d\u00e1v\u00e1me du\u0161i","article_modified_time":"2022-02-22T11:27:05+00:00","twitter_card":"summary_large_image","twitter_misc":{"Odhadovan\u00e1 doba \u010dten\u00ed":"1 minuta"},"schema":{"@context":"https:\/\/schema.org","@graph":[{"@type":"WebPage","@id":"https:\/\/www.teka.com\/cs-cz\/kontakt\/","url":"https:\/\/www.teka.com\/cs-cz\/kontakt\/","name":"Kontakt | Teka CZ\/SK - Kuchyn\u00edm d\u00e1v\u00e1me du\u0161i","isPartOf":{"@id":"https:\/\/www.teka.com\/cs-cz\/#website"},"datePublished":"2018-08-10T10:28:08+00:00","dateModified":"2022-02-22T11:27:05+00:00","inLanguage":"cs","potentialAction":[{"@type":"ReadAction","target":["https:\/\/www.teka.com\/cs-cz\/kontakt\/"]}]},{"@type":"WebSite","@id":"https:\/\/www.teka.com\/cs-cz\/#website","url":"https:\/\/www.teka.com\/cs-cz\/","name":"Teka CZ\/SK - Kuchyn\u00edm d\u00e1v\u00e1me du\u0161i","description":"Teka navrhuje spot\u0159ebi\u010de, kter\u00e9 va\u0161\u00ed kuchyni dodaj\u00ed du\u0161i.","potentialAction":[{"@type":"SearchAction","target":{"@type":"EntryPoint","urlTemplate":"https:\/\/www.teka.com\/cs-cz\/?s={search_term_string}"},"query-input":{"@type":"PropertyValueSpecification","valueRequired":true,"valueName":"search_term_string"}}],"inLanguage":"cs"}]}},"_links":{"self":[{"href":"https:\/\/www.teka.com\/cs-cz\/wp-json\/wp\/v2\/pages\/5227","targetHints":{"allow":["GET"]}}],"collection":[{"href":"https:\/\/www.teka.com\/cs-cz\/wp-json\/wp\/v2\/pages"}],"about":[{"href":"https:\/\/www.teka.com\/cs-cz\/wp-json\/wp\/v2\/types\/page"}],"author":[{"embeddable":true,"href":"https:\/\/www.teka.com\/cs-cz\/wp-json\/wp\/v2\/users\/9"}],"replies":[{"embeddable":true,"href":"https:\/\/www.teka.com\/cs-cz\/wp-json\/wp\/v2\/comments?post=5227"}],"version-history":[{"count":37,"href":"https:\/\/www.teka.com\/cs-cz\/wp-json\/wp\/v2\/pages\/5227\/revisions"}],"predecessor-version":[{"id":71408,"href":"https:\/\/www.teka.com\/cs-cz\/wp-json\/wp\/v2\/pages\/5227\/revisions\/71408"}],"wp:attachment":[{"href":"https:\/\/www.teka.com\/cs-cz\/wp-json\/wp\/v2\/media?parent=5227"}],"curies":[{"name":"wp","href":"https:\/\/api.w.org\/{rel}","templated":true}]}}