{"id":67527,"date":"2026-04-05T01:56:17","date_gmt":"2026-04-05T01:56:17","guid":{"rendered":"https:\/\/www.teka.com\/cs-cz\/product\/fo-915_629150200\/"},"modified":"2026-04-04T08:16:43","modified_gmt":"2026-04-04T09:16:43","slug":"fo-915_629150200","status":"publish","type":"product","link":"https:\/\/www.teka.com\/cs-cz\/produkt\/fo-915_629150200\/","title":{"rendered":"FO 915 CR"},"content":{"rendered":"<ul>\n<li>Proveden\u00ed: leskl\u00fd chrom<\/li>\n<li>Vysok\u00e9 ram\u00ednko oto\u010dn\u00e9 o 360\u00b0<\/li>\n<\/ul>\n","protected":false},"featured_media":0,"parent":0,"template":"","product_cat":[3395],"product_cleaning_system":[],"product_3rd_basket":[],"product_drawers":[],"product_type_of_installation":[34386],"product_edition":[],"product_serie":[],"product_features":[],"finishes":[],"product_bundles":[],"product_energy_efficiency":[],"product_video_training":[],"class_list":["post-67527","product","type-product","status-publish","hentry","product_cat-kuchynske-baterie","color-chrom","product_type_of_appliance-vysoke-raminko","product_icons-anti-scale_aerator","product_icons-saving_water","product_icons-swivel_spout","product_type_of_installation-volne-stojici"],"acf":[],"yoast_head":"<!-- This site is optimized with the Yoast SEO plugin v27.2 - https:\/\/yoast.com\/product\/yoast-seo-wordpress\/ -->\n<title>Kuchy\u0148sk\u00e1 baterie Teka<\/title>\n<meta name=\"robots\" content=\"index, follow, max-snippet:-1, max-image-preview:large, max-video-preview:-1\" \/>\n<link rel=\"canonical\" href=\"https:\/\/www.teka.com\/cs-cz\/produkt\/fo-915_629150200\/\" \/>\n<meta property=\"og:locale\" content=\"cs_CZ\" \/>\n<meta property=\"og:type\" content=\"article\" \/>\n<meta property=\"og:title\" content=\"Kuchy\u0148sk\u00e1 baterie Teka\" \/>\n<meta property=\"og:description\" content=\"Proveden\u00ed: leskl\u00fd chrom Vysok\u00e9 ram\u00ednko oto\u010dn\u00e9 o 360\u00b0\" \/>\n<meta property=\"og:url\" content=\"https:\/\/www.teka.com\/cs-cz\/produkt\/fo-915_629150200\/\" \/>\n<meta property=\"og:site_name\" content=\"Teka CZ\/SK - Kuchyn\u00edm d\u00e1v\u00e1me du\u0161i\" \/>\n<meta name=\"twitter:card\" content=\"summary_large_image\" \/>\n<script type=\"application\/ld+json\" class=\"yoast-schema-graph\">{\"@context\":\"https:\/\/schema.org\",\"@graph\":[{\"@type\":\"WebPage\",\"@id\":\"https:\/\/www.teka.com\/cs-cz\/produkt\/fo-915_629150200\/\",\"url\":\"https:\/\/www.teka.com\/cs-cz\/produkt\/fo-915_629150200\/\",\"name\":\"Kuchy\u0148sk\u00e1 baterie Teka\",\"isPartOf\":{\"@id\":\"https:\/\/www.teka.com\/cs-cz\/#website\"},\"datePublished\":\"2026-04-05T01:56:17+00:00\",\"inLanguage\":\"cs\",\"potentialAction\":[{\"@type\":\"ReadAction\",\"target\":[\"https:\/\/www.teka.com\/cs-cz\/produkt\/fo-915_629150200\/\"]}]},{\"@type\":\"WebSite\",\"@id\":\"https:\/\/www.teka.com\/cs-cz\/#website\",\"url\":\"https:\/\/www.teka.com\/cs-cz\/\",\"name\":\"Teka CZ\/SK - Kuchyn\u00edm d\u00e1v\u00e1me du\u0161i\",\"description\":\"Teka navrhuje spot\u0159ebi\u010de, kter\u00e9 va\u0161\u00ed kuchyni dodaj\u00ed du\u0161i.\",\"potentialAction\":[{\"@type\":\"SearchAction\",\"target\":{\"@type\":\"EntryPoint\",\"urlTemplate\":\"https:\/\/www.teka.com\/cs-cz\/?s={search_term_string}\"},\"query-input\":{\"@type\":\"PropertyValueSpecification\",\"valueRequired\":true,\"valueName\":\"search_term_string\"}}],\"inLanguage\":\"cs\"}]}<\/script>\n<!-- \/ Yoast SEO plugin. -->","yoast_head_json":{"title":"Kuchy\u0148sk\u00e1 baterie Teka","robots":{"index":"index","follow":"follow","max-snippet":"max-snippet:-1","max-image-preview":"max-image-preview:large","max-video-preview":"max-video-preview:-1"},"canonical":"https:\/\/www.teka.com\/cs-cz\/produkt\/fo-915_629150200\/","og_locale":"cs_CZ","og_type":"article","og_title":"Kuchy\u0148sk\u00e1 baterie Teka","og_description":"Proveden\u00ed: leskl\u00fd chrom Vysok\u00e9 ram\u00ednko oto\u010dn\u00e9 o 360\u00b0","og_url":"https:\/\/www.teka.com\/cs-cz\/produkt\/fo-915_629150200\/","og_site_name":"Teka CZ\/SK - Kuchyn\u00edm d\u00e1v\u00e1me du\u0161i","twitter_card":"summary_large_image","schema":{"@context":"https:\/\/schema.org","@graph":[{"@type":"WebPage","@id":"https:\/\/www.teka.com\/cs-cz\/produkt\/fo-915_629150200\/","url":"https:\/\/www.teka.com\/cs-cz\/produkt\/fo-915_629150200\/","name":"Kuchy\u0148sk\u00e1 baterie Teka","isPartOf":{"@id":"https:\/\/www.teka.com\/cs-cz\/#website"},"datePublished":"2026-04-05T01:56:17+00:00","inLanguage":"cs","potentialAction":[{"@type":"ReadAction","target":["https:\/\/www.teka.com\/cs-cz\/produkt\/fo-915_629150200\/"]}]},{"@type":"WebSite","@id":"https:\/\/www.teka.com\/cs-cz\/#website","url":"https:\/\/www.teka.com\/cs-cz\/","name":"Teka CZ\/SK - Kuchyn\u00edm d\u00e1v\u00e1me du\u0161i","description":"Teka navrhuje spot\u0159ebi\u010de, kter\u00e9 va\u0161\u00ed kuchyni dodaj\u00ed du\u0161i.","potentialAction":[{"@type":"SearchAction","target":{"@type":"EntryPoint","urlTemplate":"https:\/\/www.teka.com\/cs-cz\/?s={search_term_string}"},"query-input":{"@type":"PropertyValueSpecification","valueRequired":true,"valueName":"search_term_string"}}],"inLanguage":"cs"}]}},"_links":{"self":[{"href":"https:\/\/www.teka.com\/cs-cz\/wp-json\/wp\/v2\/product\/67527","targetHints":{"allow":["GET"]}}],"collection":[{"href":"https:\/\/www.teka.com\/cs-cz\/wp-json\/wp\/v2\/product"}],"about":[{"href":"https:\/\/www.teka.com\/cs-cz\/wp-json\/wp\/v2\/types\/product"}],"wp:attachment":[{"href":"https:\/\/www.teka.com\/cs-cz\/wp-json\/wp\/v2\/media?parent=67527"}],"wp:term":[{"taxonomy":"product_cat","embeddable":true,"href":"https:\/\/www.teka.com\/cs-cz\/wp-json\/wp\/v2\/product_cat?post=67527"},{"taxonomy":"product_cleaning_system","embeddable":true,"href":"https:\/\/www.teka.com\/cs-cz\/wp-json\/wp\/v2\/product_cleaning_system?post=67527"},{"taxonomy":"product_3rd_basket","embeddable":true,"href":"https:\/\/www.teka.com\/cs-cz\/wp-json\/wp\/v2\/product_3rd_basket?post=67527"},{"taxonomy":"product_drawers","embeddable":true,"href":"https:\/\/www.teka.com\/cs-cz\/wp-json\/wp\/v2\/product_drawers?post=67527"},{"taxonomy":"product_type_of_installation","embeddable":true,"href":"https:\/\/www.teka.com\/cs-cz\/wp-json\/wp\/v2\/product_type_of_installation?post=67527"},{"taxonomy":"product_edition","embeddable":true,"href":"https:\/\/www.teka.com\/cs-cz\/wp-json\/wp\/v2\/product_edition?post=67527"},{"taxonomy":"product_serie","embeddable":true,"href":"https:\/\/www.teka.com\/cs-cz\/wp-json\/wp\/v2\/product_serie?post=67527"},{"taxonomy":"product_features","embeddable":true,"href":"https:\/\/www.teka.com\/cs-cz\/wp-json\/wp\/v2\/product_features?post=67527"},{"taxonomy":"finishes","embeddable":true,"href":"https:\/\/www.teka.com\/cs-cz\/wp-json\/wp\/v2\/finishes?post=67527"},{"taxonomy":"product_bundles","embeddable":true,"href":"https:\/\/www.teka.com\/cs-cz\/wp-json\/wp\/v2\/product_bundles?post=67527"},{"taxonomy":"product_energy_efficiency","embeddable":true,"href":"https:\/\/www.teka.com\/cs-cz\/wp-json\/wp\/v2\/product_energy_efficiency?post=67527"},{"taxonomy":"product_video_training","embeddable":true,"href":"https:\/\/www.teka.com\/cs-cz\/wp-json\/wp\/v2\/product_video_training?post=67527"}],"curies":[{"name":"wp","href":"https:\/\/api.w.org\/{rel}","templated":true}]}}