{"id":67989,"date":"2026-04-03T19:54:29","date_gmt":"2026-04-03T19:54:29","guid":{"rendered":"https:\/\/www.teka.com\/cs-cz\/produkt\/gfg-2_40446753\/"},"modified":"2026-03-15T01:06:24","modified_gmt":"2026-03-15T02:06:24","slug":"gfg-2_40446753","status":"publish","type":"product","link":"https:\/\/www.teka.com\/cs-cz\/produkt\/gfg-2_40446753\/","title":{"rendered":"GFG 2 X"},"content":{"rendered":"<ul>\n<li>Celoz\u00e1stavn\u00fd odsava\u010d par 55 cm pro mont\u00e1\u017e<\/li>\n<li>do 60 cm korpusu<\/li>\n<li>Ovl\u00e1d\u00e1n\u00ed pomoc\u00ed tla\u010d\u00edtek<\/li>\n<li>Proveden\u00ed nerez<\/li>\n<li>3 rychlosti<\/li>\n<li>Kapacita odtahu: min. 171, max. 304 m3\/h<\/li>\n<\/ul>\n","protected":false},"featured_media":0,"parent":0,"template":"","product_cat":[3397],"product_cleaning_system":[],"product_3rd_basket":[],"product_drawers":[],"product_type_of_installation":[],"product_edition":[],"product_serie":[],"product_features":[],"finishes":[],"product_bundles":[],"product_energy_efficiency":[34983],"product_video_training":[],"class_list":["post-67989","product","type-product","status-publish","hentry","product_cat-digestore","usp-hoods-02","usp-hoods-04","usp-hoods-05","usp-hoods-06","color-nerezova-ocel","product_type_of_appliance-integrovane","product_icons-led","product_energy_efficiency-d-icon"],"acf":[],"yoast_head":"<!-- This site is optimized with the Yoast SEO plugin v27.2 - https:\/\/yoast.com\/product\/yoast-seo-wordpress\/ -->\n<title>Vestavn\u00e1 digesto\u0159 GFG 2 Nerezov\u00e1 ocel | Teka<\/title>\n<meta name=\"robots\" content=\"index, follow, max-snippet:-1, max-image-preview:large, max-video-preview:-1\" \/>\n<link rel=\"canonical\" href=\"https:\/\/www.teka.com\/cs-cz\/produkt\/gfg-2_40446753\/\" \/>\n<meta property=\"og:locale\" content=\"cs_CZ\" \/>\n<meta property=\"og:type\" content=\"article\" \/>\n<meta property=\"og:title\" content=\"Vestavn\u00e1 digesto\u0159 GFG 2 Nerezov\u00e1 ocel | Teka\" \/>\n<meta property=\"og:description\" content=\"Celoz\u00e1stavn\u00fd odsava\u010d par 55 cm pro mont\u00e1\u017e do 60 cm korpusu Ovl\u00e1d\u00e1n\u00ed pomoc\u00ed tla\u010d\u00edtek Proveden\u00ed nerez 3 rychlosti Kapacita odtahu: min. 171, max. 304 m3\/h\" \/>\n<meta property=\"og:url\" content=\"https:\/\/www.teka.com\/cs-cz\/produkt\/gfg-2_40446753\/\" \/>\n<meta property=\"og:site_name\" content=\"Teka CZ\/SK - Kuchyn\u00edm d\u00e1v\u00e1me du\u0161i\" \/>\n<meta name=\"twitter:card\" content=\"summary_large_image\" \/>\n<script type=\"application\/ld+json\" class=\"yoast-schema-graph\">{\"@context\":\"https:\/\/schema.org\",\"@graph\":[{\"@type\":\"WebPage\",\"@id\":\"https:\/\/www.teka.com\/cs-cz\/produkt\/gfg-2_40446753\/\",\"url\":\"https:\/\/www.teka.com\/cs-cz\/produkt\/gfg-2_40446753\/\",\"name\":\"Vestavn\u00e1 digesto\u0159 GFG 2 Nerezov\u00e1 ocel | Teka\",\"isPartOf\":{\"@id\":\"https:\/\/www.teka.com\/cs-cz\/#website\"},\"datePublished\":\"2026-04-03T19:54:29+00:00\",\"inLanguage\":\"cs\",\"potentialAction\":[{\"@type\":\"ReadAction\",\"target\":[\"https:\/\/www.teka.com\/cs-cz\/produkt\/gfg-2_40446753\/\"]}]},{\"@type\":\"WebSite\",\"@id\":\"https:\/\/www.teka.com\/cs-cz\/#website\",\"url\":\"https:\/\/www.teka.com\/cs-cz\/\",\"name\":\"Teka CZ\/SK - Kuchyn\u00edm d\u00e1v\u00e1me du\u0161i\",\"description\":\"Teka navrhuje spot\u0159ebi\u010de, kter\u00e9 va\u0161\u00ed kuchyni dodaj\u00ed du\u0161i.\",\"potentialAction\":[{\"@type\":\"SearchAction\",\"target\":{\"@type\":\"EntryPoint\",\"urlTemplate\":\"https:\/\/www.teka.com\/cs-cz\/?s={search_term_string}\"},\"query-input\":{\"@type\":\"PropertyValueSpecification\",\"valueRequired\":true,\"valueName\":\"search_term_string\"}}],\"inLanguage\":\"cs\"}]}<\/script>\n<!-- \/ Yoast SEO plugin. -->","yoast_head_json":{"title":"Vestavn\u00e1 digesto\u0159 GFG 2 Nerezov\u00e1 ocel | Teka","robots":{"index":"index","follow":"follow","max-snippet":"max-snippet:-1","max-image-preview":"max-image-preview:large","max-video-preview":"max-video-preview:-1"},"canonical":"https:\/\/www.teka.com\/cs-cz\/produkt\/gfg-2_40446753\/","og_locale":"cs_CZ","og_type":"article","og_title":"Vestavn\u00e1 digesto\u0159 GFG 2 Nerezov\u00e1 ocel | Teka","og_description":"Celoz\u00e1stavn\u00fd odsava\u010d par 55 cm pro mont\u00e1\u017e do 60 cm korpusu Ovl\u00e1d\u00e1n\u00ed pomoc\u00ed tla\u010d\u00edtek Proveden\u00ed nerez 3 rychlosti Kapacita odtahu: min. 171, max. 304 m3\/h","og_url":"https:\/\/www.teka.com\/cs-cz\/produkt\/gfg-2_40446753\/","og_site_name":"Teka CZ\/SK - Kuchyn\u00edm d\u00e1v\u00e1me du\u0161i","twitter_card":"summary_large_image","schema":{"@context":"https:\/\/schema.org","@graph":[{"@type":"WebPage","@id":"https:\/\/www.teka.com\/cs-cz\/produkt\/gfg-2_40446753\/","url":"https:\/\/www.teka.com\/cs-cz\/produkt\/gfg-2_40446753\/","name":"Vestavn\u00e1 digesto\u0159 GFG 2 Nerezov\u00e1 ocel | Teka","isPartOf":{"@id":"https:\/\/www.teka.com\/cs-cz\/#website"},"datePublished":"2026-04-03T19:54:29+00:00","inLanguage":"cs","potentialAction":[{"@type":"ReadAction","target":["https:\/\/www.teka.com\/cs-cz\/produkt\/gfg-2_40446753\/"]}]},{"@type":"WebSite","@id":"https:\/\/www.teka.com\/cs-cz\/#website","url":"https:\/\/www.teka.com\/cs-cz\/","name":"Teka CZ\/SK - Kuchyn\u00edm d\u00e1v\u00e1me du\u0161i","description":"Teka navrhuje spot\u0159ebi\u010de, kter\u00e9 va\u0161\u00ed kuchyni dodaj\u00ed du\u0161i.","potentialAction":[{"@type":"SearchAction","target":{"@type":"EntryPoint","urlTemplate":"https:\/\/www.teka.com\/cs-cz\/?s={search_term_string}"},"query-input":{"@type":"PropertyValueSpecification","valueRequired":true,"valueName":"search_term_string"}}],"inLanguage":"cs"}]}},"_links":{"self":[{"href":"https:\/\/www.teka.com\/cs-cz\/wp-json\/wp\/v2\/product\/67989","targetHints":{"allow":["GET"]}}],"collection":[{"href":"https:\/\/www.teka.com\/cs-cz\/wp-json\/wp\/v2\/product"}],"about":[{"href":"https:\/\/www.teka.com\/cs-cz\/wp-json\/wp\/v2\/types\/product"}],"wp:attachment":[{"href":"https:\/\/www.teka.com\/cs-cz\/wp-json\/wp\/v2\/media?parent=67989"}],"wp:term":[{"taxonomy":"product_cat","embeddable":true,"href":"https:\/\/www.teka.com\/cs-cz\/wp-json\/wp\/v2\/product_cat?post=67989"},{"taxonomy":"product_cleaning_system","embeddable":true,"href":"https:\/\/www.teka.com\/cs-cz\/wp-json\/wp\/v2\/product_cleaning_system?post=67989"},{"taxonomy":"product_3rd_basket","embeddable":true,"href":"https:\/\/www.teka.com\/cs-cz\/wp-json\/wp\/v2\/product_3rd_basket?post=67989"},{"taxonomy":"product_drawers","embeddable":true,"href":"https:\/\/www.teka.com\/cs-cz\/wp-json\/wp\/v2\/product_drawers?post=67989"},{"taxonomy":"product_type_of_installation","embeddable":true,"href":"https:\/\/www.teka.com\/cs-cz\/wp-json\/wp\/v2\/product_type_of_installation?post=67989"},{"taxonomy":"product_edition","embeddable":true,"href":"https:\/\/www.teka.com\/cs-cz\/wp-json\/wp\/v2\/product_edition?post=67989"},{"taxonomy":"product_serie","embeddable":true,"href":"https:\/\/www.teka.com\/cs-cz\/wp-json\/wp\/v2\/product_serie?post=67989"},{"taxonomy":"product_features","embeddable":true,"href":"https:\/\/www.teka.com\/cs-cz\/wp-json\/wp\/v2\/product_features?post=67989"},{"taxonomy":"finishes","embeddable":true,"href":"https:\/\/www.teka.com\/cs-cz\/wp-json\/wp\/v2\/finishes?post=67989"},{"taxonomy":"product_bundles","embeddable":true,"href":"https:\/\/www.teka.com\/cs-cz\/wp-json\/wp\/v2\/product_bundles?post=67989"},{"taxonomy":"product_energy_efficiency","embeddable":true,"href":"https:\/\/www.teka.com\/cs-cz\/wp-json\/wp\/v2\/product_energy_efficiency?post=67989"},{"taxonomy":"product_video_training","embeddable":true,"href":"https:\/\/www.teka.com\/cs-cz\/wp-json\/wp\/v2\/product_video_training?post=67989"}],"curies":[{"name":"wp","href":"https:\/\/api.w.org\/{rel}","templated":true}]}}