{"id":68039,"date":"2026-04-08T12:56:37","date_gmt":"2026-04-08T12:56:37","guid":{"rendered":"https:\/\/www.teka.com\/cs-cz\/produkt\/induction-cookware-set_49004840\/"},"modified":"2026-04-08T10:16:03","modified_gmt":"2026-04-08T11:16:03","slug":"induction-cookware-set_49004840","status":"publish","type":"product","link":"https:\/\/www.teka.com\/cs-cz\/produkt\/induction-cookware-set_49004840\/","title":{"rendered":"Sada  n\u00e1dob\u00ed"},"content":{"rendered":"<ul>\n<li>Sada dev\u00edti \u010d\u00e1st\u00ed z nerezov\u00e9 oceli obsahuje:<\/li>\n<li>1 hrnec \u00d8 24 cm, 1 hrnec \u00d8 20 cm,<\/li>\n<li>1 hrnec \u00d8 16 cm, 1 p\u00e1nev \u00d8 28 cm,<\/li>\n<li>1 hrnec \u00d8 16 cm,4 poklice<\/li>\n<\/ul>\n","protected":false},"featured_media":0,"parent":0,"template":"","product_cat":[3405],"product_cleaning_system":[],"product_3rd_basket":[],"product_drawers":[],"product_type_of_installation":[],"product_edition":[],"product_serie":[],"product_features":[],"finishes":[],"product_bundles":[],"product_energy_efficiency":[],"product_video_training":[],"class_list":["post-68039","product","type-product","status-publish","hentry","product_cat-prislusenstvi-do-kuchyne","usp-hobs-01","usp-hobs-02","usp-hobs-03","color-nerezova-ocel","product_type_of_appliance-varne-desky"],"acf":[],"yoast_head":"<!-- This site is optimized with the Yoast SEO plugin v27.2 - https:\/\/yoast.com\/product\/yoast-seo-wordpress\/ -->\n<title>9d\u00edln\u00e1 sada n\u00e1dob\u00ed pro induk\u010dn\u00ed varn\u00e9 desky | Teka<\/title>\n<meta name=\"robots\" content=\"index, follow, max-snippet:-1, max-image-preview:large, max-video-preview:-1\" \/>\n<link rel=\"canonical\" href=\"https:\/\/www.teka.com\/cs-cz\/produkt\/induction-cookware-set_49004840\/\" \/>\n<meta property=\"og:locale\" content=\"cs_CZ\" \/>\n<meta property=\"og:type\" content=\"article\" \/>\n<meta property=\"og:title\" content=\"9d\u00edln\u00e1 sada n\u00e1dob\u00ed pro induk\u010dn\u00ed varn\u00e9 desky | Teka\" \/>\n<meta property=\"og:description\" content=\"Sada dev\u00edti \u010d\u00e1st\u00ed z nerezov\u00e9 oceli obsahuje: 1 hrnec \u00d8 24 cm, 1 hrnec \u00d8 20 cm, 1 hrnec \u00d8 16 cm, 1 p\u00e1nev \u00d8 28 cm, 1 hrnec \u00d8 16 cm,4 poklice\" \/>\n<meta property=\"og:url\" content=\"https:\/\/www.teka.com\/cs-cz\/produkt\/induction-cookware-set_49004840\/\" \/>\n<meta property=\"og:site_name\" content=\"Teka CZ\/SK - Kuchyn\u00edm d\u00e1v\u00e1me du\u0161i\" \/>\n<meta name=\"twitter:card\" content=\"summary_large_image\" \/>\n<script type=\"application\/ld+json\" class=\"yoast-schema-graph\">{\"@context\":\"https:\/\/schema.org\",\"@graph\":[{\"@type\":\"WebPage\",\"@id\":\"https:\/\/www.teka.com\/cs-cz\/produkt\/induction-cookware-set_49004840\/\",\"url\":\"https:\/\/www.teka.com\/cs-cz\/produkt\/induction-cookware-set_49004840\/\",\"name\":\"9d\u00edln\u00e1 sada n\u00e1dob\u00ed pro induk\u010dn\u00ed varn\u00e9 desky | Teka\",\"isPartOf\":{\"@id\":\"https:\/\/www.teka.com\/cs-cz\/#website\"},\"datePublished\":\"2026-04-08T12:56:37+00:00\",\"inLanguage\":\"cs\",\"potentialAction\":[{\"@type\":\"ReadAction\",\"target\":[\"https:\/\/www.teka.com\/cs-cz\/produkt\/induction-cookware-set_49004840\/\"]}]},{\"@type\":\"WebSite\",\"@id\":\"https:\/\/www.teka.com\/cs-cz\/#website\",\"url\":\"https:\/\/www.teka.com\/cs-cz\/\",\"name\":\"Teka CZ\/SK - Kuchyn\u00edm d\u00e1v\u00e1me du\u0161i\",\"description\":\"Teka navrhuje spot\u0159ebi\u010de, kter\u00e9 va\u0161\u00ed kuchyni dodaj\u00ed du\u0161i.\",\"potentialAction\":[{\"@type\":\"SearchAction\",\"target\":{\"@type\":\"EntryPoint\",\"urlTemplate\":\"https:\/\/www.teka.com\/cs-cz\/?s={search_term_string}\"},\"query-input\":{\"@type\":\"PropertyValueSpecification\",\"valueRequired\":true,\"valueName\":\"search_term_string\"}}],\"inLanguage\":\"cs\"}]}<\/script>\n<!-- \/ Yoast SEO plugin. -->","yoast_head_json":{"title":"9d\u00edln\u00e1 sada n\u00e1dob\u00ed pro induk\u010dn\u00ed varn\u00e9 desky | Teka","robots":{"index":"index","follow":"follow","max-snippet":"max-snippet:-1","max-image-preview":"max-image-preview:large","max-video-preview":"max-video-preview:-1"},"canonical":"https:\/\/www.teka.com\/cs-cz\/produkt\/induction-cookware-set_49004840\/","og_locale":"cs_CZ","og_type":"article","og_title":"9d\u00edln\u00e1 sada n\u00e1dob\u00ed pro induk\u010dn\u00ed varn\u00e9 desky | Teka","og_description":"Sada dev\u00edti \u010d\u00e1st\u00ed z nerezov\u00e9 oceli obsahuje: 1 hrnec \u00d8 24 cm, 1 hrnec \u00d8 20 cm, 1 hrnec \u00d8 16 cm, 1 p\u00e1nev \u00d8 28 cm, 1 hrnec \u00d8 16 cm,4 poklice","og_url":"https:\/\/www.teka.com\/cs-cz\/produkt\/induction-cookware-set_49004840\/","og_site_name":"Teka CZ\/SK - Kuchyn\u00edm d\u00e1v\u00e1me du\u0161i","twitter_card":"summary_large_image","schema":{"@context":"https:\/\/schema.org","@graph":[{"@type":"WebPage","@id":"https:\/\/www.teka.com\/cs-cz\/produkt\/induction-cookware-set_49004840\/","url":"https:\/\/www.teka.com\/cs-cz\/produkt\/induction-cookware-set_49004840\/","name":"9d\u00edln\u00e1 sada n\u00e1dob\u00ed pro induk\u010dn\u00ed varn\u00e9 desky | Teka","isPartOf":{"@id":"https:\/\/www.teka.com\/cs-cz\/#website"},"datePublished":"2026-04-08T12:56:37+00:00","inLanguage":"cs","potentialAction":[{"@type":"ReadAction","target":["https:\/\/www.teka.com\/cs-cz\/produkt\/induction-cookware-set_49004840\/"]}]},{"@type":"WebSite","@id":"https:\/\/www.teka.com\/cs-cz\/#website","url":"https:\/\/www.teka.com\/cs-cz\/","name":"Teka CZ\/SK - Kuchyn\u00edm d\u00e1v\u00e1me du\u0161i","description":"Teka navrhuje spot\u0159ebi\u010de, kter\u00e9 va\u0161\u00ed kuchyni dodaj\u00ed du\u0161i.","potentialAction":[{"@type":"SearchAction","target":{"@type":"EntryPoint","urlTemplate":"https:\/\/www.teka.com\/cs-cz\/?s={search_term_string}"},"query-input":{"@type":"PropertyValueSpecification","valueRequired":true,"valueName":"search_term_string"}}],"inLanguage":"cs"}]}},"_links":{"self":[{"href":"https:\/\/www.teka.com\/cs-cz\/wp-json\/wp\/v2\/product\/68039","targetHints":{"allow":["GET"]}}],"collection":[{"href":"https:\/\/www.teka.com\/cs-cz\/wp-json\/wp\/v2\/product"}],"about":[{"href":"https:\/\/www.teka.com\/cs-cz\/wp-json\/wp\/v2\/types\/product"}],"wp:attachment":[{"href":"https:\/\/www.teka.com\/cs-cz\/wp-json\/wp\/v2\/media?parent=68039"}],"wp:term":[{"taxonomy":"product_cat","embeddable":true,"href":"https:\/\/www.teka.com\/cs-cz\/wp-json\/wp\/v2\/product_cat?post=68039"},{"taxonomy":"product_cleaning_system","embeddable":true,"href":"https:\/\/www.teka.com\/cs-cz\/wp-json\/wp\/v2\/product_cleaning_system?post=68039"},{"taxonomy":"product_3rd_basket","embeddable":true,"href":"https:\/\/www.teka.com\/cs-cz\/wp-json\/wp\/v2\/product_3rd_basket?post=68039"},{"taxonomy":"product_drawers","embeddable":true,"href":"https:\/\/www.teka.com\/cs-cz\/wp-json\/wp\/v2\/product_drawers?post=68039"},{"taxonomy":"product_type_of_installation","embeddable":true,"href":"https:\/\/www.teka.com\/cs-cz\/wp-json\/wp\/v2\/product_type_of_installation?post=68039"},{"taxonomy":"product_edition","embeddable":true,"href":"https:\/\/www.teka.com\/cs-cz\/wp-json\/wp\/v2\/product_edition?post=68039"},{"taxonomy":"product_serie","embeddable":true,"href":"https:\/\/www.teka.com\/cs-cz\/wp-json\/wp\/v2\/product_serie?post=68039"},{"taxonomy":"product_features","embeddable":true,"href":"https:\/\/www.teka.com\/cs-cz\/wp-json\/wp\/v2\/product_features?post=68039"},{"taxonomy":"finishes","embeddable":true,"href":"https:\/\/www.teka.com\/cs-cz\/wp-json\/wp\/v2\/finishes?post=68039"},{"taxonomy":"product_bundles","embeddable":true,"href":"https:\/\/www.teka.com\/cs-cz\/wp-json\/wp\/v2\/product_bundles?post=68039"},{"taxonomy":"product_energy_efficiency","embeddable":true,"href":"https:\/\/www.teka.com\/cs-cz\/wp-json\/wp\/v2\/product_energy_efficiency?post=68039"},{"taxonomy":"product_video_training","embeddable":true,"href":"https:\/\/www.teka.com\/cs-cz\/wp-json\/wp\/v2\/product_video_training?post=68039"}],"curies":[{"name":"wp","href":"https:\/\/api.w.org\/{rel}","templated":true}]}}