{"id":68213,"date":"2026-04-07T19:43:20","date_gmt":"2026-04-07T19:43:20","guid":{"rendered":"https:\/\/www.teka.com\/cs-cz\/produkt\/hrb-6300_111010010\/"},"modified":"2026-03-14T05:37:10","modified_gmt":"2026-03-14T06:37:10","slug":"hrb-6300_111010010","status":"publish","type":"product","link":"https:\/\/www.teka.com\/cs-cz\/produkt\/hrb-6300_111010010\/","title":{"rendered":"HRB 6300 ATBS"},"content":{"rendered":"<ul>\n<li>Multifunk\u010dn\u00ed trouba s technologi\u00ed SurroundTemp<\/li>\n<li>9 funkc\u00ed pro p\u0159\u00edpravu pokrm\u016f<\/li>\n<li>\u010cist\u00edc\u00ed syst\u00e9m HydroClean\u00ae PRO<\/li>\n<li>Objem: 70 l<\/li>\n<li>Rustik\u00e1ln\u00ed prvky v barv\u011b &quot;staromosaz&quot;<\/li>\n<\/ul>\n","protected":false},"featured_media":0,"parent":0,"template":"","product_cat":[3399],"product_cleaning_system":[3092],"product_3rd_basket":[],"product_drawers":[],"product_type_of_installation":[34392],"product_edition":[],"product_serie":[],"product_features":[],"finishes":[],"product_bundles":[],"product_energy_efficiency":[34977],"product_video_training":[35060,35064,35070,35084],"class_list":["post-68213","product","type-product","status-publish","hentry","product_cat-vestavne-trouby","usp-ovens-04","usp-ovens-11","usp-cookinglovers-01","usp-renewableenergy-01","color-antracit-medena","product_type_of_appliance-multifunkcni-trouby","product_ambient-countrystyle-01","product_ambient-countrystyle-02","product_icons-70l","product_icons-hydroclean","product_icons-plus-extension-telescopic-guide","product_icons-surroundtemp","product_cleaning_system-hydroclean","product_type_of_installation-vestavne","product_energy_efficiency-a-icon","product_video_training-trainingovens-01","product_video_training-trainingovens-02","product_video_training-trainingovens-05","product_video_training-trainingovens-12"],"acf":[],"yoast_head":"<!-- This site is optimized with the Yoast SEO plugin v27.2 - https:\/\/yoast.com\/product\/yoast-seo-wordpress\/ -->\n<title>HRB 6300 AT multifunk\u010dn\u00ed trouba 60 cm | Teka<\/title>\n<meta name=\"robots\" content=\"index, follow, max-snippet:-1, max-image-preview:large, max-video-preview:-1\" \/>\n<link rel=\"canonical\" href=\"https:\/\/www.teka.com\/cs-cz\/produkt\/hrb-6300_111010010\/\" \/>\n<meta property=\"og:locale\" content=\"cs_CZ\" \/>\n<meta property=\"og:type\" content=\"article\" \/>\n<meta property=\"og:title\" content=\"HRB 6300 AT multifunk\u010dn\u00ed trouba 60 cm | Teka\" \/>\n<meta property=\"og:description\" content=\"Multifunk\u010dn\u00ed trouba s technologi\u00ed SurroundTemp 9 funkc\u00ed pro p\u0159\u00edpravu pokrm\u016f \u010cist\u00edc\u00ed syst\u00e9m HydroClean\u00ae PRO Objem: 70 l Rustik\u00e1ln\u00ed prvky v barv\u011b &quot;staromosaz&quot;\" \/>\n<meta property=\"og:url\" content=\"https:\/\/www.teka.com\/cs-cz\/produkt\/hrb-6300_111010010\/\" \/>\n<meta property=\"og:site_name\" content=\"Teka CZ\/SK - Kuchyn\u00edm d\u00e1v\u00e1me du\u0161i\" \/>\n<meta name=\"twitter:card\" content=\"summary_large_image\" \/>\n<script type=\"application\/ld+json\" class=\"yoast-schema-graph\">{\"@context\":\"https:\/\/schema.org\",\"@graph\":[{\"@type\":\"WebPage\",\"@id\":\"https:\/\/www.teka.com\/cs-cz\/produkt\/hrb-6300_111010010\/\",\"url\":\"https:\/\/www.teka.com\/cs-cz\/produkt\/hrb-6300_111010010\/\",\"name\":\"HRB 6300 AT multifunk\u010dn\u00ed trouba 60 cm | Teka\",\"isPartOf\":{\"@id\":\"https:\/\/www.teka.com\/cs-cz\/#website\"},\"datePublished\":\"2026-04-07T19:43:20+00:00\",\"inLanguage\":\"cs\",\"potentialAction\":[{\"@type\":\"ReadAction\",\"target\":[\"https:\/\/www.teka.com\/cs-cz\/produkt\/hrb-6300_111010010\/\"]}]},{\"@type\":\"WebSite\",\"@id\":\"https:\/\/www.teka.com\/cs-cz\/#website\",\"url\":\"https:\/\/www.teka.com\/cs-cz\/\",\"name\":\"Teka CZ\/SK - Kuchyn\u00edm d\u00e1v\u00e1me du\u0161i\",\"description\":\"Teka navrhuje spot\u0159ebi\u010de, kter\u00e9 va\u0161\u00ed kuchyni dodaj\u00ed du\u0161i.\",\"potentialAction\":[{\"@type\":\"SearchAction\",\"target\":{\"@type\":\"EntryPoint\",\"urlTemplate\":\"https:\/\/www.teka.com\/cs-cz\/?s={search_term_string}\"},\"query-input\":{\"@type\":\"PropertyValueSpecification\",\"valueRequired\":true,\"valueName\":\"search_term_string\"}}],\"inLanguage\":\"cs\"}]}<\/script>\n<!-- \/ Yoast SEO plugin. -->","yoast_head_json":{"title":"HRB 6300 AT multifunk\u010dn\u00ed trouba 60 cm | Teka","robots":{"index":"index","follow":"follow","max-snippet":"max-snippet:-1","max-image-preview":"max-image-preview:large","max-video-preview":"max-video-preview:-1"},"canonical":"https:\/\/www.teka.com\/cs-cz\/produkt\/hrb-6300_111010010\/","og_locale":"cs_CZ","og_type":"article","og_title":"HRB 6300 AT multifunk\u010dn\u00ed trouba 60 cm | Teka","og_description":"Multifunk\u010dn\u00ed trouba s technologi\u00ed SurroundTemp 9 funkc\u00ed pro p\u0159\u00edpravu pokrm\u016f \u010cist\u00edc\u00ed syst\u00e9m HydroClean\u00ae PRO Objem: 70 l Rustik\u00e1ln\u00ed prvky v barv\u011b &quot;staromosaz&quot;","og_url":"https:\/\/www.teka.com\/cs-cz\/produkt\/hrb-6300_111010010\/","og_site_name":"Teka CZ\/SK - Kuchyn\u00edm d\u00e1v\u00e1me du\u0161i","twitter_card":"summary_large_image","schema":{"@context":"https:\/\/schema.org","@graph":[{"@type":"WebPage","@id":"https:\/\/www.teka.com\/cs-cz\/produkt\/hrb-6300_111010010\/","url":"https:\/\/www.teka.com\/cs-cz\/produkt\/hrb-6300_111010010\/","name":"HRB 6300 AT multifunk\u010dn\u00ed trouba 60 cm | Teka","isPartOf":{"@id":"https:\/\/www.teka.com\/cs-cz\/#website"},"datePublished":"2026-04-07T19:43:20+00:00","inLanguage":"cs","potentialAction":[{"@type":"ReadAction","target":["https:\/\/www.teka.com\/cs-cz\/produkt\/hrb-6300_111010010\/"]}]},{"@type":"WebSite","@id":"https:\/\/www.teka.com\/cs-cz\/#website","url":"https:\/\/www.teka.com\/cs-cz\/","name":"Teka CZ\/SK - Kuchyn\u00edm d\u00e1v\u00e1me du\u0161i","description":"Teka navrhuje spot\u0159ebi\u010de, kter\u00e9 va\u0161\u00ed kuchyni dodaj\u00ed du\u0161i.","potentialAction":[{"@type":"SearchAction","target":{"@type":"EntryPoint","urlTemplate":"https:\/\/www.teka.com\/cs-cz\/?s={search_term_string}"},"query-input":{"@type":"PropertyValueSpecification","valueRequired":true,"valueName":"search_term_string"}}],"inLanguage":"cs"}]}},"_links":{"self":[{"href":"https:\/\/www.teka.com\/cs-cz\/wp-json\/wp\/v2\/product\/68213","targetHints":{"allow":["GET"]}}],"collection":[{"href":"https:\/\/www.teka.com\/cs-cz\/wp-json\/wp\/v2\/product"}],"about":[{"href":"https:\/\/www.teka.com\/cs-cz\/wp-json\/wp\/v2\/types\/product"}],"wp:attachment":[{"href":"https:\/\/www.teka.com\/cs-cz\/wp-json\/wp\/v2\/media?parent=68213"}],"wp:term":[{"taxonomy":"product_cat","embeddable":true,"href":"https:\/\/www.teka.com\/cs-cz\/wp-json\/wp\/v2\/product_cat?post=68213"},{"taxonomy":"product_cleaning_system","embeddable":true,"href":"https:\/\/www.teka.com\/cs-cz\/wp-json\/wp\/v2\/product_cleaning_system?post=68213"},{"taxonomy":"product_3rd_basket","embeddable":true,"href":"https:\/\/www.teka.com\/cs-cz\/wp-json\/wp\/v2\/product_3rd_basket?post=68213"},{"taxonomy":"product_drawers","embeddable":true,"href":"https:\/\/www.teka.com\/cs-cz\/wp-json\/wp\/v2\/product_drawers?post=68213"},{"taxonomy":"product_type_of_installation","embeddable":true,"href":"https:\/\/www.teka.com\/cs-cz\/wp-json\/wp\/v2\/product_type_of_installation?post=68213"},{"taxonomy":"product_edition","embeddable":true,"href":"https:\/\/www.teka.com\/cs-cz\/wp-json\/wp\/v2\/product_edition?post=68213"},{"taxonomy":"product_serie","embeddable":true,"href":"https:\/\/www.teka.com\/cs-cz\/wp-json\/wp\/v2\/product_serie?post=68213"},{"taxonomy":"product_features","embeddable":true,"href":"https:\/\/www.teka.com\/cs-cz\/wp-json\/wp\/v2\/product_features?post=68213"},{"taxonomy":"finishes","embeddable":true,"href":"https:\/\/www.teka.com\/cs-cz\/wp-json\/wp\/v2\/finishes?post=68213"},{"taxonomy":"product_bundles","embeddable":true,"href":"https:\/\/www.teka.com\/cs-cz\/wp-json\/wp\/v2\/product_bundles?post=68213"},{"taxonomy":"product_energy_efficiency","embeddable":true,"href":"https:\/\/www.teka.com\/cs-cz\/wp-json\/wp\/v2\/product_energy_efficiency?post=68213"},{"taxonomy":"product_video_training","embeddable":true,"href":"https:\/\/www.teka.com\/cs-cz\/wp-json\/wp\/v2\/product_video_training?post=68213"}],"curies":[{"name":"wp","href":"https:\/\/api.w.org\/{rel}","templated":true}]}}