{"id":68323,"date":"2026-04-27T06:06:37","date_gmt":"2026-04-27T06:06:37","guid":{"rendered":"https:\/\/www.teka.com\/cs-cz\/produkt\/cnl-6610_40436830\/"},"modified":"2026-04-24T09:48:47","modified_gmt":"2026-04-24T10:48:47","slug":"cnl-6610_40436830","status":"publish","type":"product","link":"https:\/\/www.teka.com\/cs-cz\/produkt\/cnl-6610_40436830\/","title":{"rendered":"CNL 6610  X"},"content":{"rendered":"<ul>\n<li>V\u00fdsuvn\u00fd odsava\u010d par 60 cm<\/li>\n<li>Ovl\u00e1d\u00e1n\u00ed elektronick\u00fdm displejem s tla\u010d\u00edtky<\/li>\n<li>Automatick\u00fd sp\u00edna\u010d\/vyp\u00edna\u010d v\u00fdsuvem<\/li>\n<li>Proveden\u00ed nerez<\/li>\n<li>2 rychlosti + 1 intenzivn\u00ed<\/li>\n<li>Kapacita odtahu: min. 330, max. 445, intenz. 694 m3\/h<\/li>\n<\/ul>\n","protected":false},"featured_media":0,"parent":0,"template":"","product_cat":[3397],"product_cleaning_system":[],"product_3rd_basket":[],"product_drawers":[],"product_type_of_installation":[],"product_edition":[],"product_serie":[],"product_features":[],"finishes":[],"product_bundles":[],"product_energy_efficiency":[34979],"product_video_training":[],"class_list":["post-68323","product","type-product","status-publish","hentry","product_cat-digestore","usp-hoods-02","usp-hoods-04","usp-hoods-05","usp-hoods-06","color-nerezova-ocel","product_type_of_appliance-integrovane","product_icons-led","product_icons-stop-delay-timer","product_energy_efficiency-c-icon"],"acf":[],"yoast_head":"<!-- This site is optimized with the Yoast SEO plugin v27.2 - https:\/\/yoast.com\/product\/yoast-seo-wordpress\/ -->\n<title>Vestavn\u00e1 v\u00fdsuvn\u00e1 digesto\u0159 CNL 6610 | Teka<\/title>\n<meta name=\"robots\" content=\"index, follow, max-snippet:-1, max-image-preview:large, max-video-preview:-1\" \/>\n<link rel=\"canonical\" href=\"https:\/\/www.teka.com\/cs-cz\/produkt\/cnl-6610_40436830\/\" \/>\n<meta property=\"og:locale\" content=\"cs_CZ\" \/>\n<meta property=\"og:type\" content=\"article\" \/>\n<meta property=\"og:title\" content=\"Vestavn\u00e1 v\u00fdsuvn\u00e1 digesto\u0159 CNL 6610 | Teka\" \/>\n<meta property=\"og:description\" content=\"V\u00fdsuvn\u00fd odsava\u010d par 60 cm Ovl\u00e1d\u00e1n\u00ed elektronick\u00fdm displejem s tla\u010d\u00edtky Automatick\u00fd sp\u00edna\u010d\/vyp\u00edna\u010d v\u00fdsuvem Proveden\u00ed nerez 2 rychlosti + 1 intenzivn\u00ed Kapacita odtahu: min. 330, max. 445, intenz. 694 m3\/h\" \/>\n<meta property=\"og:url\" content=\"https:\/\/www.teka.com\/cs-cz\/produkt\/cnl-6610_40436830\/\" \/>\n<meta property=\"og:site_name\" content=\"Teka CZ\/SK - Kuchyn\u00edm d\u00e1v\u00e1me du\u0161i\" \/>\n<meta name=\"twitter:card\" content=\"summary_large_image\" \/>\n<script type=\"application\/ld+json\" class=\"yoast-schema-graph\">{\"@context\":\"https:\/\/schema.org\",\"@graph\":[{\"@type\":\"WebPage\",\"@id\":\"https:\/\/www.teka.com\/cs-cz\/produkt\/cnl-6610_40436830\/\",\"url\":\"https:\/\/www.teka.com\/cs-cz\/produkt\/cnl-6610_40436830\/\",\"name\":\"Vestavn\u00e1 v\u00fdsuvn\u00e1 digesto\u0159 CNL 6610 | Teka\",\"isPartOf\":{\"@id\":\"https:\/\/www.teka.com\/cs-cz\/#website\"},\"datePublished\":\"2026-04-27T06:06:37+00:00\",\"inLanguage\":\"cs\",\"potentialAction\":[{\"@type\":\"ReadAction\",\"target\":[\"https:\/\/www.teka.com\/cs-cz\/produkt\/cnl-6610_40436830\/\"]}]},{\"@type\":\"WebSite\",\"@id\":\"https:\/\/www.teka.com\/cs-cz\/#website\",\"url\":\"https:\/\/www.teka.com\/cs-cz\/\",\"name\":\"Teka CZ\/SK - Kuchyn\u00edm d\u00e1v\u00e1me du\u0161i\",\"description\":\"Teka navrhuje spot\u0159ebi\u010de, kter\u00e9 va\u0161\u00ed kuchyni dodaj\u00ed du\u0161i.\",\"potentialAction\":[{\"@type\":\"SearchAction\",\"target\":{\"@type\":\"EntryPoint\",\"urlTemplate\":\"https:\/\/www.teka.com\/cs-cz\/?s={search_term_string}\"},\"query-input\":{\"@type\":\"PropertyValueSpecification\",\"valueRequired\":true,\"valueName\":\"search_term_string\"}}],\"inLanguage\":\"cs\"}]}<\/script>\n<!-- \/ Yoast SEO plugin. -->","yoast_head_json":{"title":"Vestavn\u00e1 v\u00fdsuvn\u00e1 digesto\u0159 CNL 6610 | Teka","robots":{"index":"index","follow":"follow","max-snippet":"max-snippet:-1","max-image-preview":"max-image-preview:large","max-video-preview":"max-video-preview:-1"},"canonical":"https:\/\/www.teka.com\/cs-cz\/produkt\/cnl-6610_40436830\/","og_locale":"cs_CZ","og_type":"article","og_title":"Vestavn\u00e1 v\u00fdsuvn\u00e1 digesto\u0159 CNL 6610 | Teka","og_description":"V\u00fdsuvn\u00fd odsava\u010d par 60 cm Ovl\u00e1d\u00e1n\u00ed elektronick\u00fdm displejem s tla\u010d\u00edtky Automatick\u00fd sp\u00edna\u010d\/vyp\u00edna\u010d v\u00fdsuvem Proveden\u00ed nerez 2 rychlosti + 1 intenzivn\u00ed Kapacita odtahu: min. 330, max. 445, intenz. 694 m3\/h","og_url":"https:\/\/www.teka.com\/cs-cz\/produkt\/cnl-6610_40436830\/","og_site_name":"Teka CZ\/SK - Kuchyn\u00edm d\u00e1v\u00e1me du\u0161i","twitter_card":"summary_large_image","schema":{"@context":"https:\/\/schema.org","@graph":[{"@type":"WebPage","@id":"https:\/\/www.teka.com\/cs-cz\/produkt\/cnl-6610_40436830\/","url":"https:\/\/www.teka.com\/cs-cz\/produkt\/cnl-6610_40436830\/","name":"Vestavn\u00e1 v\u00fdsuvn\u00e1 digesto\u0159 CNL 6610 | Teka","isPartOf":{"@id":"https:\/\/www.teka.com\/cs-cz\/#website"},"datePublished":"2026-04-27T06:06:37+00:00","inLanguage":"cs","potentialAction":[{"@type":"ReadAction","target":["https:\/\/www.teka.com\/cs-cz\/produkt\/cnl-6610_40436830\/"]}]},{"@type":"WebSite","@id":"https:\/\/www.teka.com\/cs-cz\/#website","url":"https:\/\/www.teka.com\/cs-cz\/","name":"Teka CZ\/SK - Kuchyn\u00edm d\u00e1v\u00e1me du\u0161i","description":"Teka navrhuje spot\u0159ebi\u010de, kter\u00e9 va\u0161\u00ed kuchyni dodaj\u00ed du\u0161i.","potentialAction":[{"@type":"SearchAction","target":{"@type":"EntryPoint","urlTemplate":"https:\/\/www.teka.com\/cs-cz\/?s={search_term_string}"},"query-input":{"@type":"PropertyValueSpecification","valueRequired":true,"valueName":"search_term_string"}}],"inLanguage":"cs"}]}},"_links":{"self":[{"href":"https:\/\/www.teka.com\/cs-cz\/wp-json\/wp\/v2\/product\/68323","targetHints":{"allow":["GET"]}}],"collection":[{"href":"https:\/\/www.teka.com\/cs-cz\/wp-json\/wp\/v2\/product"}],"about":[{"href":"https:\/\/www.teka.com\/cs-cz\/wp-json\/wp\/v2\/types\/product"}],"wp:attachment":[{"href":"https:\/\/www.teka.com\/cs-cz\/wp-json\/wp\/v2\/media?parent=68323"}],"wp:term":[{"taxonomy":"product_cat","embeddable":true,"href":"https:\/\/www.teka.com\/cs-cz\/wp-json\/wp\/v2\/product_cat?post=68323"},{"taxonomy":"product_cleaning_system","embeddable":true,"href":"https:\/\/www.teka.com\/cs-cz\/wp-json\/wp\/v2\/product_cleaning_system?post=68323"},{"taxonomy":"product_3rd_basket","embeddable":true,"href":"https:\/\/www.teka.com\/cs-cz\/wp-json\/wp\/v2\/product_3rd_basket?post=68323"},{"taxonomy":"product_drawers","embeddable":true,"href":"https:\/\/www.teka.com\/cs-cz\/wp-json\/wp\/v2\/product_drawers?post=68323"},{"taxonomy":"product_type_of_installation","embeddable":true,"href":"https:\/\/www.teka.com\/cs-cz\/wp-json\/wp\/v2\/product_type_of_installation?post=68323"},{"taxonomy":"product_edition","embeddable":true,"href":"https:\/\/www.teka.com\/cs-cz\/wp-json\/wp\/v2\/product_edition?post=68323"},{"taxonomy":"product_serie","embeddable":true,"href":"https:\/\/www.teka.com\/cs-cz\/wp-json\/wp\/v2\/product_serie?post=68323"},{"taxonomy":"product_features","embeddable":true,"href":"https:\/\/www.teka.com\/cs-cz\/wp-json\/wp\/v2\/product_features?post=68323"},{"taxonomy":"finishes","embeddable":true,"href":"https:\/\/www.teka.com\/cs-cz\/wp-json\/wp\/v2\/finishes?post=68323"},{"taxonomy":"product_bundles","embeddable":true,"href":"https:\/\/www.teka.com\/cs-cz\/wp-json\/wp\/v2\/product_bundles?post=68323"},{"taxonomy":"product_energy_efficiency","embeddable":true,"href":"https:\/\/www.teka.com\/cs-cz\/wp-json\/wp\/v2\/product_energy_efficiency?post=68323"},{"taxonomy":"product_video_training","embeddable":true,"href":"https:\/\/www.teka.com\/cs-cz\/wp-json\/wp\/v2\/product_video_training?post=68323"}],"curies":[{"name":"wp","href":"https:\/\/api.w.org\/{rel}","templated":true}]}}