{"id":70092,"date":"2026-04-07T20:19:05","date_gmt":"2026-04-07T20:19:05","guid":{"rendered":"https:\/\/teka.com\/tr-tr\/izc-64630-mst-wh_112500027"},"modified":"2026-03-14T06:57:14","modified_gmt":"2026-03-14T07:57:14","slug":"izc-64630-mst-wh_112500027","status":"publish","type":"product","link":"https:\/\/www.teka.com\/cs-cz\/produkt\/izc-64630-mst-wh_112500027\/","title":{"rendered":"IZC 64630 MST WH"},"content":{"rendered":"<ul>\n<li>Edice Urban Colors<\/li>\n<li>\u0158ada MasterSense<\/li>\n<li>Induk\u010dn\u00ed varn\u00e1 deska 60 cm<\/li>\n<li>Dotykov\u00e9 ovl\u00e1d\u00e1n\u00ed MultiSlider<\/li>\n<li>Keramick\u00e9 sklo, p\u0159edn\u00ed zkosen\u00e1 hrana<\/li>\n<li>4 induk\u010dn\u00ed varn\u00e9 z\u00f3ny<\/li>\n<li>Speci\u00e1ln\u00ed funkce va\u0159en\u00ed s teplotn\u00edmi \u010didly<\/li>\n<\/ul>\n","protected":false},"featured_media":0,"parent":0,"template":"","product_cat":[3394],"product_cleaning_system":[],"product_3rd_basket":[],"product_drawers":[],"product_type_of_installation":[],"product_edition":[34436],"product_serie":[],"product_features":[34394,34395,34409,34410,34422,34423,34424,34425],"finishes":[],"product_bundles":[],"product_energy_efficiency":[],"product_video_training":[35055,35063,35066,35068,35069,35071,35074,35077],"class_list":["post-70092","product","type-product","status-publish","hentry","product_cat-varne-desky","usp-induction-01","usp-induction-02","usp-induction-03","usp-induction-04","usp-induction-05","usp-induction-06","usp-induction-07","usp-induction-17","usp-productoftheyear-03","color-bila","product_type_of_appliance-indukcni-varne-desky","product_ambient-urban-colors-07","product_ambient-urban-colors-08","product_icons-easy-installation","product_icons-autolock","product_icons-multislider","product_icons-power","product_icons-power-plus","product_edition-white-marble","product_features-quick-boiling","product_features-keep-warm","product_features-simmering","product_features-melting","product_features-grilling","product_features-pan-frying","product_features-deep-fry","product_features-confit","product_video_training-traininghobs-01","product_video_training-traininghobs-04","product_video_training-traininghobs-05","product_video_training-traininghobs-06","product_video_training-traininghobs-07","product_video_training-traininghobs-08","product_video_training-traininghobs-10","product_video_training-traininghobs-11"],"acf":[],"yoast_head":"<!-- This site is optimized with the Yoast SEO plugin v27.2 - https:\/\/yoast.com\/product\/yoast-seo-wordpress\/ -->\n<title>IZC 64630 MST WH | Teka CZ\/SK - Kuchyn\u00edm d\u00e1v\u00e1me du\u0161i<\/title>\n<meta name=\"robots\" content=\"index, follow, max-snippet:-1, max-image-preview:large, max-video-preview:-1\" \/>\n<link rel=\"canonical\" href=\"https:\/\/www.teka.com\/cs-cz\/produkt\/izc-64630-mst-wh_112500027\/\" \/>\n<meta property=\"og:locale\" content=\"cs_CZ\" \/>\n<meta property=\"og:type\" content=\"article\" \/>\n<meta property=\"og:title\" content=\"IZC 64630 MST WH | Teka CZ\/SK - Kuchyn\u00edm d\u00e1v\u00e1me du\u0161i\" \/>\n<meta property=\"og:description\" content=\"Edice Urban Colors \u0158ada MasterSense Induk\u010dn\u00ed varn\u00e1 deska 60 cm Dotykov\u00e9 ovl\u00e1d\u00e1n\u00ed MultiSlider Keramick\u00e9 sklo, p\u0159edn\u00ed zkosen\u00e1 hrana 4 induk\u010dn\u00ed varn\u00e9 z\u00f3ny Speci\u00e1ln\u00ed funkce va\u0159en\u00ed s teplotn\u00edmi \u010didly\" \/>\n<meta property=\"og:url\" content=\"https:\/\/www.teka.com\/cs-cz\/produkt\/izc-64630-mst-wh_112500027\/\" \/>\n<meta property=\"og:site_name\" content=\"Teka CZ\/SK - Kuchyn\u00edm d\u00e1v\u00e1me du\u0161i\" \/>\n<meta name=\"twitter:card\" content=\"summary_large_image\" \/>\n<script type=\"application\/ld+json\" class=\"yoast-schema-graph\">{\"@context\":\"https:\/\/schema.org\",\"@graph\":[{\"@type\":\"WebPage\",\"@id\":\"https:\/\/www.teka.com\/cs-cz\/produkt\/izc-64630-mst-wh_112500027\/\",\"url\":\"https:\/\/www.teka.com\/cs-cz\/produkt\/izc-64630-mst-wh_112500027\/\",\"name\":\"IZC 64630 MST WH | Teka CZ\/SK - Kuchyn\u00edm d\u00e1v\u00e1me du\u0161i\",\"isPartOf\":{\"@id\":\"https:\/\/www.teka.com\/cs-cz\/#website\"},\"datePublished\":\"2026-04-07T20:19:05+00:00\",\"inLanguage\":\"cs\",\"potentialAction\":[{\"@type\":\"ReadAction\",\"target\":[\"https:\/\/www.teka.com\/cs-cz\/produkt\/izc-64630-mst-wh_112500027\/\"]}]},{\"@type\":\"WebSite\",\"@id\":\"https:\/\/www.teka.com\/cs-cz\/#website\",\"url\":\"https:\/\/www.teka.com\/cs-cz\/\",\"name\":\"Teka CZ\/SK - Kuchyn\u00edm d\u00e1v\u00e1me du\u0161i\",\"description\":\"Teka navrhuje spot\u0159ebi\u010de, kter\u00e9 va\u0161\u00ed kuchyni dodaj\u00ed du\u0161i.\",\"potentialAction\":[{\"@type\":\"SearchAction\",\"target\":{\"@type\":\"EntryPoint\",\"urlTemplate\":\"https:\/\/www.teka.com\/cs-cz\/?s={search_term_string}\"},\"query-input\":{\"@type\":\"PropertyValueSpecification\",\"valueRequired\":true,\"valueName\":\"search_term_string\"}}],\"inLanguage\":\"cs\"}]}<\/script>\n<!-- \/ Yoast SEO plugin. -->","yoast_head_json":{"title":"IZC 64630 MST WH | Teka CZ\/SK - Kuchyn\u00edm d\u00e1v\u00e1me du\u0161i","robots":{"index":"index","follow":"follow","max-snippet":"max-snippet:-1","max-image-preview":"max-image-preview:large","max-video-preview":"max-video-preview:-1"},"canonical":"https:\/\/www.teka.com\/cs-cz\/produkt\/izc-64630-mst-wh_112500027\/","og_locale":"cs_CZ","og_type":"article","og_title":"IZC 64630 MST WH | Teka CZ\/SK - Kuchyn\u00edm d\u00e1v\u00e1me du\u0161i","og_description":"Edice Urban Colors \u0158ada MasterSense Induk\u010dn\u00ed varn\u00e1 deska 60 cm Dotykov\u00e9 ovl\u00e1d\u00e1n\u00ed MultiSlider Keramick\u00e9 sklo, p\u0159edn\u00ed zkosen\u00e1 hrana 4 induk\u010dn\u00ed varn\u00e9 z\u00f3ny Speci\u00e1ln\u00ed funkce va\u0159en\u00ed s teplotn\u00edmi \u010didly","og_url":"https:\/\/www.teka.com\/cs-cz\/produkt\/izc-64630-mst-wh_112500027\/","og_site_name":"Teka CZ\/SK - Kuchyn\u00edm d\u00e1v\u00e1me du\u0161i","twitter_card":"summary_large_image","schema":{"@context":"https:\/\/schema.org","@graph":[{"@type":"WebPage","@id":"https:\/\/www.teka.com\/cs-cz\/produkt\/izc-64630-mst-wh_112500027\/","url":"https:\/\/www.teka.com\/cs-cz\/produkt\/izc-64630-mst-wh_112500027\/","name":"IZC 64630 MST WH | Teka CZ\/SK - Kuchyn\u00edm d\u00e1v\u00e1me du\u0161i","isPartOf":{"@id":"https:\/\/www.teka.com\/cs-cz\/#website"},"datePublished":"2026-04-07T20:19:05+00:00","inLanguage":"cs","potentialAction":[{"@type":"ReadAction","target":["https:\/\/www.teka.com\/cs-cz\/produkt\/izc-64630-mst-wh_112500027\/"]}]},{"@type":"WebSite","@id":"https:\/\/www.teka.com\/cs-cz\/#website","url":"https:\/\/www.teka.com\/cs-cz\/","name":"Teka CZ\/SK - Kuchyn\u00edm d\u00e1v\u00e1me du\u0161i","description":"Teka navrhuje spot\u0159ebi\u010de, kter\u00e9 va\u0161\u00ed kuchyni dodaj\u00ed du\u0161i.","potentialAction":[{"@type":"SearchAction","target":{"@type":"EntryPoint","urlTemplate":"https:\/\/www.teka.com\/cs-cz\/?s={search_term_string}"},"query-input":{"@type":"PropertyValueSpecification","valueRequired":true,"valueName":"search_term_string"}}],"inLanguage":"cs"}]}},"_links":{"self":[{"href":"https:\/\/www.teka.com\/cs-cz\/wp-json\/wp\/v2\/product\/70092","targetHints":{"allow":["GET"]}}],"collection":[{"href":"https:\/\/www.teka.com\/cs-cz\/wp-json\/wp\/v2\/product"}],"about":[{"href":"https:\/\/www.teka.com\/cs-cz\/wp-json\/wp\/v2\/types\/product"}],"wp:attachment":[{"href":"https:\/\/www.teka.com\/cs-cz\/wp-json\/wp\/v2\/media?parent=70092"}],"wp:term":[{"taxonomy":"product_cat","embeddable":true,"href":"https:\/\/www.teka.com\/cs-cz\/wp-json\/wp\/v2\/product_cat?post=70092"},{"taxonomy":"product_cleaning_system","embeddable":true,"href":"https:\/\/www.teka.com\/cs-cz\/wp-json\/wp\/v2\/product_cleaning_system?post=70092"},{"taxonomy":"product_3rd_basket","embeddable":true,"href":"https:\/\/www.teka.com\/cs-cz\/wp-json\/wp\/v2\/product_3rd_basket?post=70092"},{"taxonomy":"product_drawers","embeddable":true,"href":"https:\/\/www.teka.com\/cs-cz\/wp-json\/wp\/v2\/product_drawers?post=70092"},{"taxonomy":"product_type_of_installation","embeddable":true,"href":"https:\/\/www.teka.com\/cs-cz\/wp-json\/wp\/v2\/product_type_of_installation?post=70092"},{"taxonomy":"product_edition","embeddable":true,"href":"https:\/\/www.teka.com\/cs-cz\/wp-json\/wp\/v2\/product_edition?post=70092"},{"taxonomy":"product_serie","embeddable":true,"href":"https:\/\/www.teka.com\/cs-cz\/wp-json\/wp\/v2\/product_serie?post=70092"},{"taxonomy":"product_features","embeddable":true,"href":"https:\/\/www.teka.com\/cs-cz\/wp-json\/wp\/v2\/product_features?post=70092"},{"taxonomy":"finishes","embeddable":true,"href":"https:\/\/www.teka.com\/cs-cz\/wp-json\/wp\/v2\/finishes?post=70092"},{"taxonomy":"product_bundles","embeddable":true,"href":"https:\/\/www.teka.com\/cs-cz\/wp-json\/wp\/v2\/product_bundles?post=70092"},{"taxonomy":"product_energy_efficiency","embeddable":true,"href":"https:\/\/www.teka.com\/cs-cz\/wp-json\/wp\/v2\/product_energy_efficiency?post=70092"},{"taxonomy":"product_video_training","embeddable":true,"href":"https:\/\/www.teka.com\/cs-cz\/wp-json\/wp\/v2\/product_video_training?post=70092"}],"curies":[{"name":"wp","href":"https:\/\/api.w.org\/{rel}","templated":true}]}}