{"id":70121,"date":"2026-04-27T06:18:52","date_gmt":"2026-04-27T06:18:52","guid":{"rendered":"https:\/\/teka.com\/en-int\/lux-r15-1b-1d-diamond-bk_115100011"},"modified":"2026-04-23T03:07:25","modified_gmt":"2026-04-23T04:07:25","slug":"lux-r15-1b-1d-diamond-bk_115100011","status":"publish","type":"product","link":"https:\/\/www.teka.com\/cs-cz\/produkt\/lux-r15-1b-1d-diamond-bk_115100011\/","title":{"rendered":"DIAMOND RS15 1B 1D 86 BK"},"content":{"rendered":"<ul>\n<li>Sklen\u011bn\u00fd d\u0159ez s nerezovou vanou, oboustrann\u00fd<\/li>\n<li>Snadn\u00e9 \u010di\u0161t\u011bn\u00ed v roz\u00edch<\/li>\n<li>Odtokov\u00e1 souprava s p\u0159epadem a 3 \u00bd\u201d s\u00edtkem, 2 otvory<\/li>\n<li>Dekorativn\u00ed kryt odtoku<\/li>\n<li>SilentSmart, o 50% m\u00e9n\u011b hluku<\/li>\n<\/ul>\n","protected":false},"featured_media":0,"parent":0,"template":"","product_cat":[3393],"product_cleaning_system":[],"product_3rd_basket":[],"product_drawers":[],"product_type_of_installation":[34448],"product_edition":[34432],"product_serie":[],"product_features":[],"finishes":[],"product_bundles":[],"product_energy_efficiency":[],"product_video_training":[],"class_list":["post-70121","product","type-product","status-publish","hentry","product_cat-drezy","usp-sinks-02","usp-sinks-04","usp-sinks-05","usp-sinks-06","usp-diamond-01","usp-sinks-installation-06","color-cerne-sklo","product_type_of_appliance-sklenene","product_ambient-urban-colors-01","product_ambient-urban-colors-02","product_ambient-urban-colors-03","product_icons-200mm","product_icons-hygiene","product_icons-lifetime-warrantysilentsmart","product_icons-r15","product_type_of_installation-vestavny","product_edition-night-river-black"],"acf":[],"yoast_head":"<!-- This site is optimized with the Yoast SEO plugin v27.5 - https:\/\/yoast.com\/product\/yoast-seo-wordpress\/ -->\n<title>DIAMOND RS15 1B 1D 86 BK | Teka CZ\/SK - Kuchyn\u00edm d\u00e1v\u00e1me du\u0161i<\/title>\n<meta name=\"robots\" content=\"index, follow, max-snippet:-1, max-image-preview:large, max-video-preview:-1\" \/>\n<link rel=\"canonical\" href=\"https:\/\/www.teka.com\/cs-cz\/produkt\/lux-r15-1b-1d-diamond-bk_115100011\/\" \/>\n<meta property=\"og:locale\" content=\"cs_CZ\" \/>\n<meta property=\"og:type\" content=\"article\" \/>\n<meta property=\"og:title\" content=\"DIAMOND RS15 1B 1D 86 BK | Teka CZ\/SK - Kuchyn\u00edm d\u00e1v\u00e1me du\u0161i\" \/>\n<meta property=\"og:description\" content=\"Sklen\u011bn\u00fd d\u0159ez s nerezovou vanou, oboustrann\u00fd Snadn\u00e9 \u010di\u0161t\u011bn\u00ed v roz\u00edch Odtokov\u00e1 souprava s p\u0159epadem a 3 \u00bd\u201d s\u00edtkem, 2 otvory Dekorativn\u00ed kryt odtoku SilentSmart, o 50% m\u00e9n\u011b hluku\" \/>\n<meta property=\"og:url\" content=\"https:\/\/www.teka.com\/cs-cz\/produkt\/lux-r15-1b-1d-diamond-bk_115100011\/\" \/>\n<meta property=\"og:site_name\" content=\"Teka CZ\/SK - Kuchyn\u00edm d\u00e1v\u00e1me du\u0161i\" \/>\n<meta name=\"twitter:card\" content=\"summary_large_image\" \/>\n<script type=\"application\/ld+json\" class=\"yoast-schema-graph\">{\"@context\":\"https:\\\/\\\/schema.org\",\"@graph\":[{\"@type\":\"WebPage\",\"@id\":\"https:\\\/\\\/www.teka.com\\\/cs-cz\\\/produkt\\\/lux-r15-1b-1d-diamond-bk_115100011\\\/\",\"url\":\"https:\\\/\\\/www.teka.com\\\/cs-cz\\\/produkt\\\/lux-r15-1b-1d-diamond-bk_115100011\\\/\",\"name\":\"DIAMOND RS15 1B 1D 86 BK | Teka CZ\\\/SK - Kuchyn\u00edm d\u00e1v\u00e1me du\u0161i\",\"isPartOf\":{\"@id\":\"https:\\\/\\\/www.teka.com\\\/cs-cz\\\/#website\"},\"datePublished\":\"2026-04-27T06:18:52+00:00\",\"inLanguage\":\"cs\",\"potentialAction\":[{\"@type\":\"ReadAction\",\"target\":[\"https:\\\/\\\/www.teka.com\\\/cs-cz\\\/produkt\\\/lux-r15-1b-1d-diamond-bk_115100011\\\/\"]}]},{\"@type\":\"WebSite\",\"@id\":\"https:\\\/\\\/www.teka.com\\\/cs-cz\\\/#website\",\"url\":\"https:\\\/\\\/www.teka.com\\\/cs-cz\\\/\",\"name\":\"Teka CZ\\\/SK - Kuchyn\u00edm d\u00e1v\u00e1me du\u0161i\",\"description\":\"Teka navrhuje spot\u0159ebi\u010de, kter\u00e9 va\u0161\u00ed kuchyni dodaj\u00ed du\u0161i.\",\"potentialAction\":[{\"@type\":\"SearchAction\",\"target\":{\"@type\":\"EntryPoint\",\"urlTemplate\":\"https:\\\/\\\/www.teka.com\\\/cs-cz\\\/?s={search_term_string}\"},\"query-input\":{\"@type\":\"PropertyValueSpecification\",\"valueRequired\":true,\"valueName\":\"search_term_string\"}}],\"inLanguage\":\"cs\"}]}<\/script>\n<!-- \/ Yoast SEO plugin. -->","yoast_head_json":{"title":"DIAMOND RS15 1B 1D 86 BK | Teka CZ\/SK - Kuchyn\u00edm d\u00e1v\u00e1me du\u0161i","robots":{"index":"index","follow":"follow","max-snippet":"max-snippet:-1","max-image-preview":"max-image-preview:large","max-video-preview":"max-video-preview:-1"},"canonical":"https:\/\/www.teka.com\/cs-cz\/produkt\/lux-r15-1b-1d-diamond-bk_115100011\/","og_locale":"cs_CZ","og_type":"article","og_title":"DIAMOND RS15 1B 1D 86 BK | Teka CZ\/SK - Kuchyn\u00edm d\u00e1v\u00e1me du\u0161i","og_description":"Sklen\u011bn\u00fd d\u0159ez s nerezovou vanou, oboustrann\u00fd Snadn\u00e9 \u010di\u0161t\u011bn\u00ed v roz\u00edch Odtokov\u00e1 souprava s p\u0159epadem a 3 \u00bd\u201d s\u00edtkem, 2 otvory Dekorativn\u00ed kryt odtoku SilentSmart, o 50% m\u00e9n\u011b hluku","og_url":"https:\/\/www.teka.com\/cs-cz\/produkt\/lux-r15-1b-1d-diamond-bk_115100011\/","og_site_name":"Teka CZ\/SK - Kuchyn\u00edm d\u00e1v\u00e1me du\u0161i","twitter_card":"summary_large_image","schema":{"@context":"https:\/\/schema.org","@graph":[{"@type":"WebPage","@id":"https:\/\/www.teka.com\/cs-cz\/produkt\/lux-r15-1b-1d-diamond-bk_115100011\/","url":"https:\/\/www.teka.com\/cs-cz\/produkt\/lux-r15-1b-1d-diamond-bk_115100011\/","name":"DIAMOND RS15 1B 1D 86 BK | Teka CZ\/SK - Kuchyn\u00edm d\u00e1v\u00e1me du\u0161i","isPartOf":{"@id":"https:\/\/www.teka.com\/cs-cz\/#website"},"datePublished":"2026-04-27T06:18:52+00:00","inLanguage":"cs","potentialAction":[{"@type":"ReadAction","target":["https:\/\/www.teka.com\/cs-cz\/produkt\/lux-r15-1b-1d-diamond-bk_115100011\/"]}]},{"@type":"WebSite","@id":"https:\/\/www.teka.com\/cs-cz\/#website","url":"https:\/\/www.teka.com\/cs-cz\/","name":"Teka CZ\/SK - Kuchyn\u00edm d\u00e1v\u00e1me du\u0161i","description":"Teka navrhuje spot\u0159ebi\u010de, kter\u00e9 va\u0161\u00ed kuchyni dodaj\u00ed du\u0161i.","potentialAction":[{"@type":"SearchAction","target":{"@type":"EntryPoint","urlTemplate":"https:\/\/www.teka.com\/cs-cz\/?s={search_term_string}"},"query-input":{"@type":"PropertyValueSpecification","valueRequired":true,"valueName":"search_term_string"}}],"inLanguage":"cs"}]}},"_links":{"self":[{"href":"https:\/\/www.teka.com\/cs-cz\/wp-json\/wp\/v2\/product\/70121","targetHints":{"allow":["GET"]}}],"collection":[{"href":"https:\/\/www.teka.com\/cs-cz\/wp-json\/wp\/v2\/product"}],"about":[{"href":"https:\/\/www.teka.com\/cs-cz\/wp-json\/wp\/v2\/types\/product"}],"wp:attachment":[{"href":"https:\/\/www.teka.com\/cs-cz\/wp-json\/wp\/v2\/media?parent=70121"}],"wp:term":[{"taxonomy":"product_cat","embeddable":true,"href":"https:\/\/www.teka.com\/cs-cz\/wp-json\/wp\/v2\/product_cat?post=70121"},{"taxonomy":"product_cleaning_system","embeddable":true,"href":"https:\/\/www.teka.com\/cs-cz\/wp-json\/wp\/v2\/product_cleaning_system?post=70121"},{"taxonomy":"product_3rd_basket","embeddable":true,"href":"https:\/\/www.teka.com\/cs-cz\/wp-json\/wp\/v2\/product_3rd_basket?post=70121"},{"taxonomy":"product_drawers","embeddable":true,"href":"https:\/\/www.teka.com\/cs-cz\/wp-json\/wp\/v2\/product_drawers?post=70121"},{"taxonomy":"product_type_of_installation","embeddable":true,"href":"https:\/\/www.teka.com\/cs-cz\/wp-json\/wp\/v2\/product_type_of_installation?post=70121"},{"taxonomy":"product_edition","embeddable":true,"href":"https:\/\/www.teka.com\/cs-cz\/wp-json\/wp\/v2\/product_edition?post=70121"},{"taxonomy":"product_serie","embeddable":true,"href":"https:\/\/www.teka.com\/cs-cz\/wp-json\/wp\/v2\/product_serie?post=70121"},{"taxonomy":"product_features","embeddable":true,"href":"https:\/\/www.teka.com\/cs-cz\/wp-json\/wp\/v2\/product_features?post=70121"},{"taxonomy":"finishes","embeddable":true,"href":"https:\/\/www.teka.com\/cs-cz\/wp-json\/wp\/v2\/finishes?post=70121"},{"taxonomy":"product_bundles","embeddable":true,"href":"https:\/\/www.teka.com\/cs-cz\/wp-json\/wp\/v2\/product_bundles?post=70121"},{"taxonomy":"product_energy_efficiency","embeddable":true,"href":"https:\/\/www.teka.com\/cs-cz\/wp-json\/wp\/v2\/product_energy_efficiency?post=70121"},{"taxonomy":"product_video_training","embeddable":true,"href":"https:\/\/www.teka.com\/cs-cz\/wp-json\/wp\/v2\/product_video_training?post=70121"}],"curies":[{"name":"wp","href":"https:\/\/api.w.org\/{rel}","templated":true}]}}