{"id":70253,"date":"2026-04-05T02:22:51","date_gmt":"2026-04-05T02:22:51","guid":{"rendered":"https:\/\/teka.com\/cs-cz\/gzc-64320-xbc-sm-e4_112570171"},"modified":"2026-03-14T07:52:09","modified_gmt":"2026-03-14T08:52:09","slug":"gzc-64320-xbc-sm-e4_112570171","status":"publish","type":"product","link":"https:\/\/www.teka.com\/cs-cz\/produkt\/gzc-64320-xbc-sm-e4_112570171\/","title":{"rendered":"GZC 64320 XBC SM"},"content":{"rendered":"<ul>\n<li>Edice Urban Colors<\/li>\n<li>Sklen\u011bn\u00e1 plynov\u00e1 varn\u00e1 deska 60 cm<\/li>\n<li>4 varn\u00e9 z\u00f3ny<\/li>\n<li>Oto\u010dn\u00e9 ovlada\u010de \u2013 9 stup\u0148\u016f v\u00fdkonu<\/li>\n<li>Keramick\u00e9 sklo, p\u0159edn\u00ed zkosen\u00e1 hrana<\/li>\n<\/ul>\n","protected":false},"featured_media":0,"parent":0,"template":"","product_cat":[3394],"product_cleaning_system":[],"product_3rd_basket":[],"product_drawers":[],"product_type_of_installation":[],"product_edition":[34435],"product_serie":[],"product_features":[],"finishes":[],"product_bundles":[],"product_energy_efficiency":[],"product_video_training":[],"class_list":["post-70253","product","type-product","status-publish","hentry","product_cat-varne-desky","usp-gas-01","usp-gas-02","usp-gas-03","usp-gas-05","usp-gas-07","usp-cookinglovers-01","usp-gas-08","usp-award-06","color-steam-grey","product_type_of_appliance-plynove-varne-panely","product_ambient-urban-colors-10","product_icons-easy-installation","product_icons-exactflame","product_icons-auto-ignition","product_icons-autolock","product_edition-steam-grey"],"acf":[],"yoast_head":"<!-- This site is optimized with the Yoast SEO plugin v27.2 - https:\/\/yoast.com\/product\/yoast-seo-wordpress\/ -->\n<title>Sklen\u011bn\u00e1 plynov\u00e1 varn\u00e1 deska GZC 64320 | Teka<\/title>\n<meta name=\"robots\" content=\"index, follow, max-snippet:-1, max-image-preview:large, max-video-preview:-1\" \/>\n<link rel=\"canonical\" href=\"https:\/\/www.teka.com\/cs-cz\/produkt\/gzc-64320-xbc-sm-e4_112570171\/\" \/>\n<meta property=\"og:locale\" content=\"cs_CZ\" \/>\n<meta property=\"og:type\" content=\"article\" \/>\n<meta property=\"og:title\" content=\"Sklen\u011bn\u00e1 plynov\u00e1 varn\u00e1 deska GZC 64320 | Teka\" \/>\n<meta property=\"og:description\" content=\"Edice Urban Colors Sklen\u011bn\u00e1 plynov\u00e1 varn\u00e1 deska 60 cm 4 varn\u00e9 z\u00f3ny Oto\u010dn\u00e9 ovlada\u010de \u2013 9 stup\u0148\u016f v\u00fdkonu Keramick\u00e9 sklo, p\u0159edn\u00ed zkosen\u00e1 hrana\" \/>\n<meta property=\"og:url\" content=\"https:\/\/www.teka.com\/cs-cz\/produkt\/gzc-64320-xbc-sm-e4_112570171\/\" \/>\n<meta property=\"og:site_name\" content=\"Teka CZ\/SK - Kuchyn\u00edm d\u00e1v\u00e1me du\u0161i\" \/>\n<meta name=\"twitter:card\" content=\"summary_large_image\" \/>\n<script type=\"application\/ld+json\" class=\"yoast-schema-graph\">{\"@context\":\"https:\/\/schema.org\",\"@graph\":[{\"@type\":\"WebPage\",\"@id\":\"https:\/\/www.teka.com\/cs-cz\/produkt\/gzc-64320-xbc-sm-e4_112570171\/\",\"url\":\"https:\/\/www.teka.com\/cs-cz\/produkt\/gzc-64320-xbc-sm-e4_112570171\/\",\"name\":\"Sklen\u011bn\u00e1 plynov\u00e1 varn\u00e1 deska GZC 64320 | Teka\",\"isPartOf\":{\"@id\":\"https:\/\/www.teka.com\/cs-cz\/#website\"},\"datePublished\":\"2026-04-05T02:22:51+00:00\",\"inLanguage\":\"cs\",\"potentialAction\":[{\"@type\":\"ReadAction\",\"target\":[\"https:\/\/www.teka.com\/cs-cz\/produkt\/gzc-64320-xbc-sm-e4_112570171\/\"]}]},{\"@type\":\"WebSite\",\"@id\":\"https:\/\/www.teka.com\/cs-cz\/#website\",\"url\":\"https:\/\/www.teka.com\/cs-cz\/\",\"name\":\"Teka CZ\/SK - Kuchyn\u00edm d\u00e1v\u00e1me du\u0161i\",\"description\":\"Teka navrhuje spot\u0159ebi\u010de, kter\u00e9 va\u0161\u00ed kuchyni dodaj\u00ed du\u0161i.\",\"potentialAction\":[{\"@type\":\"SearchAction\",\"target\":{\"@type\":\"EntryPoint\",\"urlTemplate\":\"https:\/\/www.teka.com\/cs-cz\/?s={search_term_string}\"},\"query-input\":{\"@type\":\"PropertyValueSpecification\",\"valueRequired\":true,\"valueName\":\"search_term_string\"}}],\"inLanguage\":\"cs\"}]}<\/script>\n<!-- \/ Yoast SEO plugin. -->","yoast_head_json":{"title":"Sklen\u011bn\u00e1 plynov\u00e1 varn\u00e1 deska GZC 64320 | Teka","robots":{"index":"index","follow":"follow","max-snippet":"max-snippet:-1","max-image-preview":"max-image-preview:large","max-video-preview":"max-video-preview:-1"},"canonical":"https:\/\/www.teka.com\/cs-cz\/produkt\/gzc-64320-xbc-sm-e4_112570171\/","og_locale":"cs_CZ","og_type":"article","og_title":"Sklen\u011bn\u00e1 plynov\u00e1 varn\u00e1 deska GZC 64320 | Teka","og_description":"Edice Urban Colors Sklen\u011bn\u00e1 plynov\u00e1 varn\u00e1 deska 60 cm 4 varn\u00e9 z\u00f3ny Oto\u010dn\u00e9 ovlada\u010de \u2013 9 stup\u0148\u016f v\u00fdkonu Keramick\u00e9 sklo, p\u0159edn\u00ed zkosen\u00e1 hrana","og_url":"https:\/\/www.teka.com\/cs-cz\/produkt\/gzc-64320-xbc-sm-e4_112570171\/","og_site_name":"Teka CZ\/SK - Kuchyn\u00edm d\u00e1v\u00e1me du\u0161i","twitter_card":"summary_large_image","schema":{"@context":"https:\/\/schema.org","@graph":[{"@type":"WebPage","@id":"https:\/\/www.teka.com\/cs-cz\/produkt\/gzc-64320-xbc-sm-e4_112570171\/","url":"https:\/\/www.teka.com\/cs-cz\/produkt\/gzc-64320-xbc-sm-e4_112570171\/","name":"Sklen\u011bn\u00e1 plynov\u00e1 varn\u00e1 deska GZC 64320 | Teka","isPartOf":{"@id":"https:\/\/www.teka.com\/cs-cz\/#website"},"datePublished":"2026-04-05T02:22:51+00:00","inLanguage":"cs","potentialAction":[{"@type":"ReadAction","target":["https:\/\/www.teka.com\/cs-cz\/produkt\/gzc-64320-xbc-sm-e4_112570171\/"]}]},{"@type":"WebSite","@id":"https:\/\/www.teka.com\/cs-cz\/#website","url":"https:\/\/www.teka.com\/cs-cz\/","name":"Teka CZ\/SK - Kuchyn\u00edm d\u00e1v\u00e1me du\u0161i","description":"Teka navrhuje spot\u0159ebi\u010de, kter\u00e9 va\u0161\u00ed kuchyni dodaj\u00ed du\u0161i.","potentialAction":[{"@type":"SearchAction","target":{"@type":"EntryPoint","urlTemplate":"https:\/\/www.teka.com\/cs-cz\/?s={search_term_string}"},"query-input":{"@type":"PropertyValueSpecification","valueRequired":true,"valueName":"search_term_string"}}],"inLanguage":"cs"}]}},"_links":{"self":[{"href":"https:\/\/www.teka.com\/cs-cz\/wp-json\/wp\/v2\/product\/70253","targetHints":{"allow":["GET"]}}],"collection":[{"href":"https:\/\/www.teka.com\/cs-cz\/wp-json\/wp\/v2\/product"}],"about":[{"href":"https:\/\/www.teka.com\/cs-cz\/wp-json\/wp\/v2\/types\/product"}],"wp:attachment":[{"href":"https:\/\/www.teka.com\/cs-cz\/wp-json\/wp\/v2\/media?parent=70253"}],"wp:term":[{"taxonomy":"product_cat","embeddable":true,"href":"https:\/\/www.teka.com\/cs-cz\/wp-json\/wp\/v2\/product_cat?post=70253"},{"taxonomy":"product_cleaning_system","embeddable":true,"href":"https:\/\/www.teka.com\/cs-cz\/wp-json\/wp\/v2\/product_cleaning_system?post=70253"},{"taxonomy":"product_3rd_basket","embeddable":true,"href":"https:\/\/www.teka.com\/cs-cz\/wp-json\/wp\/v2\/product_3rd_basket?post=70253"},{"taxonomy":"product_drawers","embeddable":true,"href":"https:\/\/www.teka.com\/cs-cz\/wp-json\/wp\/v2\/product_drawers?post=70253"},{"taxonomy":"product_type_of_installation","embeddable":true,"href":"https:\/\/www.teka.com\/cs-cz\/wp-json\/wp\/v2\/product_type_of_installation?post=70253"},{"taxonomy":"product_edition","embeddable":true,"href":"https:\/\/www.teka.com\/cs-cz\/wp-json\/wp\/v2\/product_edition?post=70253"},{"taxonomy":"product_serie","embeddable":true,"href":"https:\/\/www.teka.com\/cs-cz\/wp-json\/wp\/v2\/product_serie?post=70253"},{"taxonomy":"product_features","embeddable":true,"href":"https:\/\/www.teka.com\/cs-cz\/wp-json\/wp\/v2\/product_features?post=70253"},{"taxonomy":"finishes","embeddable":true,"href":"https:\/\/www.teka.com\/cs-cz\/wp-json\/wp\/v2\/finishes?post=70253"},{"taxonomy":"product_bundles","embeddable":true,"href":"https:\/\/www.teka.com\/cs-cz\/wp-json\/wp\/v2\/product_bundles?post=70253"},{"taxonomy":"product_energy_efficiency","embeddable":true,"href":"https:\/\/www.teka.com\/cs-cz\/wp-json\/wp\/v2\/product_energy_efficiency?post=70253"},{"taxonomy":"product_video_training","embeddable":true,"href":"https:\/\/www.teka.com\/cs-cz\/wp-json\/wp\/v2\/product_video_training?post=70253"}],"curies":[{"name":"wp","href":"https:\/\/api.w.org\/{rel}","templated":true}]}}