{"id":70806,"date":"2026-04-29T06:42:13","date_gmt":"2026-04-29T06:42:13","guid":{"rendered":"https:\/\/teka.com\/en-int\/steakmaster-bk_111000036"},"modified":"2026-04-29T04:30:39","modified_gmt":"2026-04-29T05:30:39","slug":"steakmaster-bk_111000036","status":"publish","type":"product","link":"https:\/\/www.teka.com\/cs-cz\/produkt\/steakmaster-bk_111000036\/","title":{"rendered":"SteakMaster"},"content":{"rendered":"<ul>\n<li>Multifunk\u010dn\u00ed pyrolytick\u00e1 trouba s technologi\u00ed SurroundTemp<\/li>\n<li>12 funkc\u00ed pro p\u0159\u00edpravu pokrm\u016f<\/li>\n<li>V\u00fdkonn\u00fd SteakGrill (700 \u00b0C)<\/li>\n<li>\u010cist\u00edc\u00ed syst\u00e9m DualClean: Pyrol\u00fdza a HydroClean\u00ae PRO<\/li>\n<li>Objem brutto\/netto: 71\/63 l<\/li>\n<\/ul>\n","protected":false},"featured_media":0,"parent":0,"template":"","product_cat":[3399],"product_cleaning_system":[3049,3092],"product_3rd_basket":[],"product_drawers":[],"product_type_of_installation":[34392],"product_edition":[34432],"product_serie":[],"product_features":[],"finishes":[],"product_bundles":[],"product_energy_efficiency":[34977],"product_video_training":[35060,35064,35070,35073,35079,35080,35081,35082,35084],"class_list":["post-70806","product","type-product","status-publish","hentry","product_cat-vestavne-trouby","usp-steakmaster-02","usp-steakmaster-03","usp-steakmaster-05","usp-steakmaster-06","usp-steakmaster-01","usp-steakmaster-08","usp-steakmaster-04","usp-compacts-08","usp-renewableenergy-01","color-cerne-sklo","product_type_of_appliance-multifunkcni-trouby","product_ambient-urban-colors-01","product_ambient-urban-colors-02","product_ambient-urban-colors-03","product_ambient-ambient-10","product_ambient-ambient-23","product_icons-hydroclean","product_icons-plus-extension-telescopic-guide","product_icons-pyrolysis","product_icons-softclose","product_icons-surroundtemp","product_cleaning_system-pyrolytic","product_cleaning_system-hydroclean","product_type_of_installation-vestavne","product_edition-night-river-black","product_energy_efficiency-a-icon","product_video_training-trainingovens-01","product_video_training-trainingovens-02","product_video_training-trainingovens-05","product_video_training-trainingovens-06","product_video_training-trainingovens-07","product_video_training-trainingovens-08","product_video_training-trainingovens-09","product_video_training-trainingovens-10","product_video_training-trainingovens-12"],"acf":[],"yoast_head":"<!-- This site is optimized with the Yoast SEO plugin v27.5 - https:\/\/yoast.com\/product\/yoast-seo-wordpress\/ -->\n<title>Pyrolytick\u00e1 trouba SteakMaster se speci\u00e1ln\u00edm grilem na steaky | Teka<\/title>\n<meta name=\"robots\" content=\"index, follow, max-snippet:-1, max-image-preview:large, max-video-preview:-1\" \/>\n<link rel=\"canonical\" href=\"https:\/\/www.teka.com\/cs-cz\/produkt\/steakmaster-bk_111000036\/\" \/>\n<meta property=\"og:locale\" content=\"cs_CZ\" \/>\n<meta property=\"og:type\" content=\"article\" \/>\n<meta property=\"og:title\" content=\"Pyrolytick\u00e1 trouba SteakMaster se speci\u00e1ln\u00edm grilem na steaky | Teka\" \/>\n<meta property=\"og:description\" content=\"Multifunk\u010dn\u00ed pyrolytick\u00e1 trouba s technologi\u00ed SurroundTemp 12 funkc\u00ed pro p\u0159\u00edpravu pokrm\u016f V\u00fdkonn\u00fd SteakGrill (700 \u00b0C) \u010cist\u00edc\u00ed syst\u00e9m DualClean: Pyrol\u00fdza a HydroClean\u00ae PRO Objem brutto\/netto: 71\/63 l\" \/>\n<meta property=\"og:url\" content=\"https:\/\/www.teka.com\/cs-cz\/produkt\/steakmaster-bk_111000036\/\" \/>\n<meta property=\"og:site_name\" content=\"Teka CZ\/SK - Kuchyn\u00edm d\u00e1v\u00e1me du\u0161i\" \/>\n<meta name=\"twitter:card\" content=\"summary_large_image\" \/>\n<script type=\"application\/ld+json\" class=\"yoast-schema-graph\">{\"@context\":\"https:\\\/\\\/schema.org\",\"@graph\":[{\"@type\":\"WebPage\",\"@id\":\"https:\\\/\\\/www.teka.com\\\/cs-cz\\\/produkt\\\/steakmaster-bk_111000036\\\/\",\"url\":\"https:\\\/\\\/www.teka.com\\\/cs-cz\\\/produkt\\\/steakmaster-bk_111000036\\\/\",\"name\":\"Pyrolytick\u00e1 trouba SteakMaster se speci\u00e1ln\u00edm grilem na steaky | Teka\",\"isPartOf\":{\"@id\":\"https:\\\/\\\/www.teka.com\\\/cs-cz\\\/#website\"},\"datePublished\":\"2026-04-29T06:42:13+00:00\",\"inLanguage\":\"cs\",\"potentialAction\":[{\"@type\":\"ReadAction\",\"target\":[\"https:\\\/\\\/www.teka.com\\\/cs-cz\\\/produkt\\\/steakmaster-bk_111000036\\\/\"]}]},{\"@type\":\"WebSite\",\"@id\":\"https:\\\/\\\/www.teka.com\\\/cs-cz\\\/#website\",\"url\":\"https:\\\/\\\/www.teka.com\\\/cs-cz\\\/\",\"name\":\"Teka CZ\\\/SK - Kuchyn\u00edm d\u00e1v\u00e1me du\u0161i\",\"description\":\"Teka navrhuje spot\u0159ebi\u010de, kter\u00e9 va\u0161\u00ed kuchyni dodaj\u00ed du\u0161i.\",\"potentialAction\":[{\"@type\":\"SearchAction\",\"target\":{\"@type\":\"EntryPoint\",\"urlTemplate\":\"https:\\\/\\\/www.teka.com\\\/cs-cz\\\/?s={search_term_string}\"},\"query-input\":{\"@type\":\"PropertyValueSpecification\",\"valueRequired\":true,\"valueName\":\"search_term_string\"}}],\"inLanguage\":\"cs\"}]}<\/script>\n<!-- \/ Yoast SEO plugin. -->","yoast_head_json":{"title":"Pyrolytick\u00e1 trouba SteakMaster se speci\u00e1ln\u00edm grilem na steaky | Teka","robots":{"index":"index","follow":"follow","max-snippet":"max-snippet:-1","max-image-preview":"max-image-preview:large","max-video-preview":"max-video-preview:-1"},"canonical":"https:\/\/www.teka.com\/cs-cz\/produkt\/steakmaster-bk_111000036\/","og_locale":"cs_CZ","og_type":"article","og_title":"Pyrolytick\u00e1 trouba SteakMaster se speci\u00e1ln\u00edm grilem na steaky | Teka","og_description":"Multifunk\u010dn\u00ed pyrolytick\u00e1 trouba s technologi\u00ed SurroundTemp 12 funkc\u00ed pro p\u0159\u00edpravu pokrm\u016f V\u00fdkonn\u00fd SteakGrill (700 \u00b0C) \u010cist\u00edc\u00ed syst\u00e9m DualClean: Pyrol\u00fdza a HydroClean\u00ae PRO Objem brutto\/netto: 71\/63 l","og_url":"https:\/\/www.teka.com\/cs-cz\/produkt\/steakmaster-bk_111000036\/","og_site_name":"Teka CZ\/SK - Kuchyn\u00edm d\u00e1v\u00e1me du\u0161i","twitter_card":"summary_large_image","schema":{"@context":"https:\/\/schema.org","@graph":[{"@type":"WebPage","@id":"https:\/\/www.teka.com\/cs-cz\/produkt\/steakmaster-bk_111000036\/","url":"https:\/\/www.teka.com\/cs-cz\/produkt\/steakmaster-bk_111000036\/","name":"Pyrolytick\u00e1 trouba SteakMaster se speci\u00e1ln\u00edm grilem na steaky | Teka","isPartOf":{"@id":"https:\/\/www.teka.com\/cs-cz\/#website"},"datePublished":"2026-04-29T06:42:13+00:00","inLanguage":"cs","potentialAction":[{"@type":"ReadAction","target":["https:\/\/www.teka.com\/cs-cz\/produkt\/steakmaster-bk_111000036\/"]}]},{"@type":"WebSite","@id":"https:\/\/www.teka.com\/cs-cz\/#website","url":"https:\/\/www.teka.com\/cs-cz\/","name":"Teka CZ\/SK - Kuchyn\u00edm d\u00e1v\u00e1me du\u0161i","description":"Teka navrhuje spot\u0159ebi\u010de, kter\u00e9 va\u0161\u00ed kuchyni dodaj\u00ed du\u0161i.","potentialAction":[{"@type":"SearchAction","target":{"@type":"EntryPoint","urlTemplate":"https:\/\/www.teka.com\/cs-cz\/?s={search_term_string}"},"query-input":{"@type":"PropertyValueSpecification","valueRequired":true,"valueName":"search_term_string"}}],"inLanguage":"cs"}]}},"_links":{"self":[{"href":"https:\/\/www.teka.com\/cs-cz\/wp-json\/wp\/v2\/product\/70806","targetHints":{"allow":["GET"]}}],"collection":[{"href":"https:\/\/www.teka.com\/cs-cz\/wp-json\/wp\/v2\/product"}],"about":[{"href":"https:\/\/www.teka.com\/cs-cz\/wp-json\/wp\/v2\/types\/product"}],"wp:attachment":[{"href":"https:\/\/www.teka.com\/cs-cz\/wp-json\/wp\/v2\/media?parent=70806"}],"wp:term":[{"taxonomy":"product_cat","embeddable":true,"href":"https:\/\/www.teka.com\/cs-cz\/wp-json\/wp\/v2\/product_cat?post=70806"},{"taxonomy":"product_cleaning_system","embeddable":true,"href":"https:\/\/www.teka.com\/cs-cz\/wp-json\/wp\/v2\/product_cleaning_system?post=70806"},{"taxonomy":"product_3rd_basket","embeddable":true,"href":"https:\/\/www.teka.com\/cs-cz\/wp-json\/wp\/v2\/product_3rd_basket?post=70806"},{"taxonomy":"product_drawers","embeddable":true,"href":"https:\/\/www.teka.com\/cs-cz\/wp-json\/wp\/v2\/product_drawers?post=70806"},{"taxonomy":"product_type_of_installation","embeddable":true,"href":"https:\/\/www.teka.com\/cs-cz\/wp-json\/wp\/v2\/product_type_of_installation?post=70806"},{"taxonomy":"product_edition","embeddable":true,"href":"https:\/\/www.teka.com\/cs-cz\/wp-json\/wp\/v2\/product_edition?post=70806"},{"taxonomy":"product_serie","embeddable":true,"href":"https:\/\/www.teka.com\/cs-cz\/wp-json\/wp\/v2\/product_serie?post=70806"},{"taxonomy":"product_features","embeddable":true,"href":"https:\/\/www.teka.com\/cs-cz\/wp-json\/wp\/v2\/product_features?post=70806"},{"taxonomy":"finishes","embeddable":true,"href":"https:\/\/www.teka.com\/cs-cz\/wp-json\/wp\/v2\/finishes?post=70806"},{"taxonomy":"product_bundles","embeddable":true,"href":"https:\/\/www.teka.com\/cs-cz\/wp-json\/wp\/v2\/product_bundles?post=70806"},{"taxonomy":"product_energy_efficiency","embeddable":true,"href":"https:\/\/www.teka.com\/cs-cz\/wp-json\/wp\/v2\/product_energy_efficiency?post=70806"},{"taxonomy":"product_video_training","embeddable":true,"href":"https:\/\/www.teka.com\/cs-cz\/wp-json\/wp\/v2\/product_video_training?post=70806"}],"curies":[{"name":"wp","href":"https:\/\/api.w.org\/{rel}","templated":true}]}}