{"id":71998,"date":"2026-04-25T17:59:52","date_gmt":"2026-04-25T17:59:52","guid":{"rendered":"https:\/\/teka.com\/en-int\/dvn-97050-ttc-bk_112950012"},"modified":"2026-04-21T02:57:17","modified_gmt":"2026-04-21T03:57:17","slug":"dvn-97050-ttc-bk_112950012","status":"publish","type":"product","link":"https:\/\/www.teka.com\/cs-cz\/produkt\/dvn-97050-ttc-bk_112950012\/","title":{"rendered":"DVN 97050 TTC BK"},"content":{"rendered":"<ul>\n<li>Kom\u00ednov\u00fd odsava\u010d par 90 cm<\/li>\n<li>Syst\u00e9m obvodov\u00e9ho ods\u00e1v\u00e1n\u00ed<\/li>\n<li>Ovl\u00e1d\u00e1n\u00ed dotykov\u00fdm displejem<\/li>\n<li>Celosklen\u011bn\u00fd design<\/li>\n<li>3 rychlosti + 1 intenzivn\u00ed<\/li>\n<li>Kapacita odtahu: min. 260, max. 485, intenz. 640 m3\/h<\/li>\n<\/ul>\n","protected":false},"featured_media":0,"parent":0,"template":"","product_cat":[3397],"product_cleaning_system":[],"product_3rd_basket":[],"product_drawers":[],"product_type_of_installation":[],"product_edition":[34432],"product_serie":[],"product_features":[],"finishes":[],"product_bundles":[],"product_energy_efficiency":[34977],"product_video_training":[],"class_list":["post-71998","product","type-product","status-publish","hentry","product_cat-digestore","usp-hoods-02","usp-hoods-06","usp-hoods-10","usp-hoods-14","color-cerna","product_type_of_appliance-dekorativni","product_ambient-urban-colors-01","product_ambient-urban-colors-02","product_ambient-urban-colors-03","product_icons-led","product_icons-perimeter-extraction","product_icons-stop-delay-timer","product_edition-night-river-black","product_energy_efficiency-a-icon"],"acf":[],"yoast_head":"<!-- This site is optimized with the Yoast SEO plugin v27.5 - https:\/\/yoast.com\/product\/yoast-seo-wordpress\/ -->\n<title>DVN 97050 TTC BK | Teka CZ\/SK - Kuchyn\u00edm d\u00e1v\u00e1me du\u0161i<\/title>\n<meta name=\"robots\" content=\"index, follow, max-snippet:-1, max-image-preview:large, max-video-preview:-1\" \/>\n<link rel=\"canonical\" href=\"https:\/\/www.teka.com\/cs-cz\/produkt\/dvn-97050-ttc-bk_112950012\/\" \/>\n<meta property=\"og:locale\" content=\"cs_CZ\" \/>\n<meta property=\"og:type\" content=\"article\" \/>\n<meta property=\"og:title\" content=\"DVN 97050 TTC BK | Teka CZ\/SK - Kuchyn\u00edm d\u00e1v\u00e1me du\u0161i\" \/>\n<meta property=\"og:description\" content=\"Kom\u00ednov\u00fd odsava\u010d par 90 cm Syst\u00e9m obvodov\u00e9ho ods\u00e1v\u00e1n\u00ed Ovl\u00e1d\u00e1n\u00ed dotykov\u00fdm displejem Celosklen\u011bn\u00fd design 3 rychlosti + 1 intenzivn\u00ed Kapacita odtahu: min. 260, max. 485, intenz. 640 m3\/h\" \/>\n<meta property=\"og:url\" content=\"https:\/\/www.teka.com\/cs-cz\/produkt\/dvn-97050-ttc-bk_112950012\/\" \/>\n<meta property=\"og:site_name\" content=\"Teka CZ\/SK - Kuchyn\u00edm d\u00e1v\u00e1me du\u0161i\" \/>\n<meta name=\"twitter:card\" content=\"summary_large_image\" \/>\n<script type=\"application\/ld+json\" class=\"yoast-schema-graph\">{\"@context\":\"https:\\\/\\\/schema.org\",\"@graph\":[{\"@type\":\"WebPage\",\"@id\":\"https:\\\/\\\/www.teka.com\\\/cs-cz\\\/produkt\\\/dvn-97050-ttc-bk_112950012\\\/\",\"url\":\"https:\\\/\\\/www.teka.com\\\/cs-cz\\\/produkt\\\/dvn-97050-ttc-bk_112950012\\\/\",\"name\":\"DVN 97050 TTC BK | Teka CZ\\\/SK - Kuchyn\u00edm d\u00e1v\u00e1me du\u0161i\",\"isPartOf\":{\"@id\":\"https:\\\/\\\/www.teka.com\\\/cs-cz\\\/#website\"},\"datePublished\":\"2026-04-25T17:59:52+00:00\",\"inLanguage\":\"cs\",\"potentialAction\":[{\"@type\":\"ReadAction\",\"target\":[\"https:\\\/\\\/www.teka.com\\\/cs-cz\\\/produkt\\\/dvn-97050-ttc-bk_112950012\\\/\"]}]},{\"@type\":\"WebSite\",\"@id\":\"https:\\\/\\\/www.teka.com\\\/cs-cz\\\/#website\",\"url\":\"https:\\\/\\\/www.teka.com\\\/cs-cz\\\/\",\"name\":\"Teka CZ\\\/SK - Kuchyn\u00edm d\u00e1v\u00e1me du\u0161i\",\"description\":\"Teka navrhuje spot\u0159ebi\u010de, kter\u00e9 va\u0161\u00ed kuchyni dodaj\u00ed du\u0161i.\",\"potentialAction\":[{\"@type\":\"SearchAction\",\"target\":{\"@type\":\"EntryPoint\",\"urlTemplate\":\"https:\\\/\\\/www.teka.com\\\/cs-cz\\\/?s={search_term_string}\"},\"query-input\":{\"@type\":\"PropertyValueSpecification\",\"valueRequired\":true,\"valueName\":\"search_term_string\"}}],\"inLanguage\":\"cs\"}]}<\/script>\n<!-- \/ Yoast SEO plugin. -->","yoast_head_json":{"title":"DVN 97050 TTC BK | Teka CZ\/SK - Kuchyn\u00edm d\u00e1v\u00e1me du\u0161i","robots":{"index":"index","follow":"follow","max-snippet":"max-snippet:-1","max-image-preview":"max-image-preview:large","max-video-preview":"max-video-preview:-1"},"canonical":"https:\/\/www.teka.com\/cs-cz\/produkt\/dvn-97050-ttc-bk_112950012\/","og_locale":"cs_CZ","og_type":"article","og_title":"DVN 97050 TTC BK | Teka CZ\/SK - Kuchyn\u00edm d\u00e1v\u00e1me du\u0161i","og_description":"Kom\u00ednov\u00fd odsava\u010d par 90 cm Syst\u00e9m obvodov\u00e9ho ods\u00e1v\u00e1n\u00ed Ovl\u00e1d\u00e1n\u00ed dotykov\u00fdm displejem Celosklen\u011bn\u00fd design 3 rychlosti + 1 intenzivn\u00ed Kapacita odtahu: min. 260, max. 485, intenz. 640 m3\/h","og_url":"https:\/\/www.teka.com\/cs-cz\/produkt\/dvn-97050-ttc-bk_112950012\/","og_site_name":"Teka CZ\/SK - Kuchyn\u00edm d\u00e1v\u00e1me du\u0161i","twitter_card":"summary_large_image","schema":{"@context":"https:\/\/schema.org","@graph":[{"@type":"WebPage","@id":"https:\/\/www.teka.com\/cs-cz\/produkt\/dvn-97050-ttc-bk_112950012\/","url":"https:\/\/www.teka.com\/cs-cz\/produkt\/dvn-97050-ttc-bk_112950012\/","name":"DVN 97050 TTC BK | Teka CZ\/SK - Kuchyn\u00edm d\u00e1v\u00e1me du\u0161i","isPartOf":{"@id":"https:\/\/www.teka.com\/cs-cz\/#website"},"datePublished":"2026-04-25T17:59:52+00:00","inLanguage":"cs","potentialAction":[{"@type":"ReadAction","target":["https:\/\/www.teka.com\/cs-cz\/produkt\/dvn-97050-ttc-bk_112950012\/"]}]},{"@type":"WebSite","@id":"https:\/\/www.teka.com\/cs-cz\/#website","url":"https:\/\/www.teka.com\/cs-cz\/","name":"Teka CZ\/SK - Kuchyn\u00edm d\u00e1v\u00e1me du\u0161i","description":"Teka navrhuje spot\u0159ebi\u010de, kter\u00e9 va\u0161\u00ed kuchyni dodaj\u00ed du\u0161i.","potentialAction":[{"@type":"SearchAction","target":{"@type":"EntryPoint","urlTemplate":"https:\/\/www.teka.com\/cs-cz\/?s={search_term_string}"},"query-input":{"@type":"PropertyValueSpecification","valueRequired":true,"valueName":"search_term_string"}}],"inLanguage":"cs"}]}},"_links":{"self":[{"href":"https:\/\/www.teka.com\/cs-cz\/wp-json\/wp\/v2\/product\/71998","targetHints":{"allow":["GET"]}}],"collection":[{"href":"https:\/\/www.teka.com\/cs-cz\/wp-json\/wp\/v2\/product"}],"about":[{"href":"https:\/\/www.teka.com\/cs-cz\/wp-json\/wp\/v2\/types\/product"}],"wp:attachment":[{"href":"https:\/\/www.teka.com\/cs-cz\/wp-json\/wp\/v2\/media?parent=71998"}],"wp:term":[{"taxonomy":"product_cat","embeddable":true,"href":"https:\/\/www.teka.com\/cs-cz\/wp-json\/wp\/v2\/product_cat?post=71998"},{"taxonomy":"product_cleaning_system","embeddable":true,"href":"https:\/\/www.teka.com\/cs-cz\/wp-json\/wp\/v2\/product_cleaning_system?post=71998"},{"taxonomy":"product_3rd_basket","embeddable":true,"href":"https:\/\/www.teka.com\/cs-cz\/wp-json\/wp\/v2\/product_3rd_basket?post=71998"},{"taxonomy":"product_drawers","embeddable":true,"href":"https:\/\/www.teka.com\/cs-cz\/wp-json\/wp\/v2\/product_drawers?post=71998"},{"taxonomy":"product_type_of_installation","embeddable":true,"href":"https:\/\/www.teka.com\/cs-cz\/wp-json\/wp\/v2\/product_type_of_installation?post=71998"},{"taxonomy":"product_edition","embeddable":true,"href":"https:\/\/www.teka.com\/cs-cz\/wp-json\/wp\/v2\/product_edition?post=71998"},{"taxonomy":"product_serie","embeddable":true,"href":"https:\/\/www.teka.com\/cs-cz\/wp-json\/wp\/v2\/product_serie?post=71998"},{"taxonomy":"product_features","embeddable":true,"href":"https:\/\/www.teka.com\/cs-cz\/wp-json\/wp\/v2\/product_features?post=71998"},{"taxonomy":"finishes","embeddable":true,"href":"https:\/\/www.teka.com\/cs-cz\/wp-json\/wp\/v2\/finishes?post=71998"},{"taxonomy":"product_bundles","embeddable":true,"href":"https:\/\/www.teka.com\/cs-cz\/wp-json\/wp\/v2\/product_bundles?post=71998"},{"taxonomy":"product_energy_efficiency","embeddable":true,"href":"https:\/\/www.teka.com\/cs-cz\/wp-json\/wp\/v2\/product_energy_efficiency?post=71998"},{"taxonomy":"product_video_training","embeddable":true,"href":"https:\/\/www.teka.com\/cs-cz\/wp-json\/wp\/v2\/product_video_training?post=71998"}],"curies":[{"name":"wp","href":"https:\/\/api.w.org\/{rel}","templated":true}]}}