{"id":72001,"date":"2026-04-07T20:44:08","date_gmt":"2026-04-07T20:44:08","guid":{"rendered":"https:\/\/teka.com\/en-int\/gourmet-bbq-4100-g_111570003"},"modified":"2026-03-14T07:51:26","modified_gmt":"2026-03-14T08:51:26","slug":"gourmet-bbq-4100-g_111570003","status":"publish","type":"product","link":"https:\/\/www.teka.com\/cs-cz\/produkt\/gourmet-bbq-4100-g_111570003\/","title":{"rendered":"T-BBQ 4100 G"},"content":{"rendered":"<ul>\n<li>Konstrukce z nerezov\u00e9 oceli<\/li>\n<li>Grilovac\u00ed plocha 65,5 x 44,5 cm<\/li>\n<li>4 ho\u0159\u00e1ky (3,22 kW)<\/li>\n<li>P\u0159\u00eddavny\u0301 bo\u010dn\u00ed ho\u0159\u00e1k (3,51 kW)<\/li>\n<li>Ultra rychl\u00e9 zapalov\u00e1n\u00ed<\/li>\n<\/ul>\n","protected":false},"featured_media":0,"parent":0,"template":"","product_cat":[34830],"product_cleaning_system":[],"product_3rd_basket":[],"product_drawers":[],"product_type_of_installation":[],"product_edition":[],"product_serie":[],"product_features":[],"finishes":[],"product_bundles":[],"product_energy_efficiency":[],"product_video_training":[],"class_list":["post-72001","product","type-product","status-publish","hentry","product_cat-grilovani","usp-gourmetbbq-01","usp-gourmetbbq-02","usp-gourmetbbq-04","usp-gourmetbbq-05","usp-gourmetbbq-06","usp-gourmetbbq-03","usp-gourmetbbq-07","usp-cookinglovers-02","color-nerezova-ocel"],"acf":[],"yoast_head":"<!-- This site is optimized with the Yoast SEO plugin v27.2 - https:\/\/yoast.com\/product\/yoast-seo-wordpress\/ -->\n<title>Plynov\u00fd gril T-BBQ 4100 G | Teka<\/title>\n<meta name=\"robots\" content=\"index, follow, max-snippet:-1, max-image-preview:large, max-video-preview:-1\" \/>\n<link rel=\"canonical\" href=\"https:\/\/www.teka.com\/cs-cz\/produkt\/gourmet-bbq-4100-g_111570003\/\" \/>\n<meta property=\"og:locale\" content=\"cs_CZ\" \/>\n<meta property=\"og:type\" content=\"article\" \/>\n<meta property=\"og:title\" content=\"Plynov\u00fd gril T-BBQ 4100 G | Teka\" \/>\n<meta property=\"og:description\" content=\"Konstrukce z nerezov\u00e9 oceli Grilovac\u00ed plocha 65,5 x 44,5 cm 4 ho\u0159\u00e1ky (3,22 kW) P\u0159\u00eddavny\u0301 bo\u010dn\u00ed ho\u0159\u00e1k (3,51 kW) Ultra rychl\u00e9 zapalov\u00e1n\u00ed\" \/>\n<meta property=\"og:url\" content=\"https:\/\/www.teka.com\/cs-cz\/produkt\/gourmet-bbq-4100-g_111570003\/\" \/>\n<meta property=\"og:site_name\" content=\"Teka CZ\/SK - Kuchyn\u00edm d\u00e1v\u00e1me du\u0161i\" \/>\n<meta name=\"twitter:card\" content=\"summary_large_image\" \/>\n<script type=\"application\/ld+json\" class=\"yoast-schema-graph\">{\"@context\":\"https:\/\/schema.org\",\"@graph\":[{\"@type\":\"WebPage\",\"@id\":\"https:\/\/www.teka.com\/cs-cz\/produkt\/gourmet-bbq-4100-g_111570003\/\",\"url\":\"https:\/\/www.teka.com\/cs-cz\/produkt\/gourmet-bbq-4100-g_111570003\/\",\"name\":\"Plynov\u00fd gril T-BBQ 4100 G | Teka\",\"isPartOf\":{\"@id\":\"https:\/\/www.teka.com\/cs-cz\/#website\"},\"datePublished\":\"2026-04-07T20:44:08+00:00\",\"inLanguage\":\"cs\",\"potentialAction\":[{\"@type\":\"ReadAction\",\"target\":[\"https:\/\/www.teka.com\/cs-cz\/produkt\/gourmet-bbq-4100-g_111570003\/\"]}]},{\"@type\":\"WebSite\",\"@id\":\"https:\/\/www.teka.com\/cs-cz\/#website\",\"url\":\"https:\/\/www.teka.com\/cs-cz\/\",\"name\":\"Teka CZ\/SK - Kuchyn\u00edm d\u00e1v\u00e1me du\u0161i\",\"description\":\"Teka navrhuje spot\u0159ebi\u010de, kter\u00e9 va\u0161\u00ed kuchyni dodaj\u00ed du\u0161i.\",\"potentialAction\":[{\"@type\":\"SearchAction\",\"target\":{\"@type\":\"EntryPoint\",\"urlTemplate\":\"https:\/\/www.teka.com\/cs-cz\/?s={search_term_string}\"},\"query-input\":{\"@type\":\"PropertyValueSpecification\",\"valueRequired\":true,\"valueName\":\"search_term_string\"}}],\"inLanguage\":\"cs\"}]}<\/script>\n<!-- \/ Yoast SEO plugin. -->","yoast_head_json":{"title":"Plynov\u00fd gril T-BBQ 4100 G | Teka","robots":{"index":"index","follow":"follow","max-snippet":"max-snippet:-1","max-image-preview":"max-image-preview:large","max-video-preview":"max-video-preview:-1"},"canonical":"https:\/\/www.teka.com\/cs-cz\/produkt\/gourmet-bbq-4100-g_111570003\/","og_locale":"cs_CZ","og_type":"article","og_title":"Plynov\u00fd gril T-BBQ 4100 G | Teka","og_description":"Konstrukce z nerezov\u00e9 oceli Grilovac\u00ed plocha 65,5 x 44,5 cm 4 ho\u0159\u00e1ky (3,22 kW) P\u0159\u00eddavny\u0301 bo\u010dn\u00ed ho\u0159\u00e1k (3,51 kW) Ultra rychl\u00e9 zapalov\u00e1n\u00ed","og_url":"https:\/\/www.teka.com\/cs-cz\/produkt\/gourmet-bbq-4100-g_111570003\/","og_site_name":"Teka CZ\/SK - Kuchyn\u00edm d\u00e1v\u00e1me du\u0161i","twitter_card":"summary_large_image","schema":{"@context":"https:\/\/schema.org","@graph":[{"@type":"WebPage","@id":"https:\/\/www.teka.com\/cs-cz\/produkt\/gourmet-bbq-4100-g_111570003\/","url":"https:\/\/www.teka.com\/cs-cz\/produkt\/gourmet-bbq-4100-g_111570003\/","name":"Plynov\u00fd gril T-BBQ 4100 G | Teka","isPartOf":{"@id":"https:\/\/www.teka.com\/cs-cz\/#website"},"datePublished":"2026-04-07T20:44:08+00:00","inLanguage":"cs","potentialAction":[{"@type":"ReadAction","target":["https:\/\/www.teka.com\/cs-cz\/produkt\/gourmet-bbq-4100-g_111570003\/"]}]},{"@type":"WebSite","@id":"https:\/\/www.teka.com\/cs-cz\/#website","url":"https:\/\/www.teka.com\/cs-cz\/","name":"Teka CZ\/SK - Kuchyn\u00edm d\u00e1v\u00e1me du\u0161i","description":"Teka navrhuje spot\u0159ebi\u010de, kter\u00e9 va\u0161\u00ed kuchyni dodaj\u00ed du\u0161i.","potentialAction":[{"@type":"SearchAction","target":{"@type":"EntryPoint","urlTemplate":"https:\/\/www.teka.com\/cs-cz\/?s={search_term_string}"},"query-input":{"@type":"PropertyValueSpecification","valueRequired":true,"valueName":"search_term_string"}}],"inLanguage":"cs"}]}},"_links":{"self":[{"href":"https:\/\/www.teka.com\/cs-cz\/wp-json\/wp\/v2\/product\/72001","targetHints":{"allow":["GET"]}}],"collection":[{"href":"https:\/\/www.teka.com\/cs-cz\/wp-json\/wp\/v2\/product"}],"about":[{"href":"https:\/\/www.teka.com\/cs-cz\/wp-json\/wp\/v2\/types\/product"}],"wp:attachment":[{"href":"https:\/\/www.teka.com\/cs-cz\/wp-json\/wp\/v2\/media?parent=72001"}],"wp:term":[{"taxonomy":"product_cat","embeddable":true,"href":"https:\/\/www.teka.com\/cs-cz\/wp-json\/wp\/v2\/product_cat?post=72001"},{"taxonomy":"product_cleaning_system","embeddable":true,"href":"https:\/\/www.teka.com\/cs-cz\/wp-json\/wp\/v2\/product_cleaning_system?post=72001"},{"taxonomy":"product_3rd_basket","embeddable":true,"href":"https:\/\/www.teka.com\/cs-cz\/wp-json\/wp\/v2\/product_3rd_basket?post=72001"},{"taxonomy":"product_drawers","embeddable":true,"href":"https:\/\/www.teka.com\/cs-cz\/wp-json\/wp\/v2\/product_drawers?post=72001"},{"taxonomy":"product_type_of_installation","embeddable":true,"href":"https:\/\/www.teka.com\/cs-cz\/wp-json\/wp\/v2\/product_type_of_installation?post=72001"},{"taxonomy":"product_edition","embeddable":true,"href":"https:\/\/www.teka.com\/cs-cz\/wp-json\/wp\/v2\/product_edition?post=72001"},{"taxonomy":"product_serie","embeddable":true,"href":"https:\/\/www.teka.com\/cs-cz\/wp-json\/wp\/v2\/product_serie?post=72001"},{"taxonomy":"product_features","embeddable":true,"href":"https:\/\/www.teka.com\/cs-cz\/wp-json\/wp\/v2\/product_features?post=72001"},{"taxonomy":"finishes","embeddable":true,"href":"https:\/\/www.teka.com\/cs-cz\/wp-json\/wp\/v2\/finishes?post=72001"},{"taxonomy":"product_bundles","embeddable":true,"href":"https:\/\/www.teka.com\/cs-cz\/wp-json\/wp\/v2\/product_bundles?post=72001"},{"taxonomy":"product_energy_efficiency","embeddable":true,"href":"https:\/\/www.teka.com\/cs-cz\/wp-json\/wp\/v2\/product_energy_efficiency?post=72001"},{"taxonomy":"product_video_training","embeddable":true,"href":"https:\/\/www.teka.com\/cs-cz\/wp-json\/wp\/v2\/product_video_training?post=72001"}],"curies":[{"name":"wp","href":"https:\/\/api.w.org\/{rel}","templated":true}]}}