{"id":72080,"date":"2026-04-26T08:46:47","date_gmt":"2026-04-26T08:46:47","guid":{"rendered":"https:\/\/teka.com\/en-int\/aff-87601-mst_112730000"},"modified":"2026-04-21T08:59:30","modified_gmt":"2026-04-21T09:59:30","slug":"aff-87601-mst_112730000","status":"publish","type":"product","link":"https:\/\/www.teka.com\/cs-cz\/produkt\/aff-87601-mst_112730000\/","title":{"rendered":"MasterSense Air AFF 87601 MST BK"},"content":{"rendered":"<ul>\n<li>Induk\u010dn\u00ed varn\u00e1 deska 80 cm s integrovany\u0301m odsava\u010dem par<\/li>\n<li>Dotykov\u00e9 ovl\u00e1d\u00e1n\u00ed Multislider<\/li>\n<li>Keramick\u00e9 sklo, p\u0159edn\u00ed zkosen\u00e1 hrana<\/li>\n<li>4 induk\u010dn\u00ed varn\u00e9 flex z\u00f3ny<\/li>\n<\/ul>\n","protected":false},"featured_media":0,"parent":0,"template":"","product_cat":[3394],"product_cleaning_system":[],"product_3rd_basket":[],"product_drawers":[],"product_type_of_installation":[],"product_edition":[],"product_serie":[],"product_features":[34395,34409,34410,34412,34422,34423,34424,34425,34428],"finishes":[],"product_bundles":[],"product_energy_efficiency":[34981],"product_video_training":[35055,35061,35063,35066,35068,35069,35071,35072,35077],"class_list":["post-72080","product","type-product","status-publish","hentry","product_cat-varne-desky","usp-induction-01","usp-induction-02","usp-induction-03","usp-induction-04","usp-induction-05","usp-induction-06","usp-induction-07","usp-induction-10","usp-induction-17","usp-tekahome-08","usp-cookinglovers-01","usp-hobs-09","usp-hobs-11","color-cerna","product_icons-easy-installation","product_icons-flex","product_icons-autolock","product_icons-multislider","product_icons-power","product_icons-power-plus","product_features-keep-warm","product_features-simmering","product_features-melting","product_features-flex","product_features-grilling","product_features-pan-frying","product_features-deep-fry","product_features-confit","product_features-poach","product_energy_efficiency-a-plus-icon","product_video_training-traininghobs-01","product_video_training-traininghobs-02","product_video_training-traininghobs-04","product_video_training-traininghobs-05","product_video_training-traininghobs-06","product_video_training-traininghobs-07","product_video_training-traininghobs-08","product_video_training-traininghobs-09","product_video_training-traininghobs-11"],"acf":[],"yoast_head":"<!-- This site is optimized with the Yoast SEO plugin v27.5 - https:\/\/yoast.com\/product\/yoast-seo-wordpress\/ -->\n<title>Varn\u00e1 deska MasterSense Air s integrovanou digesto\u0159\u00ed | Teka<\/title>\n<meta name=\"robots\" content=\"index, follow, max-snippet:-1, max-image-preview:large, max-video-preview:-1\" \/>\n<link rel=\"canonical\" href=\"https:\/\/www.teka.com\/cs-cz\/produkt\/aff-87601-mst_112730000\/\" \/>\n<meta property=\"og:locale\" content=\"cs_CZ\" \/>\n<meta property=\"og:type\" content=\"article\" \/>\n<meta property=\"og:title\" content=\"Varn\u00e1 deska MasterSense Air s integrovanou digesto\u0159\u00ed | Teka\" \/>\n<meta property=\"og:description\" content=\"Induk\u010dn\u00ed varn\u00e1 deska 80 cm s integrovany\u0301m odsava\u010dem par Dotykov\u00e9 ovl\u00e1d\u00e1n\u00ed Multislider Keramick\u00e9 sklo, p\u0159edn\u00ed zkosen\u00e1 hrana 4 induk\u010dn\u00ed varn\u00e9 flex z\u00f3ny\" \/>\n<meta property=\"og:url\" content=\"https:\/\/www.teka.com\/cs-cz\/produkt\/aff-87601-mst_112730000\/\" \/>\n<meta property=\"og:site_name\" content=\"Teka CZ\/SK - Kuchyn\u00edm d\u00e1v\u00e1me du\u0161i\" \/>\n<meta name=\"twitter:card\" content=\"summary_large_image\" \/>\n<script type=\"application\/ld+json\" class=\"yoast-schema-graph\">{\"@context\":\"https:\\\/\\\/schema.org\",\"@graph\":[{\"@type\":\"WebPage\",\"@id\":\"https:\\\/\\\/www.teka.com\\\/cs-cz\\\/produkt\\\/aff-87601-mst_112730000\\\/\",\"url\":\"https:\\\/\\\/www.teka.com\\\/cs-cz\\\/produkt\\\/aff-87601-mst_112730000\\\/\",\"name\":\"Varn\u00e1 deska MasterSense Air s integrovanou digesto\u0159\u00ed | Teka\",\"isPartOf\":{\"@id\":\"https:\\\/\\\/www.teka.com\\\/cs-cz\\\/#website\"},\"datePublished\":\"2026-04-26T08:46:47+00:00\",\"inLanguage\":\"cs\",\"potentialAction\":[{\"@type\":\"ReadAction\",\"target\":[\"https:\\\/\\\/www.teka.com\\\/cs-cz\\\/produkt\\\/aff-87601-mst_112730000\\\/\"]}]},{\"@type\":\"WebSite\",\"@id\":\"https:\\\/\\\/www.teka.com\\\/cs-cz\\\/#website\",\"url\":\"https:\\\/\\\/www.teka.com\\\/cs-cz\\\/\",\"name\":\"Teka CZ\\\/SK - Kuchyn\u00edm d\u00e1v\u00e1me du\u0161i\",\"description\":\"Teka navrhuje spot\u0159ebi\u010de, kter\u00e9 va\u0161\u00ed kuchyni dodaj\u00ed du\u0161i.\",\"potentialAction\":[{\"@type\":\"SearchAction\",\"target\":{\"@type\":\"EntryPoint\",\"urlTemplate\":\"https:\\\/\\\/www.teka.com\\\/cs-cz\\\/?s={search_term_string}\"},\"query-input\":{\"@type\":\"PropertyValueSpecification\",\"valueRequired\":true,\"valueName\":\"search_term_string\"}}],\"inLanguage\":\"cs\"}]}<\/script>\n<!-- \/ Yoast SEO plugin. -->","yoast_head_json":{"title":"Varn\u00e1 deska MasterSense Air s integrovanou digesto\u0159\u00ed | Teka","robots":{"index":"index","follow":"follow","max-snippet":"max-snippet:-1","max-image-preview":"max-image-preview:large","max-video-preview":"max-video-preview:-1"},"canonical":"https:\/\/www.teka.com\/cs-cz\/produkt\/aff-87601-mst_112730000\/","og_locale":"cs_CZ","og_type":"article","og_title":"Varn\u00e1 deska MasterSense Air s integrovanou digesto\u0159\u00ed | Teka","og_description":"Induk\u010dn\u00ed varn\u00e1 deska 80 cm s integrovany\u0301m odsava\u010dem par Dotykov\u00e9 ovl\u00e1d\u00e1n\u00ed Multislider Keramick\u00e9 sklo, p\u0159edn\u00ed zkosen\u00e1 hrana 4 induk\u010dn\u00ed varn\u00e9 flex z\u00f3ny","og_url":"https:\/\/www.teka.com\/cs-cz\/produkt\/aff-87601-mst_112730000\/","og_site_name":"Teka CZ\/SK - Kuchyn\u00edm d\u00e1v\u00e1me du\u0161i","twitter_card":"summary_large_image","schema":{"@context":"https:\/\/schema.org","@graph":[{"@type":"WebPage","@id":"https:\/\/www.teka.com\/cs-cz\/produkt\/aff-87601-mst_112730000\/","url":"https:\/\/www.teka.com\/cs-cz\/produkt\/aff-87601-mst_112730000\/","name":"Varn\u00e1 deska MasterSense Air s integrovanou digesto\u0159\u00ed | Teka","isPartOf":{"@id":"https:\/\/www.teka.com\/cs-cz\/#website"},"datePublished":"2026-04-26T08:46:47+00:00","inLanguage":"cs","potentialAction":[{"@type":"ReadAction","target":["https:\/\/www.teka.com\/cs-cz\/produkt\/aff-87601-mst_112730000\/"]}]},{"@type":"WebSite","@id":"https:\/\/www.teka.com\/cs-cz\/#website","url":"https:\/\/www.teka.com\/cs-cz\/","name":"Teka CZ\/SK - Kuchyn\u00edm d\u00e1v\u00e1me du\u0161i","description":"Teka navrhuje spot\u0159ebi\u010de, kter\u00e9 va\u0161\u00ed kuchyni dodaj\u00ed du\u0161i.","potentialAction":[{"@type":"SearchAction","target":{"@type":"EntryPoint","urlTemplate":"https:\/\/www.teka.com\/cs-cz\/?s={search_term_string}"},"query-input":{"@type":"PropertyValueSpecification","valueRequired":true,"valueName":"search_term_string"}}],"inLanguage":"cs"}]}},"_links":{"self":[{"href":"https:\/\/www.teka.com\/cs-cz\/wp-json\/wp\/v2\/product\/72080","targetHints":{"allow":["GET"]}}],"collection":[{"href":"https:\/\/www.teka.com\/cs-cz\/wp-json\/wp\/v2\/product"}],"about":[{"href":"https:\/\/www.teka.com\/cs-cz\/wp-json\/wp\/v2\/types\/product"}],"wp:attachment":[{"href":"https:\/\/www.teka.com\/cs-cz\/wp-json\/wp\/v2\/media?parent=72080"}],"wp:term":[{"taxonomy":"product_cat","embeddable":true,"href":"https:\/\/www.teka.com\/cs-cz\/wp-json\/wp\/v2\/product_cat?post=72080"},{"taxonomy":"product_cleaning_system","embeddable":true,"href":"https:\/\/www.teka.com\/cs-cz\/wp-json\/wp\/v2\/product_cleaning_system?post=72080"},{"taxonomy":"product_3rd_basket","embeddable":true,"href":"https:\/\/www.teka.com\/cs-cz\/wp-json\/wp\/v2\/product_3rd_basket?post=72080"},{"taxonomy":"product_drawers","embeddable":true,"href":"https:\/\/www.teka.com\/cs-cz\/wp-json\/wp\/v2\/product_drawers?post=72080"},{"taxonomy":"product_type_of_installation","embeddable":true,"href":"https:\/\/www.teka.com\/cs-cz\/wp-json\/wp\/v2\/product_type_of_installation?post=72080"},{"taxonomy":"product_edition","embeddable":true,"href":"https:\/\/www.teka.com\/cs-cz\/wp-json\/wp\/v2\/product_edition?post=72080"},{"taxonomy":"product_serie","embeddable":true,"href":"https:\/\/www.teka.com\/cs-cz\/wp-json\/wp\/v2\/product_serie?post=72080"},{"taxonomy":"product_features","embeddable":true,"href":"https:\/\/www.teka.com\/cs-cz\/wp-json\/wp\/v2\/product_features?post=72080"},{"taxonomy":"finishes","embeddable":true,"href":"https:\/\/www.teka.com\/cs-cz\/wp-json\/wp\/v2\/finishes?post=72080"},{"taxonomy":"product_bundles","embeddable":true,"href":"https:\/\/www.teka.com\/cs-cz\/wp-json\/wp\/v2\/product_bundles?post=72080"},{"taxonomy":"product_energy_efficiency","embeddable":true,"href":"https:\/\/www.teka.com\/cs-cz\/wp-json\/wp\/v2\/product_energy_efficiency?post=72080"},{"taxonomy":"product_video_training","embeddable":true,"href":"https:\/\/www.teka.com\/cs-cz\/wp-json\/wp\/v2\/product_video_training?post=72080"}],"curies":[{"name":"wp","href":"https:\/\/api.w.org\/{rel}","templated":true}]}}