{"id":73252,"date":"2026-04-27T06:32:43","date_gmt":"2026-04-27T06:32:43","guid":{"rendered":"https:\/\/teka.com\/pt-pt\/hlc-84-g1-c-bm_111160026"},"modified":"2026-04-24T02:13:36","modified_gmt":"2026-04-24T03:13:36","slug":"hlc-84-g1-c-bm_111160026","status":"publish","type":"product","link":"https:\/\/www.teka.com\/cs-cz\/produkt\/hlc-84-g1-c-bm_111160026\/","title":{"rendered":"HLC 84-G1 C BM"},"content":{"rendered":"<ul>\n<li>Edice Infinity G1<\/li>\n<li>Kompaktn\u00ed kombinovan\u00e1 multifunk\u010dn\u00ed a mikrovlnn\u00e1 trouba, 45 cm<\/li>\n<li>Technologie SurroundTemp<\/li>\n<li>11 funkc\u00ed pro p\u0159\u00edpravu pokrm\u016f<\/li>\n<li>Objem: 40 l<\/li>\n<li>\u010cistic\u00ed syst\u00e9m HydroClean\u00ae PRO<\/li>\n<\/ul>\n","protected":false},"featured_media":0,"parent":0,"template":"","product_cat":[3399],"product_cleaning_system":[3092],"product_3rd_basket":[],"product_drawers":[],"product_type_of_installation":[],"product_edition":[],"product_serie":[],"product_features":[],"finishes":[],"product_bundles":[],"product_energy_efficiency":[],"product_video_training":[],"class_list":["post-73252","product","type-product","status-publish","hentry","product_cat-vestavne-trouby","usp-infinityg1-01","usp-infinityg1-02","usp-infinityg1-03","usp-infinityg1-07","usp-infinityg1-08","usp-cookinglovers-13","usp-award-06","color-matna-cerna","product_type_of_appliance-multifunkcni-trouby","product_type_of_appliance-kompaktni-trouby","product_type_of_appliance-s-mikrovlnkou","product_ambient-infinityg1","product_icons-40l","product_icons-hydroclean","product_icons-surroundtemp","product_cleaning_system-hydroclean"],"acf":[],"yoast_head":"<!-- This site is optimized with the Yoast SEO plugin v27.5 - https:\/\/yoast.com\/product\/yoast-seo-wordpress\/ -->\n<title>HLC 84-G1 C BM | Teka CZ\/SK - Kuchyn\u00edm d\u00e1v\u00e1me du\u0161i<\/title>\n<meta name=\"robots\" content=\"index, follow, max-snippet:-1, max-image-preview:large, max-video-preview:-1\" \/>\n<link rel=\"canonical\" href=\"https:\/\/www.teka.com\/cs-cz\/produkt\/hlc-84-g1-c-bm_111160026\/\" \/>\n<meta property=\"og:locale\" content=\"cs_CZ\" \/>\n<meta property=\"og:type\" content=\"article\" \/>\n<meta property=\"og:title\" content=\"HLC 84-G1 C BM | Teka CZ\/SK - Kuchyn\u00edm d\u00e1v\u00e1me du\u0161i\" \/>\n<meta property=\"og:description\" content=\"Edice Infinity G1 Kompaktn\u00ed kombinovan\u00e1 multifunk\u010dn\u00ed a mikrovlnn\u00e1 trouba, 45 cm Technologie SurroundTemp 11 funkc\u00ed pro p\u0159\u00edpravu pokrm\u016f Objem: 40 l \u010cistic\u00ed syst\u00e9m HydroClean\u00ae PRO\" \/>\n<meta property=\"og:url\" content=\"https:\/\/www.teka.com\/cs-cz\/produkt\/hlc-84-g1-c-bm_111160026\/\" \/>\n<meta property=\"og:site_name\" content=\"Teka CZ\/SK - Kuchyn\u00edm d\u00e1v\u00e1me du\u0161i\" \/>\n<meta name=\"twitter:card\" content=\"summary_large_image\" \/>\n<script type=\"application\/ld+json\" class=\"yoast-schema-graph\">{\"@context\":\"https:\\\/\\\/schema.org\",\"@graph\":[{\"@type\":\"WebPage\",\"@id\":\"https:\\\/\\\/www.teka.com\\\/cs-cz\\\/produkt\\\/hlc-84-g1-c-bm_111160026\\\/\",\"url\":\"https:\\\/\\\/www.teka.com\\\/cs-cz\\\/produkt\\\/hlc-84-g1-c-bm_111160026\\\/\",\"name\":\"HLC 84-G1 C BM | Teka CZ\\\/SK - Kuchyn\u00edm d\u00e1v\u00e1me du\u0161i\",\"isPartOf\":{\"@id\":\"https:\\\/\\\/www.teka.com\\\/cs-cz\\\/#website\"},\"datePublished\":\"2026-04-27T06:32:43+00:00\",\"inLanguage\":\"cs\",\"potentialAction\":[{\"@type\":\"ReadAction\",\"target\":[\"https:\\\/\\\/www.teka.com\\\/cs-cz\\\/produkt\\\/hlc-84-g1-c-bm_111160026\\\/\"]}]},{\"@type\":\"WebSite\",\"@id\":\"https:\\\/\\\/www.teka.com\\\/cs-cz\\\/#website\",\"url\":\"https:\\\/\\\/www.teka.com\\\/cs-cz\\\/\",\"name\":\"Teka CZ\\\/SK - Kuchyn\u00edm d\u00e1v\u00e1me du\u0161i\",\"description\":\"Teka navrhuje spot\u0159ebi\u010de, kter\u00e9 va\u0161\u00ed kuchyni dodaj\u00ed du\u0161i.\",\"potentialAction\":[{\"@type\":\"SearchAction\",\"target\":{\"@type\":\"EntryPoint\",\"urlTemplate\":\"https:\\\/\\\/www.teka.com\\\/cs-cz\\\/?s={search_term_string}\"},\"query-input\":{\"@type\":\"PropertyValueSpecification\",\"valueRequired\":true,\"valueName\":\"search_term_string\"}}],\"inLanguage\":\"cs\"}]}<\/script>\n<!-- \/ Yoast SEO plugin. -->","yoast_head_json":{"title":"HLC 84-G1 C BM | Teka CZ\/SK - Kuchyn\u00edm d\u00e1v\u00e1me du\u0161i","robots":{"index":"index","follow":"follow","max-snippet":"max-snippet:-1","max-image-preview":"max-image-preview:large","max-video-preview":"max-video-preview:-1"},"canonical":"https:\/\/www.teka.com\/cs-cz\/produkt\/hlc-84-g1-c-bm_111160026\/","og_locale":"cs_CZ","og_type":"article","og_title":"HLC 84-G1 C BM | Teka CZ\/SK - Kuchyn\u00edm d\u00e1v\u00e1me du\u0161i","og_description":"Edice Infinity G1 Kompaktn\u00ed kombinovan\u00e1 multifunk\u010dn\u00ed a mikrovlnn\u00e1 trouba, 45 cm Technologie SurroundTemp 11 funkc\u00ed pro p\u0159\u00edpravu pokrm\u016f Objem: 40 l \u010cistic\u00ed syst\u00e9m HydroClean\u00ae PRO","og_url":"https:\/\/www.teka.com\/cs-cz\/produkt\/hlc-84-g1-c-bm_111160026\/","og_site_name":"Teka CZ\/SK - Kuchyn\u00edm d\u00e1v\u00e1me du\u0161i","twitter_card":"summary_large_image","schema":{"@context":"https:\/\/schema.org","@graph":[{"@type":"WebPage","@id":"https:\/\/www.teka.com\/cs-cz\/produkt\/hlc-84-g1-c-bm_111160026\/","url":"https:\/\/www.teka.com\/cs-cz\/produkt\/hlc-84-g1-c-bm_111160026\/","name":"HLC 84-G1 C BM | Teka CZ\/SK - Kuchyn\u00edm d\u00e1v\u00e1me du\u0161i","isPartOf":{"@id":"https:\/\/www.teka.com\/cs-cz\/#website"},"datePublished":"2026-04-27T06:32:43+00:00","inLanguage":"cs","potentialAction":[{"@type":"ReadAction","target":["https:\/\/www.teka.com\/cs-cz\/produkt\/hlc-84-g1-c-bm_111160026\/"]}]},{"@type":"WebSite","@id":"https:\/\/www.teka.com\/cs-cz\/#website","url":"https:\/\/www.teka.com\/cs-cz\/","name":"Teka CZ\/SK - Kuchyn\u00edm d\u00e1v\u00e1me du\u0161i","description":"Teka navrhuje spot\u0159ebi\u010de, kter\u00e9 va\u0161\u00ed kuchyni dodaj\u00ed du\u0161i.","potentialAction":[{"@type":"SearchAction","target":{"@type":"EntryPoint","urlTemplate":"https:\/\/www.teka.com\/cs-cz\/?s={search_term_string}"},"query-input":{"@type":"PropertyValueSpecification","valueRequired":true,"valueName":"search_term_string"}}],"inLanguage":"cs"}]}},"_links":{"self":[{"href":"https:\/\/www.teka.com\/cs-cz\/wp-json\/wp\/v2\/product\/73252","targetHints":{"allow":["GET"]}}],"collection":[{"href":"https:\/\/www.teka.com\/cs-cz\/wp-json\/wp\/v2\/product"}],"about":[{"href":"https:\/\/www.teka.com\/cs-cz\/wp-json\/wp\/v2\/types\/product"}],"wp:attachment":[{"href":"https:\/\/www.teka.com\/cs-cz\/wp-json\/wp\/v2\/media?parent=73252"}],"wp:term":[{"taxonomy":"product_cat","embeddable":true,"href":"https:\/\/www.teka.com\/cs-cz\/wp-json\/wp\/v2\/product_cat?post=73252"},{"taxonomy":"product_cleaning_system","embeddable":true,"href":"https:\/\/www.teka.com\/cs-cz\/wp-json\/wp\/v2\/product_cleaning_system?post=73252"},{"taxonomy":"product_3rd_basket","embeddable":true,"href":"https:\/\/www.teka.com\/cs-cz\/wp-json\/wp\/v2\/product_3rd_basket?post=73252"},{"taxonomy":"product_drawers","embeddable":true,"href":"https:\/\/www.teka.com\/cs-cz\/wp-json\/wp\/v2\/product_drawers?post=73252"},{"taxonomy":"product_type_of_installation","embeddable":true,"href":"https:\/\/www.teka.com\/cs-cz\/wp-json\/wp\/v2\/product_type_of_installation?post=73252"},{"taxonomy":"product_edition","embeddable":true,"href":"https:\/\/www.teka.com\/cs-cz\/wp-json\/wp\/v2\/product_edition?post=73252"},{"taxonomy":"product_serie","embeddable":true,"href":"https:\/\/www.teka.com\/cs-cz\/wp-json\/wp\/v2\/product_serie?post=73252"},{"taxonomy":"product_features","embeddable":true,"href":"https:\/\/www.teka.com\/cs-cz\/wp-json\/wp\/v2\/product_features?post=73252"},{"taxonomy":"finishes","embeddable":true,"href":"https:\/\/www.teka.com\/cs-cz\/wp-json\/wp\/v2\/finishes?post=73252"},{"taxonomy":"product_bundles","embeddable":true,"href":"https:\/\/www.teka.com\/cs-cz\/wp-json\/wp\/v2\/product_bundles?post=73252"},{"taxonomy":"product_energy_efficiency","embeddable":true,"href":"https:\/\/www.teka.com\/cs-cz\/wp-json\/wp\/v2\/product_energy_efficiency?post=73252"},{"taxonomy":"product_video_training","embeddable":true,"href":"https:\/\/www.teka.com\/cs-cz\/wp-json\/wp\/v2\/product_video_training?post=73252"}],"curies":[{"name":"wp","href":"https:\/\/api.w.org\/{rel}","templated":true}]}}