{"id":74225,"date":"2026-05-04T15:36:21","date_gmt":"2026-05-04T15:36:21","guid":{"rendered":"https:\/\/teka.com\/en-int\/ibf-95-g1-mst-bm_112500061"},"modified":"2026-05-04T01:36:21","modified_gmt":"2026-05-04T02:36:21","slug":"ibf-95-g1-mst-bm_112500061","status":"publish","type":"product","link":"https:\/\/www.teka.com\/cs-cz\/produkt\/ibf-95-g1-mst-bm_112500061\/","title":{"rendered":"IBF 95-G1 MST BM"},"content":{"rendered":"<ul>\n<li>Edice Infinity G1<\/li>\n<li>Induk\u010dn\u00ed varn\u00e1 deska 90cm<\/li>\n<li>Dotykov\u00e9 ovl\u00e1d\u00e1n\u00ed Multislider<\/li>\n<li>Keramick\u00e9 sklo, hrana zabrou\u0161en\u00e1 do \u201eC\u201d<\/li>\n<li>Speci\u00e1ln\u00ed funkce va\u0159en\u00ed s teplotn\u00edmi \u010didly: v\u0159en\u00ed,<\/li>\n<li>rozpou\u0161t\u011bn\u00ed a udr\u017een\u00ed teploty<\/li>\n<\/ul>\n","protected":false},"featured_media":0,"parent":0,"template":"","product_cat":[3394],"product_cleaning_system":[],"product_3rd_basket":[],"product_drawers":[],"product_type_of_installation":[],"product_edition":[],"product_serie":[],"product_features":[34394,34395,34409,34410,34411,34412,34422,34423,34424,34425,34428],"finishes":[],"product_bundles":[],"product_energy_efficiency":[],"product_video_training":[35055,35061,35063,35066,35068,35069,35071,35072,35074,35077,35078],"class_list":["post-74225","product","type-product","status-publish","hentry","product_cat-varne-desky","usp-infinityg1-01","usp-infinityg1-02","usp-infinityg1-03","usp-infinityg1-14","usp-infinityg1-15","usp-cookinglovers-13","color-matna-cerna","product_type_of_appliance-indukcni-varne-desky","product_icons-easy-installation","product_icons-flex","product_icons-autolock","product_icons-multislider","product_icons-power","product_icons-power-plus","product_icons-super-zone","product_features-quick-boiling","product_features-keep-warm","product_features-simmering","product_features-melting","product_features-slidecooking","product_features-flex","product_features-grilling","product_features-pan-frying","product_features-deep-fry","product_features-confit","product_features-poach","product_video_training-traininghobs-01","product_video_training-traininghobs-02","product_video_training-traininghobs-04","product_video_training-traininghobs-05","product_video_training-traininghobs-06","product_video_training-traininghobs-07","product_video_training-traininghobs-08","product_video_training-traininghobs-09","product_video_training-traininghobs-10","product_video_training-traininghobs-11","product_video_training-traininghobs-12"],"acf":[],"yoast_head":"<!-- This site is optimized with the Yoast SEO plugin v27.5 - https:\/\/yoast.com\/product\/yoast-seo-wordpress\/ -->\n<title>IBF 95-G1 MST BM | Teka CZ\/SK - Kuchyn\u00edm d\u00e1v\u00e1me du\u0161i<\/title>\n<meta name=\"robots\" content=\"index, follow, max-snippet:-1, max-image-preview:large, max-video-preview:-1\" \/>\n<link rel=\"canonical\" href=\"https:\/\/www.teka.com\/cs-cz\/produkt\/ibf-95-g1-mst-bm_112500061\/\" \/>\n<meta property=\"og:locale\" content=\"cs_CZ\" \/>\n<meta property=\"og:type\" content=\"article\" \/>\n<meta property=\"og:title\" content=\"IBF 95-G1 MST BM | Teka CZ\/SK - Kuchyn\u00edm d\u00e1v\u00e1me du\u0161i\" \/>\n<meta property=\"og:description\" content=\"Edice Infinity G1 Induk\u010dn\u00ed varn\u00e1 deska 90cm Dotykov\u00e9 ovl\u00e1d\u00e1n\u00ed Multislider Keramick\u00e9 sklo, hrana zabrou\u0161en\u00e1 do \u201eC\u201d Speci\u00e1ln\u00ed funkce va\u0159en\u00ed s teplotn\u00edmi \u010didly: v\u0159en\u00ed, rozpou\u0161t\u011bn\u00ed a udr\u017een\u00ed teploty\" \/>\n<meta property=\"og:url\" content=\"https:\/\/www.teka.com\/cs-cz\/produkt\/ibf-95-g1-mst-bm_112500061\/\" \/>\n<meta property=\"og:site_name\" content=\"Teka CZ\/SK - Kuchyn\u00edm d\u00e1v\u00e1me du\u0161i\" \/>\n<meta name=\"twitter:card\" content=\"summary_large_image\" \/>\n<script type=\"application\/ld+json\" class=\"yoast-schema-graph\">{\"@context\":\"https:\\\/\\\/schema.org\",\"@graph\":[{\"@type\":\"WebPage\",\"@id\":\"https:\\\/\\\/www.teka.com\\\/cs-cz\\\/produkt\\\/ibf-95-g1-mst-bm_112500061\\\/\",\"url\":\"https:\\\/\\\/www.teka.com\\\/cs-cz\\\/produkt\\\/ibf-95-g1-mst-bm_112500061\\\/\",\"name\":\"IBF 95-G1 MST BM | Teka CZ\\\/SK - Kuchyn\u00edm d\u00e1v\u00e1me du\u0161i\",\"isPartOf\":{\"@id\":\"https:\\\/\\\/www.teka.com\\\/cs-cz\\\/#website\"},\"datePublished\":\"2026-05-04T15:36:21+00:00\",\"inLanguage\":\"cs\",\"potentialAction\":[{\"@type\":\"ReadAction\",\"target\":[\"https:\\\/\\\/www.teka.com\\\/cs-cz\\\/produkt\\\/ibf-95-g1-mst-bm_112500061\\\/\"]}]},{\"@type\":\"WebSite\",\"@id\":\"https:\\\/\\\/www.teka.com\\\/cs-cz\\\/#website\",\"url\":\"https:\\\/\\\/www.teka.com\\\/cs-cz\\\/\",\"name\":\"Teka CZ\\\/SK - Kuchyn\u00edm d\u00e1v\u00e1me du\u0161i\",\"description\":\"Teka navrhuje spot\u0159ebi\u010de, kter\u00e9 va\u0161\u00ed kuchyni dodaj\u00ed du\u0161i.\",\"potentialAction\":[{\"@type\":\"SearchAction\",\"target\":{\"@type\":\"EntryPoint\",\"urlTemplate\":\"https:\\\/\\\/www.teka.com\\\/cs-cz\\\/?s={search_term_string}\"},\"query-input\":{\"@type\":\"PropertyValueSpecification\",\"valueRequired\":true,\"valueName\":\"search_term_string\"}}],\"inLanguage\":\"cs\"}]}<\/script>\n<!-- \/ Yoast SEO plugin. -->","yoast_head_json":{"title":"IBF 95-G1 MST BM | Teka CZ\/SK - Kuchyn\u00edm d\u00e1v\u00e1me du\u0161i","robots":{"index":"index","follow":"follow","max-snippet":"max-snippet:-1","max-image-preview":"max-image-preview:large","max-video-preview":"max-video-preview:-1"},"canonical":"https:\/\/www.teka.com\/cs-cz\/produkt\/ibf-95-g1-mst-bm_112500061\/","og_locale":"cs_CZ","og_type":"article","og_title":"IBF 95-G1 MST BM | Teka CZ\/SK - Kuchyn\u00edm d\u00e1v\u00e1me du\u0161i","og_description":"Edice Infinity G1 Induk\u010dn\u00ed varn\u00e1 deska 90cm Dotykov\u00e9 ovl\u00e1d\u00e1n\u00ed Multislider Keramick\u00e9 sklo, hrana zabrou\u0161en\u00e1 do \u201eC\u201d Speci\u00e1ln\u00ed funkce va\u0159en\u00ed s teplotn\u00edmi \u010didly: v\u0159en\u00ed, rozpou\u0161t\u011bn\u00ed a udr\u017een\u00ed teploty","og_url":"https:\/\/www.teka.com\/cs-cz\/produkt\/ibf-95-g1-mst-bm_112500061\/","og_site_name":"Teka CZ\/SK - Kuchyn\u00edm d\u00e1v\u00e1me du\u0161i","twitter_card":"summary_large_image","schema":{"@context":"https:\/\/schema.org","@graph":[{"@type":"WebPage","@id":"https:\/\/www.teka.com\/cs-cz\/produkt\/ibf-95-g1-mst-bm_112500061\/","url":"https:\/\/www.teka.com\/cs-cz\/produkt\/ibf-95-g1-mst-bm_112500061\/","name":"IBF 95-G1 MST BM | Teka CZ\/SK - Kuchyn\u00edm d\u00e1v\u00e1me du\u0161i","isPartOf":{"@id":"https:\/\/www.teka.com\/cs-cz\/#website"},"datePublished":"2026-05-04T15:36:21+00:00","inLanguage":"cs","potentialAction":[{"@type":"ReadAction","target":["https:\/\/www.teka.com\/cs-cz\/produkt\/ibf-95-g1-mst-bm_112500061\/"]}]},{"@type":"WebSite","@id":"https:\/\/www.teka.com\/cs-cz\/#website","url":"https:\/\/www.teka.com\/cs-cz\/","name":"Teka CZ\/SK - Kuchyn\u00edm d\u00e1v\u00e1me du\u0161i","description":"Teka navrhuje spot\u0159ebi\u010de, kter\u00e9 va\u0161\u00ed kuchyni dodaj\u00ed du\u0161i.","potentialAction":[{"@type":"SearchAction","target":{"@type":"EntryPoint","urlTemplate":"https:\/\/www.teka.com\/cs-cz\/?s={search_term_string}"},"query-input":{"@type":"PropertyValueSpecification","valueRequired":true,"valueName":"search_term_string"}}],"inLanguage":"cs"}]}},"_links":{"self":[{"href":"https:\/\/www.teka.com\/cs-cz\/wp-json\/wp\/v2\/product\/74225","targetHints":{"allow":["GET"]}}],"collection":[{"href":"https:\/\/www.teka.com\/cs-cz\/wp-json\/wp\/v2\/product"}],"about":[{"href":"https:\/\/www.teka.com\/cs-cz\/wp-json\/wp\/v2\/types\/product"}],"wp:attachment":[{"href":"https:\/\/www.teka.com\/cs-cz\/wp-json\/wp\/v2\/media?parent=74225"}],"wp:term":[{"taxonomy":"product_cat","embeddable":true,"href":"https:\/\/www.teka.com\/cs-cz\/wp-json\/wp\/v2\/product_cat?post=74225"},{"taxonomy":"product_cleaning_system","embeddable":true,"href":"https:\/\/www.teka.com\/cs-cz\/wp-json\/wp\/v2\/product_cleaning_system?post=74225"},{"taxonomy":"product_3rd_basket","embeddable":true,"href":"https:\/\/www.teka.com\/cs-cz\/wp-json\/wp\/v2\/product_3rd_basket?post=74225"},{"taxonomy":"product_drawers","embeddable":true,"href":"https:\/\/www.teka.com\/cs-cz\/wp-json\/wp\/v2\/product_drawers?post=74225"},{"taxonomy":"product_type_of_installation","embeddable":true,"href":"https:\/\/www.teka.com\/cs-cz\/wp-json\/wp\/v2\/product_type_of_installation?post=74225"},{"taxonomy":"product_edition","embeddable":true,"href":"https:\/\/www.teka.com\/cs-cz\/wp-json\/wp\/v2\/product_edition?post=74225"},{"taxonomy":"product_serie","embeddable":true,"href":"https:\/\/www.teka.com\/cs-cz\/wp-json\/wp\/v2\/product_serie?post=74225"},{"taxonomy":"product_features","embeddable":true,"href":"https:\/\/www.teka.com\/cs-cz\/wp-json\/wp\/v2\/product_features?post=74225"},{"taxonomy":"finishes","embeddable":true,"href":"https:\/\/www.teka.com\/cs-cz\/wp-json\/wp\/v2\/finishes?post=74225"},{"taxonomy":"product_bundles","embeddable":true,"href":"https:\/\/www.teka.com\/cs-cz\/wp-json\/wp\/v2\/product_bundles?post=74225"},{"taxonomy":"product_energy_efficiency","embeddable":true,"href":"https:\/\/www.teka.com\/cs-cz\/wp-json\/wp\/v2\/product_energy_efficiency?post=74225"},{"taxonomy":"product_video_training","embeddable":true,"href":"https:\/\/www.teka.com\/cs-cz\/wp-json\/wp\/v2\/product_video_training?post=74225"}],"curies":[{"name":"wp","href":"https:\/\/api.w.org\/{rel}","templated":true}]}}