{"id":74431,"date":"2026-04-26T17:28:54","date_gmt":"2026-04-26T17:28:54","guid":{"rendered":"https:\/\/teka.com\/en-int\/hlb-8418-p-bk_111000083"},"modified":"2026-03-14T08:30:48","modified_gmt":"2026-03-14T09:30:48","slug":"hlb-8418-p-bk_111000083","status":"publish","type":"product","link":"https:\/\/www.teka.com\/cs-cz\/produkt\/hlb-8418-p-bk_111000083\/","title":{"rendered":"HLB 8418 P BK"},"content":{"rendered":"<ul>\n<li>Multifunk\u010dn\u00ed pyrolytick\u00e1 trouba s technologi\u00ed SurroundTemp<\/li>\n<li>Syst\u00e9m EasySteam pro pe\u010den\u00ed v p\u00e1\u0159e<\/li>\n<li>8 funkc\u00ed pro p\u0159\u00edpravu pokrm\u016f<\/li>\n<li>\u010cistic\u00ed syst\u00e9m DualClean: Pyroly\u0301za + HydroClean\u00ae PRO<\/li>\n<\/ul>\n","protected":false},"featured_media":0,"parent":0,"template":"","product_cat":[3399],"product_cleaning_system":[3049,3092],"product_3rd_basket":[],"product_drawers":[],"product_type_of_installation":[],"product_edition":[],"product_serie":[],"product_features":[],"finishes":[],"product_bundles":[],"product_energy_efficiency":[34981],"product_video_training":[35060,35064,35070,35073,35084,35099],"class_list":["post-74431","product","type-product","status-publish","hentry","product_cat-vestavne-trouby","usp-ovens-04","usp-ovens-05","usp-ovens-06","usp-ovens-10","usp-ovens-13","usp-compacts-05","usp-easysteam-01","usp-easysteam-02","usp-easysteam-03","usp-steamgourmet-04","color-cerne-sklo","product_type_of_appliance-multifunkcni-trouby","product_icons-70l","product_icons-hydroclean","product_icons-pyrolysis","product_icons-softclose","product_icons-surroundtemp","product_cleaning_system-pyrolytic","product_cleaning_system-hydroclean","product_energy_efficiency-a-plus-icon","product_video_training-trainingovens-01","product_video_training-trainingovens-02","product_video_training-trainingovens-05","product_video_training-trainingovens-06","product_video_training-trainingovens-12","product_video_training-trainingovens-20"],"acf":[],"yoast_head":"<!-- This site is optimized with the Yoast SEO plugin v27.5 - https:\/\/yoast.com\/product\/yoast-seo-wordpress\/ -->\n<title>EasySteam HLB 8418 P multifunk\u010dn\u00ed pyrolytick\u00e1 trouba | Teka<\/title>\n<meta name=\"robots\" content=\"index, follow, max-snippet:-1, max-image-preview:large, max-video-preview:-1\" \/>\n<link rel=\"canonical\" href=\"https:\/\/www.teka.com\/cs-cz\/produkt\/hlb-8418-p-bk_111000083\/\" \/>\n<meta property=\"og:locale\" content=\"cs_CZ\" \/>\n<meta property=\"og:type\" content=\"article\" \/>\n<meta property=\"og:title\" content=\"EasySteam HLB 8418 P multifunk\u010dn\u00ed pyrolytick\u00e1 trouba | Teka\" \/>\n<meta property=\"og:description\" content=\"Multifunk\u010dn\u00ed pyrolytick\u00e1 trouba s technologi\u00ed SurroundTemp Syst\u00e9m EasySteam pro pe\u010den\u00ed v p\u00e1\u0159e 8 funkc\u00ed pro p\u0159\u00edpravu pokrm\u016f \u010cistic\u00ed syst\u00e9m DualClean: Pyroly\u0301za + HydroClean\u00ae PRO\" \/>\n<meta property=\"og:url\" content=\"https:\/\/www.teka.com\/cs-cz\/produkt\/hlb-8418-p-bk_111000083\/\" \/>\n<meta property=\"og:site_name\" content=\"Teka CZ\/SK - Kuchyn\u00edm d\u00e1v\u00e1me du\u0161i\" \/>\n<meta name=\"twitter:card\" content=\"summary_large_image\" \/>\n<script type=\"application\/ld+json\" class=\"yoast-schema-graph\">{\"@context\":\"https:\\\/\\\/schema.org\",\"@graph\":[{\"@type\":\"WebPage\",\"@id\":\"https:\\\/\\\/www.teka.com\\\/cs-cz\\\/produkt\\\/hlb-8418-p-bk_111000083\\\/\",\"url\":\"https:\\\/\\\/www.teka.com\\\/cs-cz\\\/produkt\\\/hlb-8418-p-bk_111000083\\\/\",\"name\":\"EasySteam HLB 8418 P multifunk\u010dn\u00ed pyrolytick\u00e1 trouba | Teka\",\"isPartOf\":{\"@id\":\"https:\\\/\\\/www.teka.com\\\/cs-cz\\\/#website\"},\"datePublished\":\"2026-04-26T17:28:54+00:00\",\"inLanguage\":\"cs\",\"potentialAction\":[{\"@type\":\"ReadAction\",\"target\":[\"https:\\\/\\\/www.teka.com\\\/cs-cz\\\/produkt\\\/hlb-8418-p-bk_111000083\\\/\"]}]},{\"@type\":\"WebSite\",\"@id\":\"https:\\\/\\\/www.teka.com\\\/cs-cz\\\/#website\",\"url\":\"https:\\\/\\\/www.teka.com\\\/cs-cz\\\/\",\"name\":\"Teka CZ\\\/SK - Kuchyn\u00edm d\u00e1v\u00e1me du\u0161i\",\"description\":\"Teka navrhuje spot\u0159ebi\u010de, kter\u00e9 va\u0161\u00ed kuchyni dodaj\u00ed du\u0161i.\",\"potentialAction\":[{\"@type\":\"SearchAction\",\"target\":{\"@type\":\"EntryPoint\",\"urlTemplate\":\"https:\\\/\\\/www.teka.com\\\/cs-cz\\\/?s={search_term_string}\"},\"query-input\":{\"@type\":\"PropertyValueSpecification\",\"valueRequired\":true,\"valueName\":\"search_term_string\"}}],\"inLanguage\":\"cs\"}]}<\/script>\n<!-- \/ Yoast SEO plugin. -->","yoast_head_json":{"title":"EasySteam HLB 8418 P multifunk\u010dn\u00ed pyrolytick\u00e1 trouba | Teka","robots":{"index":"index","follow":"follow","max-snippet":"max-snippet:-1","max-image-preview":"max-image-preview:large","max-video-preview":"max-video-preview:-1"},"canonical":"https:\/\/www.teka.com\/cs-cz\/produkt\/hlb-8418-p-bk_111000083\/","og_locale":"cs_CZ","og_type":"article","og_title":"EasySteam HLB 8418 P multifunk\u010dn\u00ed pyrolytick\u00e1 trouba | Teka","og_description":"Multifunk\u010dn\u00ed pyrolytick\u00e1 trouba s technologi\u00ed SurroundTemp Syst\u00e9m EasySteam pro pe\u010den\u00ed v p\u00e1\u0159e 8 funkc\u00ed pro p\u0159\u00edpravu pokrm\u016f \u010cistic\u00ed syst\u00e9m DualClean: Pyroly\u0301za + HydroClean\u00ae PRO","og_url":"https:\/\/www.teka.com\/cs-cz\/produkt\/hlb-8418-p-bk_111000083\/","og_site_name":"Teka CZ\/SK - Kuchyn\u00edm d\u00e1v\u00e1me du\u0161i","twitter_card":"summary_large_image","schema":{"@context":"https:\/\/schema.org","@graph":[{"@type":"WebPage","@id":"https:\/\/www.teka.com\/cs-cz\/produkt\/hlb-8418-p-bk_111000083\/","url":"https:\/\/www.teka.com\/cs-cz\/produkt\/hlb-8418-p-bk_111000083\/","name":"EasySteam HLB 8418 P multifunk\u010dn\u00ed pyrolytick\u00e1 trouba | Teka","isPartOf":{"@id":"https:\/\/www.teka.com\/cs-cz\/#website"},"datePublished":"2026-04-26T17:28:54+00:00","inLanguage":"cs","potentialAction":[{"@type":"ReadAction","target":["https:\/\/www.teka.com\/cs-cz\/produkt\/hlb-8418-p-bk_111000083\/"]}]},{"@type":"WebSite","@id":"https:\/\/www.teka.com\/cs-cz\/#website","url":"https:\/\/www.teka.com\/cs-cz\/","name":"Teka CZ\/SK - Kuchyn\u00edm d\u00e1v\u00e1me du\u0161i","description":"Teka navrhuje spot\u0159ebi\u010de, kter\u00e9 va\u0161\u00ed kuchyni dodaj\u00ed du\u0161i.","potentialAction":[{"@type":"SearchAction","target":{"@type":"EntryPoint","urlTemplate":"https:\/\/www.teka.com\/cs-cz\/?s={search_term_string}"},"query-input":{"@type":"PropertyValueSpecification","valueRequired":true,"valueName":"search_term_string"}}],"inLanguage":"cs"}]}},"_links":{"self":[{"href":"https:\/\/www.teka.com\/cs-cz\/wp-json\/wp\/v2\/product\/74431","targetHints":{"allow":["GET"]}}],"collection":[{"href":"https:\/\/www.teka.com\/cs-cz\/wp-json\/wp\/v2\/product"}],"about":[{"href":"https:\/\/www.teka.com\/cs-cz\/wp-json\/wp\/v2\/types\/product"}],"wp:attachment":[{"href":"https:\/\/www.teka.com\/cs-cz\/wp-json\/wp\/v2\/media?parent=74431"}],"wp:term":[{"taxonomy":"product_cat","embeddable":true,"href":"https:\/\/www.teka.com\/cs-cz\/wp-json\/wp\/v2\/product_cat?post=74431"},{"taxonomy":"product_cleaning_system","embeddable":true,"href":"https:\/\/www.teka.com\/cs-cz\/wp-json\/wp\/v2\/product_cleaning_system?post=74431"},{"taxonomy":"product_3rd_basket","embeddable":true,"href":"https:\/\/www.teka.com\/cs-cz\/wp-json\/wp\/v2\/product_3rd_basket?post=74431"},{"taxonomy":"product_drawers","embeddable":true,"href":"https:\/\/www.teka.com\/cs-cz\/wp-json\/wp\/v2\/product_drawers?post=74431"},{"taxonomy":"product_type_of_installation","embeddable":true,"href":"https:\/\/www.teka.com\/cs-cz\/wp-json\/wp\/v2\/product_type_of_installation?post=74431"},{"taxonomy":"product_edition","embeddable":true,"href":"https:\/\/www.teka.com\/cs-cz\/wp-json\/wp\/v2\/product_edition?post=74431"},{"taxonomy":"product_serie","embeddable":true,"href":"https:\/\/www.teka.com\/cs-cz\/wp-json\/wp\/v2\/product_serie?post=74431"},{"taxonomy":"product_features","embeddable":true,"href":"https:\/\/www.teka.com\/cs-cz\/wp-json\/wp\/v2\/product_features?post=74431"},{"taxonomy":"finishes","embeddable":true,"href":"https:\/\/www.teka.com\/cs-cz\/wp-json\/wp\/v2\/finishes?post=74431"},{"taxonomy":"product_bundles","embeddable":true,"href":"https:\/\/www.teka.com\/cs-cz\/wp-json\/wp\/v2\/product_bundles?post=74431"},{"taxonomy":"product_energy_efficiency","embeddable":true,"href":"https:\/\/www.teka.com\/cs-cz\/wp-json\/wp\/v2\/product_energy_efficiency?post=74431"},{"taxonomy":"product_video_training","embeddable":true,"href":"https:\/\/www.teka.com\/cs-cz\/wp-json\/wp\/v2\/product_video_training?post=74431"}],"curies":[{"name":"wp","href":"https:\/\/api.w.org\/{rel}","templated":true}]}}