{"id":75915,"date":"2026-04-05T02:33:03","date_gmt":"2026-04-05T02:33:03","guid":{"rendered":"https:\/\/teka.com\/cs-cz\/icc-915-copper-g1_116030007"},"modified":"2026-04-02T04:24:31","modified_gmt":"2026-04-02T05:24:31","slug":"icc-915-copper-g1_116030007","status":"publish","type":"product","link":"https:\/\/www.teka.com\/cs-cz\/produkt\/icc-915-copper-g1_116030007\/","title":{"rendered":"ICC 915 Copper (G1)"},"content":{"rendered":"<ul>\n<li>Metalick\u00e1 edice<\/li>\n<li>Povrchov\u00e1 \u00faprava PVD v m\u011bd\u011bn\u00e9m proveden\u00ed<\/li>\n<li>Vysok\u00e9 ram\u00ednko<\/li>\n<li>Kartu\u0161e s keramick\u00fdmi disky s vysokou odolnost\u00ed<\/li>\n<li>Perl\u00e1tor s \u00fapravou proti usazov\u00e1n\u00ed vodn\u00edho kamene<\/li>\n<li>Flexi kovov\u00e9 p\u0159ipojovac\u00ed hadi\u010dky se z\u00e1vitem 3\/8\u201d &#8211; 1\/2&#8220;<\/li>\n<\/ul>\n","protected":false},"featured_media":0,"parent":0,"template":"","product_cat":[3395],"product_cleaning_system":[],"product_3rd_basket":[],"product_drawers":[],"product_type_of_installation":[34386],"product_edition":[],"product_serie":[],"product_features":[],"finishes":[],"product_bundles":[],"product_energy_efficiency":[],"product_video_training":[],"class_list":["post-75915","product","type-product","status-publish","hentry","product_cat-kuchynske-baterie","color-medena","product_type_of_appliance-vysoke-raminko","product_icons-anti-scale_aerator","product_icons-high_resistance","product_icons-swivel_spout","product_icons-easy_quick","product_icons-pvd","product_type_of_installation-volne-stojici"],"acf":[],"yoast_head":"<!-- This site is optimized with the Yoast SEO plugin v27.2 - https:\/\/yoast.com\/product\/yoast-seo-wordpress\/ -->\n<title>ICC 915 Copper (G1) | Teka CZ\/SK - Kuchyn\u00edm d\u00e1v\u00e1me du\u0161i<\/title>\n<meta name=\"robots\" content=\"index, follow, max-snippet:-1, max-image-preview:large, max-video-preview:-1\" \/>\n<link rel=\"canonical\" href=\"https:\/\/www.teka.com\/cs-cz\/produkt\/icc-915-copper-g1_116030007\/\" \/>\n<meta property=\"og:locale\" content=\"cs_CZ\" \/>\n<meta property=\"og:type\" content=\"article\" \/>\n<meta property=\"og:title\" content=\"ICC 915 Copper (G1) | Teka CZ\/SK - Kuchyn\u00edm d\u00e1v\u00e1me du\u0161i\" \/>\n<meta property=\"og:description\" content=\"Metalick\u00e1 edice Povrchov\u00e1 \u00faprava PVD v m\u011bd\u011bn\u00e9m proveden\u00ed Vysok\u00e9 ram\u00ednko Kartu\u0161e s keramick\u00fdmi disky s vysokou odolnost\u00ed Perl\u00e1tor s \u00fapravou proti usazov\u00e1n\u00ed vodn\u00edho kamene Flexi kovov\u00e9 p\u0159ipojovac\u00ed hadi\u010dky se z\u00e1vitem 3\/8\u201d &#8211; 1\/2&#8220;\" \/>\n<meta property=\"og:url\" content=\"https:\/\/www.teka.com\/cs-cz\/produkt\/icc-915-copper-g1_116030007\/\" \/>\n<meta property=\"og:site_name\" content=\"Teka CZ\/SK - Kuchyn\u00edm d\u00e1v\u00e1me du\u0161i\" \/>\n<meta name=\"twitter:card\" content=\"summary_large_image\" \/>\n<script type=\"application\/ld+json\" class=\"yoast-schema-graph\">{\"@context\":\"https:\/\/schema.org\",\"@graph\":[{\"@type\":\"WebPage\",\"@id\":\"https:\/\/www.teka.com\/cs-cz\/produkt\/icc-915-copper-g1_116030007\/\",\"url\":\"https:\/\/www.teka.com\/cs-cz\/produkt\/icc-915-copper-g1_116030007\/\",\"name\":\"ICC 915 Copper (G1) | Teka CZ\/SK - Kuchyn\u00edm d\u00e1v\u00e1me du\u0161i\",\"isPartOf\":{\"@id\":\"https:\/\/www.teka.com\/cs-cz\/#website\"},\"datePublished\":\"2026-04-05T02:33:03+00:00\",\"inLanguage\":\"cs\",\"potentialAction\":[{\"@type\":\"ReadAction\",\"target\":[\"https:\/\/www.teka.com\/cs-cz\/produkt\/icc-915-copper-g1_116030007\/\"]}]},{\"@type\":\"WebSite\",\"@id\":\"https:\/\/www.teka.com\/cs-cz\/#website\",\"url\":\"https:\/\/www.teka.com\/cs-cz\/\",\"name\":\"Teka CZ\/SK - Kuchyn\u00edm d\u00e1v\u00e1me du\u0161i\",\"description\":\"Teka navrhuje spot\u0159ebi\u010de, kter\u00e9 va\u0161\u00ed kuchyni dodaj\u00ed du\u0161i.\",\"potentialAction\":[{\"@type\":\"SearchAction\",\"target\":{\"@type\":\"EntryPoint\",\"urlTemplate\":\"https:\/\/www.teka.com\/cs-cz\/?s={search_term_string}\"},\"query-input\":{\"@type\":\"PropertyValueSpecification\",\"valueRequired\":true,\"valueName\":\"search_term_string\"}}],\"inLanguage\":\"cs\"}]}<\/script>\n<!-- \/ Yoast SEO plugin. -->","yoast_head_json":{"title":"ICC 915 Copper (G1) | Teka CZ\/SK - Kuchyn\u00edm d\u00e1v\u00e1me du\u0161i","robots":{"index":"index","follow":"follow","max-snippet":"max-snippet:-1","max-image-preview":"max-image-preview:large","max-video-preview":"max-video-preview:-1"},"canonical":"https:\/\/www.teka.com\/cs-cz\/produkt\/icc-915-copper-g1_116030007\/","og_locale":"cs_CZ","og_type":"article","og_title":"ICC 915 Copper (G1) | Teka CZ\/SK - Kuchyn\u00edm d\u00e1v\u00e1me du\u0161i","og_description":"Metalick\u00e1 edice Povrchov\u00e1 \u00faprava PVD v m\u011bd\u011bn\u00e9m proveden\u00ed Vysok\u00e9 ram\u00ednko Kartu\u0161e s keramick\u00fdmi disky s vysokou odolnost\u00ed Perl\u00e1tor s \u00fapravou proti usazov\u00e1n\u00ed vodn\u00edho kamene Flexi kovov\u00e9 p\u0159ipojovac\u00ed hadi\u010dky se z\u00e1vitem 3\/8\u201d &#8211; 1\/2&#8220;","og_url":"https:\/\/www.teka.com\/cs-cz\/produkt\/icc-915-copper-g1_116030007\/","og_site_name":"Teka CZ\/SK - Kuchyn\u00edm d\u00e1v\u00e1me du\u0161i","twitter_card":"summary_large_image","schema":{"@context":"https:\/\/schema.org","@graph":[{"@type":"WebPage","@id":"https:\/\/www.teka.com\/cs-cz\/produkt\/icc-915-copper-g1_116030007\/","url":"https:\/\/www.teka.com\/cs-cz\/produkt\/icc-915-copper-g1_116030007\/","name":"ICC 915 Copper (G1) | Teka CZ\/SK - Kuchyn\u00edm d\u00e1v\u00e1me du\u0161i","isPartOf":{"@id":"https:\/\/www.teka.com\/cs-cz\/#website"},"datePublished":"2026-04-05T02:33:03+00:00","inLanguage":"cs","potentialAction":[{"@type":"ReadAction","target":["https:\/\/www.teka.com\/cs-cz\/produkt\/icc-915-copper-g1_116030007\/"]}]},{"@type":"WebSite","@id":"https:\/\/www.teka.com\/cs-cz\/#website","url":"https:\/\/www.teka.com\/cs-cz\/","name":"Teka CZ\/SK - Kuchyn\u00edm d\u00e1v\u00e1me du\u0161i","description":"Teka navrhuje spot\u0159ebi\u010de, kter\u00e9 va\u0161\u00ed kuchyni dodaj\u00ed du\u0161i.","potentialAction":[{"@type":"SearchAction","target":{"@type":"EntryPoint","urlTemplate":"https:\/\/www.teka.com\/cs-cz\/?s={search_term_string}"},"query-input":{"@type":"PropertyValueSpecification","valueRequired":true,"valueName":"search_term_string"}}],"inLanguage":"cs"}]}},"_links":{"self":[{"href":"https:\/\/www.teka.com\/cs-cz\/wp-json\/wp\/v2\/product\/75915","targetHints":{"allow":["GET"]}}],"collection":[{"href":"https:\/\/www.teka.com\/cs-cz\/wp-json\/wp\/v2\/product"}],"about":[{"href":"https:\/\/www.teka.com\/cs-cz\/wp-json\/wp\/v2\/types\/product"}],"wp:attachment":[{"href":"https:\/\/www.teka.com\/cs-cz\/wp-json\/wp\/v2\/media?parent=75915"}],"wp:term":[{"taxonomy":"product_cat","embeddable":true,"href":"https:\/\/www.teka.com\/cs-cz\/wp-json\/wp\/v2\/product_cat?post=75915"},{"taxonomy":"product_cleaning_system","embeddable":true,"href":"https:\/\/www.teka.com\/cs-cz\/wp-json\/wp\/v2\/product_cleaning_system?post=75915"},{"taxonomy":"product_3rd_basket","embeddable":true,"href":"https:\/\/www.teka.com\/cs-cz\/wp-json\/wp\/v2\/product_3rd_basket?post=75915"},{"taxonomy":"product_drawers","embeddable":true,"href":"https:\/\/www.teka.com\/cs-cz\/wp-json\/wp\/v2\/product_drawers?post=75915"},{"taxonomy":"product_type_of_installation","embeddable":true,"href":"https:\/\/www.teka.com\/cs-cz\/wp-json\/wp\/v2\/product_type_of_installation?post=75915"},{"taxonomy":"product_edition","embeddable":true,"href":"https:\/\/www.teka.com\/cs-cz\/wp-json\/wp\/v2\/product_edition?post=75915"},{"taxonomy":"product_serie","embeddable":true,"href":"https:\/\/www.teka.com\/cs-cz\/wp-json\/wp\/v2\/product_serie?post=75915"},{"taxonomy":"product_features","embeddable":true,"href":"https:\/\/www.teka.com\/cs-cz\/wp-json\/wp\/v2\/product_features?post=75915"},{"taxonomy":"finishes","embeddable":true,"href":"https:\/\/www.teka.com\/cs-cz\/wp-json\/wp\/v2\/finishes?post=75915"},{"taxonomy":"product_bundles","embeddable":true,"href":"https:\/\/www.teka.com\/cs-cz\/wp-json\/wp\/v2\/product_bundles?post=75915"},{"taxonomy":"product_energy_efficiency","embeddable":true,"href":"https:\/\/www.teka.com\/cs-cz\/wp-json\/wp\/v2\/product_energy_efficiency?post=75915"},{"taxonomy":"product_video_training","embeddable":true,"href":"https:\/\/www.teka.com\/cs-cz\/wp-json\/wp\/v2\/product_video_training?post=75915"}],"curies":[{"name":"wp","href":"https:\/\/api.w.org\/{rel}","templated":true}]}}