{"id":76135,"date":"2026-04-07T17:49:51","date_gmt":"2026-04-07T17:49:51","guid":{"rendered":"https:\/\/teka.com\/en-int\/tz-6420-bk_40239020"},"modified":"2026-04-02T12:06:37","modified_gmt":"2026-04-02T01:06:37","slug":"tz-6420-bk_40239020","status":"publish","type":"product","link":"https:\/\/www.teka.com\/cs-cz\/produkt\/tz-6420-bk_40239020\/","title":{"rendered":"TZ 6420 BK"},"content":{"rendered":"<ul>\n<li>Sklokeramick\u00e1 varn\u00e1 deska 60 cm<\/li>\n<li>Dotykov\u00e9 ovl\u00e1d\u00e1n\u00ed<\/li>\n<li>Keramick\u00e9 sklo, p\u0159edn\u00ed zkosen\u00e1 hrana<\/li>\n<li>4 varn\u00e9 high light z\u00f3ny<\/li>\n<\/ul>\n","protected":false},"featured_media":0,"parent":0,"template":"","product_cat":[3394],"product_cleaning_system":[],"product_3rd_basket":[],"product_drawers":[],"product_type_of_installation":[],"product_edition":[],"product_serie":[],"product_features":[],"finishes":[],"product_bundles":[],"product_energy_efficiency":[],"product_video_training":[],"class_list":["post-76135","product","type-product","status-publish","hentry","product_cat-varne-desky","usp-vitroceramics-03","usp-vitroceramics-02","usp-cookinglovers-01","color-cerne-sklo","product_type_of_appliance-sklokermaicke-desky","product_icons-easy-installation","product_icons-autolock","product_icons-power-plus"],"acf":[],"yoast_head":"<!-- This site is optimized with the Yoast SEO plugin v27.2 - https:\/\/yoast.com\/product\/yoast-seo-wordpress\/ -->\n<title>TZ 6420 BK | Teka CZ\/SK - Kuchyn\u00edm d\u00e1v\u00e1me du\u0161i<\/title>\n<meta name=\"robots\" content=\"index, follow, max-snippet:-1, max-image-preview:large, max-video-preview:-1\" \/>\n<link rel=\"canonical\" href=\"https:\/\/www.teka.com\/cs-cz\/produkt\/tz-6420-bk_40239020\/\" \/>\n<meta property=\"og:locale\" content=\"cs_CZ\" \/>\n<meta property=\"og:type\" content=\"article\" \/>\n<meta property=\"og:title\" content=\"TZ 6420 BK | Teka CZ\/SK - Kuchyn\u00edm d\u00e1v\u00e1me du\u0161i\" \/>\n<meta property=\"og:description\" content=\"Sklokeramick\u00e1 varn\u00e1 deska 60 cm Dotykov\u00e9 ovl\u00e1d\u00e1n\u00ed Keramick\u00e9 sklo, p\u0159edn\u00ed zkosen\u00e1 hrana 4 varn\u00e9 high light z\u00f3ny\" \/>\n<meta property=\"og:url\" content=\"https:\/\/www.teka.com\/cs-cz\/produkt\/tz-6420-bk_40239020\/\" \/>\n<meta property=\"og:site_name\" content=\"Teka CZ\/SK - Kuchyn\u00edm d\u00e1v\u00e1me du\u0161i\" \/>\n<meta name=\"twitter:card\" content=\"summary_large_image\" \/>\n<script type=\"application\/ld+json\" class=\"yoast-schema-graph\">{\"@context\":\"https:\/\/schema.org\",\"@graph\":[{\"@type\":\"WebPage\",\"@id\":\"https:\/\/www.teka.com\/cs-cz\/produkt\/tz-6420-bk_40239020\/\",\"url\":\"https:\/\/www.teka.com\/cs-cz\/produkt\/tz-6420-bk_40239020\/\",\"name\":\"TZ 6420 BK | Teka CZ\/SK - Kuchyn\u00edm d\u00e1v\u00e1me du\u0161i\",\"isPartOf\":{\"@id\":\"https:\/\/www.teka.com\/cs-cz\/#website\"},\"datePublished\":\"2026-04-07T17:49:51+00:00\",\"inLanguage\":\"cs\",\"potentialAction\":[{\"@type\":\"ReadAction\",\"target\":[\"https:\/\/www.teka.com\/cs-cz\/produkt\/tz-6420-bk_40239020\/\"]}]},{\"@type\":\"WebSite\",\"@id\":\"https:\/\/www.teka.com\/cs-cz\/#website\",\"url\":\"https:\/\/www.teka.com\/cs-cz\/\",\"name\":\"Teka CZ\/SK - Kuchyn\u00edm d\u00e1v\u00e1me du\u0161i\",\"description\":\"Teka navrhuje spot\u0159ebi\u010de, kter\u00e9 va\u0161\u00ed kuchyni dodaj\u00ed du\u0161i.\",\"potentialAction\":[{\"@type\":\"SearchAction\",\"target\":{\"@type\":\"EntryPoint\",\"urlTemplate\":\"https:\/\/www.teka.com\/cs-cz\/?s={search_term_string}\"},\"query-input\":{\"@type\":\"PropertyValueSpecification\",\"valueRequired\":true,\"valueName\":\"search_term_string\"}}],\"inLanguage\":\"cs\"}]}<\/script>\n<!-- \/ Yoast SEO plugin. -->","yoast_head_json":{"title":"TZ 6420 BK | Teka CZ\/SK - Kuchyn\u00edm d\u00e1v\u00e1me du\u0161i","robots":{"index":"index","follow":"follow","max-snippet":"max-snippet:-1","max-image-preview":"max-image-preview:large","max-video-preview":"max-video-preview:-1"},"canonical":"https:\/\/www.teka.com\/cs-cz\/produkt\/tz-6420-bk_40239020\/","og_locale":"cs_CZ","og_type":"article","og_title":"TZ 6420 BK | Teka CZ\/SK - Kuchyn\u00edm d\u00e1v\u00e1me du\u0161i","og_description":"Sklokeramick\u00e1 varn\u00e1 deska 60 cm Dotykov\u00e9 ovl\u00e1d\u00e1n\u00ed Keramick\u00e9 sklo, p\u0159edn\u00ed zkosen\u00e1 hrana 4 varn\u00e9 high light z\u00f3ny","og_url":"https:\/\/www.teka.com\/cs-cz\/produkt\/tz-6420-bk_40239020\/","og_site_name":"Teka CZ\/SK - Kuchyn\u00edm d\u00e1v\u00e1me du\u0161i","twitter_card":"summary_large_image","schema":{"@context":"https:\/\/schema.org","@graph":[{"@type":"WebPage","@id":"https:\/\/www.teka.com\/cs-cz\/produkt\/tz-6420-bk_40239020\/","url":"https:\/\/www.teka.com\/cs-cz\/produkt\/tz-6420-bk_40239020\/","name":"TZ 6420 BK | Teka CZ\/SK - Kuchyn\u00edm d\u00e1v\u00e1me du\u0161i","isPartOf":{"@id":"https:\/\/www.teka.com\/cs-cz\/#website"},"datePublished":"2026-04-07T17:49:51+00:00","inLanguage":"cs","potentialAction":[{"@type":"ReadAction","target":["https:\/\/www.teka.com\/cs-cz\/produkt\/tz-6420-bk_40239020\/"]}]},{"@type":"WebSite","@id":"https:\/\/www.teka.com\/cs-cz\/#website","url":"https:\/\/www.teka.com\/cs-cz\/","name":"Teka CZ\/SK - Kuchyn\u00edm d\u00e1v\u00e1me du\u0161i","description":"Teka navrhuje spot\u0159ebi\u010de, kter\u00e9 va\u0161\u00ed kuchyni dodaj\u00ed du\u0161i.","potentialAction":[{"@type":"SearchAction","target":{"@type":"EntryPoint","urlTemplate":"https:\/\/www.teka.com\/cs-cz\/?s={search_term_string}"},"query-input":{"@type":"PropertyValueSpecification","valueRequired":true,"valueName":"search_term_string"}}],"inLanguage":"cs"}]}},"_links":{"self":[{"href":"https:\/\/www.teka.com\/cs-cz\/wp-json\/wp\/v2\/product\/76135","targetHints":{"allow":["GET"]}}],"collection":[{"href":"https:\/\/www.teka.com\/cs-cz\/wp-json\/wp\/v2\/product"}],"about":[{"href":"https:\/\/www.teka.com\/cs-cz\/wp-json\/wp\/v2\/types\/product"}],"wp:attachment":[{"href":"https:\/\/www.teka.com\/cs-cz\/wp-json\/wp\/v2\/media?parent=76135"}],"wp:term":[{"taxonomy":"product_cat","embeddable":true,"href":"https:\/\/www.teka.com\/cs-cz\/wp-json\/wp\/v2\/product_cat?post=76135"},{"taxonomy":"product_cleaning_system","embeddable":true,"href":"https:\/\/www.teka.com\/cs-cz\/wp-json\/wp\/v2\/product_cleaning_system?post=76135"},{"taxonomy":"product_3rd_basket","embeddable":true,"href":"https:\/\/www.teka.com\/cs-cz\/wp-json\/wp\/v2\/product_3rd_basket?post=76135"},{"taxonomy":"product_drawers","embeddable":true,"href":"https:\/\/www.teka.com\/cs-cz\/wp-json\/wp\/v2\/product_drawers?post=76135"},{"taxonomy":"product_type_of_installation","embeddable":true,"href":"https:\/\/www.teka.com\/cs-cz\/wp-json\/wp\/v2\/product_type_of_installation?post=76135"},{"taxonomy":"product_edition","embeddable":true,"href":"https:\/\/www.teka.com\/cs-cz\/wp-json\/wp\/v2\/product_edition?post=76135"},{"taxonomy":"product_serie","embeddable":true,"href":"https:\/\/www.teka.com\/cs-cz\/wp-json\/wp\/v2\/product_serie?post=76135"},{"taxonomy":"product_features","embeddable":true,"href":"https:\/\/www.teka.com\/cs-cz\/wp-json\/wp\/v2\/product_features?post=76135"},{"taxonomy":"finishes","embeddable":true,"href":"https:\/\/www.teka.com\/cs-cz\/wp-json\/wp\/v2\/finishes?post=76135"},{"taxonomy":"product_bundles","embeddable":true,"href":"https:\/\/www.teka.com\/cs-cz\/wp-json\/wp\/v2\/product_bundles?post=76135"},{"taxonomy":"product_energy_efficiency","embeddable":true,"href":"https:\/\/www.teka.com\/cs-cz\/wp-json\/wp\/v2\/product_energy_efficiency?post=76135"},{"taxonomy":"product_video_training","embeddable":true,"href":"https:\/\/www.teka.com\/cs-cz\/wp-json\/wp\/v2\/product_video_training?post=76135"}],"curies":[{"name":"wp","href":"https:\/\/api.w.org\/{rel}","templated":true}]}}