{"id":76338,"date":"2026-04-27T04:49:24","date_gmt":"2026-04-27T04:49:24","guid":{"rendered":"https:\/\/teka.com\/en-int\/uni-3913_116080001"},"modified":"2026-03-14T09:09:24","modified_gmt":"2026-03-14T10:09:24","slug":"uni-3913_116080001","status":"publish","type":"product","link":"https:\/\/www.teka.com\/cs-cz\/produkt\/uni-3913_116080001\/","title":{"rendered":"UNI 3913 XP"},"content":{"rendered":"<ul>\n<li>Ekologick\u00e1 kuchy\u0148sk\u00e1 baterie s dvojit\u00fdm proudem pro filtrovanou a nefiltrovanou vodu<\/li>\n<li>Sni\u017euje spot\u0159ebu vody a energie p\u0159i ka\u017ed\u00e9m pou\u017eit\u00ed<\/li>\n<li>Kompletn\u011b vyrobeno z vysoce kvalitn\u00ed nerezov\u00e9 oceli (AISI 304)<\/li>\n<li>360\u00ba oto\u010dn\u00e9 ram\u00ednko<\/li>\n<\/ul>\n","protected":false},"featured_media":0,"parent":0,"template":"","product_cat":[3395],"product_cleaning_system":[],"product_3rd_basket":[],"product_drawers":[],"product_type_of_installation":[34386],"product_edition":[],"product_serie":[],"product_features":[],"finishes":[],"product_bundles":[],"product_energy_efficiency":[],"product_video_training":[],"class_list":["post-76338","product","type-product","status-publish","hentry","product_cat-kuchynske-baterie","color-nerezova-ocel","product_type_of_appliance-professional","product_icons-anti-scale_aerator","product_icons-eco","product_icons-high_resistance","product_icons-pull_out_shower","product_icons-inox","product_icons-purifier_filter","product_icons-swivel_spout","product_icons-easy_quick","product_type_of_installation-volne-stojici"],"acf":[],"yoast_head":"<!-- This site is optimized with the Yoast SEO plugin v27.5 - https:\/\/yoast.com\/product\/yoast-seo-wordpress\/ -->\n<title>UNI 3913 XP | Teka CZ\/SK - Kuchyn\u00edm d\u00e1v\u00e1me du\u0161i<\/title>\n<meta name=\"robots\" content=\"index, follow, max-snippet:-1, max-image-preview:large, max-video-preview:-1\" \/>\n<link rel=\"canonical\" href=\"https:\/\/www.teka.com\/cs-cz\/produkt\/uni-3913_116080001\/\" \/>\n<meta property=\"og:locale\" content=\"cs_CZ\" \/>\n<meta property=\"og:type\" content=\"article\" \/>\n<meta property=\"og:title\" content=\"UNI 3913 XP | Teka CZ\/SK - Kuchyn\u00edm d\u00e1v\u00e1me du\u0161i\" \/>\n<meta property=\"og:description\" content=\"Ekologick\u00e1 kuchy\u0148sk\u00e1 baterie s dvojit\u00fdm proudem pro filtrovanou a nefiltrovanou vodu Sni\u017euje spot\u0159ebu vody a energie p\u0159i ka\u017ed\u00e9m pou\u017eit\u00ed Kompletn\u011b vyrobeno z vysoce kvalitn\u00ed nerezov\u00e9 oceli (AISI 304) 360\u00ba oto\u010dn\u00e9 ram\u00ednko\" \/>\n<meta property=\"og:url\" content=\"https:\/\/www.teka.com\/cs-cz\/produkt\/uni-3913_116080001\/\" \/>\n<meta property=\"og:site_name\" content=\"Teka CZ\/SK - Kuchyn\u00edm d\u00e1v\u00e1me du\u0161i\" \/>\n<meta name=\"twitter:card\" content=\"summary_large_image\" \/>\n<script type=\"application\/ld+json\" class=\"yoast-schema-graph\">{\"@context\":\"https:\\\/\\\/schema.org\",\"@graph\":[{\"@type\":\"WebPage\",\"@id\":\"https:\\\/\\\/www.teka.com\\\/cs-cz\\\/produkt\\\/uni-3913_116080001\\\/\",\"url\":\"https:\\\/\\\/www.teka.com\\\/cs-cz\\\/produkt\\\/uni-3913_116080001\\\/\",\"name\":\"UNI 3913 XP | Teka CZ\\\/SK - Kuchyn\u00edm d\u00e1v\u00e1me du\u0161i\",\"isPartOf\":{\"@id\":\"https:\\\/\\\/www.teka.com\\\/cs-cz\\\/#website\"},\"datePublished\":\"2026-04-27T04:49:24+00:00\",\"inLanguage\":\"cs\",\"potentialAction\":[{\"@type\":\"ReadAction\",\"target\":[\"https:\\\/\\\/www.teka.com\\\/cs-cz\\\/produkt\\\/uni-3913_116080001\\\/\"]}]},{\"@type\":\"WebSite\",\"@id\":\"https:\\\/\\\/www.teka.com\\\/cs-cz\\\/#website\",\"url\":\"https:\\\/\\\/www.teka.com\\\/cs-cz\\\/\",\"name\":\"Teka CZ\\\/SK - Kuchyn\u00edm d\u00e1v\u00e1me du\u0161i\",\"description\":\"Teka navrhuje spot\u0159ebi\u010de, kter\u00e9 va\u0161\u00ed kuchyni dodaj\u00ed du\u0161i.\",\"potentialAction\":[{\"@type\":\"SearchAction\",\"target\":{\"@type\":\"EntryPoint\",\"urlTemplate\":\"https:\\\/\\\/www.teka.com\\\/cs-cz\\\/?s={search_term_string}\"},\"query-input\":{\"@type\":\"PropertyValueSpecification\",\"valueRequired\":true,\"valueName\":\"search_term_string\"}}],\"inLanguage\":\"cs\"}]}<\/script>\n<!-- \/ Yoast SEO plugin. -->","yoast_head_json":{"title":"UNI 3913 XP | Teka CZ\/SK - Kuchyn\u00edm d\u00e1v\u00e1me du\u0161i","robots":{"index":"index","follow":"follow","max-snippet":"max-snippet:-1","max-image-preview":"max-image-preview:large","max-video-preview":"max-video-preview:-1"},"canonical":"https:\/\/www.teka.com\/cs-cz\/produkt\/uni-3913_116080001\/","og_locale":"cs_CZ","og_type":"article","og_title":"UNI 3913 XP | Teka CZ\/SK - Kuchyn\u00edm d\u00e1v\u00e1me du\u0161i","og_description":"Ekologick\u00e1 kuchy\u0148sk\u00e1 baterie s dvojit\u00fdm proudem pro filtrovanou a nefiltrovanou vodu Sni\u017euje spot\u0159ebu vody a energie p\u0159i ka\u017ed\u00e9m pou\u017eit\u00ed Kompletn\u011b vyrobeno z vysoce kvalitn\u00ed nerezov\u00e9 oceli (AISI 304) 360\u00ba oto\u010dn\u00e9 ram\u00ednko","og_url":"https:\/\/www.teka.com\/cs-cz\/produkt\/uni-3913_116080001\/","og_site_name":"Teka CZ\/SK - Kuchyn\u00edm d\u00e1v\u00e1me du\u0161i","twitter_card":"summary_large_image","schema":{"@context":"https:\/\/schema.org","@graph":[{"@type":"WebPage","@id":"https:\/\/www.teka.com\/cs-cz\/produkt\/uni-3913_116080001\/","url":"https:\/\/www.teka.com\/cs-cz\/produkt\/uni-3913_116080001\/","name":"UNI 3913 XP | Teka CZ\/SK - Kuchyn\u00edm d\u00e1v\u00e1me du\u0161i","isPartOf":{"@id":"https:\/\/www.teka.com\/cs-cz\/#website"},"datePublished":"2026-04-27T04:49:24+00:00","inLanguage":"cs","potentialAction":[{"@type":"ReadAction","target":["https:\/\/www.teka.com\/cs-cz\/produkt\/uni-3913_116080001\/"]}]},{"@type":"WebSite","@id":"https:\/\/www.teka.com\/cs-cz\/#website","url":"https:\/\/www.teka.com\/cs-cz\/","name":"Teka CZ\/SK - Kuchyn\u00edm d\u00e1v\u00e1me du\u0161i","description":"Teka navrhuje spot\u0159ebi\u010de, kter\u00e9 va\u0161\u00ed kuchyni dodaj\u00ed du\u0161i.","potentialAction":[{"@type":"SearchAction","target":{"@type":"EntryPoint","urlTemplate":"https:\/\/www.teka.com\/cs-cz\/?s={search_term_string}"},"query-input":{"@type":"PropertyValueSpecification","valueRequired":true,"valueName":"search_term_string"}}],"inLanguage":"cs"}]}},"_links":{"self":[{"href":"https:\/\/www.teka.com\/cs-cz\/wp-json\/wp\/v2\/product\/76338","targetHints":{"allow":["GET"]}}],"collection":[{"href":"https:\/\/www.teka.com\/cs-cz\/wp-json\/wp\/v2\/product"}],"about":[{"href":"https:\/\/www.teka.com\/cs-cz\/wp-json\/wp\/v2\/types\/product"}],"wp:attachment":[{"href":"https:\/\/www.teka.com\/cs-cz\/wp-json\/wp\/v2\/media?parent=76338"}],"wp:term":[{"taxonomy":"product_cat","embeddable":true,"href":"https:\/\/www.teka.com\/cs-cz\/wp-json\/wp\/v2\/product_cat?post=76338"},{"taxonomy":"product_cleaning_system","embeddable":true,"href":"https:\/\/www.teka.com\/cs-cz\/wp-json\/wp\/v2\/product_cleaning_system?post=76338"},{"taxonomy":"product_3rd_basket","embeddable":true,"href":"https:\/\/www.teka.com\/cs-cz\/wp-json\/wp\/v2\/product_3rd_basket?post=76338"},{"taxonomy":"product_drawers","embeddable":true,"href":"https:\/\/www.teka.com\/cs-cz\/wp-json\/wp\/v2\/product_drawers?post=76338"},{"taxonomy":"product_type_of_installation","embeddable":true,"href":"https:\/\/www.teka.com\/cs-cz\/wp-json\/wp\/v2\/product_type_of_installation?post=76338"},{"taxonomy":"product_edition","embeddable":true,"href":"https:\/\/www.teka.com\/cs-cz\/wp-json\/wp\/v2\/product_edition?post=76338"},{"taxonomy":"product_serie","embeddable":true,"href":"https:\/\/www.teka.com\/cs-cz\/wp-json\/wp\/v2\/product_serie?post=76338"},{"taxonomy":"product_features","embeddable":true,"href":"https:\/\/www.teka.com\/cs-cz\/wp-json\/wp\/v2\/product_features?post=76338"},{"taxonomy":"finishes","embeddable":true,"href":"https:\/\/www.teka.com\/cs-cz\/wp-json\/wp\/v2\/finishes?post=76338"},{"taxonomy":"product_bundles","embeddable":true,"href":"https:\/\/www.teka.com\/cs-cz\/wp-json\/wp\/v2\/product_bundles?post=76338"},{"taxonomy":"product_energy_efficiency","embeddable":true,"href":"https:\/\/www.teka.com\/cs-cz\/wp-json\/wp\/v2\/product_energy_efficiency?post=76338"},{"taxonomy":"product_video_training","embeddable":true,"href":"https:\/\/www.teka.com\/cs-cz\/wp-json\/wp\/v2\/product_video_training?post=76338"}],"curies":[{"name":"wp","href":"https:\/\/api.w.org\/{rel}","templated":true}]}}