{"id":76406,"date":"2026-04-07T21:17:57","date_gmt":"2026-04-07T21:17:57","guid":{"rendered":"https:\/\/teka.com\/en-int\/neo-ms-6220-bis-l-fbk_112040011"},"modified":"2026-03-17T11:34:20","modified_gmt":"2026-03-17T12:34:20","slug":"neo-ms-6220-bis-l-fbk_112040011","status":"publish","type":"product","link":"https:\/\/www.teka.com\/cs-cz\/produkt\/neo-ms-6220-bis-l-fbk_112040011\/","title":{"rendered":"NEO MS 6220 BIS L FBK"},"content":{"rendered":"<ul>\n<li>Vestavn\u00e1 mikrovlnn\u00e1 trouba, 39 cm<\/li>\n<li>\u0158ada NEO &#8211; nov\u00fd modern\u00ed design<\/li>\n<li>\u0160ir\u0161\u00ed LED displej<\/li>\n<li>Objem: 22 l<\/li>\n<li>5 \u00farovn\u00ed mikrovlnn\u00e9ho oh\u0159evu<\/li>\n<li>Pam\u011b\u0165 pro 3 pracovn\u00ed postupy<\/li>\n<\/ul>\n","protected":false},"featured_media":0,"parent":0,"template":"","product_cat":[3398],"product_cleaning_system":[],"product_3rd_basket":[],"product_drawers":[],"product_type_of_installation":[],"product_edition":[],"product_serie":[],"product_features":[],"finishes":[],"product_bundles":[],"product_energy_efficiency":[],"product_video_training":[35056,35057],"class_list":["post-76406","product","type-product","status-publish","hentry","product_cat-mikrovlnne-trouby","usp-microwaves-01","color-full-black","product_ambient-neo-series-03","product_ambient-neo-series-04","product_icons-22l","product_icons-defrost-by-time","product_icons-defrost-by-weight","product_icons-direct-access-menu","product_icons-electronic-door-opening","product_video_training-traininghoods-07","product_video_training-traininghoods-08"],"acf":[],"yoast_head":"<!-- This site is optimized with the Yoast SEO plugin v27.2 - https:\/\/yoast.com\/product\/yoast-seo-wordpress\/ -->\n<title>NEO MS 6220 BIS L FBK | Teka CZ\/SK - Kuchyn\u00edm d\u00e1v\u00e1me du\u0161i<\/title>\n<meta name=\"robots\" content=\"index, follow, max-snippet:-1, max-image-preview:large, max-video-preview:-1\" \/>\n<link rel=\"canonical\" href=\"https:\/\/www.teka.com\/cs-cz\/produkt\/neo-ms-6220-bis-l-fbk_112040011\/\" \/>\n<meta property=\"og:locale\" content=\"cs_CZ\" \/>\n<meta property=\"og:type\" content=\"article\" \/>\n<meta property=\"og:title\" content=\"NEO MS 6220 BIS L FBK | Teka CZ\/SK - Kuchyn\u00edm d\u00e1v\u00e1me du\u0161i\" \/>\n<meta property=\"og:description\" content=\"Vestavn\u00e1 mikrovlnn\u00e1 trouba, 39 cm \u0158ada NEO &#8211; nov\u00fd modern\u00ed design \u0160ir\u0161\u00ed LED displej Objem: 22 l 5 \u00farovn\u00ed mikrovlnn\u00e9ho oh\u0159evu Pam\u011b\u0165 pro 3 pracovn\u00ed postupy\" \/>\n<meta property=\"og:url\" content=\"https:\/\/www.teka.com\/cs-cz\/produkt\/neo-ms-6220-bis-l-fbk_112040011\/\" \/>\n<meta property=\"og:site_name\" content=\"Teka CZ\/SK - Kuchyn\u00edm d\u00e1v\u00e1me du\u0161i\" \/>\n<meta name=\"twitter:card\" content=\"summary_large_image\" \/>\n<script type=\"application\/ld+json\" class=\"yoast-schema-graph\">{\"@context\":\"https:\/\/schema.org\",\"@graph\":[{\"@type\":\"WebPage\",\"@id\":\"https:\/\/www.teka.com\/cs-cz\/produkt\/neo-ms-6220-bis-l-fbk_112040011\/\",\"url\":\"https:\/\/www.teka.com\/cs-cz\/produkt\/neo-ms-6220-bis-l-fbk_112040011\/\",\"name\":\"NEO MS 6220 BIS L FBK | Teka CZ\/SK - Kuchyn\u00edm d\u00e1v\u00e1me du\u0161i\",\"isPartOf\":{\"@id\":\"https:\/\/www.teka.com\/cs-cz\/#website\"},\"datePublished\":\"2026-04-07T21:17:57+00:00\",\"inLanguage\":\"cs\",\"potentialAction\":[{\"@type\":\"ReadAction\",\"target\":[\"https:\/\/www.teka.com\/cs-cz\/produkt\/neo-ms-6220-bis-l-fbk_112040011\/\"]}]},{\"@type\":\"WebSite\",\"@id\":\"https:\/\/www.teka.com\/cs-cz\/#website\",\"url\":\"https:\/\/www.teka.com\/cs-cz\/\",\"name\":\"Teka CZ\/SK - Kuchyn\u00edm d\u00e1v\u00e1me du\u0161i\",\"description\":\"Teka navrhuje spot\u0159ebi\u010de, kter\u00e9 va\u0161\u00ed kuchyni dodaj\u00ed du\u0161i.\",\"potentialAction\":[{\"@type\":\"SearchAction\",\"target\":{\"@type\":\"EntryPoint\",\"urlTemplate\":\"https:\/\/www.teka.com\/cs-cz\/?s={search_term_string}\"},\"query-input\":{\"@type\":\"PropertyValueSpecification\",\"valueRequired\":true,\"valueName\":\"search_term_string\"}}],\"inLanguage\":\"cs\"}]}<\/script>\n<!-- \/ Yoast SEO plugin. -->","yoast_head_json":{"title":"NEO MS 6220 BIS L FBK | Teka CZ\/SK - Kuchyn\u00edm d\u00e1v\u00e1me du\u0161i","robots":{"index":"index","follow":"follow","max-snippet":"max-snippet:-1","max-image-preview":"max-image-preview:large","max-video-preview":"max-video-preview:-1"},"canonical":"https:\/\/www.teka.com\/cs-cz\/produkt\/neo-ms-6220-bis-l-fbk_112040011\/","og_locale":"cs_CZ","og_type":"article","og_title":"NEO MS 6220 BIS L FBK | Teka CZ\/SK - Kuchyn\u00edm d\u00e1v\u00e1me du\u0161i","og_description":"Vestavn\u00e1 mikrovlnn\u00e1 trouba, 39 cm \u0158ada NEO &#8211; nov\u00fd modern\u00ed design \u0160ir\u0161\u00ed LED displej Objem: 22 l 5 \u00farovn\u00ed mikrovlnn\u00e9ho oh\u0159evu Pam\u011b\u0165 pro 3 pracovn\u00ed postupy","og_url":"https:\/\/www.teka.com\/cs-cz\/produkt\/neo-ms-6220-bis-l-fbk_112040011\/","og_site_name":"Teka CZ\/SK - Kuchyn\u00edm d\u00e1v\u00e1me du\u0161i","twitter_card":"summary_large_image","schema":{"@context":"https:\/\/schema.org","@graph":[{"@type":"WebPage","@id":"https:\/\/www.teka.com\/cs-cz\/produkt\/neo-ms-6220-bis-l-fbk_112040011\/","url":"https:\/\/www.teka.com\/cs-cz\/produkt\/neo-ms-6220-bis-l-fbk_112040011\/","name":"NEO MS 6220 BIS L FBK | Teka CZ\/SK - Kuchyn\u00edm d\u00e1v\u00e1me du\u0161i","isPartOf":{"@id":"https:\/\/www.teka.com\/cs-cz\/#website"},"datePublished":"2026-04-07T21:17:57+00:00","inLanguage":"cs","potentialAction":[{"@type":"ReadAction","target":["https:\/\/www.teka.com\/cs-cz\/produkt\/neo-ms-6220-bis-l-fbk_112040011\/"]}]},{"@type":"WebSite","@id":"https:\/\/www.teka.com\/cs-cz\/#website","url":"https:\/\/www.teka.com\/cs-cz\/","name":"Teka CZ\/SK - Kuchyn\u00edm d\u00e1v\u00e1me du\u0161i","description":"Teka navrhuje spot\u0159ebi\u010de, kter\u00e9 va\u0161\u00ed kuchyni dodaj\u00ed du\u0161i.","potentialAction":[{"@type":"SearchAction","target":{"@type":"EntryPoint","urlTemplate":"https:\/\/www.teka.com\/cs-cz\/?s={search_term_string}"},"query-input":{"@type":"PropertyValueSpecification","valueRequired":true,"valueName":"search_term_string"}}],"inLanguage":"cs"}]}},"_links":{"self":[{"href":"https:\/\/www.teka.com\/cs-cz\/wp-json\/wp\/v2\/product\/76406","targetHints":{"allow":["GET"]}}],"collection":[{"href":"https:\/\/www.teka.com\/cs-cz\/wp-json\/wp\/v2\/product"}],"about":[{"href":"https:\/\/www.teka.com\/cs-cz\/wp-json\/wp\/v2\/types\/product"}],"wp:attachment":[{"href":"https:\/\/www.teka.com\/cs-cz\/wp-json\/wp\/v2\/media?parent=76406"}],"wp:term":[{"taxonomy":"product_cat","embeddable":true,"href":"https:\/\/www.teka.com\/cs-cz\/wp-json\/wp\/v2\/product_cat?post=76406"},{"taxonomy":"product_cleaning_system","embeddable":true,"href":"https:\/\/www.teka.com\/cs-cz\/wp-json\/wp\/v2\/product_cleaning_system?post=76406"},{"taxonomy":"product_3rd_basket","embeddable":true,"href":"https:\/\/www.teka.com\/cs-cz\/wp-json\/wp\/v2\/product_3rd_basket?post=76406"},{"taxonomy":"product_drawers","embeddable":true,"href":"https:\/\/www.teka.com\/cs-cz\/wp-json\/wp\/v2\/product_drawers?post=76406"},{"taxonomy":"product_type_of_installation","embeddable":true,"href":"https:\/\/www.teka.com\/cs-cz\/wp-json\/wp\/v2\/product_type_of_installation?post=76406"},{"taxonomy":"product_edition","embeddable":true,"href":"https:\/\/www.teka.com\/cs-cz\/wp-json\/wp\/v2\/product_edition?post=76406"},{"taxonomy":"product_serie","embeddable":true,"href":"https:\/\/www.teka.com\/cs-cz\/wp-json\/wp\/v2\/product_serie?post=76406"},{"taxonomy":"product_features","embeddable":true,"href":"https:\/\/www.teka.com\/cs-cz\/wp-json\/wp\/v2\/product_features?post=76406"},{"taxonomy":"finishes","embeddable":true,"href":"https:\/\/www.teka.com\/cs-cz\/wp-json\/wp\/v2\/finishes?post=76406"},{"taxonomy":"product_bundles","embeddable":true,"href":"https:\/\/www.teka.com\/cs-cz\/wp-json\/wp\/v2\/product_bundles?post=76406"},{"taxonomy":"product_energy_efficiency","embeddable":true,"href":"https:\/\/www.teka.com\/cs-cz\/wp-json\/wp\/v2\/product_energy_efficiency?post=76406"},{"taxonomy":"product_video_training","embeddable":true,"href":"https:\/\/www.teka.com\/cs-cz\/wp-json\/wp\/v2\/product_video_training?post=76406"}],"curies":[{"name":"wp","href":"https:\/\/api.w.org\/{rel}","templated":true}]}}