{"id":76418,"date":"2026-04-07T21:22:09","date_gmt":"2026-04-07T21:22:09","guid":{"rendered":"https:\/\/teka.com\/pl-pl\/twf-330_118510002"},"modified":"2026-03-21T09:29:33","modified_gmt":"2026-03-21T10:29:33","slug":"twf-330_118510002","status":"publish","type":"product","link":"https:\/\/www.teka.com\/cs-cz\/produkt\/twf-330_118510002\/","title":{"rendered":"TWF 330"},"content":{"rendered":"<ul>\n<li>T\u0159\u00edstup\u0148ov\u00fd vodn\u00ed filtr pod d\u0159ez<\/li>\n<li>3 stupn\u011b filtrace: PP, uhl\u00edk + anti-olovo, miner\u00e1ly<\/li>\n<li>Kompaktn\u00ed design pod d\u0159ez<\/li>\n<li>Sni\u017euje obsah t\u011b\u017ek\u00fdch kov\u016f a chl\u00f3ru<\/li>\n<li>Zlep\u0161uje miner\u00e1ln\u00ed rovnov\u00e1hu<\/li>\n<li>Vysok\u00fd pr\u016ftok: a\u017e 2 l\/min<\/li>\n<li>Snadn\u00e1 instalace, bez elekt\u0159iny<\/li>\n<li>\u017divotnost jedn\u00e9 vlo\u017eky a\u017e 12 m\u011bs\u00edc\u016f<\/li>\n<\/ul>\n","protected":false},"featured_media":0,"parent":0,"template":"","product_cat":[35229],"product_cleaning_system":[],"product_3rd_basket":[],"product_drawers":[],"product_type_of_installation":[],"product_edition":[],"product_serie":[],"product_features":[],"finishes":[],"product_bundles":[],"product_energy_efficiency":[],"product_video_training":[],"class_list":["post-76418","product","type-product","status-publish","hentry","product_cat-undersink-drinking-systems","color-cerna"],"acf":[],"yoast_head":"<!-- This site is optimized with the Yoast SEO plugin v27.2 - https:\/\/yoast.com\/product\/yoast-seo-wordpress\/ -->\n<title>TWF 330 | Teka CZ\/SK - Kuchyn\u00edm d\u00e1v\u00e1me du\u0161i<\/title>\n<meta name=\"robots\" content=\"index, follow, max-snippet:-1, max-image-preview:large, max-video-preview:-1\" \/>\n<link rel=\"canonical\" href=\"https:\/\/www.teka.com\/cs-cz\/produkt\/twf-330_118510002\/\" \/>\n<meta property=\"og:locale\" content=\"cs_CZ\" \/>\n<meta property=\"og:type\" content=\"article\" \/>\n<meta property=\"og:title\" content=\"TWF 330 | Teka CZ\/SK - Kuchyn\u00edm d\u00e1v\u00e1me du\u0161i\" \/>\n<meta property=\"og:description\" content=\"T\u0159\u00edstup\u0148ov\u00fd vodn\u00ed filtr pod d\u0159ez 3 stupn\u011b filtrace: PP, uhl\u00edk + anti-olovo, miner\u00e1ly Kompaktn\u00ed design pod d\u0159ez Sni\u017euje obsah t\u011b\u017ek\u00fdch kov\u016f a chl\u00f3ru Zlep\u0161uje miner\u00e1ln\u00ed rovnov\u00e1hu Vysok\u00fd pr\u016ftok: a\u017e 2 l\/min Snadn\u00e1 instalace, bez elekt\u0159iny \u017divotnost jedn\u00e9 vlo\u017eky a\u017e 12 m\u011bs\u00edc\u016f\" \/>\n<meta property=\"og:url\" content=\"https:\/\/www.teka.com\/cs-cz\/produkt\/twf-330_118510002\/\" \/>\n<meta property=\"og:site_name\" content=\"Teka CZ\/SK - Kuchyn\u00edm d\u00e1v\u00e1me du\u0161i\" \/>\n<meta name=\"twitter:card\" content=\"summary_large_image\" \/>\n<script type=\"application\/ld+json\" class=\"yoast-schema-graph\">{\"@context\":\"https:\/\/schema.org\",\"@graph\":[{\"@type\":\"WebPage\",\"@id\":\"https:\/\/www.teka.com\/cs-cz\/produkt\/twf-330_118510002\/\",\"url\":\"https:\/\/www.teka.com\/cs-cz\/produkt\/twf-330_118510002\/\",\"name\":\"TWF 330 | Teka CZ\/SK - Kuchyn\u00edm d\u00e1v\u00e1me du\u0161i\",\"isPartOf\":{\"@id\":\"https:\/\/www.teka.com\/cs-cz\/#website\"},\"datePublished\":\"2026-04-07T21:22:09+00:00\",\"inLanguage\":\"cs\",\"potentialAction\":[{\"@type\":\"ReadAction\",\"target\":[\"https:\/\/www.teka.com\/cs-cz\/produkt\/twf-330_118510002\/\"]}]},{\"@type\":\"WebSite\",\"@id\":\"https:\/\/www.teka.com\/cs-cz\/#website\",\"url\":\"https:\/\/www.teka.com\/cs-cz\/\",\"name\":\"Teka CZ\/SK - Kuchyn\u00edm d\u00e1v\u00e1me du\u0161i\",\"description\":\"Teka navrhuje spot\u0159ebi\u010de, kter\u00e9 va\u0161\u00ed kuchyni dodaj\u00ed du\u0161i.\",\"potentialAction\":[{\"@type\":\"SearchAction\",\"target\":{\"@type\":\"EntryPoint\",\"urlTemplate\":\"https:\/\/www.teka.com\/cs-cz\/?s={search_term_string}\"},\"query-input\":{\"@type\":\"PropertyValueSpecification\",\"valueRequired\":true,\"valueName\":\"search_term_string\"}}],\"inLanguage\":\"cs\"}]}<\/script>\n<!-- \/ Yoast SEO plugin. -->","yoast_head_json":{"title":"TWF 330 | Teka CZ\/SK - Kuchyn\u00edm d\u00e1v\u00e1me du\u0161i","robots":{"index":"index","follow":"follow","max-snippet":"max-snippet:-1","max-image-preview":"max-image-preview:large","max-video-preview":"max-video-preview:-1"},"canonical":"https:\/\/www.teka.com\/cs-cz\/produkt\/twf-330_118510002\/","og_locale":"cs_CZ","og_type":"article","og_title":"TWF 330 | Teka CZ\/SK - Kuchyn\u00edm d\u00e1v\u00e1me du\u0161i","og_description":"T\u0159\u00edstup\u0148ov\u00fd vodn\u00ed filtr pod d\u0159ez 3 stupn\u011b filtrace: PP, uhl\u00edk + anti-olovo, miner\u00e1ly Kompaktn\u00ed design pod d\u0159ez Sni\u017euje obsah t\u011b\u017ek\u00fdch kov\u016f a chl\u00f3ru Zlep\u0161uje miner\u00e1ln\u00ed rovnov\u00e1hu Vysok\u00fd pr\u016ftok: a\u017e 2 l\/min Snadn\u00e1 instalace, bez elekt\u0159iny \u017divotnost jedn\u00e9 vlo\u017eky a\u017e 12 m\u011bs\u00edc\u016f","og_url":"https:\/\/www.teka.com\/cs-cz\/produkt\/twf-330_118510002\/","og_site_name":"Teka CZ\/SK - Kuchyn\u00edm d\u00e1v\u00e1me du\u0161i","twitter_card":"summary_large_image","schema":{"@context":"https:\/\/schema.org","@graph":[{"@type":"WebPage","@id":"https:\/\/www.teka.com\/cs-cz\/produkt\/twf-330_118510002\/","url":"https:\/\/www.teka.com\/cs-cz\/produkt\/twf-330_118510002\/","name":"TWF 330 | Teka CZ\/SK - Kuchyn\u00edm d\u00e1v\u00e1me du\u0161i","isPartOf":{"@id":"https:\/\/www.teka.com\/cs-cz\/#website"},"datePublished":"2026-04-07T21:22:09+00:00","inLanguage":"cs","potentialAction":[{"@type":"ReadAction","target":["https:\/\/www.teka.com\/cs-cz\/produkt\/twf-330_118510002\/"]}]},{"@type":"WebSite","@id":"https:\/\/www.teka.com\/cs-cz\/#website","url":"https:\/\/www.teka.com\/cs-cz\/","name":"Teka CZ\/SK - Kuchyn\u00edm d\u00e1v\u00e1me du\u0161i","description":"Teka navrhuje spot\u0159ebi\u010de, kter\u00e9 va\u0161\u00ed kuchyni dodaj\u00ed du\u0161i.","potentialAction":[{"@type":"SearchAction","target":{"@type":"EntryPoint","urlTemplate":"https:\/\/www.teka.com\/cs-cz\/?s={search_term_string}"},"query-input":{"@type":"PropertyValueSpecification","valueRequired":true,"valueName":"search_term_string"}}],"inLanguage":"cs"}]}},"_links":{"self":[{"href":"https:\/\/www.teka.com\/cs-cz\/wp-json\/wp\/v2\/product\/76418","targetHints":{"allow":["GET"]}}],"collection":[{"href":"https:\/\/www.teka.com\/cs-cz\/wp-json\/wp\/v2\/product"}],"about":[{"href":"https:\/\/www.teka.com\/cs-cz\/wp-json\/wp\/v2\/types\/product"}],"wp:attachment":[{"href":"https:\/\/www.teka.com\/cs-cz\/wp-json\/wp\/v2\/media?parent=76418"}],"wp:term":[{"taxonomy":"product_cat","embeddable":true,"href":"https:\/\/www.teka.com\/cs-cz\/wp-json\/wp\/v2\/product_cat?post=76418"},{"taxonomy":"product_cleaning_system","embeddable":true,"href":"https:\/\/www.teka.com\/cs-cz\/wp-json\/wp\/v2\/product_cleaning_system?post=76418"},{"taxonomy":"product_3rd_basket","embeddable":true,"href":"https:\/\/www.teka.com\/cs-cz\/wp-json\/wp\/v2\/product_3rd_basket?post=76418"},{"taxonomy":"product_drawers","embeddable":true,"href":"https:\/\/www.teka.com\/cs-cz\/wp-json\/wp\/v2\/product_drawers?post=76418"},{"taxonomy":"product_type_of_installation","embeddable":true,"href":"https:\/\/www.teka.com\/cs-cz\/wp-json\/wp\/v2\/product_type_of_installation?post=76418"},{"taxonomy":"product_edition","embeddable":true,"href":"https:\/\/www.teka.com\/cs-cz\/wp-json\/wp\/v2\/product_edition?post=76418"},{"taxonomy":"product_serie","embeddable":true,"href":"https:\/\/www.teka.com\/cs-cz\/wp-json\/wp\/v2\/product_serie?post=76418"},{"taxonomy":"product_features","embeddable":true,"href":"https:\/\/www.teka.com\/cs-cz\/wp-json\/wp\/v2\/product_features?post=76418"},{"taxonomy":"finishes","embeddable":true,"href":"https:\/\/www.teka.com\/cs-cz\/wp-json\/wp\/v2\/finishes?post=76418"},{"taxonomy":"product_bundles","embeddable":true,"href":"https:\/\/www.teka.com\/cs-cz\/wp-json\/wp\/v2\/product_bundles?post=76418"},{"taxonomy":"product_energy_efficiency","embeddable":true,"href":"https:\/\/www.teka.com\/cs-cz\/wp-json\/wp\/v2\/product_energy_efficiency?post=76418"},{"taxonomy":"product_video_training","embeddable":true,"href":"https:\/\/www.teka.com\/cs-cz\/wp-json\/wp\/v2\/product_video_training?post=76418"}],"curies":[{"name":"wp","href":"https:\/\/api.w.org\/{rel}","templated":true}]}}