{"id":76423,"date":"2026-04-07T20:27:11","date_gmt":"2026-04-07T20:27:11","guid":{"rendered":"https:\/\/teka.com\/en-int\/dvt-68660-tbs-bk_112930039"},"modified":"2026-03-14T07:24:45","modified_gmt":"2026-03-14T08:24:45","slug":"dvt-68660-tbs-bk_112930039","status":"publish","type":"product","link":"https:\/\/www.teka.com\/cs-cz\/produkt\/dvt-68660-tbs-bk_112930039\/","title":{"rendered":"DVT 68660 TBS BK"},"content":{"rendered":"<ul>\n<li>Kom\u00ednov\u00fd odsava\u010d par 60 cm<\/li>\n<li>Syst\u00e9m obvodov\u00e9ho ods\u00e1v\u00e1n\u00ed<\/li>\n<li>Ovl\u00e1d\u00e1n\u00ed dotykov\u00fdm displejem<\/li>\n<li>Funkce \u010derstv\u00e9ho vzduchu FreshAir<\/li>\n<li>Celosklen\u011bn\u00fd design<\/li>\n<li>3 rychlosti + 1 intenzivn\u00ed<\/li>\n<li>Kapacita odtahu: min. 307, max. 584, intenz. 698 m3\/h<\/li>\n<\/ul>\n","protected":false},"featured_media":0,"parent":0,"template":"","product_cat":[3397],"product_cleaning_system":[],"product_3rd_basket":[],"product_drawers":[],"product_type_of_installation":[],"product_edition":[34432],"product_serie":[],"product_features":[],"finishes":[],"product_bundles":[],"product_energy_efficiency":[34981],"product_video_training":[],"class_list":["post-76423","product","type-product","status-publish","hentry","product_cat-digestore","usp-hoods-06","usp-hoods-08","usp-hoods-09","usp-hoods-10","usp-hoods-11","usp-hoods-13","usp-hoods-14","usp-hoods-07","color-cerne-sklo","product_type_of_appliance-dekorativni","product_ambient-urban-colors-01","product_ambient-urban-colors-02","product_ambient-urban-colors-03","product_icons-freshair","product_icons-led","product_icons-perimeter-extraction","product_icons-stop-delay-timer","product_edition-night-river-black","product_energy_efficiency-a-plus-icon"],"acf":[],"yoast_head":"<!-- This site is optimized with the Yoast SEO plugin v27.2 - https:\/\/yoast.com\/product\/yoast-seo-wordpress\/ -->\n<title>DVT 68660 TBS BK | Teka CZ\/SK - Kuchyn\u00edm d\u00e1v\u00e1me du\u0161i<\/title>\n<meta name=\"robots\" content=\"index, follow, max-snippet:-1, max-image-preview:large, max-video-preview:-1\" \/>\n<link rel=\"canonical\" href=\"https:\/\/www.teka.com\/cs-cz\/produkt\/dvt-68660-tbs-bk_112930039\/\" \/>\n<meta property=\"og:locale\" content=\"cs_CZ\" \/>\n<meta property=\"og:type\" content=\"article\" \/>\n<meta property=\"og:title\" content=\"DVT 68660 TBS BK | Teka CZ\/SK - Kuchyn\u00edm d\u00e1v\u00e1me du\u0161i\" \/>\n<meta property=\"og:description\" content=\"Kom\u00ednov\u00fd odsava\u010d par 60 cm Syst\u00e9m obvodov\u00e9ho ods\u00e1v\u00e1n\u00ed Ovl\u00e1d\u00e1n\u00ed dotykov\u00fdm displejem Funkce \u010derstv\u00e9ho vzduchu FreshAir Celosklen\u011bn\u00fd design 3 rychlosti + 1 intenzivn\u00ed Kapacita odtahu: min. 307, max. 584, intenz. 698 m3\/h\" \/>\n<meta property=\"og:url\" content=\"https:\/\/www.teka.com\/cs-cz\/produkt\/dvt-68660-tbs-bk_112930039\/\" \/>\n<meta property=\"og:site_name\" content=\"Teka CZ\/SK - Kuchyn\u00edm d\u00e1v\u00e1me du\u0161i\" \/>\n<meta name=\"twitter:card\" content=\"summary_large_image\" \/>\n<script type=\"application\/ld+json\" class=\"yoast-schema-graph\">{\"@context\":\"https:\/\/schema.org\",\"@graph\":[{\"@type\":\"WebPage\",\"@id\":\"https:\/\/www.teka.com\/cs-cz\/produkt\/dvt-68660-tbs-bk_112930039\/\",\"url\":\"https:\/\/www.teka.com\/cs-cz\/produkt\/dvt-68660-tbs-bk_112930039\/\",\"name\":\"DVT 68660 TBS BK | Teka CZ\/SK - Kuchyn\u00edm d\u00e1v\u00e1me du\u0161i\",\"isPartOf\":{\"@id\":\"https:\/\/www.teka.com\/cs-cz\/#website\"},\"datePublished\":\"2026-04-07T20:27:11+00:00\",\"inLanguage\":\"cs\",\"potentialAction\":[{\"@type\":\"ReadAction\",\"target\":[\"https:\/\/www.teka.com\/cs-cz\/produkt\/dvt-68660-tbs-bk_112930039\/\"]}]},{\"@type\":\"WebSite\",\"@id\":\"https:\/\/www.teka.com\/cs-cz\/#website\",\"url\":\"https:\/\/www.teka.com\/cs-cz\/\",\"name\":\"Teka CZ\/SK - Kuchyn\u00edm d\u00e1v\u00e1me du\u0161i\",\"description\":\"Teka navrhuje spot\u0159ebi\u010de, kter\u00e9 va\u0161\u00ed kuchyni dodaj\u00ed du\u0161i.\",\"potentialAction\":[{\"@type\":\"SearchAction\",\"target\":{\"@type\":\"EntryPoint\",\"urlTemplate\":\"https:\/\/www.teka.com\/cs-cz\/?s={search_term_string}\"},\"query-input\":{\"@type\":\"PropertyValueSpecification\",\"valueRequired\":true,\"valueName\":\"search_term_string\"}}],\"inLanguage\":\"cs\"}]}<\/script>\n<!-- \/ Yoast SEO plugin. -->","yoast_head_json":{"title":"DVT 68660 TBS BK | Teka CZ\/SK - Kuchyn\u00edm d\u00e1v\u00e1me du\u0161i","robots":{"index":"index","follow":"follow","max-snippet":"max-snippet:-1","max-image-preview":"max-image-preview:large","max-video-preview":"max-video-preview:-1"},"canonical":"https:\/\/www.teka.com\/cs-cz\/produkt\/dvt-68660-tbs-bk_112930039\/","og_locale":"cs_CZ","og_type":"article","og_title":"DVT 68660 TBS BK | Teka CZ\/SK - Kuchyn\u00edm d\u00e1v\u00e1me du\u0161i","og_description":"Kom\u00ednov\u00fd odsava\u010d par 60 cm Syst\u00e9m obvodov\u00e9ho ods\u00e1v\u00e1n\u00ed Ovl\u00e1d\u00e1n\u00ed dotykov\u00fdm displejem Funkce \u010derstv\u00e9ho vzduchu FreshAir Celosklen\u011bn\u00fd design 3 rychlosti + 1 intenzivn\u00ed Kapacita odtahu: min. 307, max. 584, intenz. 698 m3\/h","og_url":"https:\/\/www.teka.com\/cs-cz\/produkt\/dvt-68660-tbs-bk_112930039\/","og_site_name":"Teka CZ\/SK - Kuchyn\u00edm d\u00e1v\u00e1me du\u0161i","twitter_card":"summary_large_image","schema":{"@context":"https:\/\/schema.org","@graph":[{"@type":"WebPage","@id":"https:\/\/www.teka.com\/cs-cz\/produkt\/dvt-68660-tbs-bk_112930039\/","url":"https:\/\/www.teka.com\/cs-cz\/produkt\/dvt-68660-tbs-bk_112930039\/","name":"DVT 68660 TBS BK | Teka CZ\/SK - Kuchyn\u00edm d\u00e1v\u00e1me du\u0161i","isPartOf":{"@id":"https:\/\/www.teka.com\/cs-cz\/#website"},"datePublished":"2026-04-07T20:27:11+00:00","inLanguage":"cs","potentialAction":[{"@type":"ReadAction","target":["https:\/\/www.teka.com\/cs-cz\/produkt\/dvt-68660-tbs-bk_112930039\/"]}]},{"@type":"WebSite","@id":"https:\/\/www.teka.com\/cs-cz\/#website","url":"https:\/\/www.teka.com\/cs-cz\/","name":"Teka CZ\/SK - Kuchyn\u00edm d\u00e1v\u00e1me du\u0161i","description":"Teka navrhuje spot\u0159ebi\u010de, kter\u00e9 va\u0161\u00ed kuchyni dodaj\u00ed du\u0161i.","potentialAction":[{"@type":"SearchAction","target":{"@type":"EntryPoint","urlTemplate":"https:\/\/www.teka.com\/cs-cz\/?s={search_term_string}"},"query-input":{"@type":"PropertyValueSpecification","valueRequired":true,"valueName":"search_term_string"}}],"inLanguage":"cs"}]}},"_links":{"self":[{"href":"https:\/\/www.teka.com\/cs-cz\/wp-json\/wp\/v2\/product\/76423","targetHints":{"allow":["GET"]}}],"collection":[{"href":"https:\/\/www.teka.com\/cs-cz\/wp-json\/wp\/v2\/product"}],"about":[{"href":"https:\/\/www.teka.com\/cs-cz\/wp-json\/wp\/v2\/types\/product"}],"wp:attachment":[{"href":"https:\/\/www.teka.com\/cs-cz\/wp-json\/wp\/v2\/media?parent=76423"}],"wp:term":[{"taxonomy":"product_cat","embeddable":true,"href":"https:\/\/www.teka.com\/cs-cz\/wp-json\/wp\/v2\/product_cat?post=76423"},{"taxonomy":"product_cleaning_system","embeddable":true,"href":"https:\/\/www.teka.com\/cs-cz\/wp-json\/wp\/v2\/product_cleaning_system?post=76423"},{"taxonomy":"product_3rd_basket","embeddable":true,"href":"https:\/\/www.teka.com\/cs-cz\/wp-json\/wp\/v2\/product_3rd_basket?post=76423"},{"taxonomy":"product_drawers","embeddable":true,"href":"https:\/\/www.teka.com\/cs-cz\/wp-json\/wp\/v2\/product_drawers?post=76423"},{"taxonomy":"product_type_of_installation","embeddable":true,"href":"https:\/\/www.teka.com\/cs-cz\/wp-json\/wp\/v2\/product_type_of_installation?post=76423"},{"taxonomy":"product_edition","embeddable":true,"href":"https:\/\/www.teka.com\/cs-cz\/wp-json\/wp\/v2\/product_edition?post=76423"},{"taxonomy":"product_serie","embeddable":true,"href":"https:\/\/www.teka.com\/cs-cz\/wp-json\/wp\/v2\/product_serie?post=76423"},{"taxonomy":"product_features","embeddable":true,"href":"https:\/\/www.teka.com\/cs-cz\/wp-json\/wp\/v2\/product_features?post=76423"},{"taxonomy":"finishes","embeddable":true,"href":"https:\/\/www.teka.com\/cs-cz\/wp-json\/wp\/v2\/finishes?post=76423"},{"taxonomy":"product_bundles","embeddable":true,"href":"https:\/\/www.teka.com\/cs-cz\/wp-json\/wp\/v2\/product_bundles?post=76423"},{"taxonomy":"product_energy_efficiency","embeddable":true,"href":"https:\/\/www.teka.com\/cs-cz\/wp-json\/wp\/v2\/product_energy_efficiency?post=76423"},{"taxonomy":"product_video_training","embeddable":true,"href":"https:\/\/www.teka.com\/cs-cz\/wp-json\/wp\/v2\/product_video_training?post=76423"}],"curies":[{"name":"wp","href":"https:\/\/api.w.org\/{rel}","templated":true}]}}