{"id":76577,"date":"2026-04-24T20:10:53","date_gmt":"2026-04-24T20:10:53","guid":{"rendered":"https:\/\/teka.com\/es-es\/dfi-74860_114310011"},"modified":"2026-04-24T06:05:14","modified_gmt":"2026-04-24T07:05:14","slug":"dfi-74860_114310011","status":"publish","type":"product","link":"https:\/\/www.teka.com\/cs-cz\/produkt\/dfi-74860_114310011\/","title":{"rendered":"DFI 74860"},"content":{"rendered":"<ul>\n<li>Pln\u011b integrovan\u00e1 my\u010dka 45 cm<\/li>\n<li>Elektronick\u00fd panel s LED displejem<\/li>\n<li>Rychl\u00e9 programy: 1H a Intenzivn\u00ed<\/li>\n<li>Speci\u00e1ln\u00ed funkce: Alternativn\u00ed myt\u00ed, P\u0159edmyt\u00ed, Express a Extra su\u0161en\u00ed<\/li>\n<li>Energetick\u00e1 t\u0159\u00edda C<\/li>\n<\/ul>\n","protected":false},"featured_media":0,"parent":0,"template":"","product_cat":[3404],"product_cleaning_system":[],"product_3rd_basket":[34393],"product_drawers":[],"product_type_of_installation":[34392],"product_edition":[],"product_serie":[],"product_features":[],"finishes":[],"product_bundles":[],"product_energy_efficiency":[34477],"product_video_training":[35058],"class_list":["post-76577","product","type-product","status-publish","hentry","product_cat-mycky","usp-dishwashers-02","usp-dishwashers-04","usp-dishwashers-11","usp-dishwashers-13","usp-dishwashers-14","usp-dishwashers-16","usp-dishwashers-18","usp-dishwashers-20","usp-dishwashers-21","usp-dishwashers-22","product_type_of_appliance-vestavne","product_icons-beam-on-floor","product_icons-eco-function","product_icons-third-cutlery-tray","product_icons-extra-dry-function","product_icons-premium-dry","product_icons-sliding-door","product_icons-smart-sensor","product_3rd_basket-3rd-basket","product_type_of_installation-vestavne","product_energy_efficiency-c-ue-icon-new","product_video_training-trainingdishwasers-01"],"acf":[],"yoast_head":"<!-- This site is optimized with the Yoast SEO plugin v27.2 - https:\/\/yoast.com\/product\/yoast-seo-wordpress\/ -->\n<title>DFI 74860 | Teka CZ\/SK - Kuchyn\u00edm d\u00e1v\u00e1me du\u0161i<\/title>\n<meta name=\"robots\" content=\"index, follow, max-snippet:-1, max-image-preview:large, max-video-preview:-1\" \/>\n<link rel=\"canonical\" href=\"https:\/\/www.teka.com\/cs-cz\/produkt\/dfi-74860_114310011\/\" \/>\n<meta property=\"og:locale\" content=\"cs_CZ\" \/>\n<meta property=\"og:type\" content=\"article\" \/>\n<meta property=\"og:title\" content=\"DFI 74860 | Teka CZ\/SK - Kuchyn\u00edm d\u00e1v\u00e1me du\u0161i\" \/>\n<meta property=\"og:description\" content=\"Pln\u011b integrovan\u00e1 my\u010dka 45 cm Elektronick\u00fd panel s LED displejem Rychl\u00e9 programy: 1H a Intenzivn\u00ed Speci\u00e1ln\u00ed funkce: Alternativn\u00ed myt\u00ed, P\u0159edmyt\u00ed, Express a Extra su\u0161en\u00ed Energetick\u00e1 t\u0159\u00edda C\" \/>\n<meta property=\"og:url\" content=\"https:\/\/www.teka.com\/cs-cz\/produkt\/dfi-74860_114310011\/\" \/>\n<meta property=\"og:site_name\" content=\"Teka CZ\/SK - Kuchyn\u00edm d\u00e1v\u00e1me du\u0161i\" \/>\n<meta name=\"twitter:card\" content=\"summary_large_image\" \/>\n<script type=\"application\/ld+json\" class=\"yoast-schema-graph\">{\"@context\":\"https:\/\/schema.org\",\"@graph\":[{\"@type\":\"WebPage\",\"@id\":\"https:\/\/www.teka.com\/cs-cz\/produkt\/dfi-74860_114310011\/\",\"url\":\"https:\/\/www.teka.com\/cs-cz\/produkt\/dfi-74860_114310011\/\",\"name\":\"DFI 74860 | Teka CZ\/SK - Kuchyn\u00edm d\u00e1v\u00e1me du\u0161i\",\"isPartOf\":{\"@id\":\"https:\/\/www.teka.com\/cs-cz\/#website\"},\"datePublished\":\"2026-04-24T20:10:53+00:00\",\"inLanguage\":\"cs\",\"potentialAction\":[{\"@type\":\"ReadAction\",\"target\":[\"https:\/\/www.teka.com\/cs-cz\/produkt\/dfi-74860_114310011\/\"]}]},{\"@type\":\"WebSite\",\"@id\":\"https:\/\/www.teka.com\/cs-cz\/#website\",\"url\":\"https:\/\/www.teka.com\/cs-cz\/\",\"name\":\"Teka CZ\/SK - Kuchyn\u00edm d\u00e1v\u00e1me du\u0161i\",\"description\":\"Teka navrhuje spot\u0159ebi\u010de, kter\u00e9 va\u0161\u00ed kuchyni dodaj\u00ed du\u0161i.\",\"potentialAction\":[{\"@type\":\"SearchAction\",\"target\":{\"@type\":\"EntryPoint\",\"urlTemplate\":\"https:\/\/www.teka.com\/cs-cz\/?s={search_term_string}\"},\"query-input\":{\"@type\":\"PropertyValueSpecification\",\"valueRequired\":true,\"valueName\":\"search_term_string\"}}],\"inLanguage\":\"cs\"}]}<\/script>\n<!-- \/ Yoast SEO plugin. -->","yoast_head_json":{"title":"DFI 74860 | Teka CZ\/SK - Kuchyn\u00edm d\u00e1v\u00e1me du\u0161i","robots":{"index":"index","follow":"follow","max-snippet":"max-snippet:-1","max-image-preview":"max-image-preview:large","max-video-preview":"max-video-preview:-1"},"canonical":"https:\/\/www.teka.com\/cs-cz\/produkt\/dfi-74860_114310011\/","og_locale":"cs_CZ","og_type":"article","og_title":"DFI 74860 | Teka CZ\/SK - Kuchyn\u00edm d\u00e1v\u00e1me du\u0161i","og_description":"Pln\u011b integrovan\u00e1 my\u010dka 45 cm Elektronick\u00fd panel s LED displejem Rychl\u00e9 programy: 1H a Intenzivn\u00ed Speci\u00e1ln\u00ed funkce: Alternativn\u00ed myt\u00ed, P\u0159edmyt\u00ed, Express a Extra su\u0161en\u00ed Energetick\u00e1 t\u0159\u00edda C","og_url":"https:\/\/www.teka.com\/cs-cz\/produkt\/dfi-74860_114310011\/","og_site_name":"Teka CZ\/SK - Kuchyn\u00edm d\u00e1v\u00e1me du\u0161i","twitter_card":"summary_large_image","schema":{"@context":"https:\/\/schema.org","@graph":[{"@type":"WebPage","@id":"https:\/\/www.teka.com\/cs-cz\/produkt\/dfi-74860_114310011\/","url":"https:\/\/www.teka.com\/cs-cz\/produkt\/dfi-74860_114310011\/","name":"DFI 74860 | Teka CZ\/SK - Kuchyn\u00edm d\u00e1v\u00e1me du\u0161i","isPartOf":{"@id":"https:\/\/www.teka.com\/cs-cz\/#website"},"datePublished":"2026-04-24T20:10:53+00:00","inLanguage":"cs","potentialAction":[{"@type":"ReadAction","target":["https:\/\/www.teka.com\/cs-cz\/produkt\/dfi-74860_114310011\/"]}]},{"@type":"WebSite","@id":"https:\/\/www.teka.com\/cs-cz\/#website","url":"https:\/\/www.teka.com\/cs-cz\/","name":"Teka CZ\/SK - Kuchyn\u00edm d\u00e1v\u00e1me du\u0161i","description":"Teka navrhuje spot\u0159ebi\u010de, kter\u00e9 va\u0161\u00ed kuchyni dodaj\u00ed du\u0161i.","potentialAction":[{"@type":"SearchAction","target":{"@type":"EntryPoint","urlTemplate":"https:\/\/www.teka.com\/cs-cz\/?s={search_term_string}"},"query-input":{"@type":"PropertyValueSpecification","valueRequired":true,"valueName":"search_term_string"}}],"inLanguage":"cs"}]}},"_links":{"self":[{"href":"https:\/\/www.teka.com\/cs-cz\/wp-json\/wp\/v2\/product\/76577","targetHints":{"allow":["GET"]}}],"collection":[{"href":"https:\/\/www.teka.com\/cs-cz\/wp-json\/wp\/v2\/product"}],"about":[{"href":"https:\/\/www.teka.com\/cs-cz\/wp-json\/wp\/v2\/types\/product"}],"wp:attachment":[{"href":"https:\/\/www.teka.com\/cs-cz\/wp-json\/wp\/v2\/media?parent=76577"}],"wp:term":[{"taxonomy":"product_cat","embeddable":true,"href":"https:\/\/www.teka.com\/cs-cz\/wp-json\/wp\/v2\/product_cat?post=76577"},{"taxonomy":"product_cleaning_system","embeddable":true,"href":"https:\/\/www.teka.com\/cs-cz\/wp-json\/wp\/v2\/product_cleaning_system?post=76577"},{"taxonomy":"product_3rd_basket","embeddable":true,"href":"https:\/\/www.teka.com\/cs-cz\/wp-json\/wp\/v2\/product_3rd_basket?post=76577"},{"taxonomy":"product_drawers","embeddable":true,"href":"https:\/\/www.teka.com\/cs-cz\/wp-json\/wp\/v2\/product_drawers?post=76577"},{"taxonomy":"product_type_of_installation","embeddable":true,"href":"https:\/\/www.teka.com\/cs-cz\/wp-json\/wp\/v2\/product_type_of_installation?post=76577"},{"taxonomy":"product_edition","embeddable":true,"href":"https:\/\/www.teka.com\/cs-cz\/wp-json\/wp\/v2\/product_edition?post=76577"},{"taxonomy":"product_serie","embeddable":true,"href":"https:\/\/www.teka.com\/cs-cz\/wp-json\/wp\/v2\/product_serie?post=76577"},{"taxonomy":"product_features","embeddable":true,"href":"https:\/\/www.teka.com\/cs-cz\/wp-json\/wp\/v2\/product_features?post=76577"},{"taxonomy":"finishes","embeddable":true,"href":"https:\/\/www.teka.com\/cs-cz\/wp-json\/wp\/v2\/finishes?post=76577"},{"taxonomy":"product_bundles","embeddable":true,"href":"https:\/\/www.teka.com\/cs-cz\/wp-json\/wp\/v2\/product_bundles?post=76577"},{"taxonomy":"product_energy_efficiency","embeddable":true,"href":"https:\/\/www.teka.com\/cs-cz\/wp-json\/wp\/v2\/product_energy_efficiency?post=76577"},{"taxonomy":"product_video_training","embeddable":true,"href":"https:\/\/www.teka.com\/cs-cz\/wp-json\/wp\/v2\/product_video_training?post=76577"}],"curies":[{"name":"wp","href":"https:\/\/api.w.org\/{rel}","templated":true}]}}