{"id":21989,"date":"2018-09-11T07:58:22","date_gmt":"2018-09-11T07:58:22","guid":{"rendered":"http:\/\/teka.com\/?page_id=21989"},"modified":"2019-06-14T09:30:21","modified_gmt":"2019-06-14T09:30:21","slug":"ueber-uns","status":"publish","type":"page","link":"https:\/\/www.teka.com\/de-at\/ueber-uns\/","title":{"rendered":"\u00dcber uns"},"content":{"rendered":"<p>[et_pb_section bb_built=&#8220;1&#8243; module_id=&#8220;teka-top&#8220; _builder_version=&#8220;3.17.6&#8243; background_image=&#8220;https:\/\/www.teka.com\/de-at\/wp-content\/uploads\/sites\/48\/2018\/11\/teka-slider-about-us-desktop.jpg&#8220; next_background_color=&#8220;#0e0e0e&#8220; global_module=&#8220;23211&#8243;][et_pb_row global_parent=&#8220;23211&#8243; _builder_version=&#8220;3.17.6&#8243; background_size=&#8220;initial&#8220; background_position=&#8220;top_left&#8220; background_repeat=&#8220;repeat&#8220;][et_pb_column type=&#8220;1_2&#8243;][et_pb_text admin_label=&#8220;Header Title&#8220; global_parent=&#8220;23211&#8243; _builder_version=&#8220;3.17.6&#8243; background_layout=&#8220;dark&#8220;]<\/p>\n<h3><strong>Teka Group<\/strong>,<br \/>German&nbsp;Origin<\/h3>\n<p>&nbsp;<\/p>\n<\/p>\n<p>[\/et_pb_text][\/et_pb_column][et_pb_column type=&#8220;1_2&#8243;][\/et_pb_column][\/et_pb_row][\/et_pb_section][et_pb_section bb_built=&#8220;1&#8243; specialty=&#8220;off&#8220; prev_background_color=&#8220;#ffffff&#8220; _builder_version=&#8220;3.14&#8243; module_id=&#8220;teka-menu&#8220; background_color=&#8220;#0e0e0e&#8220; next_background_color=&#8220;#ffffff&#8220; global_module=&#8220;23212&#8243;][et_pb_row global_parent=&#8220;23212&#8243; background_position=&#8220;top_left&#8220; background_repeat=&#8220;repeat&#8220; background_size=&#8220;initial&#8220;][et_pb_column type=&#8220;4_4&#8243;][et_pb_sidebar global_parent=&#8220;23212&#8243; _builder_version=&#8220;3.17.6&#8243; area=&#8220;et_pb_widget_area_7&#8243; background_layout=&#8220;dark&#8220; disabled=&#8220;off&#8220; disabled_on=&#8220;on|on|&#8220; \/][et_pb_sidebar admin_label=&#8220;Sidebar Tablet&#8220; global_parent=&#8220;23212&#8243; _builder_version=&#8220;3.17.6&#8243; area=&#8220;et_pb_widget_area_9&#8243; background_layout=&#8220;dark&#8220; disabled=&#8220;off&#8220; disabled_on=&#8220;on||on&#8220; \/][et_pb_sidebar admin_label=&#8220;Sidebar Mobile&#8220; global_parent=&#8220;23212&#8243; _builder_version=&#8220;3.17.6&#8243; area=&#8220;et_pb_widget_area_8&#8243; background_layout=&#8220;dark&#8220; disabled=&#8220;off&#8220; disabled_on=&#8220;|on|on&#8220; \/][\/et_pb_column][\/et_pb_row][\/et_pb_section][et_pb_section bb_built=&#8220;1&#8243; module_id=&#8220;about-us&#8220; _builder_version=&#8220;3.17.6&#8243; prev_background_color=&#8220;#0e0e0e&#8220; next_background_color=&#8220;#000000&#8243;][et_pb_row use_custom_width=&#8220;on&#8220; custom_padding=&#8220;32px|0px|32px|0px|false|false&#8220; _builder_version=&#8220;3.17.2&#8243; background_size=&#8220;initial&#8220; background_position=&#8220;top_left&#8220; background_repeat=&#8220;repeat&#8220; module_alignment=&#8220;center&#8220;][et_pb_column type=&#8220;4_4&#8243;][et_pb_text _builder_version=&#8220;3.19&#8243;]<\/p>\n<h1 style=\"text-align: center;\"><strong>Unvergessliche Momente<\/strong> schaffen<strong><br \/><\/strong><\/h1>\n<p>[\/et_pb_text][\/et_pb_column][\/et_pb_row][et_pb_row custom_padding=&#8220;24.9375px|0px|24px|0px|false|false&#8220; _builder_version=&#8220;3.0.48&#8243; background_size=&#8220;initial&#8220; background_position=&#8220;top_left&#8220; background_repeat=&#8220;repeat&#8220;][et_pb_column type=&#8220;4_4&#8243;][et_pb_text _builder_version=&#8220;3.19&#8243; max_width=&#8220;80%&#8220; module_alignment=&#8220;center&#8220;]<\/p>\n<h6 style=\"text-align: center;\">In allem was wir machen kombinieren wir <strong>Qualit\u00e4t, Benutzerfreundlichkeit<\/strong> und <strong>Effizienz<\/strong>, um die beste L\u00f6sung f\u00fcr Ihr Zuhause zu finden. Unser Hauptziel ist es, <strong>sinnvolle Erfahrungen<\/strong> zu machen, die Sie mit Ihren Lieben teilen k\u00f6nnen.<\/h6>\n<p>[\/et_pb_text][\/et_pb_column][\/et_pb_row][et_pb_row custom_padding=&#8220;24px|0px|24.9375px|0px|false|false&#8220; _builder_version=&#8220;3.0.48&#8243; background_size=&#8220;initial&#8220; background_position=&#8220;top_left&#8220; background_repeat=&#8220;repeat&#8220;][et_pb_column type=&#8220;4_4&#8243;][et_pb_divider color=&#8220;#b7b7b7&#8243; _builder_version=&#8220;3.19&#8243;]<\/p>\n<p>[\/et_pb_divider][et_pb_text _builder_version=&#8220;3.19&#8243;]<\/p>\n<h2 style=\"text-align: center;\">Koche wie Du lebst<\/h2>\n<p>[\/et_pb_text][\/et_pb_column][\/et_pb_row][et_pb_row _builder_version=&#8220;3.0.48&#8243; background_size=&#8220;initial&#8220; background_position=&#8220;top_left&#8220; background_repeat=&#8220;repeat&#8220;][et_pb_column type=&#8220;1_2&#8243;][et_pb_text _builder_version=&#8220;3.19&#8243;]<\/p>\n<p>Die K\u00fcche ist das Herzst\u00fcck Ihres Hauses. Bei Teka konzipieren wir Ger\u00e4te, die die Seele Ihrer K\u00fcche verk\u00f6rpern. Denn genau hier findet das Leben statt und finden einige der sch\u00f6nsten Momente des Lebens statt.<\/p>\n<p>Die K\u00fcche ist f\u00fcr uns mehr als nur ein Ort, an dem Lbensmittel zubereitet werden. Es ist ein Ort zum Lachen, Tr\u00e4umen, Mitwirken, Reden, Entscheiden, Nachrichten austauschen und letztlich ein Ort, an dem man unvergessliche Momente erleben kann.<\/p>\n<p>Aus all diesen Gr\u00fcnden entwickeln und produzieren wir Ger\u00e4te, die L\u00f6sungen und echte Innovationen in die K\u00fcche bringen. Sie bringen Harmonie in die K\u00fcche und passen zu Ihrem Lebensstil.<\/p>\n<p>Jeden Tag arbeiten wir daran, Ihre Bed\u00fcrfnisse besser zu verstehen und neue L\u00f6sungen zu finden. Sie sollen Ihnen helfen, neue Einsatzm\u00f6glichkeiten in der K\u00fcche zu finden.<\/p>\n<p>[\/et_pb_text][\/et_pb_column][et_pb_column type=&#8220;1_2&#8243;][et_pb_text _builder_version=&#8220;3.19&#8243;]<\/p>\n<p>Unsere in Deutschland geborene Marke setzt auf Qualit\u00e4t, Technologie und Innovation. Teka-Produkte sind weltweit bekannt f\u00fcr ihre Zuverl\u00e4ssigkeit, Effizienz und Pr\u00e4zision. Heute, nach fast 100 Jahren Geschichte, arbeitet Teka weiterhin intensiv daran, allen seinen Produkten die besten Funktionalit\u00e4ten und das beste Design zu verleihen, um in jedem Schritt Spitzenleistungen zu erzielen.<\/p>\n<p>Unsere Werte sind eindeutig und tief in unserem Unternehmen verwurzelt sind: Ehrlichkeit, Gro\u00dfz\u00fcgigkeit und Originalit\u00e4t. Das hei\u00dft, wir arbeiten f\u00fcr Sie und mit Ihnen zusammen, um Ihnen bei der L\u00f6sung Ihrer allt\u00e4glichen Probleme mit erstklassigen Qualit\u00e4tsl\u00f6sungen zu helfen.<\/p>\n<p>Die Kundenzufriedenheit ist unser Hauptanliegen.<\/p>\n<p>Von Anfang an haben wir uns um beste Qualit\u00e4tsprodukte, modernste und originelle Designs und die besten Innovationen zu einem fairen Preis bem\u00fcht.<\/p>\n<p>[\/et_pb_text][\/et_pb_column][\/et_pb_row][\/et_pb_section][et_pb_section bb_built=&#8220;1&#8243; module_id=&#8220;about-teka-teka-bottom&#8220; _builder_version=&#8220;3.17.6&#8243; custom_margin=&#8220;0px|||&#8220; custom_padding=&#8220;0px|||&#8220; prev_background_color=&#8220;#000000&#8243;][et_pb_row _builder_version=&#8220;3.17.2&#8243; background_size=&#8220;initial&#8220; background_position=&#8220;top_left&#8220; background_repeat=&#8220;repeat&#8220;][et_pb_column type=&#8220;4_4&#8243;][et_pb_text _builder_version=&#8220;3.19&#8243;]<\/p>\n<h2 style=\"text-align: center;\">Dies sind die Grundbausteine unserer Produkte:<\/h2>\n<p>[\/et_pb_text][\/et_pb_column][\/et_pb_row][et_pb_row _builder_version=&#8220;3.17.2&#8243; background_size=&#8220;initial&#8220; background_position=&#8220;top_left&#8220; background_repeat=&#8220;repeat&#8220;][et_pb_column type=&#8220;1_3&#8243;][et_pb_text admin_label=&#8220;Imagen + titulo&#8220; _builder_version=&#8220;3.19&#8243; background_image=&#8220;https:\/\/www.teka.com\/de-at\/wp-content\/uploads\/sites\/48\/2018\/12\/teka-honesty-270&#215;270.jpg&#8220; text_orientation=&#8220;center&#8220; background_layout=&#8220;dark&#8220; module_class=&#8220;our-values-img&#8220;]<\/p>\n<h3>Ehrlichkeit<\/h3>\n<p>[\/et_pb_text][et_pb_image src=&#8220;https:\/\/www.teka.com\/de-at\/wp-content\/uploads\/sites\/48\/2018\/11\/teka-honesty.jpg&#8220; align=&#8220;center&#8220; _builder_version=&#8220;3.17.6&#8243; disabled_on=&#8220;on|on|on&#8220; disabled=&#8220;on&#8220;]<\/p>\n<p>[\/et_pb_image][et_pb_text admin_label=&#8220;Honesty &#8211; Text&#8220; module_class=&#8220;sobre-teka-ingredientes&#8220; _builder_version=&#8220;3.19&#8243;]<\/p>\n<p style=\"text-align: center;\"><strong>Wir sind auf Ihrer Seite.<\/strong><\/p>\n<p>Mit einem verantwortungsvollen, klaren und transparenten Dialog stehen wir in Kontakt zu unseren Kunden. Teka ist ganz in Ihrer N\u00e4he, versteht Ihre Bed\u00fcrfnisse und erm\u00f6glicht es Ihnen, in Ihrer K\u00fcche neue Einsatzm\u00f6glichkeiten zu entdecken.<\/p>\n<p>[\/et_pb_text][\/et_pb_column][et_pb_column type=&#8220;1_3&#8243;][et_pb_text admin_label=&#8220;Imagen + titulo&#8220; _builder_version=&#8220;3.19&#8243; background_image=&#8220;https:\/\/www.teka.com\/de-at\/wp-content\/uploads\/sites\/48\/2018\/12\/teka-generosity-270&#215;270.jpg&#8220; text_orientation=&#8220;center&#8220; background_layout=&#8220;dark&#8220; module_class=&#8220;our-values-img&#8220;]<\/p>\n<h3>Gro\u00dfz\u00fcgigkeit<\/h3>\n<p>[\/et_pb_text][et_pb_image src=&#8220;https:\/\/www.teka.com\/de-at\/wp-content\/uploads\/sites\/48\/2018\/11\/teka-generosity.jpg&#8220; align=&#8220;center&#8220; _builder_version=&#8220;3.17.6&#8243; disabled_on=&#8220;on|on|on&#8220; disabled=&#8220;on&#8220;]<\/p>\n<p>[\/et_pb_image][et_pb_text admin_label=&#8220;Generosity &#8211; Text&#8220; module_class=&#8220;sobre-teka-ingredientes&#8220; _builder_version=&#8220;3.19&#8243;]<\/p>\n<p style=\"text-align: center;\"><strong>Wir leisten mehr<\/strong><\/p>\n<p>Wir konzentrieren uns auf das Echte und Wesentliche: Unser Ziel ist es, das Funktionale in das Menschliche zu verwandeln. Deshalb legen wir Wert darauf, herausragende Technologie, Innovation und originelles Design zu fairen Preisen anzubieten.<\/p>\n<p style=\"text-align: center;\">Die Verbindung der Geschichten ihres t\u00e4glichen Lebens und der Tradition unserer Marke verleihen ihrer K\u00fcche eine Seele. So schaffen wir eine perfekte Atmosph\u00e4re, um sinnvolle Momente zu erleben und das Leben lebenswert zu machen.<\/p>\n<p>[\/et_pb_text][\/et_pb_column][et_pb_column type=&#8220;1_3&#8243;][et_pb_text admin_label=&#8220;Imagen + titulo&#8220; _builder_version=&#8220;3.19&#8243; background_image=&#8220;https:\/\/www.teka.com\/de-at\/wp-content\/uploads\/sites\/48\/2018\/12\/teka-originality-270&#215;270.jpg&#8220; text_orientation=&#8220;center&#8220; background_layout=&#8220;dark&#8220; module_class=&#8220;our-values-img&#8220;]<\/p>\n<h3>Originalit\u00e4t<\/h3>\n<p>[\/et_pb_text][et_pb_image src=&#8220;https:\/\/www.teka.com\/de-at\/wp-content\/uploads\/sites\/48\/2018\/11\/teka-originality.jpg&#8220; align=&#8220;center&#8220; _builder_version=&#8220;3.17.6&#8243; disabled_on=&#8220;on|on|on&#8220; disabled=&#8220;on&#8220;]<\/p>\n<p>[\/et_pb_image][et_pb_text admin_label=&#8220;Originality &#8211; Text&#8220; module_class=&#8220;sobre-teka-ingredientes&#8220; _builder_version=&#8220;3.19&#8243;]<\/p>\n<p style=\"text-align: center;\"><strong>Eine relevante Alternative<\/strong><\/p>\n<p>Durch unsere Arbeit wollen wir Emotionen und Vorlieben wecken. Unser Ziel ist es, mit Menschen in Kontakt zu treten. Wir erm\u00f6glichen Erfahrungen, die \u00fcber  Produktmerkmale und Innovationen hinausgehen. F\u00fcr uns ist Inspiration der richtige Weg, um die Lieblingsmarke unserer Kunden zu werden; eine authentische Alternative f\u00fcr ie.<\/p>\n<p>[\/et_pb_text][\/et_pb_column][\/et_pb_row][\/et_pb_section]<\/p>\n","protected":false},"excerpt":{"rendered":"<p>Teka Group,German&nbsp;Origin &nbsp; Unvergessliche Momente schaffen In allem was wir machen kombinieren wir Qualit\u00e4t, Benutzerfreundlichkeit und Effizienz, um die beste L\u00f6sung f\u00fcr Ihr Zuhause zu finden. Unser Hauptziel ist es, sinnvolle Erfahrungen zu machen, die Sie mit Ihren Lieben teilen k\u00f6nnen. Koche wie Du lebst Die K\u00fcche ist das Herzst\u00fcck Ihres Hauses. Bei Teka konzipieren [&hellip;]<\/p>\n","protected":false},"author":9,"featured_media":0,"parent":0,"menu_order":0,"comment_status":"closed","ping_status":"closed","template":"","meta":{"_acf_changed":false,"_et_pb_use_builder":"on","_et_pb_old_content":"","_et_gb_content_width":"","footnotes":""},"class_list":["post-21989","page","type-page","status-publish","hentry"],"acf":[],"yoast_head":"<!-- This site is optimized with the Yoast SEO plugin v27.5 - https:\/\/yoast.com\/product\/yoast-seo-wordpress\/ -->\n<title>Teka: Cook your way to life | About the company and their values<\/title>\n<meta name=\"description\" content=\"Our trademark, born in Germany, relies on quality, technology and innovation. Teka products are known worldwide for their reliability, efficiency and...\" \/>\n<meta name=\"robots\" content=\"index, follow, max-snippet:-1, max-image-preview:large, max-video-preview:-1\" \/>\n<link rel=\"canonical\" href=\"https:\/\/www.teka.com\/de-at\/ueber-uns\/\" \/>\n<meta property=\"og:locale\" content=\"de_DE\" \/>\n<meta property=\"og:type\" content=\"article\" \/>\n<meta property=\"og:title\" content=\"Teka: Cook your way to life | About the company and their values\" \/>\n<meta property=\"og:description\" content=\"Our trademark, born in Germany, relies on quality, technology and innovation. Teka products are known worldwide for their reliability, efficiency and...\" \/>\n<meta property=\"og:url\" content=\"https:\/\/www.teka.com\/de-at\/ueber-uns\/\" \/>\n<meta property=\"og:site_name\" content=\"Teka Austria\" \/>\n<meta property=\"article:modified_time\" content=\"2019-06-14T09:30:21+00:00\" \/>\n<meta name=\"twitter:card\" content=\"summary_large_image\" \/>\n<meta name=\"twitter:label1\" content=\"Gesch\u00e4tzte Lesezeit\" \/>\n\t<meta name=\"twitter:data1\" content=\"6\u00a0Minuten\" \/>\n<script type=\"application\/ld+json\" class=\"yoast-schema-graph\">{\"@context\":\"https:\\\/\\\/schema.org\",\"@graph\":[{\"@type\":\"WebPage\",\"@id\":\"https:\\\/\\\/www.teka.com\\\/de-at\\\/ueber-uns\\\/\",\"url\":\"https:\\\/\\\/www.teka.com\\\/de-at\\\/ueber-uns\\\/\",\"name\":\"Teka: Cook your way to life | About the company and their values\",\"isPartOf\":{\"@id\":\"https:\\\/\\\/www.teka.com\\\/de-at\\\/#website\"},\"datePublished\":\"2018-09-11T07:58:22+00:00\",\"dateModified\":\"2019-06-14T09:30:21+00:00\",\"description\":\"Our trademark, born in Germany, relies on quality, technology and innovation. Teka products are known worldwide for their reliability, efficiency and...\",\"inLanguage\":\"de\",\"potentialAction\":[{\"@type\":\"ReadAction\",\"target\":[\"https:\\\/\\\/www.teka.com\\\/de-at\\\/ueber-uns\\\/\"]}]},{\"@type\":\"WebSite\",\"@id\":\"https:\\\/\\\/www.teka.com\\\/de-at\\\/#website\",\"url\":\"https:\\\/\\\/www.teka.com\\\/de-at\\\/\",\"name\":\"Teka Austria\",\"description\":\"\",\"potentialAction\":[{\"@type\":\"SearchAction\",\"target\":{\"@type\":\"EntryPoint\",\"urlTemplate\":\"https:\\\/\\\/www.teka.com\\\/de-at\\\/?s={search_term_string}\"},\"query-input\":{\"@type\":\"PropertyValueSpecification\",\"valueRequired\":true,\"valueName\":\"search_term_string\"}}],\"inLanguage\":\"de\"}]}<\/script>\n<!-- \/ Yoast SEO plugin. -->","yoast_head_json":{"title":"Teka: Cook your way to life | About the company and their values","description":"Our trademark, born in Germany, relies on quality, technology and innovation. Teka products are known worldwide for their reliability, efficiency and...","robots":{"index":"index","follow":"follow","max-snippet":"max-snippet:-1","max-image-preview":"max-image-preview:large","max-video-preview":"max-video-preview:-1"},"canonical":"https:\/\/www.teka.com\/de-at\/ueber-uns\/","og_locale":"de_DE","og_type":"article","og_title":"Teka: Cook your way to life | About the company and their values","og_description":"Our trademark, born in Germany, relies on quality, technology and innovation. Teka products are known worldwide for their reliability, efficiency and...","og_url":"https:\/\/www.teka.com\/de-at\/ueber-uns\/","og_site_name":"Teka Austria","article_modified_time":"2019-06-14T09:30:21+00:00","twitter_card":"summary_large_image","twitter_misc":{"Gesch\u00e4tzte Lesezeit":"6\u00a0Minuten"},"schema":{"@context":"https:\/\/schema.org","@graph":[{"@type":"WebPage","@id":"https:\/\/www.teka.com\/de-at\/ueber-uns\/","url":"https:\/\/www.teka.com\/de-at\/ueber-uns\/","name":"Teka: Cook your way to life | About the company and their values","isPartOf":{"@id":"https:\/\/www.teka.com\/de-at\/#website"},"datePublished":"2018-09-11T07:58:22+00:00","dateModified":"2019-06-14T09:30:21+00:00","description":"Our trademark, born in Germany, relies on quality, technology and innovation. Teka products are known worldwide for their reliability, efficiency and...","inLanguage":"de","potentialAction":[{"@type":"ReadAction","target":["https:\/\/www.teka.com\/de-at\/ueber-uns\/"]}]},{"@type":"WebSite","@id":"https:\/\/www.teka.com\/de-at\/#website","url":"https:\/\/www.teka.com\/de-at\/","name":"Teka Austria","description":"","potentialAction":[{"@type":"SearchAction","target":{"@type":"EntryPoint","urlTemplate":"https:\/\/www.teka.com\/de-at\/?s={search_term_string}"},"query-input":{"@type":"PropertyValueSpecification","valueRequired":true,"valueName":"search_term_string"}}],"inLanguage":"de"}]}},"_links":{"self":[{"href":"https:\/\/www.teka.com\/de-at\/wp-json\/wp\/v2\/pages\/21989","targetHints":{"allow":["GET"]}}],"collection":[{"href":"https:\/\/www.teka.com\/de-at\/wp-json\/wp\/v2\/pages"}],"about":[{"href":"https:\/\/www.teka.com\/de-at\/wp-json\/wp\/v2\/types\/page"}],"author":[{"embeddable":true,"href":"https:\/\/www.teka.com\/de-at\/wp-json\/wp\/v2\/users\/9"}],"replies":[{"embeddable":true,"href":"https:\/\/www.teka.com\/de-at\/wp-json\/wp\/v2\/comments?post=21989"}],"version-history":[{"count":77,"href":"https:\/\/www.teka.com\/de-at\/wp-json\/wp\/v2\/pages\/21989\/revisions"}],"predecessor-version":[{"id":54865,"href":"https:\/\/www.teka.com\/de-at\/wp-json\/wp\/v2\/pages\/21989\/revisions\/54865"}],"wp:attachment":[{"href":"https:\/\/www.teka.com\/de-at\/wp-json\/wp\/v2\/media?parent=21989"}],"curies":[{"name":"wp","href":"https:\/\/api.w.org\/{rel}","templated":true}]}}