{"id":21992,"date":"2018-09-11T08:07:26","date_gmt":"2018-09-11T08:07:26","guid":{"rendered":"http:\/\/teka.com\/?page_id=21992"},"modified":"2019-06-14T09:31:16","modified_gmt":"2019-06-14T09:31:16","slug":"history","status":"publish","type":"page","link":"https:\/\/www.teka.com\/de-at\/ueber-uns\/history\/","title":{"rendered":"History"},"content":{"rendered":"<p>[et_pb_section bb_built=&#8220;1&#8243; module_id=&#8220;teka-top&#8220; _builder_version=&#8220;3.17.6&#8243; background_image=&#8220;https:\/\/www.teka.com\/de-at\/wp-content\/uploads\/sites\/48\/2018\/11\/teka-slider-about-us-desktop.jpg&#8220; next_background_color=&#8220;#0e0e0e&#8220; global_module=&#8220;23211&#8243;][et_pb_row global_parent=&#8220;23211&#8243; _builder_version=&#8220;3.17.6&#8243; background_size=&#8220;initial&#8220; background_position=&#8220;top_left&#8220; background_repeat=&#8220;repeat&#8220;][et_pb_column type=&#8220;1_2&#8243;][et_pb_text admin_label=&#8220;Header Title&#8220; global_parent=&#8220;23211&#8243; _builder_version=&#8220;3.17.6&#8243; background_layout=&#8220;dark&#8220;]<\/p>\n<h3><strong>Teka Group<\/strong>,<br \/>German&nbsp;Origin<\/h3>\n<p>&nbsp;<\/p>\n<\/p>\n<p>[\/et_pb_text][\/et_pb_column][et_pb_column type=&#8220;1_2&#8243;][\/et_pb_column][\/et_pb_row][\/et_pb_section][et_pb_section bb_built=&#8220;1&#8243; specialty=&#8220;off&#8220; prev_background_color=&#8220;#ffffff&#8220; _builder_version=&#8220;3.14&#8243; module_id=&#8220;teka-menu&#8220; background_color=&#8220;#0e0e0e&#8220; next_background_color=&#8220;#ffffff&#8220; global_module=&#8220;23212&#8243;][et_pb_row global_parent=&#8220;23212&#8243; background_position=&#8220;top_left&#8220; background_repeat=&#8220;repeat&#8220; background_size=&#8220;initial&#8220;][et_pb_column type=&#8220;4_4&#8243;][et_pb_sidebar global_parent=&#8220;23212&#8243; _builder_version=&#8220;3.17.6&#8243; area=&#8220;et_pb_widget_area_7&#8243; background_layout=&#8220;dark&#8220; disabled=&#8220;off&#8220; disabled_on=&#8220;on|on|&#8220; \/][et_pb_sidebar admin_label=&#8220;Sidebar Tablet&#8220; global_parent=&#8220;23212&#8243; _builder_version=&#8220;3.17.6&#8243; area=&#8220;et_pb_widget_area_9&#8243; background_layout=&#8220;dark&#8220; disabled=&#8220;off&#8220; disabled_on=&#8220;on||on&#8220; \/][et_pb_sidebar admin_label=&#8220;Sidebar Mobile&#8220; global_parent=&#8220;23212&#8243; _builder_version=&#8220;3.17.6&#8243; area=&#8220;et_pb_widget_area_8&#8243; background_layout=&#8220;dark&#8220; disabled=&#8220;off&#8220; disabled_on=&#8220;|on|on&#8220; \/][\/et_pb_column][\/et_pb_row][\/et_pb_section][et_pb_section bb_built=&#8220;1&#8243; _builder_version=&#8220;3.17.6&#8243; prev_background_color=&#8220;#0e0e0e&#8220; module_id=&#8220;about-us&#8220;][et_pb_row _builder_version=&#8220;3.0.48&#8243; background_size=&#8220;initial&#8220; background_position=&#8220;top_left&#8220; background_repeat=&#8220;repeat&#8220;][et_pb_column type=&#8220;4_4&#8243;][et_pb_text _builder_version=&#8220;3.19&#8243; max_width=&#8220;80%&#8220; module_alignment=&#8220;center&#8220;]<\/p>\n<h1 style=\"text-align: center;\">Unsere <strong>Geschichte<\/strong><\/h1>\n<h6 style=\"text-align: center;\">Die Geschichte von Teka ist mehr als <strong>90 Jahre alt<\/strong>, von den Anf\u00e4ngen mit der Herstellung von Landwirtschaftsmaschinen bis heute, wo es eine der wichtigsten Marken f\u00fcr Ger\u00e4te weltweit geworden ist.<\/h6>\n<p>[\/et_pb_text][\/et_pb_column][\/et_pb_row][et_pb_row _builder_version=&#8220;3.17.6&#8243; background_size=&#8220;initial&#8220; background_position=&#8220;top_left&#8220; background_repeat=&#8220;repeat&#8220; module_class=&#8220;custom_row&#8220; module_class_1=&#8220;second-on-mobile&#8220; module_class_2=&#8220;first-on-mobile&#8220;][et_pb_column type=&#8220;1_2&#8243;][et_pb_image src=&#8220;https:\/\/www.teka.com\/de-at\/wp-content\/uploads\/sites\/48\/2018\/11\/black-and-white-buildings-city-1024&#215;768.jpg&#8220; _builder_version=&#8220;3.17.6&#8243; \/][\/et_pb_column][et_pb_column type=&#8220;1_2&#8243;][et_pb_text _builder_version=&#8220;3.19&#8243;]<\/p>\n<h2 style=\"text-align: center;\"><strong>1924-1957<\/strong><\/h2>\n<p>Die Geschichte Tekas beginnt 1924, als Karl Thielman ein Unternehmen f\u00fcr Landwirtschaftsmaschinen in Deutschland gr\u00fcndete und sich in den ersten Jahren auf diesen Bereich konzentrierte.<\/p>\n<p>Wenig sp\u00e4ter begann er mit Edelstahl zu arbeiten, ein wesentlicher Schritt in der Unternehmensgeschichte.<\/p>\n<p>1957 tritt Helmut Klein als Partner in das Unternehmen ein. Damals entstand Teka. Die Initialen der beiden Gr\u00fcnder, Thielmann &amp; Klein, werden als Marke eingetragen.<\/p>\n<p>[\/et_pb_text][\/et_pb_column][\/et_pb_row][et_pb_row _builder_version=&#8220;3.0.48&#8243; background_size=&#8220;initial&#8220; background_position=&#8220;top_left&#8220; background_repeat=&#8220;repeat&#8220;][et_pb_column type=&#8220;1_2&#8243;][et_pb_text _builder_version=&#8220;3.19&#8243;]<\/p>\n<h2 style=\"text-align: center;\"><strong>1958-1969<\/strong><\/h2>\n<p>Seitdem werden die Produkte unter dem Namen Teka verkauft. Anfangs produzierte Teka nur Ausgussbecken. In den folgenden Jahren konnte Teka aufgrund seines Erfolgs seinen Katalog erweitern und Herde, \u00d6fen und Dunstabzugshauben herstellen.<\/p>\n<p>1964 siedelte sich Teka in Spanien an. In den folgenden Jahren expandierte es stark auf internationaler Ebene, zuerst in Europa, dann auch auf anderen Kontinenten. W\u00e4hrend dieser Zeit wuchs die Produktlinie und erwarb weltweite Anerkennung f\u00fcr ihr Design und ihre hochwertigen Produkte f\u00fcr K\u00fcche und Bad.<\/p>\n<p>[\/et_pb_text][\/et_pb_column][et_pb_column type=&#8220;1_2&#8243;][et_pb_image src=&#8220;https:\/\/www.teka.com\/wp-content\/uploads\/sites\/3\/2018\/10\/shutterstock_1164436954_low_nwm.jpg&#8220; _builder_version=&#8220;3.17.6&#8243; \/][\/et_pb_column][\/et_pb_row][et_pb_row _builder_version=&#8220;3.17.6&#8243; background_size=&#8220;initial&#8220; background_position=&#8220;top_left&#8220; background_repeat=&#8220;repeat&#8220; module_class=&#8220;custom_row&#8220; module_class_1=&#8220;second-on-mobile&#8220; module_class_2=&#8220;first-on-mobile&#8220;][et_pb_column type=&#8220;1_2&#8243;][et_pb_image src=&#8220;https:\/\/www.teka.com\/de-at\/wp-content\/uploads\/sites\/48\/2018\/11\/teka-china-1024&#215;768.jpg&#8220; _builder_version=&#8220;3.17.6&#8243; \/][\/et_pb_column][et_pb_column type=&#8220;1_2&#8243;][et_pb_text _builder_version=&#8220;3.19&#8243;]<\/p>\n<h2 style=\"text-align: center;\"><strong>1970-2015<\/strong><\/h2>\n<p>Seit den 70er Jahren erlaubte der gro\u00dfe Erfolg der Marke auf den europ\u00e4ischen M\u00e4rkten, auf denen sie pr\u00e4sent war, ihr auch international sehr zu expandieren. Zuerst auf weiteren europ\u00e4ischen M\u00e4rkten, sp\u00e4ter auch in Amerika, Asien, Afrika und im Nahen Osten.<\/p>\n<p>In dieser Zeit wurde Teka einer der gr\u00f6\u00dften Sportsponsoren in der Welt mit einem Handballclub, einem Radsportteam und einer Teilnahme an der Rallye Paris-Dakar und auch an den Olympischen Winterspielen, sowie als Sponsor des Fu\u00dfball- und Basketballvereins von Real Madrid.<\/p>\n<p>[\/et_pb_text][\/et_pb_column][\/et_pb_row][et_pb_row _builder_version=&#8220;3.0.48&#8243; background_size=&#8220;initial&#8220; background_position=&#8220;top_left&#8220; background_repeat=&#8220;repeat&#8220;][et_pb_column type=&#8220;1_2&#8243;][et_pb_text _builder_version=&#8220;3.19&#8243;]<\/p>\n<h2 style=\"text-align: center;\"><strong>Heute<\/strong><\/h2>\n<p>2016 f\u00fchrt Teka das Wish-Sortiment f\u00fcr alle Ger\u00e4te ein, die gr\u00f6\u00dfte Investition in der Geschichte des Unternehmens mit der Erneuerung aller Fabriken und des gesamten Designs.<\/p>\n<p>2018 stellt Teka seinen neuen Gesch\u00e4ftsbereich und den neuen Slogan \u201eWhere life is cooked\u201c vor. Das Unternehmen startete die gr\u00f6\u00dfte Werbekampagne in der Geschichte von Teka, mit einem Kurzfilm unter der Regie der f\u00fcr den Goya-Preis nominierten Marina Seresesky und der Musik von Glen James Hansard &#8211; Oscarpreistr\u00e4ger in der Kategorie Bester Song in einem Film. Teka arbeitet mit der Fundaci\u00f3n Alzheimer Espa\u00f1a (Spanische Alzheimer-Stiftung) f\u00fcr diese Kampagne zusammen. Das Video erhielt 13 Millionen Aufrufe in einem Monat und stellte damit einen Rekord in der Branche auf.<\/p>\n<p>Heute sind Teka-Produkte weltweit bekannt, sie haben gro\u00dfe Preise erhalten und sind sehr erfolgreich, wie z.B. auf dem spanischen Markt, wo die H\u00e4lfte aller Haushalte ein Produkt von Teka besitzt.<\/p>\n<p>[\/et_pb_text][\/et_pb_column][et_pb_column type=&#8220;1_2&#8243;][et_pb_image src=&#8220;https:\/\/www.teka.com\/de-at\/wp-content\/uploads\/sites\/48\/2018\/11\/teka-hobs-iknob-IT-6450-1024&#215;768.jpg&#8220; _builder_version=&#8220;3.17.6&#8243; align=&#8220;center&#8220; \/][\/et_pb_column][\/et_pb_row][\/et_pb_section]<\/p>\n","protected":false},"excerpt":{"rendered":"<p>Teka Group,German&nbsp;Origin &nbsp; Unsere Geschichte Die Geschichte von Teka ist mehr als 90 Jahre alt, von den Anf\u00e4ngen mit der Herstellung von Landwirtschaftsmaschinen bis heute, wo es eine der wichtigsten Marken f\u00fcr Ger\u00e4te weltweit geworden ist. 1924-1957 Die Geschichte Tekas beginnt 1924, als Karl Thielman ein Unternehmen f\u00fcr Landwirtschaftsmaschinen in Deutschland gr\u00fcndete und sich in [&hellip;]<\/p>\n","protected":false},"author":9,"featured_media":0,"parent":21989,"menu_order":2,"comment_status":"closed","ping_status":"closed","template":"","meta":{"_acf_changed":false,"_et_pb_use_builder":"on","_et_pb_old_content":"","_et_gb_content_width":"","footnotes":""},"class_list":["post-21992","page","type-page","status-publish","hentry"],"acf":[],"yoast_head":"<!-- This site is optimized with the Yoast SEO plugin v27.5 - https:\/\/yoast.com\/product\/yoast-seo-wordpress\/ -->\n<title>The history behind Teka brand | About the company<\/title>\n<meta name=\"description\" content=\"Teka has a history of more than 90 years, since the beginning of its activity manufacturing agricultura machinery, until now, becoming one of the most important appliances brand around the world.\" \/>\n<meta name=\"robots\" content=\"index, follow, max-snippet:-1, max-image-preview:large, max-video-preview:-1\" \/>\n<link rel=\"canonical\" href=\"https:\/\/www.teka.com\/de-at\/ueber-uns\/history\/\" \/>\n<meta property=\"og:locale\" content=\"de_DE\" \/>\n<meta property=\"og:type\" content=\"article\" \/>\n<meta property=\"og:title\" content=\"The history behind Teka brand | About the company\" \/>\n<meta property=\"og:description\" content=\"Teka has a history of more than 90 years, since the beginning of its activity manufacturing agricultura machinery, until now, becoming one of the most important appliances brand around the world.\" \/>\n<meta property=\"og:url\" content=\"https:\/\/www.teka.com\/de-at\/ueber-uns\/history\/\" \/>\n<meta property=\"og:site_name\" content=\"Teka Austria\" \/>\n<meta property=\"article:modified_time\" content=\"2019-06-14T09:31:16+00:00\" \/>\n<meta name=\"twitter:card\" content=\"summary_large_image\" \/>\n<meta name=\"twitter:label1\" content=\"Gesch\u00e4tzte Lesezeit\" \/>\n\t<meta name=\"twitter:data1\" content=\"5\u00a0Minuten\" \/>\n<script type=\"application\/ld+json\" class=\"yoast-schema-graph\">{\"@context\":\"https:\\\/\\\/schema.org\",\"@graph\":[{\"@type\":\"WebPage\",\"@id\":\"https:\\\/\\\/www.teka.com\\\/de-at\\\/ueber-uns\\\/history\\\/\",\"url\":\"https:\\\/\\\/www.teka.com\\\/de-at\\\/ueber-uns\\\/history\\\/\",\"name\":\"The history behind Teka brand | About the company\",\"isPartOf\":{\"@id\":\"https:\\\/\\\/www.teka.com\\\/de-at\\\/#website\"},\"datePublished\":\"2018-09-11T08:07:26+00:00\",\"dateModified\":\"2019-06-14T09:31:16+00:00\",\"description\":\"Teka has a history of more than 90 years, since the beginning of its activity manufacturing agricultura machinery, until now, becoming one of the most important appliances brand around the world.\",\"breadcrumb\":{\"@id\":\"https:\\\/\\\/www.teka.com\\\/de-at\\\/ueber-uns\\\/history\\\/#breadcrumb\"},\"inLanguage\":\"de\",\"potentialAction\":[{\"@type\":\"ReadAction\",\"target\":[\"https:\\\/\\\/www.teka.com\\\/de-at\\\/ueber-uns\\\/history\\\/\"]}]},{\"@type\":\"BreadcrumbList\",\"@id\":\"https:\\\/\\\/www.teka.com\\\/de-at\\\/ueber-uns\\\/history\\\/#breadcrumb\",\"itemListElement\":[{\"@type\":\"ListItem\",\"position\":1,\"name\":\"\u00dcber uns\",\"item\":\"https:\\\/\\\/www.teka.com\\\/de-at\\\/ueber-uns\\\/\"},{\"@type\":\"ListItem\",\"position\":2,\"name\":\"History\"}]},{\"@type\":\"WebSite\",\"@id\":\"https:\\\/\\\/www.teka.com\\\/de-at\\\/#website\",\"url\":\"https:\\\/\\\/www.teka.com\\\/de-at\\\/\",\"name\":\"Teka Austria\",\"description\":\"\",\"potentialAction\":[{\"@type\":\"SearchAction\",\"target\":{\"@type\":\"EntryPoint\",\"urlTemplate\":\"https:\\\/\\\/www.teka.com\\\/de-at\\\/?s={search_term_string}\"},\"query-input\":{\"@type\":\"PropertyValueSpecification\",\"valueRequired\":true,\"valueName\":\"search_term_string\"}}],\"inLanguage\":\"de\"}]}<\/script>\n<!-- \/ Yoast SEO plugin. -->","yoast_head_json":{"title":"The history behind Teka brand | About the company","description":"Teka has a history of more than 90 years, since the beginning of its activity manufacturing agricultura machinery, until now, becoming one of the most important appliances brand around the world.","robots":{"index":"index","follow":"follow","max-snippet":"max-snippet:-1","max-image-preview":"max-image-preview:large","max-video-preview":"max-video-preview:-1"},"canonical":"https:\/\/www.teka.com\/de-at\/ueber-uns\/history\/","og_locale":"de_DE","og_type":"article","og_title":"The history behind Teka brand | About the company","og_description":"Teka has a history of more than 90 years, since the beginning of its activity manufacturing agricultura machinery, until now, becoming one of the most important appliances brand around the world.","og_url":"https:\/\/www.teka.com\/de-at\/ueber-uns\/history\/","og_site_name":"Teka Austria","article_modified_time":"2019-06-14T09:31:16+00:00","twitter_card":"summary_large_image","twitter_misc":{"Gesch\u00e4tzte Lesezeit":"5\u00a0Minuten"},"schema":{"@context":"https:\/\/schema.org","@graph":[{"@type":"WebPage","@id":"https:\/\/www.teka.com\/de-at\/ueber-uns\/history\/","url":"https:\/\/www.teka.com\/de-at\/ueber-uns\/history\/","name":"The history behind Teka brand | About the company","isPartOf":{"@id":"https:\/\/www.teka.com\/de-at\/#website"},"datePublished":"2018-09-11T08:07:26+00:00","dateModified":"2019-06-14T09:31:16+00:00","description":"Teka has a history of more than 90 years, since the beginning of its activity manufacturing agricultura machinery, until now, becoming one of the most important appliances brand around the world.","breadcrumb":{"@id":"https:\/\/www.teka.com\/de-at\/ueber-uns\/history\/#breadcrumb"},"inLanguage":"de","potentialAction":[{"@type":"ReadAction","target":["https:\/\/www.teka.com\/de-at\/ueber-uns\/history\/"]}]},{"@type":"BreadcrumbList","@id":"https:\/\/www.teka.com\/de-at\/ueber-uns\/history\/#breadcrumb","itemListElement":[{"@type":"ListItem","position":1,"name":"\u00dcber uns","item":"https:\/\/www.teka.com\/de-at\/ueber-uns\/"},{"@type":"ListItem","position":2,"name":"History"}]},{"@type":"WebSite","@id":"https:\/\/www.teka.com\/de-at\/#website","url":"https:\/\/www.teka.com\/de-at\/","name":"Teka Austria","description":"","potentialAction":[{"@type":"SearchAction","target":{"@type":"EntryPoint","urlTemplate":"https:\/\/www.teka.com\/de-at\/?s={search_term_string}"},"query-input":{"@type":"PropertyValueSpecification","valueRequired":true,"valueName":"search_term_string"}}],"inLanguage":"de"}]}},"_links":{"self":[{"href":"https:\/\/www.teka.com\/de-at\/wp-json\/wp\/v2\/pages\/21992","targetHints":{"allow":["GET"]}}],"collection":[{"href":"https:\/\/www.teka.com\/de-at\/wp-json\/wp\/v2\/pages"}],"about":[{"href":"https:\/\/www.teka.com\/de-at\/wp-json\/wp\/v2\/types\/page"}],"author":[{"embeddable":true,"href":"https:\/\/www.teka.com\/de-at\/wp-json\/wp\/v2\/users\/9"}],"replies":[{"embeddable":true,"href":"https:\/\/www.teka.com\/de-at\/wp-json\/wp\/v2\/comments?post=21992"}],"version-history":[{"count":33,"href":"https:\/\/www.teka.com\/de-at\/wp-json\/wp\/v2\/pages\/21992\/revisions"}],"predecessor-version":[{"id":54869,"href":"https:\/\/www.teka.com\/de-at\/wp-json\/wp\/v2\/pages\/21992\/revisions\/54869"}],"up":[{"embeddable":true,"href":"https:\/\/www.teka.com\/de-at\/wp-json\/wp\/v2\/pages\/21989"}],"wp:attachment":[{"href":"https:\/\/www.teka.com\/de-at\/wp-json\/wp\/v2\/media?parent=21992"}],"curies":[{"name":"wp","href":"https:\/\/api.w.org\/{rel}","templated":true}]}}