{"id":21994,"date":"2018-09-11T08:07:24","date_gmt":"2018-09-11T08:07:24","guid":{"rendered":"http:\/\/teka.com\/?page_id=21994"},"modified":"2019-06-14T09:32:11","modified_gmt":"2019-06-14T09:32:11","slug":"teka-und-sport","status":"publish","type":"page","link":"https:\/\/www.teka.com\/de-at\/ueber-uns\/teka-und-sport\/","title":{"rendered":"Teka und Sport"},"content":{"rendered":"<p>[et_pb_section bb_built=&#8220;1&#8243; module_id=&#8220;teka-top&#8220; _builder_version=&#8220;3.17.6&#8243; background_image=&#8220;https:\/\/www.teka.com\/de-at\/wp-content\/uploads\/sites\/48\/2018\/11\/teka-slider-about-us-desktop.jpg&#8220; next_background_color=&#8220;#0e0e0e&#8220; global_module=&#8220;23211&#8243;][et_pb_row global_parent=&#8220;23211&#8243; _builder_version=&#8220;3.17.6&#8243; background_size=&#8220;initial&#8220; background_position=&#8220;top_left&#8220; background_repeat=&#8220;repeat&#8220;][et_pb_column type=&#8220;1_2&#8243;][et_pb_text admin_label=&#8220;Header Title&#8220; global_parent=&#8220;23211&#8243; _builder_version=&#8220;3.17.6&#8243; background_layout=&#8220;dark&#8220;]<\/p>\n<h3><strong>Teka Group<\/strong>,<br \/>German&nbsp;Origin<\/h3>\n<p>&nbsp;<\/p>\n<\/p>\n<p>[\/et_pb_text][\/et_pb_column][et_pb_column type=&#8220;1_2&#8243;][\/et_pb_column][\/et_pb_row][\/et_pb_section][et_pb_section bb_built=&#8220;1&#8243; specialty=&#8220;off&#8220; prev_background_color=&#8220;#ffffff&#8220; _builder_version=&#8220;3.14&#8243; module_id=&#8220;teka-menu&#8220; background_color=&#8220;#0e0e0e&#8220; next_background_color=&#8220;#ffffff&#8220; global_module=&#8220;23212&#8243;][et_pb_row global_parent=&#8220;23212&#8243; background_position=&#8220;top_left&#8220; background_repeat=&#8220;repeat&#8220; background_size=&#8220;initial&#8220;][et_pb_column type=&#8220;4_4&#8243;][et_pb_sidebar global_parent=&#8220;23212&#8243; _builder_version=&#8220;3.17.6&#8243; area=&#8220;et_pb_widget_area_7&#8243; background_layout=&#8220;dark&#8220; disabled=&#8220;off&#8220; disabled_on=&#8220;on|on|&#8220; \/][et_pb_sidebar admin_label=&#8220;Sidebar Tablet&#8220; global_parent=&#8220;23212&#8243; _builder_version=&#8220;3.17.6&#8243; area=&#8220;et_pb_widget_area_9&#8243; background_layout=&#8220;dark&#8220; disabled=&#8220;off&#8220; disabled_on=&#8220;on||on&#8220; \/][et_pb_sidebar admin_label=&#8220;Sidebar Mobile&#8220; global_parent=&#8220;23212&#8243; _builder_version=&#8220;3.17.6&#8243; area=&#8220;et_pb_widget_area_8&#8243; background_layout=&#8220;dark&#8220; disabled=&#8220;off&#8220; disabled_on=&#8220;|on|on&#8220; \/][\/et_pb_column][\/et_pb_row][\/et_pb_section][et_pb_section bb_built=&#8220;1&#8243; _builder_version=&#8220;3.17.6&#8243; prev_background_color=&#8220;#0e0e0e&#8220; next_background_color=&#8220;#000000&#8243; module_id=&#8220;about-us&#8220;][et_pb_row _builder_version=&#8220;3.0.48&#8243; background_size=&#8220;initial&#8220; background_position=&#8220;top_left&#8220; background_repeat=&#8220;repeat&#8220;][et_pb_column type=&#8220;4_4&#8243;][et_pb_text _builder_version=&#8220;3.19&#8243; text_orientation=&#8220;center&#8220;]<\/p>\n<h1><strong>Teka<\/strong> und Sport<\/h1>\n<p>Von Anfang an ist Teka eine Marke, die stark mit dem Sport in Verbindung steht. Sie ist Teil der wichtigsten Sportereignisse und unterst\u00fctzt die Ausbildung und Entwicklung verschiedenster Sportarten.<\/p>\n<p>Einige <strong>unvergessliche Momente<\/strong> wollen wir hier nennen.<\/p>\n<p>[\/et_pb_text][\/et_pb_column][\/et_pb_row][\/et_pb_section][et_pb_section bb_built=&#8220;1&#8243; module_id=&#8220;sport-menu&#8220; module_class=&#8220;tabs-menu&#8220; _builder_version=&#8220;3.14&#8243; prev_background_color=&#8220;#000000&#8243; next_background_color=&#8220;#000000&#8243;][et_pb_row _builder_version=&#8220;3.14&#8243; background_size=&#8220;initial&#8220; background_position=&#8220;top_left&#8220; background_repeat=&#8220;repeat&#8220;][et_pb_column type=&#8220;4_4&#8243;][et_pb_code _builder_version=&#8220;3.19&#8243;]<\/p>\n<ul><!-- [et_pb_line_break_holder] --><\/p>\n<li><a href=\"#\" class=\"sport-futbol\" data-tab=\"sport-futbol\"><i class=\"itk-deporte-futbol\"><\/i> Fu\u00dfball <\/a><\/li>\n<p><!-- [et_pb_line_break_holder] --><\/p>\n<li><a href=\"#\" class=\"sport-basketball\" data-tab=\"sport-basketball\"><i class=\"itk-deporte-baloncesto\"><\/i> Basketball <\/a><\/li>\n<p><!-- [et_pb_line_break_holder] --><\/p>\n<li><a href=\"#\" class=\"sport-cycling\" data-tab=\"sport-cycling\"><i class=\"itk-deporte-ciclismo\"><\/i>Radsport<\/a><\/li>\n<p><!-- [et_pb_line_break_holder] --><\/p>\n<li><a href=\"#\" class=\"sport-handball\" data-tab=\"sport-handball\"><i class=\"itk-deporte-balonmano\"><\/i>Handball<\/a><\/li>\n<p><!-- [et_pb_line_break_holder] --><\/p>\n<li><a href=\"#\" class=\"sport-hokey\" data-tab=\"sport-hokey\"><i class=\"itk-deporte-hockey\"><\/i>Hockey<\/a><\/li>\n<p><!-- [et_pb_line_break_holder] --><\/p>\n<li><a href=\"#\" class=\"sport-motor\" data-tab=\"sport-motor\"><i class=\"itk-deporte-motor\"><\/i>Motorsports<\/a><\/li>\n<p><!-- [et_pb_line_break_holder] --><\/p>\n<li><a href=\"#\" class=\"sport-polo\" data-tab=\"sport-polo\"><i class=\"itk-deporte-polo\"><\/i>Weiteres Sponsoring <\/a><\/li>\n<p><!-- [et_pb_line_break_holder] --><\/ul>\n<p>[\/et_pb_code][\/et_pb_column][\/et_pb_row][\/et_pb_section][et_pb_section bb_built=&#8220;1&#8243; module_id=&#8220;sport-futbol&#8220; module_class=&#8220;tab-content&#8220; _builder_version=&#8220;3.14&#8243; prev_background_color=&#8220;#000000&#8243; next_background_color=&#8220;#000000&#8243;][et_pb_row _builder_version=&#8220;3.0.48&#8243; background_size=&#8220;initial&#8220; background_position=&#8220;top_left&#8220; background_repeat=&#8220;repeat&#8220;][et_pb_column type=&#8220;1_2&#8243;][et_pb_image admin_label=&#8220;Image Football&#8220; src=&#8220;https:\/\/www.teka.com\/wp-content\/uploads\/sites\/3\/2018\/10\/webRACINGLIGUILLA-575&#215;323.jpg&#8220; _builder_version=&#8220;3.17.2&#8243; \/][et_pb_text admin_label=&#8220;Football&#8220; _builder_version=&#8220;3.19&#8243;]<\/p>\n<h3>Teka ist die erste Marke, die eine Fu\u00dfballmannschaft in Spanien sponsert.<\/h3>\n<p>Am 27. Dezember 1981 war Teka die erste Marke, die das T-Shirt einer spanischen Fu\u00dfballmannschaft sponserte und das Markenlogo im T-Shirt des Santander Real Racing Clubs zeigte. Racing stellte den neuen Sponsor in einem Spiel gegen Real Madrid C.F. vor. Einem weiteren zuk\u00fcnftigen Team, das mit Teka in Verbindung gebracht wird.<\/p>\n<p>[\/et_pb_text][\/et_pb_column][et_pb_column type=&#8220;1_2&#8243;][et_pb_image src=&#8220;https:\/\/www.teka.com\/wp-content\/uploads\/sites\/3\/2018\/10\/tumblr_nn258a5X2G1t52aheo2_1280.jpg&#8220; _builder_version=&#8220;3.19&#8243; \/][et_pb_text _builder_version=&#8220;3.19&#8243;]<\/p>\n<h3>Real Madrid C.F. Sponsoring<\/h3>\n<p>Von 1992 bis 2000 war Teka Hauptsponsor von <strong>Real Madrid C.F.<\/strong>, und das Logo wurde auf dem offiziellen Trikot gezeigt. Diese Zeit war f\u00fcr Teka und Real Madrid ein gro\u00dfer Erfolg, da Legenden wie <strong>Ra\u00fal Gonz\u00e1lez<\/strong> und die gro\u00dfe Real-Madrid-Team-\u00c4ra von<strong> Jorge Valdano<\/strong> und <strong>Laudrup<\/strong> in der <strong>spanischen Liga trugen<\/strong>. In dieser Zeit erreichte das Team schlie\u00dflich seinen Traum. In Amsterdam gewann es die <strong>siebte UEFA Champions League<\/strong> im Jahr 1998.<\/p>\n<p>Im Jahr 2000 erreichte Real Madrid nach dem Gewinn der 8. <strong>Champions League in Paris<\/strong> wieder die Spitze.<\/p>\n<p>In dieser Zeit, in der Teka und Real Madrid zusammenarbeiteten, eroberte der wei\u00dfe Klub <strong>zwei Mal die UEFA Champions League<\/strong>, einen <strong>Interkontinental-Cup<\/strong>, <strong>drei spanische Meisterschaften<\/strong>, <strong>zwei spanische Cups <\/strong>und<strong> zwei Supercups<\/strong> in Spanien.<\/p>\n<p>[\/et_pb_text][\/et_pb_column][\/et_pb_row][\/et_pb_section][et_pb_section bb_built=&#8220;1&#8243; module_id=&#8220;sport-basketball&#8220; module_class=&#8220;tab-content&#8220; _builder_version=&#8220;3.14&#8243; prev_background_color=&#8220;#000000&#8243; next_background_color=&#8220;#000000&#8243;][et_pb_row _builder_version=&#8220;3.0.48&#8243; background_size=&#8220;initial&#8220; background_position=&#8220;top_left&#8220; background_repeat=&#8220;repeat&#8220;][et_pb_column type=&#8220;1_2&#8243;][et_pb_image admin_label=&#8220;Image Basket&#8220; src=&#8220;https:\/\/www.teka.com\/wp-content\/uploads\/sites\/3\/2018\/10\/Sabonis.jpg&#8220; _builder_version=&#8220;3.17.2&#8243; \/][et_pb_text admin_label=&#8220;Basket&#8220; _builder_version=&#8220;3.19&#8243;]<\/p>\n<h3>Real Madrid Basketball Sponsoring<\/h3>\n<h3>(Erste Zusammenarbeit: 1992-2000)<\/h3>\n<p>Von 1992 bis 2000 war Teka Hauptsponsor des Basketballteams von Real Madrid. Sie \u00e4nderten ihren Namen in Real Madrid Teka und das wei\u00dfe Team hatte auch das Logo von Teka auf den Trikots.<\/p>\n<p>Dies war eine sehr erfolgreiche Zeit f\u00fcr das wei\u00dfe Team, das drei Meisterschaften, einen Copa del Rey und einen Europacup gewann.<\/p>\n<p>Es war 1995, als sie ihren 8. Europapokal (heute Euroliga-Basketball) gewannen. Ein Meilenstein in der Geschichte der Mannschaft, nachdem sie 15 Jahre lang versucht hatte, die Troph\u00e4e wieder zu erobern.<\/p>\n<p>Wir erlebten unvergessliche Momente in diesen Jahren mit gro\u00dfartigen Spielern wie ArvydasSabonis, Joe Arlauckas, Ant\u00fanez, Biriukov, Djordjevic, Herreros oder Bodiroga.<\/p>\n<p>[\/et_pb_text][\/et_pb_column][et_pb_column type=&#8220;1_2&#8243;][et_pb_image src=&#8220;https:\/\/www.teka.com\/wp-content\/uploads\/sites\/3\/2018\/10\/el-real-madrid-se-da-un-festin-ante-el-estrasburgo-para-certificar-su-pase-al-top-16.jpg&#8220; _builder_version=&#8220;3.17.2&#8243; \/][et_pb_text _builder_version=&#8220;3.19&#8243;]<\/p>\n<h3>Real Madrid Basketball Sponsoring<\/h3>\n<h3>(Zweite Zusammenarbeit: 2014-2016)<\/h3>\n<p>Von 2014 bis 2016 wurde Teka wieder Sponsor des Basketballteams von Real Madrid. Nachdem sie Jahre zuvor zusammengearbeitet und die 8. Europameisterschaft gewonnen hatten, hofften viele Menschen, dass diese neue Periode dem Team mehr Troph\u00e4en bringen w\u00fcrde. Ihre Hoffnungen wurden im Jahr 2015 wahr, als sie den unvergesslichen \u201cFinal Four\u201d erreichten und im Palacio de Deportes de Madrid gewannen. Hier besiegten sie Olympiacos BC.<\/p>\n<p>Unter der Leitung von Trainer Pablo Laso war das Team voller Stars, die bereits zu den Legenden des Clubs geh\u00f6ren. Spieler wie Rudy Fern\u00e1ndez, Sergio Llul, Felipe Reyes, Sergio Rodr\u00edguez oder Jaycee Carroll.<\/p>\n<p>[\/et_pb_text][\/et_pb_column][\/et_pb_row][\/et_pb_section][et_pb_section bb_built=&#8220;1&#8243; module_id=&#8220;sport-cycling&#8220; module_class=&#8220;tab-content&#8220; _builder_version=&#8220;3.14&#8243; prev_background_color=&#8220;#000000&#8243; next_background_color=&#8220;#000000&#8243;][et_pb_row custom_padding=&#8220;25.25px|0px|25.25px|0|false|false&#8220; _builder_version=&#8220;3.17.2&#8243; background_size=&#8220;initial&#8220; background_position=&#8220;top_left&#8220; background_repeat=&#8220;repeat&#8220;][et_pb_column type=&#8220;1_2&#8243;][et_pb_image admin_label=&#8220;Image Cycling&#8220; src=&#8220;https:\/\/www.teka.com\/wp-content\/uploads\/sites\/3\/2018\/10\/teka-ciclismo2.jpg&#8220; _builder_version=&#8220;3.17.2&#8243; \/][et_pb_text admin_label=&#8220;Cycling&#8220; _builder_version=&#8220;3.19&#8243;]<\/p>\n<h3>Teka Radsportclub<\/h3>\n<p>1976 begann Teka im Bereich des Profiradsports zu arbeiten. In den 80er Jahren entwickelte sich das Team zu einem der wichtigsten Radsportteams weltweit.<\/p>\n<p>Das Projekt begann in Kantabrien und entwickelte sich zu einer der erfolgreichsten Mannschaften in der Geschichte des spanischen Radsports.<\/p>\n<p>Zwischen 1976 und 1990 erreichte die Teka Radsportmannschafft mehr als 500 Siege. Dazu z\u00e4hlten unter anderem die &#8222;Vuelta a Espa\u00f1a&#8220; im Jahr 1982 und die &#8222;Vuelta a Espa\u00f1a&#8220; im Jahr 1977.<\/p>\n<p>Viele unvergessliche Radfahrer wie Marino Lejarreta, Peio Ruiz Cabestany, Eduardo Chozas, ReimundDietzen, Miguel Mar\u00eda Lasa und Marino Alonso waren Mitglieder des Teams.<\/p>\n<p>[\/et_pb_text][\/et_pb_column][et_pb_column type=&#8220;1_2&#8243;][\/et_pb_column][\/et_pb_row][\/et_pb_section][et_pb_section bb_built=&#8220;1&#8243; module_id=&#8220;sport-handball&#8220; module_class=&#8220;tab-content&#8220; _builder_version=&#8220;3.14&#8243; prev_background_color=&#8220;#000000&#8243; next_background_color=&#8220;#000000&#8243;][et_pb_row custom_padding=&#8220;25.25px|0|25.25px|0px|false|false&#8220; _builder_version=&#8220;3.17.2&#8243; background_size=&#8220;initial&#8220; background_position=&#8220;top_left&#8220; background_repeat=&#8220;repeat&#8220;][et_pb_column type=&#8220;1_2&#8243;][et_pb_image admin_label=&#8220;Image Handball&#8220; src=&#8220;https:\/\/www.teka.com\/wp-content\/uploads\/sites\/3\/2018\/10\/teka-balonmnano.jpg&#8220; _builder_version=&#8220;3.17.2&#8243; \/][et_pb_text admin_label=&#8220;Handball&#8220; _builder_version=&#8220;3.19&#8243;]<\/p>\n<h3>Teka Santander Sportclub<\/h3>\n<p>Die Teka Santander Sportgruppe, die urspr\u00fcnglich unter dem Namen Cantabria Handball Club bekannt war, wurde 1975 gegr\u00fcndet. Hier wurde Teka der neue Sponsor f\u00fcr die n\u00e4chsten Jahre.<\/p>\n<p>Die Teka Santander Sportgruppe erreichte die erste Handballdivision der ASOBAL-Liga. Die erste Handballdivision in Spanien. Das Engagement mit dem Team war so wichtig, dass die Mannschaft allgemein als \u201cThe Teka\u201d bekannt war und bis 1995 viele Troph\u00e4en erhielt.<\/p>\n<p>Nach kurzer Unterbrechung arbeitete Teka 1999 wieder mit der Mannschaft zusammen, die bis 2008 Teka Cantabria genannt wurde.<\/p>\n<p>Im Laufe seiner Geschichte hat der Club viele Ziele erreicht. Von der unteren Liga bis hin zu den h\u00f6chsten sportlichen Leistungen. Das Team gewann einen Europacup, eine Clubweltmeisterschaft, den EHF-Cup-Siegerpokal, zwei ASOBAL-Ligen, zwei &#8222;Copa del Rey&#8220;-Cups, zwei &#8222;Supercopa&#8220;-Cups und vier ASOBAL-Cups im spanischen Handball.<\/p>\n<p>Viele Handball-Legenden trugen Teka-Trikots. Einige von ihnen, wie TalantDujshebaev, Alberto Urdiales oder Jose Javier Hombrados, wurden zu den besten Handballern der Geschichte.<\/p>\n<p>[\/et_pb_text][\/et_pb_column][et_pb_column type=&#8220;1_2&#8243;][et_pb_text _builder_version=&#8220;3.14&#8243; \/][\/et_pb_column][\/et_pb_row][\/et_pb_section][et_pb_section bb_built=&#8220;1&#8243; module_id=&#8220;sport-hokey&#8220; module_class=&#8220;tab-content&#8220; _builder_version=&#8220;3.14&#8243; prev_background_color=&#8220;#000000&#8243; next_background_color=&#8220;#000000&#8243;][et_pb_row _builder_version=&#8220;3.17.2&#8243; background_size=&#8220;initial&#8220; background_position=&#8220;top_left&#8220; background_repeat=&#8220;repeat&#8220;][et_pb_column type=&#8220;1_2&#8243;][et_pb_image admin_label=&#8220;Image Hockey&#8220; src=&#8220;https:\/\/www.teka.com\/wp-content\/uploads\/sites\/3\/2018\/10\/Tatran-Teka.jpg&#8220; _builder_version=&#8220;3.17.2&#8243; \/][et_pb_text admin_label=&#8220;Hockey&#8220; _builder_version=&#8220;3.19&#8243;]<\/p>\n<h3>Rollhockey<\/h3>\n<p>Teka war sowohl in der Tschechischen Republik als auch in der National Super League of Roller Hockey als Hauptsponsor des TatranTekaStresovice t\u00e4tig.<\/p>\n<p>[\/et_pb_text][\/et_pb_column][et_pb_column type=&#8220;1_2&#8243;][\/et_pb_column][\/et_pb_row][\/et_pb_section][et_pb_section bb_built=&#8220;1&#8243; module_id=&#8220;sport-motor&#8220; module_class=&#8220;tab-content&#8220; _builder_version=&#8220;3.17.2&#8243; prev_background_color=&#8220;#000000&#8243; next_background_color=&#8220;#000000&#8243;][et_pb_row _builder_version=&#8220;3.0.48&#8243; background_size=&#8220;initial&#8220; background_position=&#8220;top_left&#8220; background_repeat=&#8220;repeat&#8220;][et_pb_column type=&#8220;1_2&#8243;][et_pb_image admin_label=&#8220;Image Motocross&#8220; src=&#8220;https:\/\/www.teka.com\/wp-content\/uploads\/sites\/3\/2018\/10\/LarissaPapenmeierMX1MX2MotocrossWorldPyDv7aCj8A2l.jpg&#8220; _builder_version=&#8220;3.19&#8243; \/][et_pb_text admin_label=&#8220;Text Motocross&#8220; _builder_version=&#8220;3.19&#8243;]<\/p>\n<h3>Motocross Weltmeisterschaft<\/h3>\n<p>Im Jahr 2009 wurde ein Vertrag unterzeichnet, um f\u00fcr zwei Jahre Hauptsponsor der Motocross-Weltmeisterschaft zu werden.<\/p>\n<p>Seit 2008 ist die Marke in der Motocross Weltmeisterschaft pr\u00e4sent, da sie Hauptsponsor des Suzuki-Teams war.<\/p>\n<p>[\/et_pb_text][\/et_pb_column][et_pb_column type=&#8220;1_2&#8243;][et_pb_image admin_label=&#8220;Image Moto2&#8243; src=&#8220;https:\/\/www.teka.com\/wp-content\/uploads\/sites\/3\/2018\/10\/17355-Ricky-Cardus-GP-Qatar-2012-Moto2-2.jpg&#8220; _builder_version=&#8220;3.17.2&#8243; \/][et_pb_text admin_label=&#8220;Text Moto2&#8243; _builder_version=&#8220;3.19&#8243;]<\/p>\n<h3>Moto2 Weiltmeisterschaft<\/h3>\n<p>Im Jahr 2012 begann Teka als Sponsor eine Partnerschaft mit dem AGR-Team des spanischen K\u00fcchenchefs KarlosArgui\u00f1ano.<\/p>\n<p>Das Team nahm an der Moto2-Weltmeisterschaft teil.<\/p>\n<p>[\/et_pb_text][\/et_pb_column][\/et_pb_row][\/et_pb_section][et_pb_section bb_built=&#8220;1&#8243; admin_label=&#8220;sport-polo&#8220; module_id=&#8220;sport-polo&#8220; module_class=&#8220;tab-content&#8220; _builder_version=&#8220;3.17.2&#8243; prev_background_color=&#8220;#000000&#8243;][et_pb_row _builder_version=&#8220;3.17.2&#8243; background_size=&#8220;initial&#8220; background_position=&#8220;top_left&#8220; background_repeat=&#8220;repeat&#8220;][et_pb_column type=&#8220;1_2&#8243;][et_pb_image admin_label=&#8220;Image Polo&#8220; src=&#8220;https:\/\/www.teka.com\/wp-content\/uploads\/sites\/3\/2018\/10\/23823257_837494583079457_4446895935825379328_n.jpg&#8220; _builder_version=&#8220;3.17.2&#8243; \/][et_pb_text admin_label=&#8220;Text Polo&#8220; _builder_version=&#8220;3.19&#8243;]<\/p>\n<h3>Weiteres Sponsoring<\/h3>\n<p>Teka unterst\u00fctzt seit mehr als 60 Jahren den Sport. Nicht nur Fu\u00dfball und Basketball, sondern auch andere Sportarten auf der ganzen Welt. Die Marke war bei der Rallye Dakar in Chile, der Rally Desert Challenge, Polo oder Eishockey dabei.<\/p>\n<p>Im Jahr 2014 war Teka bei den Olympischen Spielen in Sotschi und sponserte den ungarischen Doppelmedaillengewinner Imre Pulai.<\/p>\n<p>[\/et_pb_text][\/et_pb_column][et_pb_column type=&#8220;1_2&#8243;][et_pb_text _builder_version=&#8220;3.19&#8243; \/][\/et_pb_column][\/et_pb_row][\/et_pb_section]<\/p>\n","protected":false},"excerpt":{"rendered":"<p>Teka Group,German&nbsp;Origin &nbsp; Teka und SportVon Anfang an ist Teka eine Marke, die stark mit dem Sport in Verbindung steht. Sie ist Teil der wichtigsten Sportereignisse und unterst\u00fctzt die Ausbildung und Entwicklung verschiedenster Sportarten.Einige unvergessliche Momente wollen wir hier nennen. Teka ist die erste Marke, die eine Fu\u00dfballmannschaft in Spanien sponsert. Am 27. Dezember 1981 [&hellip;]<\/p>\n","protected":false},"author":9,"featured_media":0,"parent":21989,"menu_order":6,"comment_status":"closed","ping_status":"closed","template":"","meta":{"_acf_changed":false,"_et_pb_use_builder":"on","_et_pb_old_content":"","_et_gb_content_width":"","footnotes":""},"class_list":["post-21994","page","type-page","status-publish","hentry"],"acf":[],"yoast_head":"<!-- This site is optimized with the Yoast SEO plugin v27.5 - https:\/\/yoast.com\/product\/yoast-seo-wordpress\/ -->\n<title>Teka und Sport sponsorships | About Teka Austria<\/title>\n<meta name=\"robots\" content=\"index, follow, max-snippet:-1, max-image-preview:large, max-video-preview:-1\" \/>\n<link rel=\"canonical\" href=\"https:\/\/www.teka.com\/de-at\/ueber-uns\/teka-und-sport\/\" \/>\n<meta property=\"og:locale\" content=\"de_DE\" \/>\n<meta property=\"og:type\" content=\"article\" \/>\n<meta property=\"og:title\" content=\"Teka und Sport sponsorships | About Teka Austria\" \/>\n<meta property=\"og:description\" content=\"Teka Group,German&nbsp;Origin &nbsp; Teka und SportVon Anfang an ist Teka eine Marke, die stark mit dem Sport in Verbindung steht. Sie ist Teil der wichtigsten Sportereignisse und unterst\u00fctzt die Ausbildung und Entwicklung verschiedenster Sportarten.Einige unvergessliche Momente wollen wir hier nennen. Teka ist die erste Marke, die eine Fu\u00dfballmannschaft in Spanien sponsert. Am 27. Dezember 1981 [&hellip;]\" \/>\n<meta property=\"og:url\" content=\"https:\/\/www.teka.com\/de-at\/ueber-uns\/teka-und-sport\/\" \/>\n<meta property=\"og:site_name\" content=\"Teka Austria\" \/>\n<meta property=\"article:modified_time\" content=\"2019-06-14T09:32:11+00:00\" \/>\n<meta name=\"twitter:card\" content=\"summary_large_image\" \/>\n<meta name=\"twitter:label1\" content=\"Gesch\u00e4tzte Lesezeit\" \/>\n\t<meta name=\"twitter:data1\" content=\"9\u00a0Minuten\" \/>\n<script type=\"application\/ld+json\" class=\"yoast-schema-graph\">{\"@context\":\"https:\\\/\\\/schema.org\",\"@graph\":[{\"@type\":\"WebPage\",\"@id\":\"https:\\\/\\\/www.teka.com\\\/de-at\\\/ueber-uns\\\/teka-und-sport\\\/\",\"url\":\"https:\\\/\\\/www.teka.com\\\/de-at\\\/ueber-uns\\\/teka-und-sport\\\/\",\"name\":\"Teka und Sport sponsorships | About Teka Austria\",\"isPartOf\":{\"@id\":\"https:\\\/\\\/www.teka.com\\\/de-at\\\/#website\"},\"datePublished\":\"2018-09-11T08:07:24+00:00\",\"dateModified\":\"2019-06-14T09:32:11+00:00\",\"breadcrumb\":{\"@id\":\"https:\\\/\\\/www.teka.com\\\/de-at\\\/ueber-uns\\\/teka-und-sport\\\/#breadcrumb\"},\"inLanguage\":\"de\",\"potentialAction\":[{\"@type\":\"ReadAction\",\"target\":[\"https:\\\/\\\/www.teka.com\\\/de-at\\\/ueber-uns\\\/teka-und-sport\\\/\"]}]},{\"@type\":\"BreadcrumbList\",\"@id\":\"https:\\\/\\\/www.teka.com\\\/de-at\\\/ueber-uns\\\/teka-und-sport\\\/#breadcrumb\",\"itemListElement\":[{\"@type\":\"ListItem\",\"position\":1,\"name\":\"\u00dcber uns\",\"item\":\"https:\\\/\\\/www.teka.com\\\/de-at\\\/ueber-uns\\\/\"},{\"@type\":\"ListItem\",\"position\":2,\"name\":\"Teka und Sport\"}]},{\"@type\":\"WebSite\",\"@id\":\"https:\\\/\\\/www.teka.com\\\/de-at\\\/#website\",\"url\":\"https:\\\/\\\/www.teka.com\\\/de-at\\\/\",\"name\":\"Teka Austria\",\"description\":\"\",\"potentialAction\":[{\"@type\":\"SearchAction\",\"target\":{\"@type\":\"EntryPoint\",\"urlTemplate\":\"https:\\\/\\\/www.teka.com\\\/de-at\\\/?s={search_term_string}\"},\"query-input\":{\"@type\":\"PropertyValueSpecification\",\"valueRequired\":true,\"valueName\":\"search_term_string\"}}],\"inLanguage\":\"de\"}]}<\/script>\n<!-- \/ Yoast SEO plugin. -->","yoast_head_json":{"title":"Teka und Sport sponsorships | About Teka Austria","robots":{"index":"index","follow":"follow","max-snippet":"max-snippet:-1","max-image-preview":"max-image-preview:large","max-video-preview":"max-video-preview:-1"},"canonical":"https:\/\/www.teka.com\/de-at\/ueber-uns\/teka-und-sport\/","og_locale":"de_DE","og_type":"article","og_title":"Teka und Sport sponsorships | About Teka Austria","og_description":"Teka Group,German&nbsp;Origin &nbsp; Teka und SportVon Anfang an ist Teka eine Marke, die stark mit dem Sport in Verbindung steht. Sie ist Teil der wichtigsten Sportereignisse und unterst\u00fctzt die Ausbildung und Entwicklung verschiedenster Sportarten.Einige unvergessliche Momente wollen wir hier nennen. Teka ist die erste Marke, die eine Fu\u00dfballmannschaft in Spanien sponsert. Am 27. Dezember 1981 [&hellip;]","og_url":"https:\/\/www.teka.com\/de-at\/ueber-uns\/teka-und-sport\/","og_site_name":"Teka Austria","article_modified_time":"2019-06-14T09:32:11+00:00","twitter_card":"summary_large_image","twitter_misc":{"Gesch\u00e4tzte Lesezeit":"9\u00a0Minuten"},"schema":{"@context":"https:\/\/schema.org","@graph":[{"@type":"WebPage","@id":"https:\/\/www.teka.com\/de-at\/ueber-uns\/teka-und-sport\/","url":"https:\/\/www.teka.com\/de-at\/ueber-uns\/teka-und-sport\/","name":"Teka und Sport sponsorships | About Teka Austria","isPartOf":{"@id":"https:\/\/www.teka.com\/de-at\/#website"},"datePublished":"2018-09-11T08:07:24+00:00","dateModified":"2019-06-14T09:32:11+00:00","breadcrumb":{"@id":"https:\/\/www.teka.com\/de-at\/ueber-uns\/teka-und-sport\/#breadcrumb"},"inLanguage":"de","potentialAction":[{"@type":"ReadAction","target":["https:\/\/www.teka.com\/de-at\/ueber-uns\/teka-und-sport\/"]}]},{"@type":"BreadcrumbList","@id":"https:\/\/www.teka.com\/de-at\/ueber-uns\/teka-und-sport\/#breadcrumb","itemListElement":[{"@type":"ListItem","position":1,"name":"\u00dcber uns","item":"https:\/\/www.teka.com\/de-at\/ueber-uns\/"},{"@type":"ListItem","position":2,"name":"Teka und Sport"}]},{"@type":"WebSite","@id":"https:\/\/www.teka.com\/de-at\/#website","url":"https:\/\/www.teka.com\/de-at\/","name":"Teka Austria","description":"","potentialAction":[{"@type":"SearchAction","target":{"@type":"EntryPoint","urlTemplate":"https:\/\/www.teka.com\/de-at\/?s={search_term_string}"},"query-input":{"@type":"PropertyValueSpecification","valueRequired":true,"valueName":"search_term_string"}}],"inLanguage":"de"}]}},"_links":{"self":[{"href":"https:\/\/www.teka.com\/de-at\/wp-json\/wp\/v2\/pages\/21994","targetHints":{"allow":["GET"]}}],"collection":[{"href":"https:\/\/www.teka.com\/de-at\/wp-json\/wp\/v2\/pages"}],"about":[{"href":"https:\/\/www.teka.com\/de-at\/wp-json\/wp\/v2\/types\/page"}],"author":[{"embeddable":true,"href":"https:\/\/www.teka.com\/de-at\/wp-json\/wp\/v2\/users\/9"}],"replies":[{"embeddable":true,"href":"https:\/\/www.teka.com\/de-at\/wp-json\/wp\/v2\/comments?post=21994"}],"version-history":[{"count":37,"href":"https:\/\/www.teka.com\/de-at\/wp-json\/wp\/v2\/pages\/21994\/revisions"}],"predecessor-version":[{"id":54873,"href":"https:\/\/www.teka.com\/de-at\/wp-json\/wp\/v2\/pages\/21994\/revisions\/54873"}],"up":[{"embeddable":true,"href":"https:\/\/www.teka.com\/de-at\/wp-json\/wp\/v2\/pages\/21989"}],"wp:attachment":[{"href":"https:\/\/www.teka.com\/de-at\/wp-json\/wp\/v2\/media?parent=21994"}],"curies":[{"name":"wp","href":"https:\/\/api.w.org\/{rel}","templated":true}]}}