{"id":23564,"date":"2018-09-24T15:55:57","date_gmt":"2018-09-24T15:55:57","guid":{"rendered":"http:\/\/teka.com\/?page_id=23564"},"modified":"2022-09-15T14:55:32","modified_gmt":"2022-09-15T14:55:32","slug":"qualitaet-mit-garantie","status":"publish","type":"page","link":"https:\/\/www.teka.com\/de-at\/betreuung\/qualitaet-mit-garantie\/","title":{"rendered":"Qualit\u00e4t mit Garantie"},"content":{"rendered":"<p>[et_pb_section fb_built=&#8220;1&#8243; module_id=&#8220;legal-container&#8220; _builder_version=&#8220;3.22&#8243;][et_pb_row _builder_version=&#8220;3.25&#8243;][et_pb_column type=&#8220;4_4&#8243; _builder_version=&#8220;3.25&#8243; custom_padding=&#8220;|||&#8220; custom_padding__hover=&#8220;|||&#8220;][et_pb_text _builder_version=&#8220;3.27.4&#8243;]<\/p>\n<h1>Qualit\u00e4t mit <strong>Garantie<\/strong><\/h1>\n<p>[\/et_pb_text][et_pb_text _builder_version=&#8220;4.9.2&#8243; hover_enabled=&#8220;0&#8243; sticky_enabled=&#8220;0&#8243;]<\/p>\n<p>Wir freuen uns, da\u00df Sie sich f\u00fcr dieses Ger\u00e4t entschieden haben und hoffen, dass es Ihnen nur Freude bereitet.<br \/>Sollten Sie dennoch einen Grund zur Reklamation erkennen, wenden Sie sich bitte an den zust\u00e4ndigen Kundendienst per Hotline.<br \/>Auch nach der Garantiezeit sind wir immer f\u00fcr Sie Ihr Partner.<br \/>Geben Sie bei einer St\u00f6rung Ihre genaue Anschrift, Telefonnummer und den Ger\u00e4tetyp (vom Typenschild des Ger\u00e4tes) an.<br \/>Garantiebedingungen f\u00fcr Teka Sp\u00fclen und Armaturen sowie Hausger\u00e4te:<br \/>Zus\u00e4tzlich zu seinen Gew\u00e4hrleistungsanspr\u00fcchen aus seinem Kaufvertrag mit dem H\u00e4ndler leisten wir dem Endabnehmer direkt Garantie f\u00fcr Teka Sp\u00fclen und Armaturen sowie Hausger\u00e4te. Der Umfang unserer Garantie wird nachstehend geregelt:<\/p>\n<p>1. M\u00e4ngel am Produkt, die nachweislich auf einem Material- und\/oder Herstellungsfehler beruhen, werden nach Ma\u00dfgabe der folgenden Regelungen unentgeltlich behoben, wenn sie uns unverz\u00fcglich nach Feststellung und innerhalb von 24 Monaten nach Lieferung an den ersten Endabnehmer angezeigt werden. Bei gewerblichem Gebrauch oder gleichzusetzen der Beanspruchung betr\u00e4gt die Garantiefrist lediglich 12 Monate. Folgende Kosten sind damit abgedeckt:<br \/>\u2022 Materialkosten und Kosten f\u00fcr die Instandsetzung mangelhafter Teile oder den Austausch durch Neuteile;<br \/>\u2022 Arbeitslohn f\u00fcr Fehlerbeseitigung;<br \/>\u2022 An- und Abfahrtskosten;<br \/>\u2022 Transportkosten.<br \/>Separat anfallende Kosten f\u00fcr Fehlersuche, Orientierungsbesuche, Kostenvoranschl\u00e4ge etc. werden nicht erstattet. TEKA ist berechtigt, anstelle einer Reparatur die Garantieleistung in freier Entscheidung auch in Form eines im Wert vergleichbaren Austausch-Ger\u00e4tes zu erbringen.<\/p>\n<p>2. Der Kunde hat dem Kundendienst die Gelegenheit zu geben, innerhalb eines Zeitraums von 14 Tagen vor Ort eine Fehleranalyse am Ger\u00e4t durchzuf\u00fchren. Anspr\u00fcche aus der Garantie k\u00f6nnen anschlie\u00dfend nur bei unverz\u00fcglicher \u00dcbergabe des Ger\u00e4ts an den TEKA Kundendienst geltend gemacht werden.<\/p>\n<p>3. Die Garantiefrist f\u00fcr vom Kundendienst nachtr\u00e4glich eingebaute Ersatzteile erlischt mit Ablauf der Garantiefrist f\u00fcr das ganze Ger\u00e4t. Die sonstige vertragliche sowie gesetzliche Gew\u00e4hrleistung f\u00fcr ein Ersatzteil wird hierdurch nicht ber\u00fchrt.<\/p>\n<p>4. Die Garantie erstreckt sich nicht auf:<br \/>\u2022 Sch\u00e4den durch unsachgem\u00e4\u00dfe Behandlung (z. B. \u00fcberm\u00e4\u00dfige Beanspruchung, chemische\/elektrochemische Einwirkungen von Wasser, Laugenverschleppungen);<br \/>\u2022 Geringf\u00fcgige Fehler, die f\u00fcr die Tauglichkeit im Gebrauch sowie den Wert nicht erheblich sind;<br \/>\u2022 Glas, Gummi, Kunststoff, Emaille, Leuchtmittel (einschlie\u00dflich der zu deren Betrieb erforderlichen, technischen Vorrichtungen) und leicht zerbrechliche Materialien;<br \/>\u2022 Sch\u00e4den durch \u00e4u\u00dfere Einfl\u00fcsse\/Ereignisse (z.B. Wasserschaden nach Rohrbruch, \u00dcberspannung ) und sonstige anormale Umweltbedingungen.<br \/>\u2022 Sch\u00e4den durch nat\u00fcrliche Abnutzung, \u00dcberlastung, falsches Zubeh\u00f6r.<br \/>\u2022 Sch\u00e4den durch den Einsatz vom Hersteller nicht freigegebener Zubeh\u00f6r-\/ Erg\u00e4nzungs-\/ Anbauteile.<br \/>\u2022 Gewerblich genutzte Ger\u00e4te. Das gilt entsprechend f\u00fcr eine vergleichbare Nutzung durch z.B. Freiberufler, Organisationen, Beh\u00f6rden.<br \/>Die Garantie entf\u00e4llt vollst\u00e4ndig, wenn auch nur einzelne, in diesen Garantiebedingungen enthaltene Voraussetzungen nicht erf\u00fcllt sind.<br \/>Die Garantie entf\u00e4llt insbesondere bei Reparaturen und Eingriffen durch nicht vom Teka Kundendienst oder einer von Teka anerkannten Fachwerkstatt, Personen oder Betriebe.<\/p>\n<p>5. Weitergehende Anspr\u00fcche aufgrund dieser Garantie (z. B. Fremd-\/Folgesch\u00e4den au\u00dferhalb des Ger\u00e4tes, sonstige Begleitsch\u00e4den) sind ausgeschlossen. Die vereinbarten sonstigen vertraglichen oder gesetzlichen Gew\u00e4hrleistungsanspr\u00fcche des Kunden gegen Teka bleiben durch die Garantie unber\u00fchrt.<\/p>\n<p>6. Diese Garantiebedingungen gelten grunds\u00e4tzlich nur f\u00fcr in Deutschland gekaufte Produkte. Soweit wir in dem entsprechenden Land \u00fcberein Kundendienstnetz verf\u00fcgen, gelten diese Garantiebedingungen auch f\u00fcr ins Ausland verbrachte Produkte, vorausgesetzt sie weisen die technischen Voraussetzungen, wie z.B. Spannung, Frequenz, Gasart, f\u00fcr das entsprechende Land auf und sind f\u00fcr die jeweiligen Klima- und Umweltbedingungen geeignet. F\u00fcr im Ausland gekaufte Produkte gelten die von unserer jeweils zust\u00e4ndigen Auslandsgesellschaft oder Landesvertretung herausgegebenen Garantiebedingungen, die \u00fcber den Fachh\u00e4ndler oder direkt bei unserer Auslandsgesellschaft oder Landesvertretung angefordert werden k\u00f6nnen.<\/p>\n<p>7. Weitergehende oder andere Anspr\u00fcche aus dieser Garantie, insbesondere solche auf Ersatzau\u00dferhalb des Produktes entstandener Sch\u00e4den, sind &#8211; mit Ausnahme der Haftung f\u00fcr Sch\u00e4den aus der Verletzung des Lebens, des K\u00f6rpers oder der Gesundheit, die auf einer fahrl\u00e4ssigen Pflichtverletzung von uns oder einer vors\u00e4tzlichen oder fahrl\u00e4ssigen Pflichtverletzung unserer Erf\u00fcllungsgehilfen beruhen &#8211; ausgeschlossen. Diese Garantiebedingungen gelten grunds\u00e4tzlich nur f\u00fcr in Deutschland gekaufte Produkte. Soweit wir in dem entsprechenden Land \u00fcberein Kundendienstnetz verf\u00fcgen, gelten diese Garantiebedingungen auch f\u00fcr ins Ausland verbrachte Produkte, vorausgesetzt sie weisen die technischen Voraussetzungen, wie z.B. Spannung, Frequenz, Gasart, f\u00fcr das entsprechende Land auf und sind f\u00fcr die jeweiligen Klima- und Umweltbedingungen geeignet. F\u00fcr im Ausland gekaufte Produkte gelten die von unserer jeweils zust\u00e4ndigen Auslandsgesellschaft oder Landesvertretung herausgegebenen Garantiebedingungen, die \u00fcber den Fachh\u00e4ndler oder direkt bei unserer Auslandsgesellschaft oder Landesvertretung angefordert werden k\u00f6nnen.<\/p>\n<p>Gesetzliche Gew\u00e4hrleistungsfrist zum Zeitpunkt der Ausgabe dieses Garantieheftes. Die L\u00e4nder der Europ\u00e4ischen Union setzen die Richtlinie 2019\/771 des Europ\u00e4ischen Parlaments und des Rates vom 20. Mai 2019 um, und f\u00fcr den Fall, dass das lokale Recht nach der Ver\u00f6ffentlichung dieses Garantieheftes eine andere gesetzliche Garantiezeit vorschreibt, hat das lokale Recht Vorrang vor diesem Garantieheft.<\/p>\n<p>[\/et_pb_text][\/et_pb_column][\/et_pb_row][\/et_pb_section]<\/p>\n","protected":false},"excerpt":{"rendered":"<p>Qualit\u00e4t mit Garantie Wir freuen uns, da\u00df Sie sich f\u00fcr dieses Ger\u00e4t entschieden haben und hoffen, dass es Ihnen nur Freude bereitet.Sollten Sie dennoch einen Grund zur Reklamation erkennen, wenden Sie sich bitte an den zust\u00e4ndigen Kundendienst per Hotline.Auch nach der Garantiezeit sind wir immer f\u00fcr Sie Ihr Partner.Geben Sie bei einer St\u00f6rung Ihre genaue [&hellip;]<\/p>\n","protected":false},"author":9,"featured_media":0,"parent":5193,"menu_order":0,"comment_status":"closed","ping_status":"closed","template":"","meta":{"_acf_changed":false,"_et_pb_use_builder":"on","_et_pb_old_content":"","_et_gb_content_width":"","footnotes":""},"class_list":["post-23564","page","type-page","status-publish","hentry"],"acf":[],"yoast_head":"<!-- This site is optimized with the Yoast SEO plugin v27.2 - https:\/\/yoast.com\/product\/yoast-seo-wordpress\/ -->\n<title>Teka Austria | Consulta las condiciones de garantia<\/title>\n<meta name=\"robots\" content=\"index, follow, max-snippet:-1, max-image-preview:large, max-video-preview:-1\" \/>\n<link rel=\"canonical\" href=\"https:\/\/www.teka.com\/de-at\/betreuung\/qualitaet-mit-garantie\/\" \/>\n<meta property=\"og:locale\" content=\"de_DE\" \/>\n<meta property=\"og:type\" content=\"article\" \/>\n<meta property=\"og:title\" content=\"Teka Austria | Consulta las condiciones de garantia\" \/>\n<meta property=\"og:description\" content=\"Qualit\u00e4t mit Garantie Wir freuen uns, da\u00df Sie sich f\u00fcr dieses Ger\u00e4t entschieden haben und hoffen, dass es Ihnen nur Freude bereitet.Sollten Sie dennoch einen Grund zur Reklamation erkennen, wenden Sie sich bitte an den zust\u00e4ndigen Kundendienst per Hotline.Auch nach der Garantiezeit sind wir immer f\u00fcr Sie Ihr Partner.Geben Sie bei einer St\u00f6rung Ihre genaue [&hellip;]\" \/>\n<meta property=\"og:url\" content=\"https:\/\/www.teka.com\/de-at\/betreuung\/qualitaet-mit-garantie\/\" \/>\n<meta property=\"og:site_name\" content=\"Teka Austria\" \/>\n<meta property=\"article:modified_time\" content=\"2022-09-15T14:55:32+00:00\" \/>\n<meta name=\"twitter:card\" content=\"summary_large_image\" \/>\n<meta name=\"twitter:label1\" content=\"Gesch\u00e4tzte Lesezeit\" \/>\n\t<meta name=\"twitter:data1\" content=\"5\u00a0Minuten\" \/>\n<script type=\"application\/ld+json\" class=\"yoast-schema-graph\">{\"@context\":\"https:\/\/schema.org\",\"@graph\":[{\"@type\":\"WebPage\",\"@id\":\"https:\/\/www.teka.com\/de-at\/betreuung\/qualitaet-mit-garantie\/\",\"url\":\"https:\/\/www.teka.com\/de-at\/betreuung\/qualitaet-mit-garantie\/\",\"name\":\"Teka Austria | Consulta las condiciones de garantia\",\"isPartOf\":{\"@id\":\"https:\/\/www.teka.com\/de-at\/#website\"},\"datePublished\":\"2018-09-24T15:55:57+00:00\",\"dateModified\":\"2022-09-15T14:55:32+00:00\",\"breadcrumb\":{\"@id\":\"https:\/\/www.teka.com\/de-at\/betreuung\/qualitaet-mit-garantie\/#breadcrumb\"},\"inLanguage\":\"de\",\"potentialAction\":[{\"@type\":\"ReadAction\",\"target\":[\"https:\/\/www.teka.com\/de-at\/betreuung\/qualitaet-mit-garantie\/\"]}]},{\"@type\":\"BreadcrumbList\",\"@id\":\"https:\/\/www.teka.com\/de-at\/betreuung\/qualitaet-mit-garantie\/#breadcrumb\",\"itemListElement\":[{\"@type\":\"ListItem\",\"position\":1,\"name\":\"Service\",\"item\":\"https:\/\/www.teka.com\/de-at\/betreuung\/\"},{\"@type\":\"ListItem\",\"position\":2,\"name\":\"Qualit\u00e4t mit Garantie\"}]},{\"@type\":\"WebSite\",\"@id\":\"https:\/\/www.teka.com\/de-at\/#website\",\"url\":\"https:\/\/www.teka.com\/de-at\/\",\"name\":\"Teka Austria\",\"description\":\"\",\"potentialAction\":[{\"@type\":\"SearchAction\",\"target\":{\"@type\":\"EntryPoint\",\"urlTemplate\":\"https:\/\/www.teka.com\/de-at\/?s={search_term_string}\"},\"query-input\":{\"@type\":\"PropertyValueSpecification\",\"valueRequired\":true,\"valueName\":\"search_term_string\"}}],\"inLanguage\":\"de\"}]}<\/script>\n<!-- \/ Yoast SEO plugin. -->","yoast_head_json":{"title":"Teka Austria | Consulta las condiciones de garantia","robots":{"index":"index","follow":"follow","max-snippet":"max-snippet:-1","max-image-preview":"max-image-preview:large","max-video-preview":"max-video-preview:-1"},"canonical":"https:\/\/www.teka.com\/de-at\/betreuung\/qualitaet-mit-garantie\/","og_locale":"de_DE","og_type":"article","og_title":"Teka Austria | Consulta las condiciones de garantia","og_description":"Qualit\u00e4t mit Garantie Wir freuen uns, da\u00df Sie sich f\u00fcr dieses Ger\u00e4t entschieden haben und hoffen, dass es Ihnen nur Freude bereitet.Sollten Sie dennoch einen Grund zur Reklamation erkennen, wenden Sie sich bitte an den zust\u00e4ndigen Kundendienst per Hotline.Auch nach der Garantiezeit sind wir immer f\u00fcr Sie Ihr Partner.Geben Sie bei einer St\u00f6rung Ihre genaue [&hellip;]","og_url":"https:\/\/www.teka.com\/de-at\/betreuung\/qualitaet-mit-garantie\/","og_site_name":"Teka Austria","article_modified_time":"2022-09-15T14:55:32+00:00","twitter_card":"summary_large_image","twitter_misc":{"Gesch\u00e4tzte Lesezeit":"5\u00a0Minuten"},"schema":{"@context":"https:\/\/schema.org","@graph":[{"@type":"WebPage","@id":"https:\/\/www.teka.com\/de-at\/betreuung\/qualitaet-mit-garantie\/","url":"https:\/\/www.teka.com\/de-at\/betreuung\/qualitaet-mit-garantie\/","name":"Teka Austria | Consulta las condiciones de garantia","isPartOf":{"@id":"https:\/\/www.teka.com\/de-at\/#website"},"datePublished":"2018-09-24T15:55:57+00:00","dateModified":"2022-09-15T14:55:32+00:00","breadcrumb":{"@id":"https:\/\/www.teka.com\/de-at\/betreuung\/qualitaet-mit-garantie\/#breadcrumb"},"inLanguage":"de","potentialAction":[{"@type":"ReadAction","target":["https:\/\/www.teka.com\/de-at\/betreuung\/qualitaet-mit-garantie\/"]}]},{"@type":"BreadcrumbList","@id":"https:\/\/www.teka.com\/de-at\/betreuung\/qualitaet-mit-garantie\/#breadcrumb","itemListElement":[{"@type":"ListItem","position":1,"name":"Service","item":"https:\/\/www.teka.com\/de-at\/betreuung\/"},{"@type":"ListItem","position":2,"name":"Qualit\u00e4t mit Garantie"}]},{"@type":"WebSite","@id":"https:\/\/www.teka.com\/de-at\/#website","url":"https:\/\/www.teka.com\/de-at\/","name":"Teka Austria","description":"","potentialAction":[{"@type":"SearchAction","target":{"@type":"EntryPoint","urlTemplate":"https:\/\/www.teka.com\/de-at\/?s={search_term_string}"},"query-input":{"@type":"PropertyValueSpecification","valueRequired":true,"valueName":"search_term_string"}}],"inLanguage":"de"}]}},"_links":{"self":[{"href":"https:\/\/www.teka.com\/de-at\/wp-json\/wp\/v2\/pages\/23564","targetHints":{"allow":["GET"]}}],"collection":[{"href":"https:\/\/www.teka.com\/de-at\/wp-json\/wp\/v2\/pages"}],"about":[{"href":"https:\/\/www.teka.com\/de-at\/wp-json\/wp\/v2\/types\/page"}],"author":[{"embeddable":true,"href":"https:\/\/www.teka.com\/de-at\/wp-json\/wp\/v2\/users\/9"}],"replies":[{"embeddable":true,"href":"https:\/\/www.teka.com\/de-at\/wp-json\/wp\/v2\/comments?post=23564"}],"version-history":[{"count":15,"href":"https:\/\/www.teka.com\/de-at\/wp-json\/wp\/v2\/pages\/23564\/revisions"}],"predecessor-version":[{"id":62521,"href":"https:\/\/www.teka.com\/de-at\/wp-json\/wp\/v2\/pages\/23564\/revisions\/62521"}],"up":[{"embeddable":true,"href":"https:\/\/www.teka.com\/de-at\/wp-json\/wp\/v2\/pages\/5193"}],"wp:attachment":[{"href":"https:\/\/www.teka.com\/de-at\/wp-json\/wp\/v2\/media?parent=23564"}],"curies":[{"name":"wp","href":"https:\/\/api.w.org\/{rel}","templated":true}]}}