{"id":4713,"date":"2018-07-25T09:21:25","date_gmt":"2018-07-25T09:21:25","guid":{"rendered":"http:\/\/teka.com\/?page_id=4713"},"modified":"2025-09-17T08:41:25","modified_gmt":"2025-09-17T08:41:25","slug":"downloads","status":"publish","type":"page","link":"https:\/\/www.teka.com\/de-at\/downloads\/","title":{"rendered":"Downloads"},"content":{"rendered":"<p>[et_pb_section fb_built=&#8220;1&#8243; module_id=&#8220;descarga-catalogos-top&#8220; _builder_version=&#8220;4.16&#8243; background_image=&#8220;https:\/\/www.teka.com\/de-at\/wp-content\/uploads\/sites\/48\/2021\/10\/catalogues-background.jpg&#8220; background_position=&#8220;center_right&#8220; global_colors_info=&#8220;{}&#8220;][et_pb_row column_structure=&#8220;1_2,1_2&#8243; _builder_version=&#8220;4.16&#8243; hover_enabled=&#8220;0&#8243; global_colors_info=&#8220;{}&#8220; sticky_enabled=&#8220;0&#8243;][et_pb_column type=&#8220;1_2&#8243; module_id=&#8220;descarga-catalogos-top-text&#8220; _builder_version=&#8220;4.16&#8243; custom_padding=&#8220;|||&#8220; global_colors_info=&#8220;{}&#8220; custom_padding__hover=&#8220;|||&#8220;][et_pb_text _builder_version=&#8220;4.22.1&#8243; background_layout=&#8220;dark&#8220; link_option_url=&#8220;https:\/\/www.teka.com\/de-at\/wp-content\/uploads\/sites\/48\/2023\/10\/Teka_Katalog-Hausgeraete_AT.pdf&#8220; link_option_url_new_window=&#8220;on&#8220; hover_enabled=&#8220;0&#8243; global_colors_info=&#8220;{}&#8220; sticky_enabled=&#8220;0&#8243;]<\/p>\n<h1>Teka Kataloge 2025-2026<\/h1>\n<p>Laden Sie unsere kompletten Produktkataloge 2025-2026 herunter. Hier finden Sie alle unsere neue Artikel und Produktserien, sowie Eigenschaften und Detailinformationen zu unseren aktuellen Produkten.<\/p>\n<p>[\/et_pb_text][\/et_pb_column][et_pb_column type=&#8220;1_2&#8243; module_id=&#8220;descarga-catalogos-top-img&#8220; _builder_version=&#8220;4.16&#8243; custom_padding=&#8220;|||&#8220; global_colors_info=&#8220;{}&#8220; custom_padding__hover=&#8220;|||&#8220;][\/et_pb_column][\/et_pb_row][\/et_pb_section][et_pb_section fb_built=&#8220;1&#8243; _builder_version=&#8220;4.16&#8243; global_colors_info=&#8220;{}&#8220;][et_pb_row column_structure=&#8220;1_5,1_5,1_5,1_5,1_5&#8243; _builder_version=&#8220;4.16&#8243; global_colors_info=&#8220;{}&#8220;][et_pb_column type=&#8220;1_5&#8243; _builder_version=&#8220;4.16&#8243; custom_padding=&#8220;|||&#8220; global_colors_info=&#8220;{}&#8220; custom_padding__hover=&#8220;|||&#8220;][et_pb_text _builder_version=&#8220;4.22.1&#8243; _module_preset=&#8220;default&#8220; link_option_url=&#8220;https:\/\/www.teka.com\/de-at\/wp-content\/uploads\/sites\/48\/2023\/10\/2023_2024_StrohmTekaSanitaerkatalog.pdf&#8220; link_option_url_new_window=&#8220;on&#8220; global_colors_info=&#8220;{}&#8220;][\/et_pb_text][\/et_pb_column][et_pb_column type=&#8220;1_5&#8243; _builder_version=&#8220;4.22.1&#8243; _module_preset=&#8220;default&#8220; global_colors_info=&#8220;{}&#8220;][\/et_pb_column][et_pb_column type=&#8220;1_5&#8243; _builder_version=&#8220;4.22.1&#8243; _module_preset=&#8220;default&#8220; global_colors_info=&#8220;{}&#8220;][et_pb_image src=&#8220;https:\/\/www.teka.com\/de-at\/wp-content\/uploads\/sites\/48\/2025\/09\/Mockup_Catalogue-TEKA-2025_600_600_freigestellt_1.png&#8220; title_text=&#8220;Mockup_Catalogue TEKA 2025_600_600_freigestellt_1&#8243; url=&#8220;https:\/\/www.teka.com\/de-at\/wp-content\/uploads\/sites\/48\/2025\/09\/2025_2026_InDesign-Buch-Spuelen-Armaturen_Final_klein.pdf&#8220; url_new_window=&#8220;on&#8220; _builder_version=&#8220;4.27.4&#8243; _module_preset=&#8220;default&#8220; custom_margin=&#8220;||80px|||&#8220; hover_enabled=&#8220;0&#8243; global_colors_info=&#8220;{}&#8220; sticky_enabled=&#8220;0&#8243;][\/et_pb_image][\/et_pb_column][et_pb_column type=&#8220;1_5&#8243; _builder_version=&#8220;4.27.4&#8243; _module_preset=&#8220;default&#8220; global_colors_info=&#8220;{}&#8220;][et_pb_image src=&#8220;https:\/\/www.teka.com\/de-at\/wp-content\/uploads\/sites\/48\/2023\/10\/Titelblatt_HP.jpg&#8220; title_text=&#8220;Titelblatt_HP&#8220; url=&#8220;https:\/\/www.teka.com\/de-at\/wp-content\/uploads\/sites\/48\/2023\/10\/Teka_Katalog-Hausgeraete_AT.pdf&#8220; url_new_window=&#8220;on&#8220; align_tablet=&#8220;center&#8220; align_phone=&#8220;&#8220; align_last_edited=&#8220;on|desktop&#8220; _builder_version=&#8220;4.22.1&#8243; global_colors_info=&#8220;{}&#8220;][\/et_pb_image][\/et_pb_column][et_pb_column type=&#8220;1_5&#8243; _builder_version=&#8220;4.22.1&#8243; _module_preset=&#8220;default&#8220; global_colors_info=&#8220;{}&#8220;][et_pb_image src=&#8220;https:\/\/www.teka.com\/de-at\/wp-content\/uploads\/sites\/48\/2023\/10\/StrohmTekaSanitaerkatalog2023_2024.jpg&#8220; title_text=&#8220;StrohmTekaSanitaerkatalog2023_2024&#8243; url=&#8220;https:\/\/www.teka.com\/de-at\/wp-content\/uploads\/sites\/48\/2023\/10\/2023_2024_StrohmTekaSanitaerkatalog.pdf&#8220; url_new_window=&#8220;on&#8220; _builder_version=&#8220;4.22.1&#8243; _module_preset=&#8220;default&#8220; global_colors_info=&#8220;{}&#8220;][\/et_pb_image][\/et_pb_column][\/et_pb_row][\/et_pb_section]<\/p>\n","protected":false},"excerpt":{"rendered":"<p>Teka Kataloge 2025-2026 Laden Sie unsere kompletten Produktkataloge 2025-2026 herunter. Hier finden Sie alle unsere neue Artikel und Produktserien, sowie Eigenschaften und Detailinformationen zu unseren aktuellen Produkten.<\/p>\n","protected":false},"author":9,"featured_media":0,"parent":0,"menu_order":0,"comment_status":"closed","ping_status":"closed","template":"","meta":{"_acf_changed":false,"_et_pb_use_builder":"on","_et_pb_old_content":"","_et_gb_content_width":"","footnotes":""},"class_list":["post-4713","page","type-page","status-publish","hentry"],"acf":[],"yoast_head":"<!-- This site is optimized with the Yoast SEO plugin v27.5 - https:\/\/yoast.com\/product\/yoast-seo-wordpress\/ -->\n<title>Downloads 2025-2026 K\u00fcche &amp; Bad | Teka Austria<\/title>\n<meta name=\"description\" content=\"Download Teka Hausger\u00e4te, Sp\u00fclen und Badezimmerarmaturen Kataloge 2025\/2026\" \/>\n<meta name=\"robots\" content=\"index, follow, max-snippet:-1, max-image-preview:large, max-video-preview:-1\" \/>\n<link rel=\"canonical\" href=\"https:\/\/www.teka.com\/de-at\/downloads\/\" \/>\n<meta property=\"og:locale\" content=\"de_DE\" \/>\n<meta property=\"og:type\" content=\"article\" \/>\n<meta property=\"og:title\" content=\"Downloads 2025-2026 K\u00fcche &amp; Bad | Teka Austria\" \/>\n<meta property=\"og:description\" content=\"Download Teka Hausger\u00e4te, Sp\u00fclen und Badezimmerarmaturen Kataloge 2025\/2026\" \/>\n<meta property=\"og:url\" content=\"https:\/\/www.teka.com\/de-at\/downloads\/\" \/>\n<meta property=\"og:site_name\" content=\"Teka Austria\" \/>\n<meta property=\"article:modified_time\" content=\"2025-09-17T08:41:25+00:00\" \/>\n<meta name=\"twitter:card\" content=\"summary_large_image\" \/>\n<meta name=\"twitter:label1\" content=\"Gesch\u00e4tzte Lesezeit\" \/>\n\t<meta name=\"twitter:data1\" content=\"1\u00a0Minute\" \/>\n<script type=\"application\/ld+json\" class=\"yoast-schema-graph\">{\"@context\":\"https:\\\/\\\/schema.org\",\"@graph\":[{\"@type\":\"WebPage\",\"@id\":\"https:\\\/\\\/www.teka.com\\\/de-at\\\/downloads\\\/\",\"url\":\"https:\\\/\\\/www.teka.com\\\/de-at\\\/downloads\\\/\",\"name\":\"Downloads 2025-2026 K\u00fcche & Bad | Teka Austria\",\"isPartOf\":{\"@id\":\"https:\\\/\\\/www.teka.com\\\/de-at\\\/#website\"},\"datePublished\":\"2018-07-25T09:21:25+00:00\",\"dateModified\":\"2025-09-17T08:41:25+00:00\",\"description\":\"Download Teka Hausger\u00e4te, Sp\u00fclen und Badezimmerarmaturen Kataloge 2025\\\/2026\",\"inLanguage\":\"de\",\"potentialAction\":[{\"@type\":\"ReadAction\",\"target\":[\"https:\\\/\\\/www.teka.com\\\/de-at\\\/downloads\\\/\"]}]},{\"@type\":\"WebSite\",\"@id\":\"https:\\\/\\\/www.teka.com\\\/de-at\\\/#website\",\"url\":\"https:\\\/\\\/www.teka.com\\\/de-at\\\/\",\"name\":\"Teka Austria\",\"description\":\"\",\"potentialAction\":[{\"@type\":\"SearchAction\",\"target\":{\"@type\":\"EntryPoint\",\"urlTemplate\":\"https:\\\/\\\/www.teka.com\\\/de-at\\\/?s={search_term_string}\"},\"query-input\":{\"@type\":\"PropertyValueSpecification\",\"valueRequired\":true,\"valueName\":\"search_term_string\"}}],\"inLanguage\":\"de\"}]}<\/script>\n<!-- \/ Yoast SEO plugin. -->","yoast_head_json":{"title":"Downloads 2025-2026 K\u00fcche & Bad | Teka Austria","description":"Download Teka Hausger\u00e4te, Sp\u00fclen und Badezimmerarmaturen Kataloge 2025\/2026","robots":{"index":"index","follow":"follow","max-snippet":"max-snippet:-1","max-image-preview":"max-image-preview:large","max-video-preview":"max-video-preview:-1"},"canonical":"https:\/\/www.teka.com\/de-at\/downloads\/","og_locale":"de_DE","og_type":"article","og_title":"Downloads 2025-2026 K\u00fcche & Bad | Teka Austria","og_description":"Download Teka Hausger\u00e4te, Sp\u00fclen und Badezimmerarmaturen Kataloge 2025\/2026","og_url":"https:\/\/www.teka.com\/de-at\/downloads\/","og_site_name":"Teka Austria","article_modified_time":"2025-09-17T08:41:25+00:00","twitter_card":"summary_large_image","twitter_misc":{"Gesch\u00e4tzte Lesezeit":"1\u00a0Minute"},"schema":{"@context":"https:\/\/schema.org","@graph":[{"@type":"WebPage","@id":"https:\/\/www.teka.com\/de-at\/downloads\/","url":"https:\/\/www.teka.com\/de-at\/downloads\/","name":"Downloads 2025-2026 K\u00fcche & Bad | Teka Austria","isPartOf":{"@id":"https:\/\/www.teka.com\/de-at\/#website"},"datePublished":"2018-07-25T09:21:25+00:00","dateModified":"2025-09-17T08:41:25+00:00","description":"Download Teka Hausger\u00e4te, Sp\u00fclen und Badezimmerarmaturen Kataloge 2025\/2026","inLanguage":"de","potentialAction":[{"@type":"ReadAction","target":["https:\/\/www.teka.com\/de-at\/downloads\/"]}]},{"@type":"WebSite","@id":"https:\/\/www.teka.com\/de-at\/#website","url":"https:\/\/www.teka.com\/de-at\/","name":"Teka Austria","description":"","potentialAction":[{"@type":"SearchAction","target":{"@type":"EntryPoint","urlTemplate":"https:\/\/www.teka.com\/de-at\/?s={search_term_string}"},"query-input":{"@type":"PropertyValueSpecification","valueRequired":true,"valueName":"search_term_string"}}],"inLanguage":"de"}]}},"_links":{"self":[{"href":"https:\/\/www.teka.com\/de-at\/wp-json\/wp\/v2\/pages\/4713","targetHints":{"allow":["GET"]}}],"collection":[{"href":"https:\/\/www.teka.com\/de-at\/wp-json\/wp\/v2\/pages"}],"about":[{"href":"https:\/\/www.teka.com\/de-at\/wp-json\/wp\/v2\/types\/page"}],"author":[{"embeddable":true,"href":"https:\/\/www.teka.com\/de-at\/wp-json\/wp\/v2\/users\/9"}],"replies":[{"embeddable":true,"href":"https:\/\/www.teka.com\/de-at\/wp-json\/wp\/v2\/comments?post=4713"}],"version-history":[{"count":103,"href":"https:\/\/www.teka.com\/de-at\/wp-json\/wp\/v2\/pages\/4713\/revisions"}],"predecessor-version":[{"id":63836,"href":"https:\/\/www.teka.com\/de-at\/wp-json\/wp\/v2\/pages\/4713\/revisions\/63836"}],"wp:attachment":[{"href":"https:\/\/www.teka.com\/de-at\/wp-json\/wp\/v2\/media?parent=4713"}],"curies":[{"name":"wp","href":"https:\/\/api.w.org\/{rel}","templated":true}]}}