{"id":57788,"date":"2026-04-07T20:29:21","date_gmt":"2026-04-07T20:29:21","guid":{"rendered":"https:\/\/teka.com\/en-int\/universe-50-t-xp-1b-1d-max_115110017"},"modified":"2026-03-14T07:26:54","modified_gmt":"2026-03-14T08:26:54","slug":"universe-50-t-xp-1b-1d-max_115110017","status":"publish","type":"product","link":"https:\/\/www.teka.com\/de-at\/product\/universe-50-t-xp-1b-1d-max_115110017\/","title":{"rendered":"Universe 50 T-XP 1B 1D MAX"},"content":{"rendered":"<ul>\n<li>Universe Serie<\/li>\n<li>Edelstahl-Einbausp\u00fcle<\/li>\n<li>1 Sp\u00fclbecken und eine Abtropffl\u00e4che, reversibel<\/li>\n<li>3\u00bd&quot; Ablaufgarnitur mit Siphon<\/li>\n<li>175 mm Beckentiefe<\/li>\n<li>50 cm Unterschrank<\/li>\n<\/ul>\n","protected":false},"featured_media":0,"parent":0,"template":"","product_cat":[4225],"product_cleaning_system":[],"product_3rd_basket":[],"product_drawers":[],"product_type_of_installation":[109546],"product_edition":[],"product_serie":[],"product_features":[],"finishes":[],"product_bundles":[],"product_energy_efficiency":[],"product_video_training":[],"class_list":["post-57788","product","type-product","status-publish","hentry","product_cat-spuelen","usp-sinks-02","usp-universe-01","color-edelstahl","product_type_of_appliance-edelstahl","product_ambient-ambient-15","product_icons-lifetime-warranty","product_icons-hygiene","product_type_of_installation-einbau"],"acf":[],"yoast_head":"<!-- This site is optimized with the Yoast SEO plugin v27.2 - https:\/\/yoast.com\/product\/yoast-seo-wordpress\/ -->\n<title>Universe 50 T-XP 1B 1D MAX | Teka Austria<\/title>\n<meta name=\"robots\" content=\"index, follow, max-snippet:-1, max-image-preview:large, max-video-preview:-1\" \/>\n<link rel=\"canonical\" href=\"https:\/\/www.teka.com\/de-at\/product\/universe-50-t-xp-1b-1d-max_115110017\/\" \/>\n<meta property=\"og:locale\" content=\"de_DE\" \/>\n<meta property=\"og:type\" content=\"article\" \/>\n<meta property=\"og:title\" content=\"Universe 50 T-XP 1B 1D MAX | Teka Austria\" \/>\n<meta property=\"og:description\" content=\"Universe Serie Edelstahl-Einbausp\u00fcle 1 Sp\u00fclbecken und eine Abtropffl\u00e4che, reversibel 3\u00bd&quot; Ablaufgarnitur mit Siphon 175 mm Beckentiefe 50 cm Unterschrank\" \/>\n<meta property=\"og:url\" content=\"https:\/\/www.teka.com\/de-at\/product\/universe-50-t-xp-1b-1d-max_115110017\/\" \/>\n<meta property=\"og:site_name\" content=\"Teka Austria\" \/>\n<meta name=\"twitter:card\" content=\"summary_large_image\" \/>\n<script type=\"application\/ld+json\" class=\"yoast-schema-graph\">{\"@context\":\"https:\/\/schema.org\",\"@graph\":[{\"@type\":\"WebPage\",\"@id\":\"https:\/\/www.teka.com\/de-at\/product\/universe-50-t-xp-1b-1d-max_115110017\/\",\"url\":\"https:\/\/www.teka.com\/de-at\/product\/universe-50-t-xp-1b-1d-max_115110017\/\",\"name\":\"Universe 50 T-XP 1B 1D MAX | Teka Austria\",\"isPartOf\":{\"@id\":\"https:\/\/www.teka.com\/de-at\/#website\"},\"datePublished\":\"2026-04-07T20:29:21+00:00\",\"inLanguage\":\"de\",\"potentialAction\":[{\"@type\":\"ReadAction\",\"target\":[\"https:\/\/www.teka.com\/de-at\/product\/universe-50-t-xp-1b-1d-max_115110017\/\"]}]},{\"@type\":\"WebSite\",\"@id\":\"https:\/\/www.teka.com\/de-at\/#website\",\"url\":\"https:\/\/www.teka.com\/de-at\/\",\"name\":\"Teka Austria\",\"description\":\"\",\"potentialAction\":[{\"@type\":\"SearchAction\",\"target\":{\"@type\":\"EntryPoint\",\"urlTemplate\":\"https:\/\/www.teka.com\/de-at\/?s={search_term_string}\"},\"query-input\":{\"@type\":\"PropertyValueSpecification\",\"valueRequired\":true,\"valueName\":\"search_term_string\"}}],\"inLanguage\":\"de\"}]}<\/script>\n<!-- \/ Yoast SEO plugin. -->","yoast_head_json":{"title":"Universe 50 T-XP 1B 1D MAX | Teka Austria","robots":{"index":"index","follow":"follow","max-snippet":"max-snippet:-1","max-image-preview":"max-image-preview:large","max-video-preview":"max-video-preview:-1"},"canonical":"https:\/\/www.teka.com\/de-at\/product\/universe-50-t-xp-1b-1d-max_115110017\/","og_locale":"de_DE","og_type":"article","og_title":"Universe 50 T-XP 1B 1D MAX | Teka Austria","og_description":"Universe Serie Edelstahl-Einbausp\u00fcle 1 Sp\u00fclbecken und eine Abtropffl\u00e4che, reversibel 3\u00bd&quot; Ablaufgarnitur mit Siphon 175 mm Beckentiefe 50 cm Unterschrank","og_url":"https:\/\/www.teka.com\/de-at\/product\/universe-50-t-xp-1b-1d-max_115110017\/","og_site_name":"Teka Austria","twitter_card":"summary_large_image","schema":{"@context":"https:\/\/schema.org","@graph":[{"@type":"WebPage","@id":"https:\/\/www.teka.com\/de-at\/product\/universe-50-t-xp-1b-1d-max_115110017\/","url":"https:\/\/www.teka.com\/de-at\/product\/universe-50-t-xp-1b-1d-max_115110017\/","name":"Universe 50 T-XP 1B 1D MAX | Teka Austria","isPartOf":{"@id":"https:\/\/www.teka.com\/de-at\/#website"},"datePublished":"2026-04-07T20:29:21+00:00","inLanguage":"de","potentialAction":[{"@type":"ReadAction","target":["https:\/\/www.teka.com\/de-at\/product\/universe-50-t-xp-1b-1d-max_115110017\/"]}]},{"@type":"WebSite","@id":"https:\/\/www.teka.com\/de-at\/#website","url":"https:\/\/www.teka.com\/de-at\/","name":"Teka Austria","description":"","potentialAction":[{"@type":"SearchAction","target":{"@type":"EntryPoint","urlTemplate":"https:\/\/www.teka.com\/de-at\/?s={search_term_string}"},"query-input":{"@type":"PropertyValueSpecification","valueRequired":true,"valueName":"search_term_string"}}],"inLanguage":"de"}]}},"_links":{"self":[{"href":"https:\/\/www.teka.com\/de-at\/wp-json\/wp\/v2\/product\/57788","targetHints":{"allow":["GET"]}}],"collection":[{"href":"https:\/\/www.teka.com\/de-at\/wp-json\/wp\/v2\/product"}],"about":[{"href":"https:\/\/www.teka.com\/de-at\/wp-json\/wp\/v2\/types\/product"}],"wp:attachment":[{"href":"https:\/\/www.teka.com\/de-at\/wp-json\/wp\/v2\/media?parent=57788"}],"wp:term":[{"taxonomy":"product_cat","embeddable":true,"href":"https:\/\/www.teka.com\/de-at\/wp-json\/wp\/v2\/product_cat?post=57788"},{"taxonomy":"product_cleaning_system","embeddable":true,"href":"https:\/\/www.teka.com\/de-at\/wp-json\/wp\/v2\/product_cleaning_system?post=57788"},{"taxonomy":"product_3rd_basket","embeddable":true,"href":"https:\/\/www.teka.com\/de-at\/wp-json\/wp\/v2\/product_3rd_basket?post=57788"},{"taxonomy":"product_drawers","embeddable":true,"href":"https:\/\/www.teka.com\/de-at\/wp-json\/wp\/v2\/product_drawers?post=57788"},{"taxonomy":"product_type_of_installation","embeddable":true,"href":"https:\/\/www.teka.com\/de-at\/wp-json\/wp\/v2\/product_type_of_installation?post=57788"},{"taxonomy":"product_edition","embeddable":true,"href":"https:\/\/www.teka.com\/de-at\/wp-json\/wp\/v2\/product_edition?post=57788"},{"taxonomy":"product_serie","embeddable":true,"href":"https:\/\/www.teka.com\/de-at\/wp-json\/wp\/v2\/product_serie?post=57788"},{"taxonomy":"product_features","embeddable":true,"href":"https:\/\/www.teka.com\/de-at\/wp-json\/wp\/v2\/product_features?post=57788"},{"taxonomy":"finishes","embeddable":true,"href":"https:\/\/www.teka.com\/de-at\/wp-json\/wp\/v2\/finishes?post=57788"},{"taxonomy":"product_bundles","embeddable":true,"href":"https:\/\/www.teka.com\/de-at\/wp-json\/wp\/v2\/product_bundles?post=57788"},{"taxonomy":"product_energy_efficiency","embeddable":true,"href":"https:\/\/www.teka.com\/de-at\/wp-json\/wp\/v2\/product_energy_efficiency?post=57788"},{"taxonomy":"product_video_training","embeddable":true,"href":"https:\/\/www.teka.com\/de-at\/wp-json\/wp\/v2\/product_video_training?post=57788"}],"curies":[{"name":"wp","href":"https:\/\/api.w.org\/{rel}","templated":true}]}}