{"id":62461,"date":"2026-04-08T12:59:35","date_gmt":"2026-04-08T12:59:35","guid":{"rendered":"https:\/\/teka.com\/en-int\/brooklyn-50-m-xp-1b_115000057"},"modified":"2026-04-08T10:27:30","modified_gmt":"2026-04-08T11:27:30","slug":"brooklyn-50-m-xp-1b_115000057","status":"publish","type":"product","link":"https:\/\/www.teka.com\/de-at\/product\/brooklyn-50-m-xp-1b_115000057\/","title":{"rendered":"Brooklyn 50 M-XP 1B"},"content":{"rendered":"<ul>\n<li>Brooklyn Serie<\/li>\n<li>Edelstahlsp\u00fcle<\/li>\n<li>1 Sp\u00fclbecken<\/li>\n<li>2-in1-Flex-Montage (Aufliegend oder fl\u00e4chenb\u00fcndig)<\/li>\n<li>V-Control Excenter \u00d6ffnung auf Knopfdruck<\/li>\n<li>3\u00bd&quot; Excenter-Ablaufgarnitur mit Siphon<\/li>\n<li>SilentSmart, 50% Reduzierung der Wassereinlassger\u00e4usche<\/li>\n<li>210 mm Beckentiefe<\/li>\n<li>50 cm Unterschrank<\/li>\n<\/ul>\n","protected":false},"featured_media":0,"parent":0,"template":"","product_cat":[4225],"product_cleaning_system":[],"product_3rd_basket":[],"product_drawers":[],"product_type_of_installation":[109512,109547],"product_edition":[],"product_serie":[],"product_features":[],"finishes":[],"product_bundles":[],"product_energy_efficiency":[],"product_video_training":[],"class_list":["post-62461","product","type-product","status-publish","hentry","product_cat-spuelen","usp-brooklyn-01","usp-brooklyn-02","usp-brooklyn-03","usp-sinks-02","usp-sinks-05","usp-sinks-installation-02","usp-sinks-07","color-edelstahl","product_type_of_appliance-edelstahl","product_ambient-ambient-05","product_icons-hygiene","product_type_of_installation-flaechenbuendig","product_type_of_installation-aufsatzmontage"],"acf":[],"yoast_head":"<!-- This site is optimized with the Yoast SEO plugin v27.2 - https:\/\/yoast.com\/product\/yoast-seo-wordpress\/ -->\n<title>Brooklyn 50 M-XP 1B | Teka Austria<\/title>\n<meta name=\"robots\" content=\"index, follow, max-snippet:-1, max-image-preview:large, max-video-preview:-1\" \/>\n<link rel=\"canonical\" href=\"https:\/\/www.teka.com\/de-at\/product\/brooklyn-50-m-xp-1b_115000057\/\" \/>\n<meta property=\"og:locale\" content=\"de_DE\" \/>\n<meta property=\"og:type\" content=\"article\" \/>\n<meta property=\"og:title\" content=\"Brooklyn 50 M-XP 1B | Teka Austria\" \/>\n<meta property=\"og:description\" content=\"Brooklyn Serie Edelstahlsp\u00fcle 1 Sp\u00fclbecken 2-in1-Flex-Montage (Aufliegend oder fl\u00e4chenb\u00fcndig) V-Control Excenter \u00d6ffnung auf Knopfdruck 3\u00bd&quot; Excenter-Ablaufgarnitur mit Siphon SilentSmart, 50% Reduzierung der Wassereinlassger\u00e4usche 210 mm Beckentiefe 50 cm Unterschrank\" \/>\n<meta property=\"og:url\" content=\"https:\/\/www.teka.com\/de-at\/product\/brooklyn-50-m-xp-1b_115000057\/\" \/>\n<meta property=\"og:site_name\" content=\"Teka Austria\" \/>\n<meta name=\"twitter:card\" content=\"summary_large_image\" \/>\n<script type=\"application\/ld+json\" class=\"yoast-schema-graph\">{\"@context\":\"https:\/\/schema.org\",\"@graph\":[{\"@type\":\"WebPage\",\"@id\":\"https:\/\/www.teka.com\/de-at\/product\/brooklyn-50-m-xp-1b_115000057\/\",\"url\":\"https:\/\/www.teka.com\/de-at\/product\/brooklyn-50-m-xp-1b_115000057\/\",\"name\":\"Brooklyn 50 M-XP 1B | Teka Austria\",\"isPartOf\":{\"@id\":\"https:\/\/www.teka.com\/de-at\/#website\"},\"datePublished\":\"2026-04-08T12:59:35+00:00\",\"inLanguage\":\"de\",\"potentialAction\":[{\"@type\":\"ReadAction\",\"target\":[\"https:\/\/www.teka.com\/de-at\/product\/brooklyn-50-m-xp-1b_115000057\/\"]}]},{\"@type\":\"WebSite\",\"@id\":\"https:\/\/www.teka.com\/de-at\/#website\",\"url\":\"https:\/\/www.teka.com\/de-at\/\",\"name\":\"Teka Austria\",\"description\":\"\",\"potentialAction\":[{\"@type\":\"SearchAction\",\"target\":{\"@type\":\"EntryPoint\",\"urlTemplate\":\"https:\/\/www.teka.com\/de-at\/?s={search_term_string}\"},\"query-input\":{\"@type\":\"PropertyValueSpecification\",\"valueRequired\":true,\"valueName\":\"search_term_string\"}}],\"inLanguage\":\"de\"}]}<\/script>\n<!-- \/ Yoast SEO plugin. -->","yoast_head_json":{"title":"Brooklyn 50 M-XP 1B | Teka Austria","robots":{"index":"index","follow":"follow","max-snippet":"max-snippet:-1","max-image-preview":"max-image-preview:large","max-video-preview":"max-video-preview:-1"},"canonical":"https:\/\/www.teka.com\/de-at\/product\/brooklyn-50-m-xp-1b_115000057\/","og_locale":"de_DE","og_type":"article","og_title":"Brooklyn 50 M-XP 1B | Teka Austria","og_description":"Brooklyn Serie Edelstahlsp\u00fcle 1 Sp\u00fclbecken 2-in1-Flex-Montage (Aufliegend oder fl\u00e4chenb\u00fcndig) V-Control Excenter \u00d6ffnung auf Knopfdruck 3\u00bd&quot; Excenter-Ablaufgarnitur mit Siphon SilentSmart, 50% Reduzierung der Wassereinlassger\u00e4usche 210 mm Beckentiefe 50 cm Unterschrank","og_url":"https:\/\/www.teka.com\/de-at\/product\/brooklyn-50-m-xp-1b_115000057\/","og_site_name":"Teka Austria","twitter_card":"summary_large_image","schema":{"@context":"https:\/\/schema.org","@graph":[{"@type":"WebPage","@id":"https:\/\/www.teka.com\/de-at\/product\/brooklyn-50-m-xp-1b_115000057\/","url":"https:\/\/www.teka.com\/de-at\/product\/brooklyn-50-m-xp-1b_115000057\/","name":"Brooklyn 50 M-XP 1B | Teka Austria","isPartOf":{"@id":"https:\/\/www.teka.com\/de-at\/#website"},"datePublished":"2026-04-08T12:59:35+00:00","inLanguage":"de","potentialAction":[{"@type":"ReadAction","target":["https:\/\/www.teka.com\/de-at\/product\/brooklyn-50-m-xp-1b_115000057\/"]}]},{"@type":"WebSite","@id":"https:\/\/www.teka.com\/de-at\/#website","url":"https:\/\/www.teka.com\/de-at\/","name":"Teka Austria","description":"","potentialAction":[{"@type":"SearchAction","target":{"@type":"EntryPoint","urlTemplate":"https:\/\/www.teka.com\/de-at\/?s={search_term_string}"},"query-input":{"@type":"PropertyValueSpecification","valueRequired":true,"valueName":"search_term_string"}}],"inLanguage":"de"}]}},"_links":{"self":[{"href":"https:\/\/www.teka.com\/de-at\/wp-json\/wp\/v2\/product\/62461","targetHints":{"allow":["GET"]}}],"collection":[{"href":"https:\/\/www.teka.com\/de-at\/wp-json\/wp\/v2\/product"}],"about":[{"href":"https:\/\/www.teka.com\/de-at\/wp-json\/wp\/v2\/types\/product"}],"wp:attachment":[{"href":"https:\/\/www.teka.com\/de-at\/wp-json\/wp\/v2\/media?parent=62461"}],"wp:term":[{"taxonomy":"product_cat","embeddable":true,"href":"https:\/\/www.teka.com\/de-at\/wp-json\/wp\/v2\/product_cat?post=62461"},{"taxonomy":"product_cleaning_system","embeddable":true,"href":"https:\/\/www.teka.com\/de-at\/wp-json\/wp\/v2\/product_cleaning_system?post=62461"},{"taxonomy":"product_3rd_basket","embeddable":true,"href":"https:\/\/www.teka.com\/de-at\/wp-json\/wp\/v2\/product_3rd_basket?post=62461"},{"taxonomy":"product_drawers","embeddable":true,"href":"https:\/\/www.teka.com\/de-at\/wp-json\/wp\/v2\/product_drawers?post=62461"},{"taxonomy":"product_type_of_installation","embeddable":true,"href":"https:\/\/www.teka.com\/de-at\/wp-json\/wp\/v2\/product_type_of_installation?post=62461"},{"taxonomy":"product_edition","embeddable":true,"href":"https:\/\/www.teka.com\/de-at\/wp-json\/wp\/v2\/product_edition?post=62461"},{"taxonomy":"product_serie","embeddable":true,"href":"https:\/\/www.teka.com\/de-at\/wp-json\/wp\/v2\/product_serie?post=62461"},{"taxonomy":"product_features","embeddable":true,"href":"https:\/\/www.teka.com\/de-at\/wp-json\/wp\/v2\/product_features?post=62461"},{"taxonomy":"finishes","embeddable":true,"href":"https:\/\/www.teka.com\/de-at\/wp-json\/wp\/v2\/finishes?post=62461"},{"taxonomy":"product_bundles","embeddable":true,"href":"https:\/\/www.teka.com\/de-at\/wp-json\/wp\/v2\/product_bundles?post=62461"},{"taxonomy":"product_energy_efficiency","embeddable":true,"href":"https:\/\/www.teka.com\/de-at\/wp-json\/wp\/v2\/product_energy_efficiency?post=62461"},{"taxonomy":"product_video_training","embeddable":true,"href":"https:\/\/www.teka.com\/de-at\/wp-json\/wp\/v2\/product_video_training?post=62461"}],"curies":[{"name":"wp","href":"https:\/\/api.w.org\/{rel}","templated":true}]}}