{"id":63086,"date":"2026-04-07T18:33:28","date_gmt":"2026-04-07T18:33:28","guid":{"rendered":"https:\/\/teka.com\/en-int\/clc-855-gm_41598030"},"modified":"2026-03-14T03:52:36","modified_gmt":"2026-03-14T04:52:36","slug":"clc-855-gm_41598030","status":"publish","type":"product","link":"https:\/\/www.teka.com\/de-at\/product\/clc-855-gm_41598030\/","title":{"rendered":"CLC 855 GM"},"content":{"rendered":"<ul>\n<li>Ausgabe f\u00fcr 1 oder 2 Tassen<\/li>\n<li>Separate Beh\u00e4lter f\u00fcr Bohnen und gemahlenes Kaffeepulver<\/li>\n<li>Kaffeest\u00e4rke und Tassengr\u00f6\u00dfe einstellbar<\/li>\n<li>flache Edelstahl-Drehknebel<\/li>\n<\/ul>\n","protected":false},"featured_media":0,"parent":0,"template":"","product_cat":[4233],"product_cleaning_system":[],"product_3rd_basket":[],"product_drawers":[],"product_type_of_installation":[109490],"product_edition":[],"product_serie":[],"product_features":[],"finishes":[],"product_bundles":[],"product_energy_efficiency":[],"product_video_training":[],"class_list":["post-63086","product","type-product","status-publish","hentry","product_cat-kaffeemaschinen","usp-coffeemachine-01","usp-coffeemachine-02","usp-coffeemachine-03","usp-cookinglovers-10","color-schwarzes-glas","product_ambient-ambient-02","product_ambient-ambient-03","product_ambient-ambient-08","product_ambient-ambient-09","product_ambient-ambient-12","product_icons-coffee-beans","product_icons-ground-coffee","product_type_of_installation-eingebaut"],"acf":[],"yoast_head":"<!-- This site is optimized with the Yoast SEO plugin v27.2 - https:\/\/yoast.com\/product\/yoast-seo-wordpress\/ -->\n<title>CLC 855 GM | Teka Austria<\/title>\n<meta name=\"robots\" content=\"index, follow, max-snippet:-1, max-image-preview:large, max-video-preview:-1\" \/>\n<link rel=\"canonical\" href=\"https:\/\/www.teka.com\/de-at\/product\/clc-855-gm_41598030\/\" \/>\n<meta property=\"og:locale\" content=\"de_DE\" \/>\n<meta property=\"og:type\" content=\"article\" \/>\n<meta property=\"og:title\" content=\"CLC 855 GM | Teka Austria\" \/>\n<meta property=\"og:description\" content=\"Ausgabe f\u00fcr 1 oder 2 Tassen Separate Beh\u00e4lter f\u00fcr Bohnen und gemahlenes Kaffeepulver Kaffeest\u00e4rke und Tassengr\u00f6\u00dfe einstellbar flache Edelstahl-Drehknebel\" \/>\n<meta property=\"og:url\" content=\"https:\/\/www.teka.com\/de-at\/product\/clc-855-gm_41598030\/\" \/>\n<meta property=\"og:site_name\" content=\"Teka Austria\" \/>\n<meta name=\"twitter:card\" content=\"summary_large_image\" \/>\n<script type=\"application\/ld+json\" class=\"yoast-schema-graph\">{\"@context\":\"https:\/\/schema.org\",\"@graph\":[{\"@type\":\"WebPage\",\"@id\":\"https:\/\/www.teka.com\/de-at\/product\/clc-855-gm_41598030\/\",\"url\":\"https:\/\/www.teka.com\/de-at\/product\/clc-855-gm_41598030\/\",\"name\":\"CLC 855 GM | Teka Austria\",\"isPartOf\":{\"@id\":\"https:\/\/www.teka.com\/de-at\/#website\"},\"datePublished\":\"2026-04-07T18:33:28+00:00\",\"inLanguage\":\"de\",\"potentialAction\":[{\"@type\":\"ReadAction\",\"target\":[\"https:\/\/www.teka.com\/de-at\/product\/clc-855-gm_41598030\/\"]}]},{\"@type\":\"WebSite\",\"@id\":\"https:\/\/www.teka.com\/de-at\/#website\",\"url\":\"https:\/\/www.teka.com\/de-at\/\",\"name\":\"Teka Austria\",\"description\":\"\",\"potentialAction\":[{\"@type\":\"SearchAction\",\"target\":{\"@type\":\"EntryPoint\",\"urlTemplate\":\"https:\/\/www.teka.com\/de-at\/?s={search_term_string}\"},\"query-input\":{\"@type\":\"PropertyValueSpecification\",\"valueRequired\":true,\"valueName\":\"search_term_string\"}}],\"inLanguage\":\"de\"}]}<\/script>\n<!-- \/ Yoast SEO plugin. -->","yoast_head_json":{"title":"CLC 855 GM | Teka Austria","robots":{"index":"index","follow":"follow","max-snippet":"max-snippet:-1","max-image-preview":"max-image-preview:large","max-video-preview":"max-video-preview:-1"},"canonical":"https:\/\/www.teka.com\/de-at\/product\/clc-855-gm_41598030\/","og_locale":"de_DE","og_type":"article","og_title":"CLC 855 GM | Teka Austria","og_description":"Ausgabe f\u00fcr 1 oder 2 Tassen Separate Beh\u00e4lter f\u00fcr Bohnen und gemahlenes Kaffeepulver Kaffeest\u00e4rke und Tassengr\u00f6\u00dfe einstellbar flache Edelstahl-Drehknebel","og_url":"https:\/\/www.teka.com\/de-at\/product\/clc-855-gm_41598030\/","og_site_name":"Teka Austria","twitter_card":"summary_large_image","schema":{"@context":"https:\/\/schema.org","@graph":[{"@type":"WebPage","@id":"https:\/\/www.teka.com\/de-at\/product\/clc-855-gm_41598030\/","url":"https:\/\/www.teka.com\/de-at\/product\/clc-855-gm_41598030\/","name":"CLC 855 GM | Teka Austria","isPartOf":{"@id":"https:\/\/www.teka.com\/de-at\/#website"},"datePublished":"2026-04-07T18:33:28+00:00","inLanguage":"de","potentialAction":[{"@type":"ReadAction","target":["https:\/\/www.teka.com\/de-at\/product\/clc-855-gm_41598030\/"]}]},{"@type":"WebSite","@id":"https:\/\/www.teka.com\/de-at\/#website","url":"https:\/\/www.teka.com\/de-at\/","name":"Teka Austria","description":"","potentialAction":[{"@type":"SearchAction","target":{"@type":"EntryPoint","urlTemplate":"https:\/\/www.teka.com\/de-at\/?s={search_term_string}"},"query-input":{"@type":"PropertyValueSpecification","valueRequired":true,"valueName":"search_term_string"}}],"inLanguage":"de"}]}},"_links":{"self":[{"href":"https:\/\/www.teka.com\/de-at\/wp-json\/wp\/v2\/product\/63086","targetHints":{"allow":["GET"]}}],"collection":[{"href":"https:\/\/www.teka.com\/de-at\/wp-json\/wp\/v2\/product"}],"about":[{"href":"https:\/\/www.teka.com\/de-at\/wp-json\/wp\/v2\/types\/product"}],"wp:attachment":[{"href":"https:\/\/www.teka.com\/de-at\/wp-json\/wp\/v2\/media?parent=63086"}],"wp:term":[{"taxonomy":"product_cat","embeddable":true,"href":"https:\/\/www.teka.com\/de-at\/wp-json\/wp\/v2\/product_cat?post=63086"},{"taxonomy":"product_cleaning_system","embeddable":true,"href":"https:\/\/www.teka.com\/de-at\/wp-json\/wp\/v2\/product_cleaning_system?post=63086"},{"taxonomy":"product_3rd_basket","embeddable":true,"href":"https:\/\/www.teka.com\/de-at\/wp-json\/wp\/v2\/product_3rd_basket?post=63086"},{"taxonomy":"product_drawers","embeddable":true,"href":"https:\/\/www.teka.com\/de-at\/wp-json\/wp\/v2\/product_drawers?post=63086"},{"taxonomy":"product_type_of_installation","embeddable":true,"href":"https:\/\/www.teka.com\/de-at\/wp-json\/wp\/v2\/product_type_of_installation?post=63086"},{"taxonomy":"product_edition","embeddable":true,"href":"https:\/\/www.teka.com\/de-at\/wp-json\/wp\/v2\/product_edition?post=63086"},{"taxonomy":"product_serie","embeddable":true,"href":"https:\/\/www.teka.com\/de-at\/wp-json\/wp\/v2\/product_serie?post=63086"},{"taxonomy":"product_features","embeddable":true,"href":"https:\/\/www.teka.com\/de-at\/wp-json\/wp\/v2\/product_features?post=63086"},{"taxonomy":"finishes","embeddable":true,"href":"https:\/\/www.teka.com\/de-at\/wp-json\/wp\/v2\/finishes?post=63086"},{"taxonomy":"product_bundles","embeddable":true,"href":"https:\/\/www.teka.com\/de-at\/wp-json\/wp\/v2\/product_bundles?post=63086"},{"taxonomy":"product_energy_efficiency","embeddable":true,"href":"https:\/\/www.teka.com\/de-at\/wp-json\/wp\/v2\/product_energy_efficiency?post=63086"},{"taxonomy":"product_video_training","embeddable":true,"href":"https:\/\/www.teka.com\/de-at\/wp-json\/wp\/v2\/product_video_training?post=63086"}],"curies":[{"name":"wp","href":"https:\/\/api.w.org\/{rel}","templated":true}]}}