{"id":63143,"date":"2026-04-27T06:18:51","date_gmt":"2026-04-27T06:18:51","guid":{"rendered":"https:\/\/teka.com\/en-int\/diamond-rs15-1b-1d-86-auto_115100011"},"modified":"2026-04-23T03:07:23","modified_gmt":"2026-04-23T04:07:23","slug":"diamond-rs15-1b-1d-86-auto_115100011","status":"publish","type":"product","link":"https:\/\/www.teka.com\/de-at\/product\/diamond-rs15-1b-1d-86-auto_115100011\/","title":{"rendered":"Diamond RS15 1B 1D 86 AUTO"},"content":{"rendered":"<ul>\n<li>Diamond Serie<\/li>\n<li>Glas-Einbausp\u00fcle mit Edelstahlbecken<\/li>\n<li>1 Sp\u00fclbecken und eine Abtropffl\u00e4che, reversibel<\/li>\n<li>R15 Radius f\u00fcr leichte Reinigung<\/li>\n<li>3\u00bd&quot; Excenter-Ablaufgarnitur mit Siphon<\/li>\n<li>Eckige SQ-Design-Ablauf-Abdeckung SilentSmart, 50% Reduzierung der Wassereinlassger\u00e4usche<\/li>\n<li>200 mm Beckentiefe<\/li>\n<li>50 cm Unterschrank<\/li>\n<\/ul>\n","protected":false},"featured_media":0,"parent":0,"template":"","product_cat":[4225],"product_cleaning_system":[],"product_3rd_basket":[],"product_drawers":[],"product_type_of_installation":[109546],"product_edition":[],"product_serie":[],"product_features":[],"finishes":[],"product_bundles":[],"product_energy_efficiency":[],"product_video_training":[],"class_list":["post-63143","product","type-product","status-publish","hentry","product_cat-spuelen","usp-sinks-02","usp-sinks-04","usp-sinks-05","usp-sinks-06","usp-diamond-01","color-schwarzes-glas","product_type_of_appliance-glasspuelen","product_ambient-urban-colors-01","product_ambient-urban-colors-02","product_ambient-urban-colors-03","product_icons-lifetime-warrantysilentsmart","product_icons-200mm","product_icons-hygiene","product_icons-r15","product_type_of_installation-einbau"],"acf":[],"yoast_head":"<!-- This site is optimized with the Yoast SEO plugin v27.2 - https:\/\/yoast.com\/product\/yoast-seo-wordpress\/ -->\n<title>Diamond RS15 1B 1D 86 AUTO | Teka Austria<\/title>\n<meta name=\"robots\" content=\"index, follow, max-snippet:-1, max-image-preview:large, max-video-preview:-1\" \/>\n<link rel=\"canonical\" href=\"https:\/\/www.teka.com\/de-at\/product\/diamond-rs15-1b-1d-86-auto_115100011\/\" \/>\n<meta property=\"og:locale\" content=\"de_DE\" \/>\n<meta property=\"og:type\" content=\"article\" \/>\n<meta property=\"og:title\" content=\"Diamond RS15 1B 1D 86 AUTO | Teka Austria\" \/>\n<meta property=\"og:description\" content=\"Diamond Serie Glas-Einbausp\u00fcle mit Edelstahlbecken 1 Sp\u00fclbecken und eine Abtropffl\u00e4che, reversibel R15 Radius f\u00fcr leichte Reinigung 3\u00bd&quot; Excenter-Ablaufgarnitur mit Siphon Eckige SQ-Design-Ablauf-Abdeckung SilentSmart, 50% Reduzierung der Wassereinlassger\u00e4usche 200 mm Beckentiefe 50 cm Unterschrank\" \/>\n<meta property=\"og:url\" content=\"https:\/\/www.teka.com\/de-at\/product\/diamond-rs15-1b-1d-86-auto_115100011\/\" \/>\n<meta property=\"og:site_name\" content=\"Teka Austria\" \/>\n<meta name=\"twitter:card\" content=\"summary_large_image\" \/>\n<script type=\"application\/ld+json\" class=\"yoast-schema-graph\">{\"@context\":\"https:\/\/schema.org\",\"@graph\":[{\"@type\":\"WebPage\",\"@id\":\"https:\/\/www.teka.com\/de-at\/product\/diamond-rs15-1b-1d-86-auto_115100011\/\",\"url\":\"https:\/\/www.teka.com\/de-at\/product\/diamond-rs15-1b-1d-86-auto_115100011\/\",\"name\":\"Diamond RS15 1B 1D 86 AUTO | Teka Austria\",\"isPartOf\":{\"@id\":\"https:\/\/www.teka.com\/de-at\/#website\"},\"datePublished\":\"2026-04-27T06:18:51+00:00\",\"inLanguage\":\"de\",\"potentialAction\":[{\"@type\":\"ReadAction\",\"target\":[\"https:\/\/www.teka.com\/de-at\/product\/diamond-rs15-1b-1d-86-auto_115100011\/\"]}]},{\"@type\":\"WebSite\",\"@id\":\"https:\/\/www.teka.com\/de-at\/#website\",\"url\":\"https:\/\/www.teka.com\/de-at\/\",\"name\":\"Teka Austria\",\"description\":\"\",\"potentialAction\":[{\"@type\":\"SearchAction\",\"target\":{\"@type\":\"EntryPoint\",\"urlTemplate\":\"https:\/\/www.teka.com\/de-at\/?s={search_term_string}\"},\"query-input\":{\"@type\":\"PropertyValueSpecification\",\"valueRequired\":true,\"valueName\":\"search_term_string\"}}],\"inLanguage\":\"de\"}]}<\/script>\n<!-- \/ Yoast SEO plugin. -->","yoast_head_json":{"title":"Diamond RS15 1B 1D 86 AUTO | Teka Austria","robots":{"index":"index","follow":"follow","max-snippet":"max-snippet:-1","max-image-preview":"max-image-preview:large","max-video-preview":"max-video-preview:-1"},"canonical":"https:\/\/www.teka.com\/de-at\/product\/diamond-rs15-1b-1d-86-auto_115100011\/","og_locale":"de_DE","og_type":"article","og_title":"Diamond RS15 1B 1D 86 AUTO | Teka Austria","og_description":"Diamond Serie Glas-Einbausp\u00fcle mit Edelstahlbecken 1 Sp\u00fclbecken und eine Abtropffl\u00e4che, reversibel R15 Radius f\u00fcr leichte Reinigung 3\u00bd&quot; Excenter-Ablaufgarnitur mit Siphon Eckige SQ-Design-Ablauf-Abdeckung SilentSmart, 50% Reduzierung der Wassereinlassger\u00e4usche 200 mm Beckentiefe 50 cm Unterschrank","og_url":"https:\/\/www.teka.com\/de-at\/product\/diamond-rs15-1b-1d-86-auto_115100011\/","og_site_name":"Teka Austria","twitter_card":"summary_large_image","schema":{"@context":"https:\/\/schema.org","@graph":[{"@type":"WebPage","@id":"https:\/\/www.teka.com\/de-at\/product\/diamond-rs15-1b-1d-86-auto_115100011\/","url":"https:\/\/www.teka.com\/de-at\/product\/diamond-rs15-1b-1d-86-auto_115100011\/","name":"Diamond RS15 1B 1D 86 AUTO | Teka Austria","isPartOf":{"@id":"https:\/\/www.teka.com\/de-at\/#website"},"datePublished":"2026-04-27T06:18:51+00:00","inLanguage":"de","potentialAction":[{"@type":"ReadAction","target":["https:\/\/www.teka.com\/de-at\/product\/diamond-rs15-1b-1d-86-auto_115100011\/"]}]},{"@type":"WebSite","@id":"https:\/\/www.teka.com\/de-at\/#website","url":"https:\/\/www.teka.com\/de-at\/","name":"Teka Austria","description":"","potentialAction":[{"@type":"SearchAction","target":{"@type":"EntryPoint","urlTemplate":"https:\/\/www.teka.com\/de-at\/?s={search_term_string}"},"query-input":{"@type":"PropertyValueSpecification","valueRequired":true,"valueName":"search_term_string"}}],"inLanguage":"de"}]}},"_links":{"self":[{"href":"https:\/\/www.teka.com\/de-at\/wp-json\/wp\/v2\/product\/63143","targetHints":{"allow":["GET"]}}],"collection":[{"href":"https:\/\/www.teka.com\/de-at\/wp-json\/wp\/v2\/product"}],"about":[{"href":"https:\/\/www.teka.com\/de-at\/wp-json\/wp\/v2\/types\/product"}],"wp:attachment":[{"href":"https:\/\/www.teka.com\/de-at\/wp-json\/wp\/v2\/media?parent=63143"}],"wp:term":[{"taxonomy":"product_cat","embeddable":true,"href":"https:\/\/www.teka.com\/de-at\/wp-json\/wp\/v2\/product_cat?post=63143"},{"taxonomy":"product_cleaning_system","embeddable":true,"href":"https:\/\/www.teka.com\/de-at\/wp-json\/wp\/v2\/product_cleaning_system?post=63143"},{"taxonomy":"product_3rd_basket","embeddable":true,"href":"https:\/\/www.teka.com\/de-at\/wp-json\/wp\/v2\/product_3rd_basket?post=63143"},{"taxonomy":"product_drawers","embeddable":true,"href":"https:\/\/www.teka.com\/de-at\/wp-json\/wp\/v2\/product_drawers?post=63143"},{"taxonomy":"product_type_of_installation","embeddable":true,"href":"https:\/\/www.teka.com\/de-at\/wp-json\/wp\/v2\/product_type_of_installation?post=63143"},{"taxonomy":"product_edition","embeddable":true,"href":"https:\/\/www.teka.com\/de-at\/wp-json\/wp\/v2\/product_edition?post=63143"},{"taxonomy":"product_serie","embeddable":true,"href":"https:\/\/www.teka.com\/de-at\/wp-json\/wp\/v2\/product_serie?post=63143"},{"taxonomy":"product_features","embeddable":true,"href":"https:\/\/www.teka.com\/de-at\/wp-json\/wp\/v2\/product_features?post=63143"},{"taxonomy":"finishes","embeddable":true,"href":"https:\/\/www.teka.com\/de-at\/wp-json\/wp\/v2\/finishes?post=63143"},{"taxonomy":"product_bundles","embeddable":true,"href":"https:\/\/www.teka.com\/de-at\/wp-json\/wp\/v2\/product_bundles?post=63143"},{"taxonomy":"product_energy_efficiency","embeddable":true,"href":"https:\/\/www.teka.com\/de-at\/wp-json\/wp\/v2\/product_energy_efficiency?post=63143"},{"taxonomy":"product_video_training","embeddable":true,"href":"https:\/\/www.teka.com\/de-at\/wp-json\/wp\/v2\/product_video_training?post=63143"}],"curies":[{"name":"wp","href":"https:\/\/api.w.org\/{rel}","templated":true}]}}