{"id":63151,"date":"2026-04-24T07:58:55","date_gmt":"2026-04-24T07:58:55","guid":{"rendered":"https:\/\/teka.com\/en-int\/rlf-74925-ss-eu_113430010"},"modified":"2026-03-14T06:05:57","modified_gmt":"2026-03-14T07:05:57","slug":"rlf-74925-ss-eu_113430010","status":"publish","type":"product","link":"https:\/\/www.teka.com\/de-at\/product\/rlf-74925-ss-eu_113430010\/","title":{"rendered":"RLF 74925 SS EU"},"content":{"rendered":"<ul>\n<li>Full No Frost<\/li>\n<li>Frischecenter f\u00fcr Wasser, Eisw\u00fcrfel und Crushed Ice<\/li>\n<li>Barfach<\/li>\n<li>Elektronische Bedienung und Anzeige auf der T\u00fcr<\/li>\n<li>Edelstahl mit Anti-Fingerprint Beschichtung<\/li>\n<\/ul>\n","protected":false},"featured_media":0,"parent":0,"template":"","product_cat":[110258],"product_cleaning_system":[],"product_3rd_basket":[],"product_drawers":[109488],"product_type_of_installation":[109485],"product_edition":[],"product_serie":[],"product_features":[],"finishes":[],"product_bundles":[],"product_energy_efficiency":[],"product_video_training":[],"class_list":["post-63151","product","type-product","status-publish","hentry","product_cat-kuehlgeraete","usp-coldline-09","color-edelstahl","product_type_of_appliance-kuhlschranke","product_icons-fresh-box","product_icons-led","product_icons-longlife-no-frost","product_icons-motor-inverter","product_icons-on-holidays-function","product_icons-bar-on-door","product_drawers-fresh-box","product_type_of_installation-freistehend"],"acf":[],"yoast_head":"<!-- This site is optimized with the Yoast SEO plugin v27.5 - https:\/\/yoast.com\/product\/yoast-seo-wordpress\/ -->\n<title>RLF 74925 SS EU | Teka Austria<\/title>\n<meta name=\"robots\" content=\"index, follow, max-snippet:-1, max-image-preview:large, max-video-preview:-1\" \/>\n<link rel=\"canonical\" href=\"https:\/\/www.teka.com\/de-at\/product\/rlf-74925-ss-eu_113430010\/\" \/>\n<meta property=\"og:locale\" content=\"de_DE\" \/>\n<meta property=\"og:type\" content=\"article\" \/>\n<meta property=\"og:title\" content=\"RLF 74925 SS EU | Teka Austria\" \/>\n<meta property=\"og:description\" content=\"Full No Frost Frischecenter f\u00fcr Wasser, Eisw\u00fcrfel und Crushed Ice Barfach Elektronische Bedienung und Anzeige auf der T\u00fcr Edelstahl mit Anti-Fingerprint Beschichtung\" \/>\n<meta property=\"og:url\" content=\"https:\/\/www.teka.com\/de-at\/product\/rlf-74925-ss-eu_113430010\/\" \/>\n<meta property=\"og:site_name\" content=\"Teka Austria\" \/>\n<meta name=\"twitter:card\" content=\"summary_large_image\" \/>\n<script type=\"application\/ld+json\" class=\"yoast-schema-graph\">{\"@context\":\"https:\\\/\\\/schema.org\",\"@graph\":[{\"@type\":\"WebPage\",\"@id\":\"https:\\\/\\\/www.teka.com\\\/de-at\\\/product\\\/rlf-74925-ss-eu_113430010\\\/\",\"url\":\"https:\\\/\\\/www.teka.com\\\/de-at\\\/product\\\/rlf-74925-ss-eu_113430010\\\/\",\"name\":\"RLF 74925 SS EU | Teka Austria\",\"isPartOf\":{\"@id\":\"https:\\\/\\\/www.teka.com\\\/de-at\\\/#website\"},\"datePublished\":\"2026-04-24T07:58:55+00:00\",\"inLanguage\":\"de\",\"potentialAction\":[{\"@type\":\"ReadAction\",\"target\":[\"https:\\\/\\\/www.teka.com\\\/de-at\\\/product\\\/rlf-74925-ss-eu_113430010\\\/\"]}]},{\"@type\":\"WebSite\",\"@id\":\"https:\\\/\\\/www.teka.com\\\/de-at\\\/#website\",\"url\":\"https:\\\/\\\/www.teka.com\\\/de-at\\\/\",\"name\":\"Teka Austria\",\"description\":\"\",\"potentialAction\":[{\"@type\":\"SearchAction\",\"target\":{\"@type\":\"EntryPoint\",\"urlTemplate\":\"https:\\\/\\\/www.teka.com\\\/de-at\\\/?s={search_term_string}\"},\"query-input\":{\"@type\":\"PropertyValueSpecification\",\"valueRequired\":true,\"valueName\":\"search_term_string\"}}],\"inLanguage\":\"de\"}]}<\/script>\n<!-- \/ Yoast SEO plugin. -->","yoast_head_json":{"title":"RLF 74925 SS EU | Teka Austria","robots":{"index":"index","follow":"follow","max-snippet":"max-snippet:-1","max-image-preview":"max-image-preview:large","max-video-preview":"max-video-preview:-1"},"canonical":"https:\/\/www.teka.com\/de-at\/product\/rlf-74925-ss-eu_113430010\/","og_locale":"de_DE","og_type":"article","og_title":"RLF 74925 SS EU | Teka Austria","og_description":"Full No Frost Frischecenter f\u00fcr Wasser, Eisw\u00fcrfel und Crushed Ice Barfach Elektronische Bedienung und Anzeige auf der T\u00fcr Edelstahl mit Anti-Fingerprint Beschichtung","og_url":"https:\/\/www.teka.com\/de-at\/product\/rlf-74925-ss-eu_113430010\/","og_site_name":"Teka Austria","twitter_card":"summary_large_image","schema":{"@context":"https:\/\/schema.org","@graph":[{"@type":"WebPage","@id":"https:\/\/www.teka.com\/de-at\/product\/rlf-74925-ss-eu_113430010\/","url":"https:\/\/www.teka.com\/de-at\/product\/rlf-74925-ss-eu_113430010\/","name":"RLF 74925 SS EU | Teka Austria","isPartOf":{"@id":"https:\/\/www.teka.com\/de-at\/#website"},"datePublished":"2026-04-24T07:58:55+00:00","inLanguage":"de","potentialAction":[{"@type":"ReadAction","target":["https:\/\/www.teka.com\/de-at\/product\/rlf-74925-ss-eu_113430010\/"]}]},{"@type":"WebSite","@id":"https:\/\/www.teka.com\/de-at\/#website","url":"https:\/\/www.teka.com\/de-at\/","name":"Teka Austria","description":"","potentialAction":[{"@type":"SearchAction","target":{"@type":"EntryPoint","urlTemplate":"https:\/\/www.teka.com\/de-at\/?s={search_term_string}"},"query-input":{"@type":"PropertyValueSpecification","valueRequired":true,"valueName":"search_term_string"}}],"inLanguage":"de"}]}},"_links":{"self":[{"href":"https:\/\/www.teka.com\/de-at\/wp-json\/wp\/v2\/product\/63151","targetHints":{"allow":["GET"]}}],"collection":[{"href":"https:\/\/www.teka.com\/de-at\/wp-json\/wp\/v2\/product"}],"about":[{"href":"https:\/\/www.teka.com\/de-at\/wp-json\/wp\/v2\/types\/product"}],"wp:attachment":[{"href":"https:\/\/www.teka.com\/de-at\/wp-json\/wp\/v2\/media?parent=63151"}],"wp:term":[{"taxonomy":"product_cat","embeddable":true,"href":"https:\/\/www.teka.com\/de-at\/wp-json\/wp\/v2\/product_cat?post=63151"},{"taxonomy":"product_cleaning_system","embeddable":true,"href":"https:\/\/www.teka.com\/de-at\/wp-json\/wp\/v2\/product_cleaning_system?post=63151"},{"taxonomy":"product_3rd_basket","embeddable":true,"href":"https:\/\/www.teka.com\/de-at\/wp-json\/wp\/v2\/product_3rd_basket?post=63151"},{"taxonomy":"product_drawers","embeddable":true,"href":"https:\/\/www.teka.com\/de-at\/wp-json\/wp\/v2\/product_drawers?post=63151"},{"taxonomy":"product_type_of_installation","embeddable":true,"href":"https:\/\/www.teka.com\/de-at\/wp-json\/wp\/v2\/product_type_of_installation?post=63151"},{"taxonomy":"product_edition","embeddable":true,"href":"https:\/\/www.teka.com\/de-at\/wp-json\/wp\/v2\/product_edition?post=63151"},{"taxonomy":"product_serie","embeddable":true,"href":"https:\/\/www.teka.com\/de-at\/wp-json\/wp\/v2\/product_serie?post=63151"},{"taxonomy":"product_features","embeddable":true,"href":"https:\/\/www.teka.com\/de-at\/wp-json\/wp\/v2\/product_features?post=63151"},{"taxonomy":"finishes","embeddable":true,"href":"https:\/\/www.teka.com\/de-at\/wp-json\/wp\/v2\/finishes?post=63151"},{"taxonomy":"product_bundles","embeddable":true,"href":"https:\/\/www.teka.com\/de-at\/wp-json\/wp\/v2\/product_bundles?post=63151"},{"taxonomy":"product_energy_efficiency","embeddable":true,"href":"https:\/\/www.teka.com\/de-at\/wp-json\/wp\/v2\/product_energy_efficiency?post=63151"},{"taxonomy":"product_video_training","embeddable":true,"href":"https:\/\/www.teka.com\/de-at\/wp-json\/wp\/v2\/product_video_training?post=63151"}],"curies":[{"name":"wp","href":"https:\/\/api.w.org\/{rel}","templated":true}]}}