{"id":63176,"date":"2026-04-08T23:39:18","date_gmt":"2026-04-08T23:39:18","guid":{"rendered":"https:\/\/teka.com\/en-int\/forlinea-rs15-40-40-auto_115000019"},"modified":"2026-04-08T08:22:56","modified_gmt":"2026-04-08T09:22:56","slug":"forlinea-rs15-40-40-auto_115000019","status":"publish","type":"product","link":"https:\/\/www.teka.com\/de-at\/product\/forlinea-rs15-40-40-auto_115000019\/","title":{"rendered":"ForLinea RS15 40.40 AUTO"},"content":{"rendered":"<ul>\n<li>ForLinea Serie<\/li>\n<li>Edelstahlsp\u00fcle<\/li>\n<li>1 Sp\u00fclbecken<\/li>\n<li>2in1-Flex-Montage (Aufliegend oder fl\u00e4chenb\u00fcndig)<\/li>\n<li>R15 Radius f\u00fcr leichte Reinigung<\/li>\n<li>3\u00bd&quot; Excenter-Ablaufgarnitur mit Siphon<\/li>\n<li>Eckige SQ-Design-Ablauf-Abdeckung SilentSmart, 50% Reduzierung der Wassereinlassger\u00e4usche<\/li>\n<li>200 mm Beckentiefe<\/li>\n<li>50 cm Unterschrank<\/li>\n<\/ul>\n","protected":false},"featured_media":0,"parent":0,"template":"","product_cat":[4225],"product_cleaning_system":[],"product_3rd_basket":[],"product_drawers":[],"product_type_of_installation":[109512,109547],"product_edition":[],"product_serie":[],"product_features":[],"finishes":[],"product_bundles":[],"product_energy_efficiency":[],"product_video_training":[],"class_list":["post-63176","product","type-product","status-publish","hentry","product_cat-spuelen","usp-sinks-02","usp-sinks-04","usp-sinks-05","usp-sinks-06","color-edelstahl","product_type_of_appliance-edelstahl","product_icons-lifetime-warrantysilentsmart","product_icons-200mm","product_icons-hygiene","product_icons-r15","product_type_of_installation-flaechenbuendig","product_type_of_installation-aufsatzmontage"],"acf":[],"yoast_head":"<!-- This site is optimized with the Yoast SEO plugin v27.2 - https:\/\/yoast.com\/product\/yoast-seo-wordpress\/ -->\n<title>ForLinea RS15 40.40 AUTO | Teka Austria<\/title>\n<meta name=\"robots\" content=\"index, follow, max-snippet:-1, max-image-preview:large, max-video-preview:-1\" \/>\n<link rel=\"canonical\" href=\"https:\/\/www.teka.com\/de-at\/product\/forlinea-rs15-40-40-auto_115000019\/\" \/>\n<meta property=\"og:locale\" content=\"de_DE\" \/>\n<meta property=\"og:type\" content=\"article\" \/>\n<meta property=\"og:title\" content=\"ForLinea RS15 40.40 AUTO | Teka Austria\" \/>\n<meta property=\"og:description\" content=\"ForLinea Serie Edelstahlsp\u00fcle 1 Sp\u00fclbecken 2in1-Flex-Montage (Aufliegend oder fl\u00e4chenb\u00fcndig) R15 Radius f\u00fcr leichte Reinigung 3\u00bd&quot; Excenter-Ablaufgarnitur mit Siphon Eckige SQ-Design-Ablauf-Abdeckung SilentSmart, 50% Reduzierung der Wassereinlassger\u00e4usche 200 mm Beckentiefe 50 cm Unterschrank\" \/>\n<meta property=\"og:url\" content=\"https:\/\/www.teka.com\/de-at\/product\/forlinea-rs15-40-40-auto_115000019\/\" \/>\n<meta property=\"og:site_name\" content=\"Teka Austria\" \/>\n<meta name=\"twitter:card\" content=\"summary_large_image\" \/>\n<script type=\"application\/ld+json\" class=\"yoast-schema-graph\">{\"@context\":\"https:\/\/schema.org\",\"@graph\":[{\"@type\":\"WebPage\",\"@id\":\"https:\/\/www.teka.com\/de-at\/product\/forlinea-rs15-40-40-auto_115000019\/\",\"url\":\"https:\/\/www.teka.com\/de-at\/product\/forlinea-rs15-40-40-auto_115000019\/\",\"name\":\"ForLinea RS15 40.40 AUTO | Teka Austria\",\"isPartOf\":{\"@id\":\"https:\/\/www.teka.com\/de-at\/#website\"},\"datePublished\":\"2026-04-08T23:39:18+00:00\",\"inLanguage\":\"de\",\"potentialAction\":[{\"@type\":\"ReadAction\",\"target\":[\"https:\/\/www.teka.com\/de-at\/product\/forlinea-rs15-40-40-auto_115000019\/\"]}]},{\"@type\":\"WebSite\",\"@id\":\"https:\/\/www.teka.com\/de-at\/#website\",\"url\":\"https:\/\/www.teka.com\/de-at\/\",\"name\":\"Teka Austria\",\"description\":\"\",\"potentialAction\":[{\"@type\":\"SearchAction\",\"target\":{\"@type\":\"EntryPoint\",\"urlTemplate\":\"https:\/\/www.teka.com\/de-at\/?s={search_term_string}\"},\"query-input\":{\"@type\":\"PropertyValueSpecification\",\"valueRequired\":true,\"valueName\":\"search_term_string\"}}],\"inLanguage\":\"de\"}]}<\/script>\n<!-- \/ Yoast SEO plugin. -->","yoast_head_json":{"title":"ForLinea RS15 40.40 AUTO | Teka Austria","robots":{"index":"index","follow":"follow","max-snippet":"max-snippet:-1","max-image-preview":"max-image-preview:large","max-video-preview":"max-video-preview:-1"},"canonical":"https:\/\/www.teka.com\/de-at\/product\/forlinea-rs15-40-40-auto_115000019\/","og_locale":"de_DE","og_type":"article","og_title":"ForLinea RS15 40.40 AUTO | Teka Austria","og_description":"ForLinea Serie Edelstahlsp\u00fcle 1 Sp\u00fclbecken 2in1-Flex-Montage (Aufliegend oder fl\u00e4chenb\u00fcndig) R15 Radius f\u00fcr leichte Reinigung 3\u00bd&quot; Excenter-Ablaufgarnitur mit Siphon Eckige SQ-Design-Ablauf-Abdeckung SilentSmart, 50% Reduzierung der Wassereinlassger\u00e4usche 200 mm Beckentiefe 50 cm Unterschrank","og_url":"https:\/\/www.teka.com\/de-at\/product\/forlinea-rs15-40-40-auto_115000019\/","og_site_name":"Teka Austria","twitter_card":"summary_large_image","schema":{"@context":"https:\/\/schema.org","@graph":[{"@type":"WebPage","@id":"https:\/\/www.teka.com\/de-at\/product\/forlinea-rs15-40-40-auto_115000019\/","url":"https:\/\/www.teka.com\/de-at\/product\/forlinea-rs15-40-40-auto_115000019\/","name":"ForLinea RS15 40.40 AUTO | Teka Austria","isPartOf":{"@id":"https:\/\/www.teka.com\/de-at\/#website"},"datePublished":"2026-04-08T23:39:18+00:00","inLanguage":"de","potentialAction":[{"@type":"ReadAction","target":["https:\/\/www.teka.com\/de-at\/product\/forlinea-rs15-40-40-auto_115000019\/"]}]},{"@type":"WebSite","@id":"https:\/\/www.teka.com\/de-at\/#website","url":"https:\/\/www.teka.com\/de-at\/","name":"Teka Austria","description":"","potentialAction":[{"@type":"SearchAction","target":{"@type":"EntryPoint","urlTemplate":"https:\/\/www.teka.com\/de-at\/?s={search_term_string}"},"query-input":{"@type":"PropertyValueSpecification","valueRequired":true,"valueName":"search_term_string"}}],"inLanguage":"de"}]}},"_links":{"self":[{"href":"https:\/\/www.teka.com\/de-at\/wp-json\/wp\/v2\/product\/63176","targetHints":{"allow":["GET"]}}],"collection":[{"href":"https:\/\/www.teka.com\/de-at\/wp-json\/wp\/v2\/product"}],"about":[{"href":"https:\/\/www.teka.com\/de-at\/wp-json\/wp\/v2\/types\/product"}],"wp:attachment":[{"href":"https:\/\/www.teka.com\/de-at\/wp-json\/wp\/v2\/media?parent=63176"}],"wp:term":[{"taxonomy":"product_cat","embeddable":true,"href":"https:\/\/www.teka.com\/de-at\/wp-json\/wp\/v2\/product_cat?post=63176"},{"taxonomy":"product_cleaning_system","embeddable":true,"href":"https:\/\/www.teka.com\/de-at\/wp-json\/wp\/v2\/product_cleaning_system?post=63176"},{"taxonomy":"product_3rd_basket","embeddable":true,"href":"https:\/\/www.teka.com\/de-at\/wp-json\/wp\/v2\/product_3rd_basket?post=63176"},{"taxonomy":"product_drawers","embeddable":true,"href":"https:\/\/www.teka.com\/de-at\/wp-json\/wp\/v2\/product_drawers?post=63176"},{"taxonomy":"product_type_of_installation","embeddable":true,"href":"https:\/\/www.teka.com\/de-at\/wp-json\/wp\/v2\/product_type_of_installation?post=63176"},{"taxonomy":"product_edition","embeddable":true,"href":"https:\/\/www.teka.com\/de-at\/wp-json\/wp\/v2\/product_edition?post=63176"},{"taxonomy":"product_serie","embeddable":true,"href":"https:\/\/www.teka.com\/de-at\/wp-json\/wp\/v2\/product_serie?post=63176"},{"taxonomy":"product_features","embeddable":true,"href":"https:\/\/www.teka.com\/de-at\/wp-json\/wp\/v2\/product_features?post=63176"},{"taxonomy":"finishes","embeddable":true,"href":"https:\/\/www.teka.com\/de-at\/wp-json\/wp\/v2\/finishes?post=63176"},{"taxonomy":"product_bundles","embeddable":true,"href":"https:\/\/www.teka.com\/de-at\/wp-json\/wp\/v2\/product_bundles?post=63176"},{"taxonomy":"product_energy_efficiency","embeddable":true,"href":"https:\/\/www.teka.com\/de-at\/wp-json\/wp\/v2\/product_energy_efficiency?post=63176"},{"taxonomy":"product_video_training","embeddable":true,"href":"https:\/\/www.teka.com\/de-at\/wp-json\/wp\/v2\/product_video_training?post=63176"}],"curies":[{"name":"wp","href":"https:\/\/api.w.org\/{rel}","templated":true}]}}