{"id":63189,"date":"2026-04-24T15:16:18","date_gmt":"2026-04-24T15:16:18","guid":{"rendered":"https:\/\/teka.com\/en-int\/clc-855-gm_111630003"},"modified":"2026-03-14T06:32:01","modified_gmt":"2026-03-14T07:32:01","slug":"clc-855-gm_111630003","status":"publish","type":"product","link":"https:\/\/www.teka.com\/de-at\/product\/clc-855-gm_111630003\/","title":{"rendered":"CLC 855 GM"},"content":{"rendered":"<ul>\n<li>Urban Colors Edition<\/li>\n<li>Mengenprogrammierung f\u00fcr 3 verschiedene Tassengr\u00f6\u00dfen<\/li>\n<li>Dampfd\u00fcse f\u00fcr Hei\u00dfwasser und zum Milch aufsch\u00e4umen<\/li>\n<li>Kaffeest\u00e4rke und Tassengr\u00f6\u00dfe einstellbar<\/li>\n<li>Kaffeebohnenbeh\u00e4lter F\u00fcllmenge 200 Gramm (ausreichend f\u00fcr ca. 14 Tassen)<\/li>\n<li>Separate Beh\u00e4lter f\u00fcr Bohnen und gemahlenes Kaffeepulver<\/li>\n<li>Beleuchtung<\/li>\n<li>Sp\u00fcl-Reinigungs- und Entkalkungsfunktion<\/li>\n<li>Elektronische Bedienleiste mit Drehknebeln<\/li>\n<li>Leicht herausnehmbare Schublade f\u00fcr Kaffeesatz<\/li>\n<\/ul>\n","protected":false},"featured_media":0,"parent":0,"template":"","product_cat":[4233],"product_cleaning_system":[],"product_3rd_basket":[],"product_drawers":[],"product_type_of_installation":[109490],"product_edition":[],"product_serie":[],"product_features":[],"finishes":[],"product_bundles":[],"product_energy_efficiency":[],"product_video_training":[],"class_list":["post-63189","product","type-product","status-publish","hentry","product_cat-kaffeemaschinen","usp-coffeemachine-01","usp-coffeemachine-02","usp-coffeemachine-03","usp-cookinglovers-10","color-stone-grey-glass","product_ambient-urban-colors-09","product_icons-coffee-beans","product_icons-ground-coffee","product_type_of_installation-eingebaut"],"acf":[],"yoast_head":"<!-- This site is optimized with the Yoast SEO plugin v27.5 - https:\/\/yoast.com\/product\/yoast-seo-wordpress\/ -->\n<title>CLC 855 GM | Teka Austria<\/title>\n<meta name=\"robots\" content=\"index, follow, max-snippet:-1, max-image-preview:large, max-video-preview:-1\" \/>\n<link rel=\"canonical\" href=\"https:\/\/www.teka.com\/de-at\/product\/clc-855-gm_111630003\/\" \/>\n<meta property=\"og:locale\" content=\"de_DE\" \/>\n<meta property=\"og:type\" content=\"article\" \/>\n<meta property=\"og:title\" content=\"CLC 855 GM | Teka Austria\" \/>\n<meta property=\"og:description\" content=\"Urban Colors Edition Mengenprogrammierung f\u00fcr 3 verschiedene Tassengr\u00f6\u00dfen Dampfd\u00fcse f\u00fcr Hei\u00dfwasser und zum Milch aufsch\u00e4umen Kaffeest\u00e4rke und Tassengr\u00f6\u00dfe einstellbar Kaffeebohnenbeh\u00e4lter F\u00fcllmenge 200 Gramm (ausreichend f\u00fcr ca. 14 Tassen) Separate Beh\u00e4lter f\u00fcr Bohnen und gemahlenes Kaffeepulver Beleuchtung Sp\u00fcl-Reinigungs- und Entkalkungsfunktion Elektronische Bedienleiste mit Drehknebeln Leicht herausnehmbare Schublade f\u00fcr Kaffeesatz\" \/>\n<meta property=\"og:url\" content=\"https:\/\/www.teka.com\/de-at\/product\/clc-855-gm_111630003\/\" \/>\n<meta property=\"og:site_name\" content=\"Teka Austria\" \/>\n<meta name=\"twitter:card\" content=\"summary_large_image\" \/>\n<script type=\"application\/ld+json\" class=\"yoast-schema-graph\">{\"@context\":\"https:\\\/\\\/schema.org\",\"@graph\":[{\"@type\":\"WebPage\",\"@id\":\"https:\\\/\\\/www.teka.com\\\/de-at\\\/product\\\/clc-855-gm_111630003\\\/\",\"url\":\"https:\\\/\\\/www.teka.com\\\/de-at\\\/product\\\/clc-855-gm_111630003\\\/\",\"name\":\"CLC 855 GM | Teka Austria\",\"isPartOf\":{\"@id\":\"https:\\\/\\\/www.teka.com\\\/de-at\\\/#website\"},\"datePublished\":\"2026-04-24T15:16:18+00:00\",\"inLanguage\":\"de\",\"potentialAction\":[{\"@type\":\"ReadAction\",\"target\":[\"https:\\\/\\\/www.teka.com\\\/de-at\\\/product\\\/clc-855-gm_111630003\\\/\"]}]},{\"@type\":\"WebSite\",\"@id\":\"https:\\\/\\\/www.teka.com\\\/de-at\\\/#website\",\"url\":\"https:\\\/\\\/www.teka.com\\\/de-at\\\/\",\"name\":\"Teka Austria\",\"description\":\"\",\"potentialAction\":[{\"@type\":\"SearchAction\",\"target\":{\"@type\":\"EntryPoint\",\"urlTemplate\":\"https:\\\/\\\/www.teka.com\\\/de-at\\\/?s={search_term_string}\"},\"query-input\":{\"@type\":\"PropertyValueSpecification\",\"valueRequired\":true,\"valueName\":\"search_term_string\"}}],\"inLanguage\":\"de\"}]}<\/script>\n<!-- \/ Yoast SEO plugin. -->","yoast_head_json":{"title":"CLC 855 GM | Teka Austria","robots":{"index":"index","follow":"follow","max-snippet":"max-snippet:-1","max-image-preview":"max-image-preview:large","max-video-preview":"max-video-preview:-1"},"canonical":"https:\/\/www.teka.com\/de-at\/product\/clc-855-gm_111630003\/","og_locale":"de_DE","og_type":"article","og_title":"CLC 855 GM | Teka Austria","og_description":"Urban Colors Edition Mengenprogrammierung f\u00fcr 3 verschiedene Tassengr\u00f6\u00dfen Dampfd\u00fcse f\u00fcr Hei\u00dfwasser und zum Milch aufsch\u00e4umen Kaffeest\u00e4rke und Tassengr\u00f6\u00dfe einstellbar Kaffeebohnenbeh\u00e4lter F\u00fcllmenge 200 Gramm (ausreichend f\u00fcr ca. 14 Tassen) Separate Beh\u00e4lter f\u00fcr Bohnen und gemahlenes Kaffeepulver Beleuchtung Sp\u00fcl-Reinigungs- und Entkalkungsfunktion Elektronische Bedienleiste mit Drehknebeln Leicht herausnehmbare Schublade f\u00fcr Kaffeesatz","og_url":"https:\/\/www.teka.com\/de-at\/product\/clc-855-gm_111630003\/","og_site_name":"Teka Austria","twitter_card":"summary_large_image","schema":{"@context":"https:\/\/schema.org","@graph":[{"@type":"WebPage","@id":"https:\/\/www.teka.com\/de-at\/product\/clc-855-gm_111630003\/","url":"https:\/\/www.teka.com\/de-at\/product\/clc-855-gm_111630003\/","name":"CLC 855 GM | Teka Austria","isPartOf":{"@id":"https:\/\/www.teka.com\/de-at\/#website"},"datePublished":"2026-04-24T15:16:18+00:00","inLanguage":"de","potentialAction":[{"@type":"ReadAction","target":["https:\/\/www.teka.com\/de-at\/product\/clc-855-gm_111630003\/"]}]},{"@type":"WebSite","@id":"https:\/\/www.teka.com\/de-at\/#website","url":"https:\/\/www.teka.com\/de-at\/","name":"Teka Austria","description":"","potentialAction":[{"@type":"SearchAction","target":{"@type":"EntryPoint","urlTemplate":"https:\/\/www.teka.com\/de-at\/?s={search_term_string}"},"query-input":{"@type":"PropertyValueSpecification","valueRequired":true,"valueName":"search_term_string"}}],"inLanguage":"de"}]}},"_links":{"self":[{"href":"https:\/\/www.teka.com\/de-at\/wp-json\/wp\/v2\/product\/63189","targetHints":{"allow":["GET"]}}],"collection":[{"href":"https:\/\/www.teka.com\/de-at\/wp-json\/wp\/v2\/product"}],"about":[{"href":"https:\/\/www.teka.com\/de-at\/wp-json\/wp\/v2\/types\/product"}],"wp:attachment":[{"href":"https:\/\/www.teka.com\/de-at\/wp-json\/wp\/v2\/media?parent=63189"}],"wp:term":[{"taxonomy":"product_cat","embeddable":true,"href":"https:\/\/www.teka.com\/de-at\/wp-json\/wp\/v2\/product_cat?post=63189"},{"taxonomy":"product_cleaning_system","embeddable":true,"href":"https:\/\/www.teka.com\/de-at\/wp-json\/wp\/v2\/product_cleaning_system?post=63189"},{"taxonomy":"product_3rd_basket","embeddable":true,"href":"https:\/\/www.teka.com\/de-at\/wp-json\/wp\/v2\/product_3rd_basket?post=63189"},{"taxonomy":"product_drawers","embeddable":true,"href":"https:\/\/www.teka.com\/de-at\/wp-json\/wp\/v2\/product_drawers?post=63189"},{"taxonomy":"product_type_of_installation","embeddable":true,"href":"https:\/\/www.teka.com\/de-at\/wp-json\/wp\/v2\/product_type_of_installation?post=63189"},{"taxonomy":"product_edition","embeddable":true,"href":"https:\/\/www.teka.com\/de-at\/wp-json\/wp\/v2\/product_edition?post=63189"},{"taxonomy":"product_serie","embeddable":true,"href":"https:\/\/www.teka.com\/de-at\/wp-json\/wp\/v2\/product_serie?post=63189"},{"taxonomy":"product_features","embeddable":true,"href":"https:\/\/www.teka.com\/de-at\/wp-json\/wp\/v2\/product_features?post=63189"},{"taxonomy":"finishes","embeddable":true,"href":"https:\/\/www.teka.com\/de-at\/wp-json\/wp\/v2\/finishes?post=63189"},{"taxonomy":"product_bundles","embeddable":true,"href":"https:\/\/www.teka.com\/de-at\/wp-json\/wp\/v2\/product_bundles?post=63189"},{"taxonomy":"product_energy_efficiency","embeddable":true,"href":"https:\/\/www.teka.com\/de-at\/wp-json\/wp\/v2\/product_energy_efficiency?post=63189"},{"taxonomy":"product_video_training","embeddable":true,"href":"https:\/\/www.teka.com\/de-at\/wp-json\/wp\/v2\/product_video_training?post=63189"}],"curies":[{"name":"wp","href":"https:\/\/api.w.org\/{rel}","templated":true}]}}