{"id":63231,"date":"2026-04-07T20:53:20","date_gmt":"2026-04-07T20:53:20","guid":{"rendered":"https:\/\/teka.com\/en-int\/radea-r10-40-40-m-tg_115230048"},"modified":"2026-03-14T08:16:32","modified_gmt":"2026-03-14T09:16:32","slug":"radea-r10-40-40-m-tg_115230048","status":"publish","type":"product","link":"https:\/\/www.teka.com\/de-at\/product\/radea-r10-40-40-m-tg_115230048\/","title":{"rendered":"Radea R10 40.40 M-TG"},"content":{"rendered":"<ul>\n<li>Radea Serie<\/li>\n<li>Tegranite+ Einbau- und Unterbausp\u00fcle<\/li>\n<li>2in1-Flex-Montage (Aufliegend oder fl\u00e4chenb\u00fcndig)<\/li>\n<li>1 Sp\u00fclbecken<\/li>\n<li>Hohe Widerstandsf\u00e4higkeit gegen St\u00f6\u00dfe, hohe Temperaturen und Temperaturschocks<\/li>\n<li>Ausgezeichnete UV-Best\u00e4ndigkeit<\/li>\n<li>Bakterienfreie Oberfl\u00e4che, leicht zu reinigen<\/li>\n<\/ul>\n","protected":false},"featured_media":0,"parent":0,"template":"","product_cat":[4225],"product_cleaning_system":[],"product_3rd_basket":[],"product_drawers":[],"product_type_of_installation":[109508,109546],"product_edition":[],"product_serie":[],"product_features":[],"finishes":[],"product_bundles":[],"product_energy_efficiency":[],"product_video_training":[],"class_list":["post-63231","product","type-product","status-publish","hentry","product_cat-spuelen","usp-sinks-06","usp-tegranite-01","color-carbon","product_type_of_appliance-granitspuelen","product_icons-colour_intensity","product_icons-200mm","product_icons-easy_clean","product_icons-food_safe","product_icons-scratch_proof","product_type_of_installation-unterbau","product_type_of_installation-einbau"],"acf":[],"yoast_head":"<!-- This site is optimized with the Yoast SEO plugin v27.2 - https:\/\/yoast.com\/product\/yoast-seo-wordpress\/ -->\n<title>Radea R10 40.40 M-TG | Teka Austria<\/title>\n<meta name=\"robots\" content=\"index, follow, max-snippet:-1, max-image-preview:large, max-video-preview:-1\" \/>\n<link rel=\"canonical\" href=\"https:\/\/www.teka.com\/de-at\/product\/radea-r10-40-40-m-tg_115230048\/\" \/>\n<meta property=\"og:locale\" content=\"de_DE\" \/>\n<meta property=\"og:type\" content=\"article\" \/>\n<meta property=\"og:title\" content=\"Radea R10 40.40 M-TG | Teka Austria\" \/>\n<meta property=\"og:description\" content=\"Radea Serie Tegranite+ Einbau- und Unterbausp\u00fcle 2in1-Flex-Montage (Aufliegend oder fl\u00e4chenb\u00fcndig) 1 Sp\u00fclbecken Hohe Widerstandsf\u00e4higkeit gegen St\u00f6\u00dfe, hohe Temperaturen und Temperaturschocks Ausgezeichnete UV-Best\u00e4ndigkeit Bakterienfreie Oberfl\u00e4che, leicht zu reinigen\" \/>\n<meta property=\"og:url\" content=\"https:\/\/www.teka.com\/de-at\/product\/radea-r10-40-40-m-tg_115230048\/\" \/>\n<meta property=\"og:site_name\" content=\"Teka Austria\" \/>\n<meta name=\"twitter:card\" content=\"summary_large_image\" \/>\n<script type=\"application\/ld+json\" class=\"yoast-schema-graph\">{\"@context\":\"https:\/\/schema.org\",\"@graph\":[{\"@type\":\"WebPage\",\"@id\":\"https:\/\/www.teka.com\/de-at\/product\/radea-r10-40-40-m-tg_115230048\/\",\"url\":\"https:\/\/www.teka.com\/de-at\/product\/radea-r10-40-40-m-tg_115230048\/\",\"name\":\"Radea R10 40.40 M-TG | Teka Austria\",\"isPartOf\":{\"@id\":\"https:\/\/www.teka.com\/de-at\/#website\"},\"datePublished\":\"2026-04-07T20:53:20+00:00\",\"inLanguage\":\"de\",\"potentialAction\":[{\"@type\":\"ReadAction\",\"target\":[\"https:\/\/www.teka.com\/de-at\/product\/radea-r10-40-40-m-tg_115230048\/\"]}]},{\"@type\":\"WebSite\",\"@id\":\"https:\/\/www.teka.com\/de-at\/#website\",\"url\":\"https:\/\/www.teka.com\/de-at\/\",\"name\":\"Teka Austria\",\"description\":\"\",\"potentialAction\":[{\"@type\":\"SearchAction\",\"target\":{\"@type\":\"EntryPoint\",\"urlTemplate\":\"https:\/\/www.teka.com\/de-at\/?s={search_term_string}\"},\"query-input\":{\"@type\":\"PropertyValueSpecification\",\"valueRequired\":true,\"valueName\":\"search_term_string\"}}],\"inLanguage\":\"de\"}]}<\/script>\n<!-- \/ Yoast SEO plugin. -->","yoast_head_json":{"title":"Radea R10 40.40 M-TG | Teka Austria","robots":{"index":"index","follow":"follow","max-snippet":"max-snippet:-1","max-image-preview":"max-image-preview:large","max-video-preview":"max-video-preview:-1"},"canonical":"https:\/\/www.teka.com\/de-at\/product\/radea-r10-40-40-m-tg_115230048\/","og_locale":"de_DE","og_type":"article","og_title":"Radea R10 40.40 M-TG | Teka Austria","og_description":"Radea Serie Tegranite+ Einbau- und Unterbausp\u00fcle 2in1-Flex-Montage (Aufliegend oder fl\u00e4chenb\u00fcndig) 1 Sp\u00fclbecken Hohe Widerstandsf\u00e4higkeit gegen St\u00f6\u00dfe, hohe Temperaturen und Temperaturschocks Ausgezeichnete UV-Best\u00e4ndigkeit Bakterienfreie Oberfl\u00e4che, leicht zu reinigen","og_url":"https:\/\/www.teka.com\/de-at\/product\/radea-r10-40-40-m-tg_115230048\/","og_site_name":"Teka Austria","twitter_card":"summary_large_image","schema":{"@context":"https:\/\/schema.org","@graph":[{"@type":"WebPage","@id":"https:\/\/www.teka.com\/de-at\/product\/radea-r10-40-40-m-tg_115230048\/","url":"https:\/\/www.teka.com\/de-at\/product\/radea-r10-40-40-m-tg_115230048\/","name":"Radea R10 40.40 M-TG | Teka Austria","isPartOf":{"@id":"https:\/\/www.teka.com\/de-at\/#website"},"datePublished":"2026-04-07T20:53:20+00:00","inLanguage":"de","potentialAction":[{"@type":"ReadAction","target":["https:\/\/www.teka.com\/de-at\/product\/radea-r10-40-40-m-tg_115230048\/"]}]},{"@type":"WebSite","@id":"https:\/\/www.teka.com\/de-at\/#website","url":"https:\/\/www.teka.com\/de-at\/","name":"Teka Austria","description":"","potentialAction":[{"@type":"SearchAction","target":{"@type":"EntryPoint","urlTemplate":"https:\/\/www.teka.com\/de-at\/?s={search_term_string}"},"query-input":{"@type":"PropertyValueSpecification","valueRequired":true,"valueName":"search_term_string"}}],"inLanguage":"de"}]}},"_links":{"self":[{"href":"https:\/\/www.teka.com\/de-at\/wp-json\/wp\/v2\/product\/63231","targetHints":{"allow":["GET"]}}],"collection":[{"href":"https:\/\/www.teka.com\/de-at\/wp-json\/wp\/v2\/product"}],"about":[{"href":"https:\/\/www.teka.com\/de-at\/wp-json\/wp\/v2\/types\/product"}],"wp:attachment":[{"href":"https:\/\/www.teka.com\/de-at\/wp-json\/wp\/v2\/media?parent=63231"}],"wp:term":[{"taxonomy":"product_cat","embeddable":true,"href":"https:\/\/www.teka.com\/de-at\/wp-json\/wp\/v2\/product_cat?post=63231"},{"taxonomy":"product_cleaning_system","embeddable":true,"href":"https:\/\/www.teka.com\/de-at\/wp-json\/wp\/v2\/product_cleaning_system?post=63231"},{"taxonomy":"product_3rd_basket","embeddable":true,"href":"https:\/\/www.teka.com\/de-at\/wp-json\/wp\/v2\/product_3rd_basket?post=63231"},{"taxonomy":"product_drawers","embeddable":true,"href":"https:\/\/www.teka.com\/de-at\/wp-json\/wp\/v2\/product_drawers?post=63231"},{"taxonomy":"product_type_of_installation","embeddable":true,"href":"https:\/\/www.teka.com\/de-at\/wp-json\/wp\/v2\/product_type_of_installation?post=63231"},{"taxonomy":"product_edition","embeddable":true,"href":"https:\/\/www.teka.com\/de-at\/wp-json\/wp\/v2\/product_edition?post=63231"},{"taxonomy":"product_serie","embeddable":true,"href":"https:\/\/www.teka.com\/de-at\/wp-json\/wp\/v2\/product_serie?post=63231"},{"taxonomy":"product_features","embeddable":true,"href":"https:\/\/www.teka.com\/de-at\/wp-json\/wp\/v2\/product_features?post=63231"},{"taxonomy":"finishes","embeddable":true,"href":"https:\/\/www.teka.com\/de-at\/wp-json\/wp\/v2\/finishes?post=63231"},{"taxonomy":"product_bundles","embeddable":true,"href":"https:\/\/www.teka.com\/de-at\/wp-json\/wp\/v2\/product_bundles?post=63231"},{"taxonomy":"product_energy_efficiency","embeddable":true,"href":"https:\/\/www.teka.com\/de-at\/wp-json\/wp\/v2\/product_energy_efficiency?post=63231"},{"taxonomy":"product_video_training","embeddable":true,"href":"https:\/\/www.teka.com\/de-at\/wp-json\/wp\/v2\/product_video_training?post=63231"}],"curies":[{"name":"wp","href":"https:\/\/api.w.org\/{rel}","templated":true}]}}