{"id":63855,"date":"2026-05-05T14:10:58","date_gmt":"2026-05-05T14:10:58","guid":{"rendered":"https:\/\/teka.com\/de-at\/classic-580500-1b-d-3-wovf-sp-ba_115210003"},"modified":"2026-05-04T01:26:56","modified_gmt":"2026-05-04T02:26:56","slug":"classic-580500-1b-d-3-wovf-sp-ba_115210003","status":"publish","type":"product","link":"https:\/\/www.teka.com\/de-at\/product\/classic-580500-1b-d-3-wovf-sp-ba_115210003\/","title":{"rendered":"CLASSIC 580.500 1B \u00bdD 3\u00bd W\/OVF SP (BA)"},"content":{"rendered":"<ul>\n<li>Edelstahl-Einbausp\u00fcle aus 18\/10 Edelstahl<\/li>\n<li>1 Sp\u00fclbecken und 1\/2 Abtropffl\u00e4che<\/li>\n<li>passend f\u00fcr Unterschr\u00e4nke ab 45 cm<\/li>\n<li>ohne Hahnl\u00f6cher<\/li>\n<\/ul>\n","protected":false},"featured_media":0,"parent":0,"template":"","product_cat":[4225],"product_cleaning_system":[],"product_3rd_basket":[],"product_drawers":[],"product_type_of_installation":[109546],"product_edition":[],"product_serie":[],"product_features":[],"finishes":[],"product_bundles":[],"product_energy_efficiency":[],"product_video_training":[],"class_list":["post-63855","product","type-product","status-publish","hentry","product_cat-spuelen","color-chrom-matt","product_type_of_installation-einbau"],"acf":[],"yoast_head":"<!-- This site is optimized with the Yoast SEO plugin v27.5 - https:\/\/yoast.com\/product\/yoast-seo-wordpress\/ -->\n<title>CLASSIC 580.500 1B \u00bdD 3\u00bd W\/OVF SP (BA) | Teka Austria<\/title>\n<meta name=\"robots\" content=\"index, follow, max-snippet:-1, max-image-preview:large, max-video-preview:-1\" \/>\n<link rel=\"canonical\" href=\"https:\/\/www.teka.com\/de-at\/product\/classic-580500-1b-d-3-wovf-sp-ba_115210003\/\" \/>\n<meta property=\"og:locale\" content=\"de_DE\" \/>\n<meta property=\"og:type\" content=\"article\" \/>\n<meta property=\"og:title\" content=\"CLASSIC 580.500 1B \u00bdD 3\u00bd W\/OVF SP (BA) | Teka Austria\" \/>\n<meta property=\"og:description\" content=\"Edelstahl-Einbausp\u00fcle aus 18\/10 Edelstahl 1 Sp\u00fclbecken und 1\/2 Abtropffl\u00e4che passend f\u00fcr Unterschr\u00e4nke ab 45 cm ohne Hahnl\u00f6cher\" \/>\n<meta property=\"og:url\" content=\"https:\/\/www.teka.com\/de-at\/product\/classic-580500-1b-d-3-wovf-sp-ba_115210003\/\" \/>\n<meta property=\"og:site_name\" content=\"Teka Austria\" \/>\n<meta name=\"twitter:card\" content=\"summary_large_image\" \/>\n<script type=\"application\/ld+json\" class=\"yoast-schema-graph\">{\"@context\":\"https:\\\/\\\/schema.org\",\"@graph\":[{\"@type\":\"WebPage\",\"@id\":\"https:\\\/\\\/www.teka.com\\\/de-at\\\/product\\\/classic-580500-1b-d-3-wovf-sp-ba_115210003\\\/\",\"url\":\"https:\\\/\\\/www.teka.com\\\/de-at\\\/product\\\/classic-580500-1b-d-3-wovf-sp-ba_115210003\\\/\",\"name\":\"CLASSIC 580.500 1B \u00bdD 3\u00bd W\\\/OVF SP (BA) | Teka Austria\",\"isPartOf\":{\"@id\":\"https:\\\/\\\/www.teka.com\\\/de-at\\\/#website\"},\"datePublished\":\"2026-05-05T14:10:58+00:00\",\"inLanguage\":\"de\",\"potentialAction\":[{\"@type\":\"ReadAction\",\"target\":[\"https:\\\/\\\/www.teka.com\\\/de-at\\\/product\\\/classic-580500-1b-d-3-wovf-sp-ba_115210003\\\/\"]}]},{\"@type\":\"WebSite\",\"@id\":\"https:\\\/\\\/www.teka.com\\\/de-at\\\/#website\",\"url\":\"https:\\\/\\\/www.teka.com\\\/de-at\\\/\",\"name\":\"Teka Austria\",\"description\":\"\",\"potentialAction\":[{\"@type\":\"SearchAction\",\"target\":{\"@type\":\"EntryPoint\",\"urlTemplate\":\"https:\\\/\\\/www.teka.com\\\/de-at\\\/?s={search_term_string}\"},\"query-input\":{\"@type\":\"PropertyValueSpecification\",\"valueRequired\":true,\"valueName\":\"search_term_string\"}}],\"inLanguage\":\"de\"}]}<\/script>\n<!-- \/ Yoast SEO plugin. -->","yoast_head_json":{"title":"CLASSIC 580.500 1B \u00bdD 3\u00bd W\/OVF SP (BA) | Teka Austria","robots":{"index":"index","follow":"follow","max-snippet":"max-snippet:-1","max-image-preview":"max-image-preview:large","max-video-preview":"max-video-preview:-1"},"canonical":"https:\/\/www.teka.com\/de-at\/product\/classic-580500-1b-d-3-wovf-sp-ba_115210003\/","og_locale":"de_DE","og_type":"article","og_title":"CLASSIC 580.500 1B \u00bdD 3\u00bd W\/OVF SP (BA) | Teka Austria","og_description":"Edelstahl-Einbausp\u00fcle aus 18\/10 Edelstahl 1 Sp\u00fclbecken und 1\/2 Abtropffl\u00e4che passend f\u00fcr Unterschr\u00e4nke ab 45 cm ohne Hahnl\u00f6cher","og_url":"https:\/\/www.teka.com\/de-at\/product\/classic-580500-1b-d-3-wovf-sp-ba_115210003\/","og_site_name":"Teka Austria","twitter_card":"summary_large_image","schema":{"@context":"https:\/\/schema.org","@graph":[{"@type":"WebPage","@id":"https:\/\/www.teka.com\/de-at\/product\/classic-580500-1b-d-3-wovf-sp-ba_115210003\/","url":"https:\/\/www.teka.com\/de-at\/product\/classic-580500-1b-d-3-wovf-sp-ba_115210003\/","name":"CLASSIC 580.500 1B \u00bdD 3\u00bd W\/OVF SP (BA) | Teka Austria","isPartOf":{"@id":"https:\/\/www.teka.com\/de-at\/#website"},"datePublished":"2026-05-05T14:10:58+00:00","inLanguage":"de","potentialAction":[{"@type":"ReadAction","target":["https:\/\/www.teka.com\/de-at\/product\/classic-580500-1b-d-3-wovf-sp-ba_115210003\/"]}]},{"@type":"WebSite","@id":"https:\/\/www.teka.com\/de-at\/#website","url":"https:\/\/www.teka.com\/de-at\/","name":"Teka Austria","description":"","potentialAction":[{"@type":"SearchAction","target":{"@type":"EntryPoint","urlTemplate":"https:\/\/www.teka.com\/de-at\/?s={search_term_string}"},"query-input":{"@type":"PropertyValueSpecification","valueRequired":true,"valueName":"search_term_string"}}],"inLanguage":"de"}]}},"_links":{"self":[{"href":"https:\/\/www.teka.com\/de-at\/wp-json\/wp\/v2\/product\/63855","targetHints":{"allow":["GET"]}}],"collection":[{"href":"https:\/\/www.teka.com\/de-at\/wp-json\/wp\/v2\/product"}],"about":[{"href":"https:\/\/www.teka.com\/de-at\/wp-json\/wp\/v2\/types\/product"}],"wp:attachment":[{"href":"https:\/\/www.teka.com\/de-at\/wp-json\/wp\/v2\/media?parent=63855"}],"wp:term":[{"taxonomy":"product_cat","embeddable":true,"href":"https:\/\/www.teka.com\/de-at\/wp-json\/wp\/v2\/product_cat?post=63855"},{"taxonomy":"product_cleaning_system","embeddable":true,"href":"https:\/\/www.teka.com\/de-at\/wp-json\/wp\/v2\/product_cleaning_system?post=63855"},{"taxonomy":"product_3rd_basket","embeddable":true,"href":"https:\/\/www.teka.com\/de-at\/wp-json\/wp\/v2\/product_3rd_basket?post=63855"},{"taxonomy":"product_drawers","embeddable":true,"href":"https:\/\/www.teka.com\/de-at\/wp-json\/wp\/v2\/product_drawers?post=63855"},{"taxonomy":"product_type_of_installation","embeddable":true,"href":"https:\/\/www.teka.com\/de-at\/wp-json\/wp\/v2\/product_type_of_installation?post=63855"},{"taxonomy":"product_edition","embeddable":true,"href":"https:\/\/www.teka.com\/de-at\/wp-json\/wp\/v2\/product_edition?post=63855"},{"taxonomy":"product_serie","embeddable":true,"href":"https:\/\/www.teka.com\/de-at\/wp-json\/wp\/v2\/product_serie?post=63855"},{"taxonomy":"product_features","embeddable":true,"href":"https:\/\/www.teka.com\/de-at\/wp-json\/wp\/v2\/product_features?post=63855"},{"taxonomy":"finishes","embeddable":true,"href":"https:\/\/www.teka.com\/de-at\/wp-json\/wp\/v2\/finishes?post=63855"},{"taxonomy":"product_bundles","embeddable":true,"href":"https:\/\/www.teka.com\/de-at\/wp-json\/wp\/v2\/product_bundles?post=63855"},{"taxonomy":"product_energy_efficiency","embeddable":true,"href":"https:\/\/www.teka.com\/de-at\/wp-json\/wp\/v2\/product_energy_efficiency?post=63855"},{"taxonomy":"product_video_training","embeddable":true,"href":"https:\/\/www.teka.com\/de-at\/wp-json\/wp\/v2\/product_video_training?post=63855"}],"curies":[{"name":"wp","href":"https:\/\/api.w.org\/{rel}","templated":true}]}}