{"id":4705,"date":"2018-07-25T08:12:31","date_gmt":"2018-07-25T08:12:31","guid":{"rendered":"http:\/\/teka.com\/?page_id=4705"},"modified":"2025-04-03T10:02:26","modified_gmt":"2025-04-03T10:02:26","slug":"karte-der-geschaefte","status":"publish","type":"page","link":"https:\/\/www.teka.com\/de-de\/karte-der-geschaefte\/","title":{"rendered":"Karte der Gesch\u00e4fte"},"content":{"rendered":"<p>[et_pb_section fb_built=&#8220;1&#8243; _builder_version=&#8220;4.16&#8243; global_colors_info=&#8220;{}&#8220;][et_pb_row _builder_version=&#8220;4.16&#8243; global_colors_info=&#8220;{}&#8220;][et_pb_column type=&#8220;4_4&#8243; _builder_version=&#8220;4.16&#8243; custom_padding=&#8220;|||&#8220; global_colors_info=&#8220;{}&#8220; custom_padding__hover=&#8220;|||&#8220;][et_pb_text _builder_version=&#8220;4.27.4&#8243; hover_enabled=&#8220;0&#8243; global_colors_info=&#8220;{}&#8220; sticky_enabled=&#8220;0&#8243;]<\/p>\n<h1><strong>Fachh\u00e4ndler<\/strong><\/h1>\n<p>[\/et_pb_text][et_pb_text _builder_version=&#8220;4.16&#8243; global_colors_info=&#8220;{}&#8220;]W\u00e4hlen Sie die Art des Gesch\u00e4fts, das Sie suchen. W\u00e4hlen Sie als N\u00e4chstes den Stra\u00dfennamen, den Ort und die Postleitzahl aus und wir zeigen Ihnen die n\u00e4chstgelegenen Standorte.<br \/>\n[\/et_pb_text][\/et_pb_column][\/et_pb_row][\/et_pb_section]<\/p>\n","protected":false},"excerpt":{"rendered":"<p>Fachh\u00e4ndler W\u00e4hlen Sie die Art des Gesch\u00e4fts, das Sie suchen. W\u00e4hlen Sie als N\u00e4chstes den Stra\u00dfennamen, den Ort und die Postleitzahl aus und wir zeigen Ihnen die n\u00e4chstgelegenen Standorte.<\/p>\n","protected":false},"author":9,"featured_media":0,"parent":0,"menu_order":0,"comment_status":"closed","ping_status":"closed","template":"tp-map.php","meta":{"_acf_changed":false,"_et_pb_use_builder":"on","_et_pb_old_content":"","_et_gb_content_width":"","footnotes":""},"class_list":["post-4705","page","type-page","status-publish","hentry"],"acf":[],"yoast_head":"<!-- This site is optimized with the Yoast SEO plugin v27.5 - https:\/\/yoast.com\/product\/yoast-seo-wordpress\/ -->\n<title>Karte der Gesch\u00e4fte | Teka Deutschland<\/title>\n<meta name=\"robots\" content=\"index, follow, max-snippet:-1, max-image-preview:large, max-video-preview:-1\" \/>\n<link rel=\"canonical\" href=\"https:\/\/www.teka.com\/de-de\/karte-der-geschaefte\/\" \/>\n<meta property=\"og:locale\" content=\"de_DE\" \/>\n<meta property=\"og:type\" content=\"article\" \/>\n<meta property=\"og:title\" content=\"Karte der Gesch\u00e4fte | Teka Deutschland\" \/>\n<meta property=\"og:description\" content=\"Fachh\u00e4ndler W\u00e4hlen Sie die Art des Gesch\u00e4fts, das Sie suchen. W\u00e4hlen Sie als N\u00e4chstes den Stra\u00dfennamen, den Ort und die Postleitzahl aus und wir zeigen Ihnen die n\u00e4chstgelegenen Standorte.\" \/>\n<meta property=\"og:url\" content=\"https:\/\/www.teka.com\/de-de\/karte-der-geschaefte\/\" \/>\n<meta property=\"og:site_name\" content=\"Teka Deutschland\" \/>\n<meta property=\"article:modified_time\" content=\"2025-04-03T10:02:26+00:00\" \/>\n<meta name=\"twitter:card\" content=\"summary_large_image\" \/>\n<meta name=\"twitter:label1\" content=\"Gesch\u00e4tzte Lesezeit\" \/>\n\t<meta name=\"twitter:data1\" content=\"1\u00a0Minute\" \/>\n<script type=\"application\/ld+json\" class=\"yoast-schema-graph\">{\"@context\":\"https:\\\/\\\/schema.org\",\"@graph\":[{\"@type\":\"WebPage\",\"@id\":\"https:\\\/\\\/www.teka.com\\\/de-de\\\/karte-der-geschaefte\\\/\",\"url\":\"https:\\\/\\\/www.teka.com\\\/de-de\\\/karte-der-geschaefte\\\/\",\"name\":\"Karte der Gesch\u00e4fte | Teka Deutschland\",\"isPartOf\":{\"@id\":\"https:\\\/\\\/www.teka.com\\\/de-de\\\/#website\"},\"datePublished\":\"2018-07-25T08:12:31+00:00\",\"dateModified\":\"2025-04-03T10:02:26+00:00\",\"inLanguage\":\"de\",\"potentialAction\":[{\"@type\":\"ReadAction\",\"target\":[\"https:\\\/\\\/www.teka.com\\\/de-de\\\/karte-der-geschaefte\\\/\"]}]},{\"@type\":\"WebSite\",\"@id\":\"https:\\\/\\\/www.teka.com\\\/de-de\\\/#website\",\"url\":\"https:\\\/\\\/www.teka.com\\\/de-de\\\/\",\"name\":\"Teka Deutschland\",\"description\":\"\",\"potentialAction\":[{\"@type\":\"SearchAction\",\"target\":{\"@type\":\"EntryPoint\",\"urlTemplate\":\"https:\\\/\\\/www.teka.com\\\/de-de\\\/?s={search_term_string}\"},\"query-input\":{\"@type\":\"PropertyValueSpecification\",\"valueRequired\":true,\"valueName\":\"search_term_string\"}}],\"inLanguage\":\"de\"}]}<\/script>\n<!-- \/ Yoast SEO plugin. -->","yoast_head_json":{"title":"Karte der Gesch\u00e4fte | Teka Deutschland","robots":{"index":"index","follow":"follow","max-snippet":"max-snippet:-1","max-image-preview":"max-image-preview:large","max-video-preview":"max-video-preview:-1"},"canonical":"https:\/\/www.teka.com\/de-de\/karte-der-geschaefte\/","og_locale":"de_DE","og_type":"article","og_title":"Karte der Gesch\u00e4fte | Teka Deutschland","og_description":"Fachh\u00e4ndler W\u00e4hlen Sie die Art des Gesch\u00e4fts, das Sie suchen. W\u00e4hlen Sie als N\u00e4chstes den Stra\u00dfennamen, den Ort und die Postleitzahl aus und wir zeigen Ihnen die n\u00e4chstgelegenen Standorte.","og_url":"https:\/\/www.teka.com\/de-de\/karte-der-geschaefte\/","og_site_name":"Teka Deutschland","article_modified_time":"2025-04-03T10:02:26+00:00","twitter_card":"summary_large_image","twitter_misc":{"Gesch\u00e4tzte Lesezeit":"1\u00a0Minute"},"schema":{"@context":"https:\/\/schema.org","@graph":[{"@type":"WebPage","@id":"https:\/\/www.teka.com\/de-de\/karte-der-geschaefte\/","url":"https:\/\/www.teka.com\/de-de\/karte-der-geschaefte\/","name":"Karte der Gesch\u00e4fte | Teka Deutschland","isPartOf":{"@id":"https:\/\/www.teka.com\/de-de\/#website"},"datePublished":"2018-07-25T08:12:31+00:00","dateModified":"2025-04-03T10:02:26+00:00","inLanguage":"de","potentialAction":[{"@type":"ReadAction","target":["https:\/\/www.teka.com\/de-de\/karte-der-geschaefte\/"]}]},{"@type":"WebSite","@id":"https:\/\/www.teka.com\/de-de\/#website","url":"https:\/\/www.teka.com\/de-de\/","name":"Teka Deutschland","description":"","potentialAction":[{"@type":"SearchAction","target":{"@type":"EntryPoint","urlTemplate":"https:\/\/www.teka.com\/de-de\/?s={search_term_string}"},"query-input":{"@type":"PropertyValueSpecification","valueRequired":true,"valueName":"search_term_string"}}],"inLanguage":"de"}]}},"_links":{"self":[{"href":"https:\/\/www.teka.com\/de-de\/wp-json\/wp\/v2\/pages\/4705","targetHints":{"allow":["GET"]}}],"collection":[{"href":"https:\/\/www.teka.com\/de-de\/wp-json\/wp\/v2\/pages"}],"about":[{"href":"https:\/\/www.teka.com\/de-de\/wp-json\/wp\/v2\/types\/page"}],"author":[{"embeddable":true,"href":"https:\/\/www.teka.com\/de-de\/wp-json\/wp\/v2\/users\/9"}],"replies":[{"embeddable":true,"href":"https:\/\/www.teka.com\/de-de\/wp-json\/wp\/v2\/comments?post=4705"}],"version-history":[{"count":24,"href":"https:\/\/www.teka.com\/de-de\/wp-json\/wp\/v2\/pages\/4705\/revisions"}],"predecessor-version":[{"id":63984,"href":"https:\/\/www.teka.com\/de-de\/wp-json\/wp\/v2\/pages\/4705\/revisions\/63984"}],"wp:attachment":[{"href":"https:\/\/www.teka.com\/de-de\/wp-json\/wp\/v2\/media?parent=4705"}],"curies":[{"name":"wp","href":"https:\/\/api.w.org\/{rel}","templated":true}]}}