{"id":5193,"date":"2018-08-09T09:59:03","date_gmt":"2018-08-09T09:59:03","guid":{"rendered":"http:\/\/teka.com\/?page_id=5193"},"modified":"2024-09-04T09:36:19","modified_gmt":"2024-09-04T09:36:19","slug":"betreuung","status":"publish","type":"page","link":"https:\/\/www.teka.com\/de-de\/betreuung\/","title":{"rendered":"Betreuung"},"content":{"rendered":"<p>[et_pb_section fb_built=&#8220;1&#8243; module_id=&#8220;support-faq&#8220; _builder_version=&#8220;3.17.6&#8243; background_image=&#8220;https:\/\/www.teka.com\/de-de\/wp-content\/uploads\/sites\/23\/2018\/11\/teka-web-support-1920&#215;833.jpg&#8220; background_position=&#8220;center_left&#8220; global_module=&#8220;5258&#8243; global_colors_info=&#8220;{}&#8220;][et_pb_row _builder_version=&#8220;4.16&#8243; background_size=&#8220;initial&#8220; background_position=&#8220;top_left&#8220; background_repeat=&#8220;repeat&#8220; global_colors_info=&#8220;{}&#8220; column_structure=&#8220;1_2,1_2&#8243;][et_pb_column type=&#8220;1_2&#8243; _builder_version=&#8220;4.16&#8243; custom_padding=&#8220;|||&#8220; global_colors_info=&#8220;{}&#8220; custom_padding__hover=&#8220;|||&#8220;][\/et_pb_column][et_pb_column type=&#8220;1_2&#8243; _builder_version=&#8220;4.16&#8243; custom_padding=&#8220;|||&#8220; global_colors_info=&#8220;{}&#8220; custom_padding__hover=&#8220;|||&#8220;][et_pb_text _builder_version=&#8220;4.22.1&#8243; hover_enabled=&#8220;0&#8243; global_colors_info=&#8220;{}&#8220; sticky_enabled=&#8220;0&#8243;]<\/p>\n<p>&nbsp;<\/p>\n<p>&nbsp;<\/p>\n<h2><span style=\"color: #ffffff;\">Ben\u00f6tigen Sie Hilfe?<\/span><\/h2>\n<h4><span style=\"color: #ffffff;\">W\u00e4hlen Sie ein Thema<\/span><\/h4>\n<p><select id=\"select-faq\" name=\"select\"><option disabled=\"disabled\" value=\"tema\">Thema<\/option><\/select><\/p>\n<p>&nbsp;<\/p>\n<p>&nbsp;<\/p>\n<p>[\/et_pb_text][\/et_pb_column][\/et_pb_row][\/et_pb_section][et_pb_section fb_built=&#8220;1&#8243; module_id=&#8220;support-warranty&#8220; _builder_version=&#8220;4.16&#8243; custom_padding=&#8220;||0px|&#8220; global_colors_info=&#8220;{}&#8220;][et_pb_row _builder_version=&#8220;4.16&#8243; custom_margin=&#8220;||0px|&#8220; custom_padding=&#8220;||0px|&#8220; global_colors_info=&#8220;{}&#8220; column_structure=&#8220;1_2,1_2&#8243;][et_pb_column type=&#8220;1_2&#8243; _builder_version=&#8220;4.16&#8243; custom_padding=&#8220;|||&#8220; global_colors_info=&#8220;{}&#8220; custom_padding__hover=&#8220;|||&#8220;][et_pb_text _builder_version=&#8220;4.16&#8243; global_colors_info=&#8220;{}&#8220;]<\/p>\n<h2><strong>Garantie<\/strong>-Registrierung<\/h2>\n<p>[\/et_pb_text][\/et_pb_column][et_pb_column type=&#8220;1_2&#8243; _builder_version=&#8220;4.16&#8243; custom_padding=&#8220;|||&#8220; global_colors_info=&#8220;{}&#8220; custom_padding__hover=&#8220;|||&#8220;][\/et_pb_column][\/et_pb_row][et_pb_row _builder_version=&#8220;4.16&#8243; custom_margin=&#8220;0px|||&#8220; custom_padding=&#8220;0px||5%|&#8220; border_width_bottom=&#8220;2px&#8220; border_color_bottom=&#8220;#dddddd&#8220; global_colors_info=&#8220;{}&#8220; column_structure=&#8220;1_2,1_2&#8243;][et_pb_column type=&#8220;1_2&#8243; _builder_version=&#8220;4.16&#8243; custom_padding=&#8220;|||&#8220; global_colors_info=&#8220;{}&#8220; custom_padding__hover=&#8220;|||&#8220;][et_pb_text module_id=&#8220;support-warranty-left&#8220; _builder_version=&#8220;4.16&#8243; global_colors_info=&#8220;{}&#8220;]<\/p>\n<p>Registrieren Sie Ihre Produktgarantie und erhalten Sie Zugang zu exklusiven Werbeaktionen f\u00fcr Teka-Kunden. Dar\u00fcber hinaus k\u00f6nnen Sie durch die Registrierung Ihrer Produkte jede zuk\u00fcnftige St\u00f6rung problemlos abwickeln.\u00a0<\/p>\n<p><a href=\"https:\/\/www.teka.com\/de-de\/betreuung\/qualitaet-mit-garantie\/\">+ Garantieinformationen<\/a><\/p>\n<p>[\/et_pb_text][\/et_pb_column][et_pb_column type=&#8220;1_2&#8243; _builder_version=&#8220;4.16&#8243; custom_padding=&#8220;|||&#8220; global_colors_info=&#8220;{}&#8220; custom_padding__hover=&#8220;|||&#8220;][et_pb_text module_id=&#8220;support-warranty-right&#8220; _builder_version=&#8220;4.16&#8243; global_colors_info=&#8220;{}&#8220;]<\/p>\n<p>Finden Sie Ihr Produkt<\/p>\n<p><form action=\"https:\/\/www.teka.com\/de-de\/?page_id=5219\">\r\n    <p><select id=\"select-garantia\" name=\"garantia\"><\/select><\/p>\r\n    <\/form><br \/>\n[\/et_pb_text][\/et_pb_column][\/et_pb_row][\/et_pb_section][et_pb_section fb_built=&#8220;1&#8243; module_id=&#8220;support-sat&#8220; module_class=&#8220;map_menu&#8220; _builder_version=&#8220;4.16&#8243; global_colors_info=&#8220;{}&#8220;][et_pb_row _builder_version=&#8220;4.16&#8243; background_size=&#8220;initial&#8220; background_position=&#8220;top_left&#8220; background_repeat=&#8220;repeat&#8220; global_colors_info=&#8220;{}&#8220; column_structure=&#8220;1_2,1_2&#8243;][et_pb_column type=&#8220;1_2&#8243; _builder_version=&#8220;4.16&#8243; custom_padding=&#8220;|||&#8220; global_colors_info=&#8220;{}&#8220; custom_padding__hover=&#8220;|||&#8220;][et_pb_text module_class=&#8220;map_menu&#8220; _builder_version=&#8220;4.16&#8243; global_colors_info=&#8220;{}&#8220;]<\/p>\n<h2>Finden Sie Ihren <strong>technischen Service<\/strong><\/h2>\n<p>Wir empfehlen dringend, bei Reparaturen oder St\u00f6rungen immer den offiziellen technischen Kundendienst von Teka aufzusuchen. Auf der Karte finden Sie den n\u00e4chstgelegenen technischen Service..<\/p>\n<p><a href=\"https:\/\/www.teka.com\/de-de\/?page_id=5223\">+ Siehe Karte<\/a><\/p>\n<p>[\/et_pb_text][\/et_pb_column][et_pb_column type=&#8220;1_2&#8243; _builder_version=&#8220;4.16&#8243; custom_padding=&#8220;|||&#8220; global_colors_info=&#8220;{}&#8220; custom_padding__hover=&#8220;|||&#8220;][et_pb_image src=&#8220;https:\/\/www.teka.com\/wp-content\/uploads\/sites\/3\/2018\/10\/Soporte-teka.com_638x363.jpg&#8220; align=&#8220;right&#8220; force_fullwidth=&#8220;on&#8220; align_tablet=&#8220;center&#8220; align_last_edited=&#8220;on|desktop&#8220; _builder_version=&#8220;4.16&#8243; global_colors_info=&#8220;{}&#8220; align_phone=&#8220;center&#8220;][\/et_pb_image][\/et_pb_column][\/et_pb_row][\/et_pb_section][et_pb_section fb_built=&#8220;1&#8243; module_id=&#8220;support-contact-manuals&#8220; _builder_version=&#8220;4.16&#8243; global_colors_info=&#8220;{}&#8220;][et_pb_row _builder_version=&#8220;4.16&#8243; background_size=&#8220;initial&#8220; background_position=&#8220;top_left&#8220; background_repeat=&#8220;repeat&#8220; global_colors_info=&#8220;{}&#8220; column_structure=&#8220;1_2,1_2&#8243;][et_pb_column type=&#8220;1_2&#8243; _builder_version=&#8220;4.16&#8243; custom_padding=&#8220;|||&#8220; global_colors_info=&#8220;{}&#8220; custom_padding__hover=&#8220;|||&#8220;][et_pb_text admin_label=&#8220;Customer Service&#8220; module_id=&#8220;support-contact&#8220; _builder_version=&#8220;3.19&#8243; global_module=&#8220;28072&#8243; saved_tabs=&#8220;all&#8220; global_colors_info=&#8220;{}&#8220;]<\/p>\n<h2><strong>Kundenbetreuung<\/strong><\/h2>\n<p><em><a href=\"tel:+49 209 401 631\">+49 209 401 631<\/a><\/em><\/p>\n<p class=\"horario\">Verf\u00fcgbar von Montag bis Freitag, <br>09:00 bis 18:00 Uhr<\/p>\n<p><a class=\"itk-atencion-mail\" href=\"mailto:teka@kueppersbusch.de\">teka@kueppersbusch.de<\/a><a class=\"itk-atencion-formulario\" href=\"https:\/\/www.teka.com\/de-de\/betreuung\/reparatur-anfordern\/\">Technikeranforderungr<\/a><\/p>\n<p>[\/et_pb_text][\/et_pb_column][et_pb_column type=&#8220;1_2&#8243; _builder_version=&#8220;4.16&#8243; custom_padding=&#8220;|||&#8220; global_colors_info=&#8220;{}&#8220; custom_padding__hover=&#8220;|||&#8220;][et_pb_text admin_label=&#8220;Manuals&#8220; module_id=&#8220;support-manuals&#8220; _builder_version=&#8220;3.19&#8243; global_module=&#8220;28073&#8243; saved_tabs=&#8220;all&#8220; global_colors_info=&#8220;{}&#8220;]<\/p>\n<h3><strong>Handb\u00fccher<\/strong><\/h3>\n<p>Produkthandb\u00fccher sind beim Kauf im Produktpaket enthalten. Wenn Sie ein weiteres Exemplar ben\u00f6tigen, k\u00f6nnen Sie es hier herunterladen.<\/p>\n<form action=\"https:\/\/www.teka.com\/de-de\/betreuung\/benutzerhandbucher\/\" id=\"form-manual-container\"><input id=\"input-manual-submit\" name=\"manual-submit\" type=\"submit\" value=\"\ue812\"><select id=\"select-manual\" name=\"se\" style=\"width:420px;float: left\"><\/select><\/form>\n<p><a style=\"display: none;\" href=\"#\">Where do I find the serial number?<\/a><\/p>\n<p>[\/et_pb_text][et_pb_text admin_label=&#8220;Safety warnings&#8220; module_id=&#8220;support-manuals&#8220; module_class=&#8220;hide_safety_warnings&#8220; _builder_version=&#8220;4.16&#8243; global_colors_info=&#8220;{}&#8220;]<\/p>\n<h3><strong>Sicherheitshinweise<\/strong><\/h3>\n<p>Hier finden Sie Empfehlungen und Sicherheitsleitf\u00e4den sowie die Revisionskampagnen Ihres Produkts.<\/p>\n<p><a href=\"https:\/\/www.teka.com\/de-de\/betreuung\/sicherheitshinweise\/\">+ Siehe Warnhinweise<\/a><\/p>\n<p>[\/et_pb_text][\/et_pb_column][\/et_pb_row][\/et_pb_section]<\/p>\n","protected":false},"excerpt":{"rendered":"<p>&nbsp; &nbsp; Ben\u00f6tigen Sie Hilfe? W\u00e4hlen Sie ein Thema Thema &nbsp; &nbsp;Garantie-Registrierung Registrieren Sie Ihre Produktgarantie und erhalten Sie Zugang zu exklusiven Werbeaktionen f\u00fcr Teka-Kunden. Dar\u00fcber hinaus k\u00f6nnen Sie durch die Registrierung Ihrer Produkte jede zuk\u00fcnftige St\u00f6rung problemlos abwickeln.\u00a0 + Garantieinformationen Finden Sie Ihr Produkt <form action=\"https:\/\/www.teka.com\/de-de\/?page_id=5219\">\r\n    <p><select id=\"select-garantia\" name=\"garantia\"><\/select><\/p>\r\n    <\/form> Finden Sie Ihren technischen Service Wir empfehlen dringend, bei [&hellip;]<\/p>\n","protected":false},"author":9,"featured_media":0,"parent":0,"menu_order":0,"comment_status":"closed","ping_status":"closed","template":"","meta":{"_acf_changed":false,"_et_pb_use_builder":"on","_et_pb_old_content":"","_et_gb_content_width":"","footnotes":""},"class_list":["post-5193","page","type-page","status-publish","hentry"],"acf":[],"yoast_head":"<!-- This site is optimized with the Yoast SEO plugin v27.2 - https:\/\/yoast.com\/product\/yoast-seo-wordpress\/ -->\n<title>Betreuung | Teka Deutschland<\/title>\n<meta name=\"robots\" content=\"index, follow, max-snippet:-1, max-image-preview:large, max-video-preview:-1\" \/>\n<link rel=\"canonical\" href=\"https:\/\/www.teka.com\/de-de\/betreuung\/\" \/>\n<meta property=\"og:locale\" content=\"de_DE\" \/>\n<meta property=\"og:type\" content=\"article\" \/>\n<meta property=\"og:title\" content=\"Betreuung | Teka Deutschland\" \/>\n<meta property=\"og:description\" content=\"&nbsp; &nbsp; Ben\u00f6tigen Sie Hilfe? W\u00e4hlen Sie ein Thema Thema &nbsp; &nbsp;Garantie-Registrierung Registrieren Sie Ihre Produktgarantie und erhalten Sie Zugang zu exklusiven Werbeaktionen f\u00fcr Teka-Kunden. Dar\u00fcber hinaus k\u00f6nnen Sie durch die Registrierung Ihrer Produkte jede zuk\u00fcnftige St\u00f6rung problemlos abwickeln.\u00a0 + Garantieinformationen Finden Sie Ihr Produkt Finden Sie Ihren technischen Service Wir empfehlen dringend, bei [&hellip;]\" \/>\n<meta property=\"og:url\" content=\"https:\/\/www.teka.com\/de-de\/betreuung\/\" \/>\n<meta property=\"og:site_name\" content=\"Teka Deutschland\" \/>\n<meta property=\"article:modified_time\" content=\"2024-09-04T09:36:19+00:00\" \/>\n<meta name=\"twitter:card\" content=\"summary_large_image\" \/>\n<meta name=\"twitter:label1\" content=\"Gesch\u00e4tzte Lesezeit\" \/>\n\t<meta name=\"twitter:data1\" content=\"1\u00a0Minute\" \/>\n<script type=\"application\/ld+json\" class=\"yoast-schema-graph\">{\"@context\":\"https:\/\/schema.org\",\"@graph\":[{\"@type\":\"WebPage\",\"@id\":\"https:\/\/www.teka.com\/de-de\/betreuung\/\",\"url\":\"https:\/\/www.teka.com\/de-de\/betreuung\/\",\"name\":\"Betreuung | Teka Deutschland\",\"isPartOf\":{\"@id\":\"https:\/\/www.teka.com\/de-de\/#website\"},\"datePublished\":\"2018-08-09T09:59:03+00:00\",\"dateModified\":\"2024-09-04T09:36:19+00:00\",\"inLanguage\":\"de\",\"potentialAction\":[{\"@type\":\"ReadAction\",\"target\":[\"https:\/\/www.teka.com\/de-de\/betreuung\/\"]}]},{\"@type\":\"WebSite\",\"@id\":\"https:\/\/www.teka.com\/de-de\/#website\",\"url\":\"https:\/\/www.teka.com\/de-de\/\",\"name\":\"Teka Deutschland\",\"description\":\"\",\"potentialAction\":[{\"@type\":\"SearchAction\",\"target\":{\"@type\":\"EntryPoint\",\"urlTemplate\":\"https:\/\/www.teka.com\/de-de\/?s={search_term_string}\"},\"query-input\":{\"@type\":\"PropertyValueSpecification\",\"valueRequired\":true,\"valueName\":\"search_term_string\"}}],\"inLanguage\":\"de\"}]}<\/script>\n<!-- \/ Yoast SEO plugin. -->","yoast_head_json":{"title":"Betreuung | Teka Deutschland","robots":{"index":"index","follow":"follow","max-snippet":"max-snippet:-1","max-image-preview":"max-image-preview:large","max-video-preview":"max-video-preview:-1"},"canonical":"https:\/\/www.teka.com\/de-de\/betreuung\/","og_locale":"de_DE","og_type":"article","og_title":"Betreuung | Teka Deutschland","og_description":"&nbsp; &nbsp; Ben\u00f6tigen Sie Hilfe? W\u00e4hlen Sie ein Thema Thema &nbsp; &nbsp;Garantie-Registrierung Registrieren Sie Ihre Produktgarantie und erhalten Sie Zugang zu exklusiven Werbeaktionen f\u00fcr Teka-Kunden. Dar\u00fcber hinaus k\u00f6nnen Sie durch die Registrierung Ihrer Produkte jede zuk\u00fcnftige St\u00f6rung problemlos abwickeln.\u00a0 + Garantieinformationen Finden Sie Ihr Produkt Finden Sie Ihren technischen Service Wir empfehlen dringend, bei [&hellip;]","og_url":"https:\/\/www.teka.com\/de-de\/betreuung\/","og_site_name":"Teka Deutschland","article_modified_time":"2024-09-04T09:36:19+00:00","twitter_card":"summary_large_image","twitter_misc":{"Gesch\u00e4tzte Lesezeit":"1\u00a0Minute"},"schema":{"@context":"https:\/\/schema.org","@graph":[{"@type":"WebPage","@id":"https:\/\/www.teka.com\/de-de\/betreuung\/","url":"https:\/\/www.teka.com\/de-de\/betreuung\/","name":"Betreuung | Teka Deutschland","isPartOf":{"@id":"https:\/\/www.teka.com\/de-de\/#website"},"datePublished":"2018-08-09T09:59:03+00:00","dateModified":"2024-09-04T09:36:19+00:00","inLanguage":"de","potentialAction":[{"@type":"ReadAction","target":["https:\/\/www.teka.com\/de-de\/betreuung\/"]}]},{"@type":"WebSite","@id":"https:\/\/www.teka.com\/de-de\/#website","url":"https:\/\/www.teka.com\/de-de\/","name":"Teka Deutschland","description":"","potentialAction":[{"@type":"SearchAction","target":{"@type":"EntryPoint","urlTemplate":"https:\/\/www.teka.com\/de-de\/?s={search_term_string}"},"query-input":{"@type":"PropertyValueSpecification","valueRequired":true,"valueName":"search_term_string"}}],"inLanguage":"de"}]}},"_links":{"self":[{"href":"https:\/\/www.teka.com\/de-de\/wp-json\/wp\/v2\/pages\/5193","targetHints":{"allow":["GET"]}}],"collection":[{"href":"https:\/\/www.teka.com\/de-de\/wp-json\/wp\/v2\/pages"}],"about":[{"href":"https:\/\/www.teka.com\/de-de\/wp-json\/wp\/v2\/types\/page"}],"author":[{"embeddable":true,"href":"https:\/\/www.teka.com\/de-de\/wp-json\/wp\/v2\/users\/9"}],"replies":[{"embeddable":true,"href":"https:\/\/www.teka.com\/de-de\/wp-json\/wp\/v2\/comments?post=5193"}],"version-history":[{"count":81,"href":"https:\/\/www.teka.com\/de-de\/wp-json\/wp\/v2\/pages\/5193\/revisions"}],"predecessor-version":[{"id":63882,"href":"https:\/\/www.teka.com\/de-de\/wp-json\/wp\/v2\/pages\/5193\/revisions\/63882"}],"wp:attachment":[{"href":"https:\/\/www.teka.com\/de-de\/wp-json\/wp\/v2\/media?parent=5193"}],"curies":[{"name":"wp","href":"https:\/\/api.w.org\/{rel}","templated":true}]}}