{"id":61309,"date":"2026-04-07T20:28:41","date_gmt":"2026-04-07T20:28:41","guid":{"rendered":"https:\/\/teka.com\/en-int\/starbright-60-e-xp-1%c2%bdb-1d_115150001"},"modified":"2026-04-02T04:20:28","modified_gmt":"2026-04-02T05:20:28","slug":"starbright-60-e-xp-1%c2%bdb-1d_115150001","status":"publish","type":"product","link":"https:\/\/www.teka.com\/de-de\/produkt\/starbright-60-e-xp-1%c2%bdb-1d_115150001\/","title":{"rendered":"Starbright 60 E-XP 1\u00bdB 1D"},"content":{"rendered":"<ul>\n<li>Starbright Serie<\/li>\n<li>Edelstahl-Einbausp\u00fcle<\/li>\n<li>1 Sp\u00fclbecken, Restebecken und eine Abtropffl\u00e4che, reversibel<\/li>\n<li>3\u00bd&quot; Ablaufgarnitur mit Siphon<\/li>\n<li>170\/100 mm Beckentiefe<\/li>\n<li>60 cm Unterschrank<\/li>\n<\/ul>\n","protected":false},"featured_media":0,"parent":0,"template":"","product_cat":[3396],"product_cleaning_system":[],"product_3rd_basket":[],"product_drawers":[],"product_type_of_installation":[203298],"product_edition":[],"product_serie":[],"product_features":[],"finishes":[],"product_bundles":[],"product_energy_efficiency":[],"product_video_training":[],"class_list":["post-61309","product","type-product","status-publish","hentry","product_cat-spuelen","usp-sinks-02","usp-starbright-01","color-edelstahl","product_type_of_appliance-edelstahl","product_icons-lifetime-warranty","product_icons-hygiene","product_type_of_installation-einbau"],"acf":[],"yoast_head":"<!-- This site is optimized with the Yoast SEO plugin v27.2 - https:\/\/yoast.com\/product\/yoast-seo-wordpress\/ -->\n<title>Starbright 60 E-XP 1\u00bdB 1D | Teka Deutschland<\/title>\n<meta name=\"robots\" content=\"index, follow, max-snippet:-1, max-image-preview:large, max-video-preview:-1\" \/>\n<link rel=\"canonical\" href=\"https:\/\/www.teka.com\/de-de\/produkt\/starbright-60-e-xp-1\u00bdb-1d_115150001\/\" \/>\n<meta property=\"og:locale\" content=\"de_DE\" \/>\n<meta property=\"og:type\" content=\"article\" \/>\n<meta property=\"og:title\" content=\"Starbright 60 E-XP 1\u00bdB 1D | Teka Deutschland\" \/>\n<meta property=\"og:description\" content=\"Starbright Serie Edelstahl-Einbausp\u00fcle 1 Sp\u00fclbecken, Restebecken und eine Abtropffl\u00e4che, reversibel 3\u00bd&quot; Ablaufgarnitur mit Siphon 170\/100 mm Beckentiefe 60 cm Unterschrank\" \/>\n<meta property=\"og:url\" content=\"https:\/\/www.teka.com\/de-de\/produkt\/starbright-60-e-xp-1\u00bdb-1d_115150001\/\" \/>\n<meta property=\"og:site_name\" content=\"Teka Deutschland\" \/>\n<meta name=\"twitter:card\" content=\"summary_large_image\" \/>\n<script type=\"application\/ld+json\" class=\"yoast-schema-graph\">{\"@context\":\"https:\/\/schema.org\",\"@graph\":[{\"@type\":\"WebPage\",\"@id\":\"https:\/\/www.teka.com\/de-de\/produkt\/starbright-60-e-xp-1%c2%bdb-1d_115150001\/\",\"url\":\"https:\/\/www.teka.com\/de-de\/produkt\/starbright-60-e-xp-1%c2%bdb-1d_115150001\/\",\"name\":\"Starbright 60 E-XP 1\u00bdB 1D | Teka Deutschland\",\"isPartOf\":{\"@id\":\"https:\/\/www.teka.com\/de-de\/#website\"},\"datePublished\":\"2026-04-07T20:28:41+00:00\",\"inLanguage\":\"de\",\"potentialAction\":[{\"@type\":\"ReadAction\",\"target\":[\"https:\/\/www.teka.com\/de-de\/produkt\/starbright-60-e-xp-1%c2%bdb-1d_115150001\/\"]}]},{\"@type\":\"WebSite\",\"@id\":\"https:\/\/www.teka.com\/de-de\/#website\",\"url\":\"https:\/\/www.teka.com\/de-de\/\",\"name\":\"Teka Deutschland\",\"description\":\"\",\"potentialAction\":[{\"@type\":\"SearchAction\",\"target\":{\"@type\":\"EntryPoint\",\"urlTemplate\":\"https:\/\/www.teka.com\/de-de\/?s={search_term_string}\"},\"query-input\":{\"@type\":\"PropertyValueSpecification\",\"valueRequired\":true,\"valueName\":\"search_term_string\"}}],\"inLanguage\":\"de\"}]}<\/script>\n<!-- \/ Yoast SEO plugin. -->","yoast_head_json":{"title":"Starbright 60 E-XP 1\u00bdB 1D | Teka Deutschland","robots":{"index":"index","follow":"follow","max-snippet":"max-snippet:-1","max-image-preview":"max-image-preview:large","max-video-preview":"max-video-preview:-1"},"canonical":"https:\/\/www.teka.com\/de-de\/produkt\/starbright-60-e-xp-1\u00bdb-1d_115150001\/","og_locale":"de_DE","og_type":"article","og_title":"Starbright 60 E-XP 1\u00bdB 1D | Teka Deutschland","og_description":"Starbright Serie Edelstahl-Einbausp\u00fcle 1 Sp\u00fclbecken, Restebecken und eine Abtropffl\u00e4che, reversibel 3\u00bd&quot; Ablaufgarnitur mit Siphon 170\/100 mm Beckentiefe 60 cm Unterschrank","og_url":"https:\/\/www.teka.com\/de-de\/produkt\/starbright-60-e-xp-1\u00bdb-1d_115150001\/","og_site_name":"Teka Deutschland","twitter_card":"summary_large_image","schema":{"@context":"https:\/\/schema.org","@graph":[{"@type":"WebPage","@id":"https:\/\/www.teka.com\/de-de\/produkt\/starbright-60-e-xp-1%c2%bdb-1d_115150001\/","url":"https:\/\/www.teka.com\/de-de\/produkt\/starbright-60-e-xp-1%c2%bdb-1d_115150001\/","name":"Starbright 60 E-XP 1\u00bdB 1D | Teka Deutschland","isPartOf":{"@id":"https:\/\/www.teka.com\/de-de\/#website"},"datePublished":"2026-04-07T20:28:41+00:00","inLanguage":"de","potentialAction":[{"@type":"ReadAction","target":["https:\/\/www.teka.com\/de-de\/produkt\/starbright-60-e-xp-1%c2%bdb-1d_115150001\/"]}]},{"@type":"WebSite","@id":"https:\/\/www.teka.com\/de-de\/#website","url":"https:\/\/www.teka.com\/de-de\/","name":"Teka Deutschland","description":"","potentialAction":[{"@type":"SearchAction","target":{"@type":"EntryPoint","urlTemplate":"https:\/\/www.teka.com\/de-de\/?s={search_term_string}"},"query-input":{"@type":"PropertyValueSpecification","valueRequired":true,"valueName":"search_term_string"}}],"inLanguage":"de"}]}},"_links":{"self":[{"href":"https:\/\/www.teka.com\/de-de\/wp-json\/wp\/v2\/product\/61309","targetHints":{"allow":["GET"]}}],"collection":[{"href":"https:\/\/www.teka.com\/de-de\/wp-json\/wp\/v2\/product"}],"about":[{"href":"https:\/\/www.teka.com\/de-de\/wp-json\/wp\/v2\/types\/product"}],"wp:attachment":[{"href":"https:\/\/www.teka.com\/de-de\/wp-json\/wp\/v2\/media?parent=61309"}],"wp:term":[{"taxonomy":"product_cat","embeddable":true,"href":"https:\/\/www.teka.com\/de-de\/wp-json\/wp\/v2\/product_cat?post=61309"},{"taxonomy":"product_cleaning_system","embeddable":true,"href":"https:\/\/www.teka.com\/de-de\/wp-json\/wp\/v2\/product_cleaning_system?post=61309"},{"taxonomy":"product_3rd_basket","embeddable":true,"href":"https:\/\/www.teka.com\/de-de\/wp-json\/wp\/v2\/product_3rd_basket?post=61309"},{"taxonomy":"product_drawers","embeddable":true,"href":"https:\/\/www.teka.com\/de-de\/wp-json\/wp\/v2\/product_drawers?post=61309"},{"taxonomy":"product_type_of_installation","embeddable":true,"href":"https:\/\/www.teka.com\/de-de\/wp-json\/wp\/v2\/product_type_of_installation?post=61309"},{"taxonomy":"product_edition","embeddable":true,"href":"https:\/\/www.teka.com\/de-de\/wp-json\/wp\/v2\/product_edition?post=61309"},{"taxonomy":"product_serie","embeddable":true,"href":"https:\/\/www.teka.com\/de-de\/wp-json\/wp\/v2\/product_serie?post=61309"},{"taxonomy":"product_features","embeddable":true,"href":"https:\/\/www.teka.com\/de-de\/wp-json\/wp\/v2\/product_features?post=61309"},{"taxonomy":"finishes","embeddable":true,"href":"https:\/\/www.teka.com\/de-de\/wp-json\/wp\/v2\/finishes?post=61309"},{"taxonomy":"product_bundles","embeddable":true,"href":"https:\/\/www.teka.com\/de-de\/wp-json\/wp\/v2\/product_bundles?post=61309"},{"taxonomy":"product_energy_efficiency","embeddable":true,"href":"https:\/\/www.teka.com\/de-de\/wp-json\/wp\/v2\/product_energy_efficiency?post=61309"},{"taxonomy":"product_video_training","embeddable":true,"href":"https:\/\/www.teka.com\/de-de\/wp-json\/wp\/v2\/product_video_training?post=61309"}],"curies":[{"name":"wp","href":"https:\/\/api.w.org\/{rel}","templated":true}]}}