{"id":61473,"date":"2026-04-07T18:38:37","date_gmt":"2026-04-07T18:38:37","guid":{"rendered":"https:\/\/teka.com\/en-int\/zenit-rs15-1b-1d-l-86-auto-pro_115100006"},"modified":"2026-03-14T06:31:25","modified_gmt":"2026-03-14T07:31:25","slug":"zenit-rs15-1b-1d-l-86-auto-pro_115100006","status":"publish","type":"product","link":"https:\/\/www.teka.com\/de-de\/produkt\/zenit-rs15-1b-1d-l-86-auto-pro_115100006\/","title":{"rendered":"Zenit RS15 1B 1D L 86 AUTO PRO"},"content":{"rendered":"<ul>\n<li>Zenit Serie<\/li>\n<li>PureLine Edelstahl-Einbausp\u00fcle<\/li>\n<li>1 Sp\u00fclbecken und Abtropffl\u00e4che links (Becken rechts)<\/li>\n<li>Inkl. Seifenspender<\/li>\n<li>R15 Radius f\u00fcr leichte Reinigung<\/li>\n<li>3\u00bd&quot; Excenter-Ablaufgarnitur mit Siphon<\/li>\n<li>Eckige SQ-Design-Ablauf-Abdeckung SilentSmart, 50% Reduzierung der Wassereinlassger\u00e4usche<\/li>\n<\/ul>\n","protected":false},"featured_media":0,"parent":0,"template":"","product_cat":[3396],"product_cleaning_system":[],"product_3rd_basket":[],"product_drawers":[],"product_type_of_installation":[203298],"product_edition":[],"product_serie":[],"product_features":[],"finishes":[],"product_bundles":[],"product_energy_efficiency":[],"product_video_training":[],"class_list":["post-61473","product","type-product","status-publish","hentry","product_cat-spuelen","usp-sinks-02","usp-sinks-04","usp-sinks-05","usp-sinks-06","usp-zenit-01","usp-zenit-02","color-edelstahl","product_type_of_appliance-edelstahl","product_icons-lifetime-warrantysilentsmart","product_icons-200mm","product_icons-hygiene","product_icons-r15","product_type_of_installation-einbau"],"acf":[],"yoast_head":"<!-- This site is optimized with the Yoast SEO plugin v27.2 - https:\/\/yoast.com\/product\/yoast-seo-wordpress\/ -->\n<title>Zenit RS15 1B 1D L 86 AUTO PRO | Teka Deutschland<\/title>\n<meta name=\"robots\" content=\"index, follow, max-snippet:-1, max-image-preview:large, max-video-preview:-1\" \/>\n<link rel=\"canonical\" href=\"https:\/\/www.teka.com\/de-de\/produkt\/zenit-rs15-1b-1d-l-86-auto-pro_115100006\/\" \/>\n<meta property=\"og:locale\" content=\"de_DE\" \/>\n<meta property=\"og:type\" content=\"article\" \/>\n<meta property=\"og:title\" content=\"Zenit RS15 1B 1D L 86 AUTO PRO | Teka Deutschland\" \/>\n<meta property=\"og:description\" content=\"Zenit Serie PureLine Edelstahl-Einbausp\u00fcle 1 Sp\u00fclbecken und Abtropffl\u00e4che links (Becken rechts) Inkl. Seifenspender R15 Radius f\u00fcr leichte Reinigung 3\u00bd&quot; Excenter-Ablaufgarnitur mit Siphon Eckige SQ-Design-Ablauf-Abdeckung SilentSmart, 50% Reduzierung der Wassereinlassger\u00e4usche\" \/>\n<meta property=\"og:url\" content=\"https:\/\/www.teka.com\/de-de\/produkt\/zenit-rs15-1b-1d-l-86-auto-pro_115100006\/\" \/>\n<meta property=\"og:site_name\" content=\"Teka Deutschland\" \/>\n<meta name=\"twitter:card\" content=\"summary_large_image\" \/>\n<script type=\"application\/ld+json\" class=\"yoast-schema-graph\">{\"@context\":\"https:\/\/schema.org\",\"@graph\":[{\"@type\":\"WebPage\",\"@id\":\"https:\/\/www.teka.com\/de-de\/produkt\/zenit-rs15-1b-1d-l-86-auto-pro_115100006\/\",\"url\":\"https:\/\/www.teka.com\/de-de\/produkt\/zenit-rs15-1b-1d-l-86-auto-pro_115100006\/\",\"name\":\"Zenit RS15 1B 1D L 86 AUTO PRO | Teka Deutschland\",\"isPartOf\":{\"@id\":\"https:\/\/www.teka.com\/de-de\/#website\"},\"datePublished\":\"2026-04-07T18:38:37+00:00\",\"inLanguage\":\"de\",\"potentialAction\":[{\"@type\":\"ReadAction\",\"target\":[\"https:\/\/www.teka.com\/de-de\/produkt\/zenit-rs15-1b-1d-l-86-auto-pro_115100006\/\"]}]},{\"@type\":\"WebSite\",\"@id\":\"https:\/\/www.teka.com\/de-de\/#website\",\"url\":\"https:\/\/www.teka.com\/de-de\/\",\"name\":\"Teka Deutschland\",\"description\":\"\",\"potentialAction\":[{\"@type\":\"SearchAction\",\"target\":{\"@type\":\"EntryPoint\",\"urlTemplate\":\"https:\/\/www.teka.com\/de-de\/?s={search_term_string}\"},\"query-input\":{\"@type\":\"PropertyValueSpecification\",\"valueRequired\":true,\"valueName\":\"search_term_string\"}}],\"inLanguage\":\"de\"}]}<\/script>\n<!-- \/ Yoast SEO plugin. -->","yoast_head_json":{"title":"Zenit RS15 1B 1D L 86 AUTO PRO | Teka Deutschland","robots":{"index":"index","follow":"follow","max-snippet":"max-snippet:-1","max-image-preview":"max-image-preview:large","max-video-preview":"max-video-preview:-1"},"canonical":"https:\/\/www.teka.com\/de-de\/produkt\/zenit-rs15-1b-1d-l-86-auto-pro_115100006\/","og_locale":"de_DE","og_type":"article","og_title":"Zenit RS15 1B 1D L 86 AUTO PRO | Teka Deutschland","og_description":"Zenit Serie PureLine Edelstahl-Einbausp\u00fcle 1 Sp\u00fclbecken und Abtropffl\u00e4che links (Becken rechts) Inkl. Seifenspender R15 Radius f\u00fcr leichte Reinigung 3\u00bd&quot; Excenter-Ablaufgarnitur mit Siphon Eckige SQ-Design-Ablauf-Abdeckung SilentSmart, 50% Reduzierung der Wassereinlassger\u00e4usche","og_url":"https:\/\/www.teka.com\/de-de\/produkt\/zenit-rs15-1b-1d-l-86-auto-pro_115100006\/","og_site_name":"Teka Deutschland","twitter_card":"summary_large_image","schema":{"@context":"https:\/\/schema.org","@graph":[{"@type":"WebPage","@id":"https:\/\/www.teka.com\/de-de\/produkt\/zenit-rs15-1b-1d-l-86-auto-pro_115100006\/","url":"https:\/\/www.teka.com\/de-de\/produkt\/zenit-rs15-1b-1d-l-86-auto-pro_115100006\/","name":"Zenit RS15 1B 1D L 86 AUTO PRO | Teka Deutschland","isPartOf":{"@id":"https:\/\/www.teka.com\/de-de\/#website"},"datePublished":"2026-04-07T18:38:37+00:00","inLanguage":"de","potentialAction":[{"@type":"ReadAction","target":["https:\/\/www.teka.com\/de-de\/produkt\/zenit-rs15-1b-1d-l-86-auto-pro_115100006\/"]}]},{"@type":"WebSite","@id":"https:\/\/www.teka.com\/de-de\/#website","url":"https:\/\/www.teka.com\/de-de\/","name":"Teka Deutschland","description":"","potentialAction":[{"@type":"SearchAction","target":{"@type":"EntryPoint","urlTemplate":"https:\/\/www.teka.com\/de-de\/?s={search_term_string}"},"query-input":{"@type":"PropertyValueSpecification","valueRequired":true,"valueName":"search_term_string"}}],"inLanguage":"de"}]}},"_links":{"self":[{"href":"https:\/\/www.teka.com\/de-de\/wp-json\/wp\/v2\/product\/61473","targetHints":{"allow":["GET"]}}],"collection":[{"href":"https:\/\/www.teka.com\/de-de\/wp-json\/wp\/v2\/product"}],"about":[{"href":"https:\/\/www.teka.com\/de-de\/wp-json\/wp\/v2\/types\/product"}],"wp:attachment":[{"href":"https:\/\/www.teka.com\/de-de\/wp-json\/wp\/v2\/media?parent=61473"}],"wp:term":[{"taxonomy":"product_cat","embeddable":true,"href":"https:\/\/www.teka.com\/de-de\/wp-json\/wp\/v2\/product_cat?post=61473"},{"taxonomy":"product_cleaning_system","embeddable":true,"href":"https:\/\/www.teka.com\/de-de\/wp-json\/wp\/v2\/product_cleaning_system?post=61473"},{"taxonomy":"product_3rd_basket","embeddable":true,"href":"https:\/\/www.teka.com\/de-de\/wp-json\/wp\/v2\/product_3rd_basket?post=61473"},{"taxonomy":"product_drawers","embeddable":true,"href":"https:\/\/www.teka.com\/de-de\/wp-json\/wp\/v2\/product_drawers?post=61473"},{"taxonomy":"product_type_of_installation","embeddable":true,"href":"https:\/\/www.teka.com\/de-de\/wp-json\/wp\/v2\/product_type_of_installation?post=61473"},{"taxonomy":"product_edition","embeddable":true,"href":"https:\/\/www.teka.com\/de-de\/wp-json\/wp\/v2\/product_edition?post=61473"},{"taxonomy":"product_serie","embeddable":true,"href":"https:\/\/www.teka.com\/de-de\/wp-json\/wp\/v2\/product_serie?post=61473"},{"taxonomy":"product_features","embeddable":true,"href":"https:\/\/www.teka.com\/de-de\/wp-json\/wp\/v2\/product_features?post=61473"},{"taxonomy":"finishes","embeddable":true,"href":"https:\/\/www.teka.com\/de-de\/wp-json\/wp\/v2\/finishes?post=61473"},{"taxonomy":"product_bundles","embeddable":true,"href":"https:\/\/www.teka.com\/de-de\/wp-json\/wp\/v2\/product_bundles?post=61473"},{"taxonomy":"product_energy_efficiency","embeddable":true,"href":"https:\/\/www.teka.com\/de-de\/wp-json\/wp\/v2\/product_energy_efficiency?post=61473"},{"taxonomy":"product_video_training","embeddable":true,"href":"https:\/\/www.teka.com\/de-de\/wp-json\/wp\/v2\/product_video_training?post=61473"}],"curies":[{"name":"wp","href":"https:\/\/api.w.org\/{rel}","templated":true}]}}