{"id":61511,"date":"2026-04-07T19:44:13","date_gmt":"2026-04-07T19:44:13","guid":{"rendered":"https:\/\/teka.com\/en-int\/hlb-8400-p_111000008"},"modified":"2026-03-15T01:09:42","modified_gmt":"2026-03-15T02:09:42","slug":"hlb-8400-p_111000008","status":"publish","type":"product","link":"https:\/\/www.teka.com\/de-de\/produkt\/hlb-8400-p_111000008\/","title":{"rendered":"HLB 8400 P"},"content":{"rendered":"<ul>\n<li>Urban Colours Edition<\/li>\n<li>8 Beheizungsarten inkl. Hei\u00dfluft<\/li>\n<li>Gro\u00dffl\u00e4chengrill<\/li>\n<li>4-Scheiben-Verglasung<\/li>\n<li>Pyrolyse Reinigungssystem (3 Stufen)<\/li>\n<li>HydroClean\u00ae PRO-Reinigungsfunktion<\/li>\n<li>Touch Control Panel mit LED Display<\/li>\n<\/ul>\n","protected":false},"featured_media":0,"parent":0,"template":"","product_cat":[117074],"product_cleaning_system":[3092,3446],"product_3rd_basket":[],"product_drawers":[],"product_type_of_installation":[203151],"product_edition":[],"product_serie":[],"product_features":[],"finishes":[],"product_bundles":[],"product_energy_efficiency":[203815],"product_video_training":[],"class_list":["post-61511","product","type-product","status-publish","hentry","product_cat-backoefen-und-kompaktgeraete","usp-ovens-04","usp-ovens-05","usp-ovens-06","usp-ovens-13","color-schwarzes-glas","product_type_of_appliance-60cm-backoefen","product_ambient-urban-colors-01","product_ambient-urban-colors-02","product_ambient-urban-colors-03","product_ambient-ambient-23","product_icons-hydroclean","product_icons-70l","product_icons-plus-extension-telescopic-guide","product_icons-pyrolysis","product_icons-surroundtemp","product_cleaning_system-hydroclean","product_cleaning_system-pyrolyse","product_type_of_installation-eingebaut","product_energy_efficiency-a-plus-icon"],"acf":[],"yoast_head":"<!-- This site is optimized with the Yoast SEO plugin v27.2 - https:\/\/yoast.com\/product\/yoast-seo-wordpress\/ -->\n<title>HLB 8400 P | Teka Deutschland<\/title>\n<meta name=\"robots\" content=\"index, follow, max-snippet:-1, max-image-preview:large, max-video-preview:-1\" \/>\n<link rel=\"canonical\" href=\"https:\/\/www.teka.com\/de-de\/produkt\/hlb-8400-p_111000008\/\" \/>\n<meta property=\"og:locale\" content=\"de_DE\" \/>\n<meta property=\"og:type\" content=\"article\" \/>\n<meta property=\"og:title\" content=\"HLB 8400 P | Teka Deutschland\" \/>\n<meta property=\"og:description\" content=\"Urban Colours Edition 8 Beheizungsarten inkl. Hei\u00dfluft Gro\u00dffl\u00e4chengrill 4-Scheiben-Verglasung Pyrolyse Reinigungssystem (3 Stufen) HydroClean\u00ae PRO-Reinigungsfunktion Touch Control Panel mit LED Display\" \/>\n<meta property=\"og:url\" content=\"https:\/\/www.teka.com\/de-de\/produkt\/hlb-8400-p_111000008\/\" \/>\n<meta property=\"og:site_name\" content=\"Teka Deutschland\" \/>\n<meta name=\"twitter:card\" content=\"summary_large_image\" \/>\n<script type=\"application\/ld+json\" class=\"yoast-schema-graph\">{\"@context\":\"https:\/\/schema.org\",\"@graph\":[{\"@type\":\"WebPage\",\"@id\":\"https:\/\/www.teka.com\/de-de\/produkt\/hlb-8400-p_111000008\/\",\"url\":\"https:\/\/www.teka.com\/de-de\/produkt\/hlb-8400-p_111000008\/\",\"name\":\"HLB 8400 P | Teka Deutschland\",\"isPartOf\":{\"@id\":\"https:\/\/www.teka.com\/de-de\/#website\"},\"datePublished\":\"2026-04-07T19:44:13+00:00\",\"inLanguage\":\"de\",\"potentialAction\":[{\"@type\":\"ReadAction\",\"target\":[\"https:\/\/www.teka.com\/de-de\/produkt\/hlb-8400-p_111000008\/\"]}]},{\"@type\":\"WebSite\",\"@id\":\"https:\/\/www.teka.com\/de-de\/#website\",\"url\":\"https:\/\/www.teka.com\/de-de\/\",\"name\":\"Teka Deutschland\",\"description\":\"\",\"potentialAction\":[{\"@type\":\"SearchAction\",\"target\":{\"@type\":\"EntryPoint\",\"urlTemplate\":\"https:\/\/www.teka.com\/de-de\/?s={search_term_string}\"},\"query-input\":{\"@type\":\"PropertyValueSpecification\",\"valueRequired\":true,\"valueName\":\"search_term_string\"}}],\"inLanguage\":\"de\"}]}<\/script>\n<!-- \/ Yoast SEO plugin. -->","yoast_head_json":{"title":"HLB 8400 P | Teka Deutschland","robots":{"index":"index","follow":"follow","max-snippet":"max-snippet:-1","max-image-preview":"max-image-preview:large","max-video-preview":"max-video-preview:-1"},"canonical":"https:\/\/www.teka.com\/de-de\/produkt\/hlb-8400-p_111000008\/","og_locale":"de_DE","og_type":"article","og_title":"HLB 8400 P | Teka Deutschland","og_description":"Urban Colours Edition 8 Beheizungsarten inkl. Hei\u00dfluft Gro\u00dffl\u00e4chengrill 4-Scheiben-Verglasung Pyrolyse Reinigungssystem (3 Stufen) HydroClean\u00ae PRO-Reinigungsfunktion Touch Control Panel mit LED Display","og_url":"https:\/\/www.teka.com\/de-de\/produkt\/hlb-8400-p_111000008\/","og_site_name":"Teka Deutschland","twitter_card":"summary_large_image","schema":{"@context":"https:\/\/schema.org","@graph":[{"@type":"WebPage","@id":"https:\/\/www.teka.com\/de-de\/produkt\/hlb-8400-p_111000008\/","url":"https:\/\/www.teka.com\/de-de\/produkt\/hlb-8400-p_111000008\/","name":"HLB 8400 P | Teka Deutschland","isPartOf":{"@id":"https:\/\/www.teka.com\/de-de\/#website"},"datePublished":"2026-04-07T19:44:13+00:00","inLanguage":"de","potentialAction":[{"@type":"ReadAction","target":["https:\/\/www.teka.com\/de-de\/produkt\/hlb-8400-p_111000008\/"]}]},{"@type":"WebSite","@id":"https:\/\/www.teka.com\/de-de\/#website","url":"https:\/\/www.teka.com\/de-de\/","name":"Teka Deutschland","description":"","potentialAction":[{"@type":"SearchAction","target":{"@type":"EntryPoint","urlTemplate":"https:\/\/www.teka.com\/de-de\/?s={search_term_string}"},"query-input":{"@type":"PropertyValueSpecification","valueRequired":true,"valueName":"search_term_string"}}],"inLanguage":"de"}]}},"_links":{"self":[{"href":"https:\/\/www.teka.com\/de-de\/wp-json\/wp\/v2\/product\/61511","targetHints":{"allow":["GET"]}}],"collection":[{"href":"https:\/\/www.teka.com\/de-de\/wp-json\/wp\/v2\/product"}],"about":[{"href":"https:\/\/www.teka.com\/de-de\/wp-json\/wp\/v2\/types\/product"}],"wp:attachment":[{"href":"https:\/\/www.teka.com\/de-de\/wp-json\/wp\/v2\/media?parent=61511"}],"wp:term":[{"taxonomy":"product_cat","embeddable":true,"href":"https:\/\/www.teka.com\/de-de\/wp-json\/wp\/v2\/product_cat?post=61511"},{"taxonomy":"product_cleaning_system","embeddable":true,"href":"https:\/\/www.teka.com\/de-de\/wp-json\/wp\/v2\/product_cleaning_system?post=61511"},{"taxonomy":"product_3rd_basket","embeddable":true,"href":"https:\/\/www.teka.com\/de-de\/wp-json\/wp\/v2\/product_3rd_basket?post=61511"},{"taxonomy":"product_drawers","embeddable":true,"href":"https:\/\/www.teka.com\/de-de\/wp-json\/wp\/v2\/product_drawers?post=61511"},{"taxonomy":"product_type_of_installation","embeddable":true,"href":"https:\/\/www.teka.com\/de-de\/wp-json\/wp\/v2\/product_type_of_installation?post=61511"},{"taxonomy":"product_edition","embeddable":true,"href":"https:\/\/www.teka.com\/de-de\/wp-json\/wp\/v2\/product_edition?post=61511"},{"taxonomy":"product_serie","embeddable":true,"href":"https:\/\/www.teka.com\/de-de\/wp-json\/wp\/v2\/product_serie?post=61511"},{"taxonomy":"product_features","embeddable":true,"href":"https:\/\/www.teka.com\/de-de\/wp-json\/wp\/v2\/product_features?post=61511"},{"taxonomy":"finishes","embeddable":true,"href":"https:\/\/www.teka.com\/de-de\/wp-json\/wp\/v2\/finishes?post=61511"},{"taxonomy":"product_bundles","embeddable":true,"href":"https:\/\/www.teka.com\/de-de\/wp-json\/wp\/v2\/product_bundles?post=61511"},{"taxonomy":"product_energy_efficiency","embeddable":true,"href":"https:\/\/www.teka.com\/de-de\/wp-json\/wp\/v2\/product_energy_efficiency?post=61511"},{"taxonomy":"product_video_training","embeddable":true,"href":"https:\/\/www.teka.com\/de-de\/wp-json\/wp\/v2\/product_video_training?post=61511"}],"curies":[{"name":"wp","href":"https:\/\/api.w.org\/{rel}","templated":true}]}}