{"id":61528,"date":"2026-04-03T20:36:42","date_gmt":"2026-04-03T20:36:42","guid":{"rendered":"https:\/\/teka.com\/en-int\/dfi-76950_114260004"},"modified":"2026-03-14T07:30:05","modified_gmt":"2026-03-14T08:30:05","slug":"dfi-76950_114260004","status":"publish","type":"product","link":"https:\/\/www.teka.com\/de-de\/produkt\/dfi-76950_114260004\/","title":{"rendered":"DFI 76950"},"content":{"rendered":"<ul>\n<li>Elektronische Bediensteuerung mit weisser LED Anzeige<\/li>\n<li>9 Sp\u00fclprogramme<\/li>\n<li>Spezialprogramme: Mini30, 1 Stunde, GlasCare,<\/li>\n<li>DualCare, AutoClean<\/li>\n<li>Sonderfunktionen: Halb-Voll-Sp\u00fclprogramm, Express,<\/li>\n<li>Power, ExtraTrocken<\/li>\n<li>IonClean<\/li>\n<li>Fassungsverm\u00f6gen 15 Ma\u00dfgedecke<\/li>\n<li>Besteckschublade<\/li>\n<li>Beam on Floor<\/li>\n<\/ul>\n","protected":false},"featured_media":0,"parent":0,"template":"","product_cat":[117005],"product_cleaning_system":[],"product_3rd_basket":[203167],"product_drawers":[],"product_type_of_installation":[203151],"product_edition":[],"product_serie":[],"product_features":[],"finishes":[],"product_bundles":[],"product_energy_efficiency":[203333],"product_video_training":[],"class_list":["post-61528","product","type-product","status-publish","hentry","product_cat-geschirrspueler","usp-dishwashers-04","usp-dishwashers-15","usp-dishwashers-20","usp-dishwashers-23","usp-dishwashers-24","usp-productoftheyear-01","product_type_of_appliance-eingebaut","product_ambient-fbk-01","product_icons-eco-function","product_icons-third-cutlery-tray","product_icons-beam-on-floor","product_icons-ionclean","product_icons-multi-cleaner","product_icons-premium-dry","product_icons-sliding-door","product_icons-smart-sensor","product_3rd_basket-dritter-korb","product_type_of_installation-eingebaut","product_energy_efficiency-d-ue-icon-new"],"acf":[],"yoast_head":"<!-- This site is optimized with the Yoast SEO plugin v27.2 - https:\/\/yoast.com\/product\/yoast-seo-wordpress\/ -->\n<title>DFI 76950 | Teka Deutschland<\/title>\n<meta name=\"robots\" content=\"index, follow, max-snippet:-1, max-image-preview:large, max-video-preview:-1\" \/>\n<link rel=\"canonical\" href=\"https:\/\/www.teka.com\/de-de\/produkt\/dfi-76950_114260004\/\" \/>\n<meta property=\"og:locale\" content=\"de_DE\" \/>\n<meta property=\"og:type\" content=\"article\" \/>\n<meta property=\"og:title\" content=\"DFI 76950 | Teka Deutschland\" \/>\n<meta property=\"og:description\" content=\"Elektronische Bediensteuerung mit weisser LED Anzeige 9 Sp\u00fclprogramme Spezialprogramme: Mini30, 1 Stunde, GlasCare, DualCare, AutoClean Sonderfunktionen: Halb-Voll-Sp\u00fclprogramm, Express, Power, ExtraTrocken IonClean Fassungsverm\u00f6gen 15 Ma\u00dfgedecke Besteckschublade Beam on Floor\" \/>\n<meta property=\"og:url\" content=\"https:\/\/www.teka.com\/de-de\/produkt\/dfi-76950_114260004\/\" \/>\n<meta property=\"og:site_name\" content=\"Teka Deutschland\" \/>\n<meta name=\"twitter:card\" content=\"summary_large_image\" \/>\n<script type=\"application\/ld+json\" class=\"yoast-schema-graph\">{\"@context\":\"https:\/\/schema.org\",\"@graph\":[{\"@type\":\"WebPage\",\"@id\":\"https:\/\/www.teka.com\/de-de\/produkt\/dfi-76950_114260004\/\",\"url\":\"https:\/\/www.teka.com\/de-de\/produkt\/dfi-76950_114260004\/\",\"name\":\"DFI 76950 | Teka Deutschland\",\"isPartOf\":{\"@id\":\"https:\/\/www.teka.com\/de-de\/#website\"},\"datePublished\":\"2026-04-03T20:36:42+00:00\",\"inLanguage\":\"de\",\"potentialAction\":[{\"@type\":\"ReadAction\",\"target\":[\"https:\/\/www.teka.com\/de-de\/produkt\/dfi-76950_114260004\/\"]}]},{\"@type\":\"WebSite\",\"@id\":\"https:\/\/www.teka.com\/de-de\/#website\",\"url\":\"https:\/\/www.teka.com\/de-de\/\",\"name\":\"Teka Deutschland\",\"description\":\"\",\"potentialAction\":[{\"@type\":\"SearchAction\",\"target\":{\"@type\":\"EntryPoint\",\"urlTemplate\":\"https:\/\/www.teka.com\/de-de\/?s={search_term_string}\"},\"query-input\":{\"@type\":\"PropertyValueSpecification\",\"valueRequired\":true,\"valueName\":\"search_term_string\"}}],\"inLanguage\":\"de\"}]}<\/script>\n<!-- \/ Yoast SEO plugin. -->","yoast_head_json":{"title":"DFI 76950 | Teka Deutschland","robots":{"index":"index","follow":"follow","max-snippet":"max-snippet:-1","max-image-preview":"max-image-preview:large","max-video-preview":"max-video-preview:-1"},"canonical":"https:\/\/www.teka.com\/de-de\/produkt\/dfi-76950_114260004\/","og_locale":"de_DE","og_type":"article","og_title":"DFI 76950 | Teka Deutschland","og_description":"Elektronische Bediensteuerung mit weisser LED Anzeige 9 Sp\u00fclprogramme Spezialprogramme: Mini30, 1 Stunde, GlasCare, DualCare, AutoClean Sonderfunktionen: Halb-Voll-Sp\u00fclprogramm, Express, Power, ExtraTrocken IonClean Fassungsverm\u00f6gen 15 Ma\u00dfgedecke Besteckschublade Beam on Floor","og_url":"https:\/\/www.teka.com\/de-de\/produkt\/dfi-76950_114260004\/","og_site_name":"Teka Deutschland","twitter_card":"summary_large_image","schema":{"@context":"https:\/\/schema.org","@graph":[{"@type":"WebPage","@id":"https:\/\/www.teka.com\/de-de\/produkt\/dfi-76950_114260004\/","url":"https:\/\/www.teka.com\/de-de\/produkt\/dfi-76950_114260004\/","name":"DFI 76950 | Teka Deutschland","isPartOf":{"@id":"https:\/\/www.teka.com\/de-de\/#website"},"datePublished":"2026-04-03T20:36:42+00:00","inLanguage":"de","potentialAction":[{"@type":"ReadAction","target":["https:\/\/www.teka.com\/de-de\/produkt\/dfi-76950_114260004\/"]}]},{"@type":"WebSite","@id":"https:\/\/www.teka.com\/de-de\/#website","url":"https:\/\/www.teka.com\/de-de\/","name":"Teka Deutschland","description":"","potentialAction":[{"@type":"SearchAction","target":{"@type":"EntryPoint","urlTemplate":"https:\/\/www.teka.com\/de-de\/?s={search_term_string}"},"query-input":{"@type":"PropertyValueSpecification","valueRequired":true,"valueName":"search_term_string"}}],"inLanguage":"de"}]}},"_links":{"self":[{"href":"https:\/\/www.teka.com\/de-de\/wp-json\/wp\/v2\/product\/61528","targetHints":{"allow":["GET"]}}],"collection":[{"href":"https:\/\/www.teka.com\/de-de\/wp-json\/wp\/v2\/product"}],"about":[{"href":"https:\/\/www.teka.com\/de-de\/wp-json\/wp\/v2\/types\/product"}],"wp:attachment":[{"href":"https:\/\/www.teka.com\/de-de\/wp-json\/wp\/v2\/media?parent=61528"}],"wp:term":[{"taxonomy":"product_cat","embeddable":true,"href":"https:\/\/www.teka.com\/de-de\/wp-json\/wp\/v2\/product_cat?post=61528"},{"taxonomy":"product_cleaning_system","embeddable":true,"href":"https:\/\/www.teka.com\/de-de\/wp-json\/wp\/v2\/product_cleaning_system?post=61528"},{"taxonomy":"product_3rd_basket","embeddable":true,"href":"https:\/\/www.teka.com\/de-de\/wp-json\/wp\/v2\/product_3rd_basket?post=61528"},{"taxonomy":"product_drawers","embeddable":true,"href":"https:\/\/www.teka.com\/de-de\/wp-json\/wp\/v2\/product_drawers?post=61528"},{"taxonomy":"product_type_of_installation","embeddable":true,"href":"https:\/\/www.teka.com\/de-de\/wp-json\/wp\/v2\/product_type_of_installation?post=61528"},{"taxonomy":"product_edition","embeddable":true,"href":"https:\/\/www.teka.com\/de-de\/wp-json\/wp\/v2\/product_edition?post=61528"},{"taxonomy":"product_serie","embeddable":true,"href":"https:\/\/www.teka.com\/de-de\/wp-json\/wp\/v2\/product_serie?post=61528"},{"taxonomy":"product_features","embeddable":true,"href":"https:\/\/www.teka.com\/de-de\/wp-json\/wp\/v2\/product_features?post=61528"},{"taxonomy":"finishes","embeddable":true,"href":"https:\/\/www.teka.com\/de-de\/wp-json\/wp\/v2\/finishes?post=61528"},{"taxonomy":"product_bundles","embeddable":true,"href":"https:\/\/www.teka.com\/de-de\/wp-json\/wp\/v2\/product_bundles?post=61528"},{"taxonomy":"product_energy_efficiency","embeddable":true,"href":"https:\/\/www.teka.com\/de-de\/wp-json\/wp\/v2\/product_energy_efficiency?post=61528"},{"taxonomy":"product_video_training","embeddable":true,"href":"https:\/\/www.teka.com\/de-de\/wp-json\/wp\/v2\/product_video_training?post=61528"}],"curies":[{"name":"wp","href":"https:\/\/api.w.org\/{rel}","templated":true}]}}