{"id":62106,"date":"2026-05-04T13:21:03","date_gmt":"2026-05-04T13:21:03","guid":{"rendered":"https:\/\/teka.com\/en-int\/ms-620-bis_40584010"},"modified":"2026-05-04T11:21:03","modified_gmt":"2026-05-04T12:21:03","slug":"ms-620-bis_40584010","status":"publish","type":"product","link":"https:\/\/www.teka.com\/de-de\/produkt\/ms-620-bis_40584010\/","title":{"rendered":"MS 620 BIS"},"content":{"rendered":"<ul>\n<li>3 Beheizungsarten<\/li>\n<li>5 Mikrowellenleistungsstufen<\/li>\n<li>Mikrowellenleistung 750 W<\/li>\n<li>Grillleistung 1.000 W<\/li>\n<li>3 direkt anw\u00e4hlbare Men\u00fcs<\/li>\n<li>Auftauautomatik nach Zeit und Gewicht<\/li>\n<li>Schnellstartfunktion + 30 Sekunden<\/li>\n<li>Touch Control Panel mit wei\u00dfem TFT Display<\/li>\n<\/ul>\n","protected":false},"featured_media":0,"parent":0,"template":"","product_cat":[117073],"product_cleaning_system":[],"product_3rd_basket":[],"product_drawers":[],"product_type_of_installation":[203151],"product_edition":[],"product_serie":[],"product_features":[],"finishes":[],"product_bundles":[],"product_energy_efficiency":[],"product_video_training":[],"class_list":["post-62106","product","type-product","status-publish","hentry","product_cat-mikrowellen","usp-microwaves-04","usp-microwaves-05","usp-microwaves-06","color-edelstahl","product_type_of_appliance-eingebaut","product_icons-defrost-by-time","product_icons-defrost-by-weight","product_icons-direct-access-menu","product_type_of_installation-eingebaut"],"acf":[],"yoast_head":"<!-- This site is optimized with the Yoast SEO plugin v27.5 - https:\/\/yoast.com\/product\/yoast-seo-wordpress\/ -->\n<title>MS 620 BIS | Teka Deutschland<\/title>\n<meta name=\"robots\" content=\"index, follow, max-snippet:-1, max-image-preview:large, max-video-preview:-1\" \/>\n<link rel=\"canonical\" href=\"https:\/\/www.teka.com\/de-de\/produkt\/ms-620-bis_40584010\/\" \/>\n<meta property=\"og:locale\" content=\"de_DE\" \/>\n<meta property=\"og:type\" content=\"article\" \/>\n<meta property=\"og:title\" content=\"MS 620 BIS | Teka Deutschland\" \/>\n<meta property=\"og:description\" content=\"3 Beheizungsarten 5 Mikrowellenleistungsstufen Mikrowellenleistung 750 W Grillleistung 1.000 W 3 direkt anw\u00e4hlbare Men\u00fcs Auftauautomatik nach Zeit und Gewicht Schnellstartfunktion + 30 Sekunden Touch Control Panel mit wei\u00dfem TFT Display\" \/>\n<meta property=\"og:url\" content=\"https:\/\/www.teka.com\/de-de\/produkt\/ms-620-bis_40584010\/\" \/>\n<meta property=\"og:site_name\" content=\"Teka Deutschland\" \/>\n<meta name=\"twitter:card\" content=\"summary_large_image\" \/>\n<script type=\"application\/ld+json\" class=\"yoast-schema-graph\">{\"@context\":\"https:\\\/\\\/schema.org\",\"@graph\":[{\"@type\":\"WebPage\",\"@id\":\"https:\\\/\\\/www.teka.com\\\/de-de\\\/produkt\\\/ms-620-bis_40584010\\\/\",\"url\":\"https:\\\/\\\/www.teka.com\\\/de-de\\\/produkt\\\/ms-620-bis_40584010\\\/\",\"name\":\"MS 620 BIS | Teka Deutschland\",\"isPartOf\":{\"@id\":\"https:\\\/\\\/www.teka.com\\\/de-de\\\/#website\"},\"datePublished\":\"2026-05-04T13:21:03+00:00\",\"inLanguage\":\"de\",\"potentialAction\":[{\"@type\":\"ReadAction\",\"target\":[\"https:\\\/\\\/www.teka.com\\\/de-de\\\/produkt\\\/ms-620-bis_40584010\\\/\"]}]},{\"@type\":\"WebSite\",\"@id\":\"https:\\\/\\\/www.teka.com\\\/de-de\\\/#website\",\"url\":\"https:\\\/\\\/www.teka.com\\\/de-de\\\/\",\"name\":\"Teka Deutschland\",\"description\":\"\",\"potentialAction\":[{\"@type\":\"SearchAction\",\"target\":{\"@type\":\"EntryPoint\",\"urlTemplate\":\"https:\\\/\\\/www.teka.com\\\/de-de\\\/?s={search_term_string}\"},\"query-input\":{\"@type\":\"PropertyValueSpecification\",\"valueRequired\":true,\"valueName\":\"search_term_string\"}}],\"inLanguage\":\"de\"}]}<\/script>\n<!-- \/ Yoast SEO plugin. -->","yoast_head_json":{"title":"MS 620 BIS | Teka Deutschland","robots":{"index":"index","follow":"follow","max-snippet":"max-snippet:-1","max-image-preview":"max-image-preview:large","max-video-preview":"max-video-preview:-1"},"canonical":"https:\/\/www.teka.com\/de-de\/produkt\/ms-620-bis_40584010\/","og_locale":"de_DE","og_type":"article","og_title":"MS 620 BIS | Teka Deutschland","og_description":"3 Beheizungsarten 5 Mikrowellenleistungsstufen Mikrowellenleistung 750 W Grillleistung 1.000 W 3 direkt anw\u00e4hlbare Men\u00fcs Auftauautomatik nach Zeit und Gewicht Schnellstartfunktion + 30 Sekunden Touch Control Panel mit wei\u00dfem TFT Display","og_url":"https:\/\/www.teka.com\/de-de\/produkt\/ms-620-bis_40584010\/","og_site_name":"Teka Deutschland","twitter_card":"summary_large_image","schema":{"@context":"https:\/\/schema.org","@graph":[{"@type":"WebPage","@id":"https:\/\/www.teka.com\/de-de\/produkt\/ms-620-bis_40584010\/","url":"https:\/\/www.teka.com\/de-de\/produkt\/ms-620-bis_40584010\/","name":"MS 620 BIS | Teka Deutschland","isPartOf":{"@id":"https:\/\/www.teka.com\/de-de\/#website"},"datePublished":"2026-05-04T13:21:03+00:00","inLanguage":"de","potentialAction":[{"@type":"ReadAction","target":["https:\/\/www.teka.com\/de-de\/produkt\/ms-620-bis_40584010\/"]}]},{"@type":"WebSite","@id":"https:\/\/www.teka.com\/de-de\/#website","url":"https:\/\/www.teka.com\/de-de\/","name":"Teka Deutschland","description":"","potentialAction":[{"@type":"SearchAction","target":{"@type":"EntryPoint","urlTemplate":"https:\/\/www.teka.com\/de-de\/?s={search_term_string}"},"query-input":{"@type":"PropertyValueSpecification","valueRequired":true,"valueName":"search_term_string"}}],"inLanguage":"de"}]}},"_links":{"self":[{"href":"https:\/\/www.teka.com\/de-de\/wp-json\/wp\/v2\/product\/62106","targetHints":{"allow":["GET"]}}],"collection":[{"href":"https:\/\/www.teka.com\/de-de\/wp-json\/wp\/v2\/product"}],"about":[{"href":"https:\/\/www.teka.com\/de-de\/wp-json\/wp\/v2\/types\/product"}],"wp:attachment":[{"href":"https:\/\/www.teka.com\/de-de\/wp-json\/wp\/v2\/media?parent=62106"}],"wp:term":[{"taxonomy":"product_cat","embeddable":true,"href":"https:\/\/www.teka.com\/de-de\/wp-json\/wp\/v2\/product_cat?post=62106"},{"taxonomy":"product_cleaning_system","embeddable":true,"href":"https:\/\/www.teka.com\/de-de\/wp-json\/wp\/v2\/product_cleaning_system?post=62106"},{"taxonomy":"product_3rd_basket","embeddable":true,"href":"https:\/\/www.teka.com\/de-de\/wp-json\/wp\/v2\/product_3rd_basket?post=62106"},{"taxonomy":"product_drawers","embeddable":true,"href":"https:\/\/www.teka.com\/de-de\/wp-json\/wp\/v2\/product_drawers?post=62106"},{"taxonomy":"product_type_of_installation","embeddable":true,"href":"https:\/\/www.teka.com\/de-de\/wp-json\/wp\/v2\/product_type_of_installation?post=62106"},{"taxonomy":"product_edition","embeddable":true,"href":"https:\/\/www.teka.com\/de-de\/wp-json\/wp\/v2\/product_edition?post=62106"},{"taxonomy":"product_serie","embeddable":true,"href":"https:\/\/www.teka.com\/de-de\/wp-json\/wp\/v2\/product_serie?post=62106"},{"taxonomy":"product_features","embeddable":true,"href":"https:\/\/www.teka.com\/de-de\/wp-json\/wp\/v2\/product_features?post=62106"},{"taxonomy":"finishes","embeddable":true,"href":"https:\/\/www.teka.com\/de-de\/wp-json\/wp\/v2\/finishes?post=62106"},{"taxonomy":"product_bundles","embeddable":true,"href":"https:\/\/www.teka.com\/de-de\/wp-json\/wp\/v2\/product_bundles?post=62106"},{"taxonomy":"product_energy_efficiency","embeddable":true,"href":"https:\/\/www.teka.com\/de-de\/wp-json\/wp\/v2\/product_energy_efficiency?post=62106"},{"taxonomy":"product_video_training","embeddable":true,"href":"https:\/\/www.teka.com\/de-de\/wp-json\/wp\/v2\/product_video_training?post=62106"}],"curies":[{"name":"wp","href":"https:\/\/api.w.org\/{rel}","templated":true}]}}