{"id":62448,"date":"2026-04-26T00:23:06","date_gmt":"2026-04-26T00:23:06","guid":{"rendered":"https:\/\/teka.com\/en-int\/brooklyn-90-m-xp-2b_115030024"},"modified":"2026-03-14T07:51:46","modified_gmt":"2026-03-14T08:51:46","slug":"brooklyn-90-m-xp-2b_115030024","status":"publish","type":"product","link":"https:\/\/www.teka.com\/de-de\/produkt\/brooklyn-90-m-xp-2b_115030024\/","title":{"rendered":"Brooklyn 90 M-XP 2B"},"content":{"rendered":"<ul>\n<li>Brooklyn Serie<\/li>\n<li>Edelstahlsp\u00fcle<\/li>\n<li>2 Sp\u00fclbecken<\/li>\n<li>2-in1-Flex-Montage (Aufliegend oder fl\u00e4chenb\u00fcndig)<\/li>\n<li>V-Control Excenter \u00d6ffnung auf Knopfdruck<\/li>\n<li>3\u00bd&quot; Excenter-Ablaufgarnitur mit Siphon<\/li>\n<li>SilentSmart, 50% Reduzierung der Wassereinlassger\u00e4usche<\/li>\n<li>210 mm Beckentiefe<\/li>\n<li>90 cm Unterschrank<\/li>\n<\/ul>\n","protected":false},"featured_media":0,"parent":0,"template":"","product_cat":[3396],"product_cleaning_system":[],"product_3rd_basket":[],"product_drawers":[],"product_type_of_installation":[203172,203299],"product_edition":[],"product_serie":[],"product_features":[],"finishes":[],"product_bundles":[],"product_energy_efficiency":[],"product_video_training":[],"class_list":["post-62448","product","type-product","status-publish","hentry","product_cat-spuelen","usp-brooklyn-01","usp-brooklyn-02","usp-brooklyn-03","usp-sinks-02","usp-sinks-05","usp-sinks-installation-02","usp-sinks-07","color-edelstahl","product_type_of_appliance-edelstahl","product_ambient-ambient-05","product_icons-hygiene","product_type_of_installation-flaechenbuendig","product_type_of_installation-aufsatzmontage"],"acf":[],"yoast_head":"<!-- This site is optimized with the Yoast SEO plugin v27.5 - https:\/\/yoast.com\/product\/yoast-seo-wordpress\/ -->\n<title>Brooklyn 90 M-XP 2B | Teka Deutschland<\/title>\n<meta name=\"robots\" content=\"index, follow, max-snippet:-1, max-image-preview:large, max-video-preview:-1\" \/>\n<link rel=\"canonical\" href=\"https:\/\/www.teka.com\/de-de\/produkt\/brooklyn-90-m-xp-2b_115030024\/\" \/>\n<meta property=\"og:locale\" content=\"de_DE\" \/>\n<meta property=\"og:type\" content=\"article\" \/>\n<meta property=\"og:title\" content=\"Brooklyn 90 M-XP 2B | Teka Deutschland\" \/>\n<meta property=\"og:description\" content=\"Brooklyn Serie Edelstahlsp\u00fcle 2 Sp\u00fclbecken 2-in1-Flex-Montage (Aufliegend oder fl\u00e4chenb\u00fcndig) V-Control Excenter \u00d6ffnung auf Knopfdruck 3\u00bd&quot; Excenter-Ablaufgarnitur mit Siphon SilentSmart, 50% Reduzierung der Wassereinlassger\u00e4usche 210 mm Beckentiefe 90 cm Unterschrank\" \/>\n<meta property=\"og:url\" content=\"https:\/\/www.teka.com\/de-de\/produkt\/brooklyn-90-m-xp-2b_115030024\/\" \/>\n<meta property=\"og:site_name\" content=\"Teka Deutschland\" \/>\n<meta name=\"twitter:card\" content=\"summary_large_image\" \/>\n<script type=\"application\/ld+json\" class=\"yoast-schema-graph\">{\"@context\":\"https:\\\/\\\/schema.org\",\"@graph\":[{\"@type\":\"WebPage\",\"@id\":\"https:\\\/\\\/www.teka.com\\\/de-de\\\/produkt\\\/brooklyn-90-m-xp-2b_115030024\\\/\",\"url\":\"https:\\\/\\\/www.teka.com\\\/de-de\\\/produkt\\\/brooklyn-90-m-xp-2b_115030024\\\/\",\"name\":\"Brooklyn 90 M-XP 2B | Teka Deutschland\",\"isPartOf\":{\"@id\":\"https:\\\/\\\/www.teka.com\\\/de-de\\\/#website\"},\"datePublished\":\"2026-04-26T00:23:06+00:00\",\"inLanguage\":\"de\",\"potentialAction\":[{\"@type\":\"ReadAction\",\"target\":[\"https:\\\/\\\/www.teka.com\\\/de-de\\\/produkt\\\/brooklyn-90-m-xp-2b_115030024\\\/\"]}]},{\"@type\":\"WebSite\",\"@id\":\"https:\\\/\\\/www.teka.com\\\/de-de\\\/#website\",\"url\":\"https:\\\/\\\/www.teka.com\\\/de-de\\\/\",\"name\":\"Teka Deutschland\",\"description\":\"\",\"potentialAction\":[{\"@type\":\"SearchAction\",\"target\":{\"@type\":\"EntryPoint\",\"urlTemplate\":\"https:\\\/\\\/www.teka.com\\\/de-de\\\/?s={search_term_string}\"},\"query-input\":{\"@type\":\"PropertyValueSpecification\",\"valueRequired\":true,\"valueName\":\"search_term_string\"}}],\"inLanguage\":\"de\"}]}<\/script>\n<!-- \/ Yoast SEO plugin. -->","yoast_head_json":{"title":"Brooklyn 90 M-XP 2B | Teka Deutschland","robots":{"index":"index","follow":"follow","max-snippet":"max-snippet:-1","max-image-preview":"max-image-preview:large","max-video-preview":"max-video-preview:-1"},"canonical":"https:\/\/www.teka.com\/de-de\/produkt\/brooklyn-90-m-xp-2b_115030024\/","og_locale":"de_DE","og_type":"article","og_title":"Brooklyn 90 M-XP 2B | Teka Deutschland","og_description":"Brooklyn Serie Edelstahlsp\u00fcle 2 Sp\u00fclbecken 2-in1-Flex-Montage (Aufliegend oder fl\u00e4chenb\u00fcndig) V-Control Excenter \u00d6ffnung auf Knopfdruck 3\u00bd&quot; Excenter-Ablaufgarnitur mit Siphon SilentSmart, 50% Reduzierung der Wassereinlassger\u00e4usche 210 mm Beckentiefe 90 cm Unterschrank","og_url":"https:\/\/www.teka.com\/de-de\/produkt\/brooklyn-90-m-xp-2b_115030024\/","og_site_name":"Teka Deutschland","twitter_card":"summary_large_image","schema":{"@context":"https:\/\/schema.org","@graph":[{"@type":"WebPage","@id":"https:\/\/www.teka.com\/de-de\/produkt\/brooklyn-90-m-xp-2b_115030024\/","url":"https:\/\/www.teka.com\/de-de\/produkt\/brooklyn-90-m-xp-2b_115030024\/","name":"Brooklyn 90 M-XP 2B | Teka Deutschland","isPartOf":{"@id":"https:\/\/www.teka.com\/de-de\/#website"},"datePublished":"2026-04-26T00:23:06+00:00","inLanguage":"de","potentialAction":[{"@type":"ReadAction","target":["https:\/\/www.teka.com\/de-de\/produkt\/brooklyn-90-m-xp-2b_115030024\/"]}]},{"@type":"WebSite","@id":"https:\/\/www.teka.com\/de-de\/#website","url":"https:\/\/www.teka.com\/de-de\/","name":"Teka Deutschland","description":"","potentialAction":[{"@type":"SearchAction","target":{"@type":"EntryPoint","urlTemplate":"https:\/\/www.teka.com\/de-de\/?s={search_term_string}"},"query-input":{"@type":"PropertyValueSpecification","valueRequired":true,"valueName":"search_term_string"}}],"inLanguage":"de"}]}},"_links":{"self":[{"href":"https:\/\/www.teka.com\/de-de\/wp-json\/wp\/v2\/product\/62448","targetHints":{"allow":["GET"]}}],"collection":[{"href":"https:\/\/www.teka.com\/de-de\/wp-json\/wp\/v2\/product"}],"about":[{"href":"https:\/\/www.teka.com\/de-de\/wp-json\/wp\/v2\/types\/product"}],"wp:attachment":[{"href":"https:\/\/www.teka.com\/de-de\/wp-json\/wp\/v2\/media?parent=62448"}],"wp:term":[{"taxonomy":"product_cat","embeddable":true,"href":"https:\/\/www.teka.com\/de-de\/wp-json\/wp\/v2\/product_cat?post=62448"},{"taxonomy":"product_cleaning_system","embeddable":true,"href":"https:\/\/www.teka.com\/de-de\/wp-json\/wp\/v2\/product_cleaning_system?post=62448"},{"taxonomy":"product_3rd_basket","embeddable":true,"href":"https:\/\/www.teka.com\/de-de\/wp-json\/wp\/v2\/product_3rd_basket?post=62448"},{"taxonomy":"product_drawers","embeddable":true,"href":"https:\/\/www.teka.com\/de-de\/wp-json\/wp\/v2\/product_drawers?post=62448"},{"taxonomy":"product_type_of_installation","embeddable":true,"href":"https:\/\/www.teka.com\/de-de\/wp-json\/wp\/v2\/product_type_of_installation?post=62448"},{"taxonomy":"product_edition","embeddable":true,"href":"https:\/\/www.teka.com\/de-de\/wp-json\/wp\/v2\/product_edition?post=62448"},{"taxonomy":"product_serie","embeddable":true,"href":"https:\/\/www.teka.com\/de-de\/wp-json\/wp\/v2\/product_serie?post=62448"},{"taxonomy":"product_features","embeddable":true,"href":"https:\/\/www.teka.com\/de-de\/wp-json\/wp\/v2\/product_features?post=62448"},{"taxonomy":"finishes","embeddable":true,"href":"https:\/\/www.teka.com\/de-de\/wp-json\/wp\/v2\/finishes?post=62448"},{"taxonomy":"product_bundles","embeddable":true,"href":"https:\/\/www.teka.com\/de-de\/wp-json\/wp\/v2\/product_bundles?post=62448"},{"taxonomy":"product_energy_efficiency","embeddable":true,"href":"https:\/\/www.teka.com\/de-de\/wp-json\/wp\/v2\/product_energy_efficiency?post=62448"},{"taxonomy":"product_video_training","embeddable":true,"href":"https:\/\/www.teka.com\/de-de\/wp-json\/wp\/v2\/product_video_training?post=62448"}],"curies":[{"name":"wp","href":"https:\/\/api.w.org\/{rel}","templated":true}]}}